{"id":61,"date":"2017-03-22T08:24:11","date_gmt":"2017-03-22T08:24:11","guid":{"rendered":"http:\/\/uula.wpengine.com\/shop\/"},"modified":"2017-03-22T11:26:26","modified_gmt":"2017-03-22T11:26:26","slug":"products","status":"publish","type":"page","link":"https:\/\/uula.kajahdusdev.fi\/en\/products\/","title":{"rendered":"Products"},"content":{"rendered":"","protected":false},"excerpt":{"rendered":"","protected":false},"author":2,"featured_media":0,"parent":0,"menu_order":10,"comment_status":"closed","ping_status":"closed","template":"","meta":{"footnotes":""},"yoast_head":"<!-- This site is optimized with the Yoast SEO plugin v19.9 - https:\/\/yoast.com\/wordpress\/plugins\/seo\/ -->\n<title>Pages - Uula<\/title>\n<meta name=\"description\" content=\"Valikoimastamme l\u00f6yd\u00e4t sopivat maalit, tuotteet ja tarvikkeet erilaisiin pintak\u00e4sittelyihin, perinne- ja uudisrakentamiseen, sisustamiseen ja entis\u00f6intiin.\" \/>\n<meta name=\"robots\" content=\"noindex, follow, max-snippet:-1, max-image-preview:large, max-video-preview:-1\" \/>\n<meta property=\"og:locale\" content=\"en_US\" \/>\n<meta property=\"og:type\" content=\"article\" \/>\n<meta property=\"og:title\" content=\"Pages - Uula\" \/>\n<meta property=\"og:description\" content=\"Valikoimastamme l\u00f6yd\u00e4t sopivat maalit, tuotteet ja tarvikkeet erilaisiin pintak\u00e4sittelyihin, perinne- ja uudisrakentamiseen, sisustamiseen ja entis\u00f6intiin.\" \/>\n<meta property=\"og:url\" content=\"https:\/\/uula.kajahdusdev.fi\/en\/products\/\" \/>\n<meta property=\"og:site_name\" content=\"Uula\" \/>\n<meta property=\"article:modified_time\" content=\"2017-03-22T11:26:26+00:00\" \/>\n<meta name=\"twitter:card\" content=\"summary_large_image\" \/>\n<script type=\"application\/ld+json\" class=\"yoast-schema-graph\">{\"@context\":\"https:\/\/schema.org\",\"@graph\":[{\"@type\":\"WebPage\",\"@id\":\"https:\/\/uula.kajahdusdev.fi\/en\/products\/\",\"url\":\"https:\/\/uula.kajahdusdev.fi\/en\/products\/\",\"name\":\"Pages - Uula\",\"isPartOf\":{\"@id\":\"https:\/\/uula.kajahdusdev.fi\/#website\"},\"datePublished\":\"2017-03-22T08:24:11+00:00\",\"dateModified\":\"2017-03-22T11:26:26+00:00\",\"description\":\"Valikoimastamme l\u00f6yd\u00e4t sopivat maalit, tuotteet ja tarvikkeet erilaisiin pintak\u00e4sittelyihin, perinne- ja uudisrakentamiseen, sisustamiseen ja entis\u00f6intiin.\",\"breadcrumb\":{\"@id\":\"https:\/\/uula.kajahdusdev.fi\/en\/products\/#breadcrumb\"},\"inLanguage\":\"en-US\",\"potentialAction\":[{\"@type\":\"ReadAction\",\"target\":[\"https:\/\/uula.kajahdusdev.fi\/en\/products\/\"]}]},{\"@type\":\"BreadcrumbList\",\"@id\":\"https:\/\/uula.kajahdusdev.fi\/en\/products\/#breadcrumb\",\"itemListElement\":[{\"@type\":\"ListItem\",\"position\":1,\"name\":\"Home\",\"item\":\"https:\/\/uula.kajahdusdev.fi\/en\/\"},{\"@type\":\"ListItem\",\"position\":2,\"name\":\"Products\"}]},{\"@type\":\"WebSite\",\"@id\":\"https:\/\/uula.kajahdusdev.fi\/#website\",\"url\":\"https:\/\/uula.kajahdusdev.fi\/\",\"name\":\"Uula\",\"description\":\"Muovittomat ja hengitt&auml;v&auml;t sis&auml;- ja ulkomaalit\",\"potentialAction\":[{\"@type\":\"SearchAction\",\"target\":{\"@type\":\"EntryPoint\",\"urlTemplate\":\"https:\/\/uula.kajahdusdev.fi\/?s={search_term_string}\"},\"query-input\":\"required name=search_term_string\"}],\"inLanguage\":\"en-US\"}]}<\/script>\n<!-- \/ Yoast SEO plugin. -->","yoast_head_json":{"title":"Pages - Uula","description":"Valikoimastamme l\u00f6yd\u00e4t sopivat maalit, tuotteet ja tarvikkeet erilaisiin pintak\u00e4sittelyihin, perinne- ja uudisrakentamiseen, sisustamiseen ja entis\u00f6intiin.","robots":{"index":"noindex","follow":"follow","max-snippet":"max-snippet:-1","max-image-preview":"max-image-preview:large","max-video-preview":"max-video-preview:-1"},"og_locale":"en_US","og_type":"article","og_title":"Pages - Uula","og_description":"Valikoimastamme l\u00f6yd\u00e4t sopivat maalit, tuotteet ja tarvikkeet erilaisiin pintak\u00e4sittelyihin, perinne- ja uudisrakentamiseen, sisustamiseen ja entis\u00f6intiin.","og_url":"https:\/\/uula.kajahdusdev.fi\/en\/products\/","og_site_name":"Uula","article_modified_time":"2017-03-22T11:26:26+00:00","twitter_card":"summary_large_image","schema":{"@context":"https:\/\/schema.org","@graph":[{"@type":"WebPage","@id":"https:\/\/uula.kajahdusdev.fi\/en\/products\/","url":"https:\/\/uula.kajahdusdev.fi\/en\/products\/","name":"Pages - Uula","isPartOf":{"@id":"https:\/\/uula.kajahdusdev.fi\/#website"},"datePublished":"2017-03-22T08:24:11+00:00","dateModified":"2017-03-22T11:26:26+00:00","description":"Valikoimastamme l\u00f6yd\u00e4t sopivat maalit, tuotteet ja tarvikkeet erilaisiin pintak\u00e4sittelyihin, perinne- ja uudisrakentamiseen, sisustamiseen ja entis\u00f6intiin.","breadcrumb":{"@id":"https:\/\/uula.kajahdusdev.fi\/en\/products\/#breadcrumb"},"inLanguage":"en-US","potentialAction":[{"@type":"ReadAction","target":["https:\/\/uula.kajahdusdev.fi\/en\/products\/"]}]},{"@type":"BreadcrumbList","@id":"https:\/\/uula.kajahdusdev.fi\/en\/products\/#breadcrumb","itemListElement":[{"@type":"ListItem","position":1,"name":"Home","item":"https:\/\/uula.kajahdusdev.fi\/en\/"},{"@type":"ListItem","position":2,"name":"Products"}]},{"@type":"WebSite","@id":"https:\/\/uula.kajahdusdev.fi\/#website","url":"https:\/\/uula.kajahdusdev.fi\/","name":"Uula","description":"Muovittomat ja hengitt&auml;v&auml;t sis&auml;- ja ulkomaalit","potentialAction":[{"@type":"SearchAction","target":{"@type":"EntryPoint","urlTemplate":"https:\/\/uula.kajahdusdev.fi\/?s={search_term_string}"},"query-input":"required name=search_term_string"}],"inLanguage":"en-US"}]}},"_links":{"self":[{"href":"https:\/\/uula.kajahdusdev.fi\/en\/wp-json\/wp\/v2\/pages\/61"}],"collection":[{"href":"https:\/\/uula.kajahdusdev.fi\/en\/wp-json\/wp\/v2\/pages"}],"about":[{"href":"https:\/\/uula.kajahdusdev.fi\/en\/wp-json\/wp\/v2\/types\/page"}],"author":[{"embeddable":true,"href":"https:\/\/uula.kajahdusdev.fi\/en\/wp-json\/wp\/v2\/users\/2"}],"replies":[{"embeddable":true,"href":"https:\/\/uula.kajahdusdev.fi\/en\/wp-json\/wp\/v2\/comments?post=61"}],"version-history":[{"count":0,"href":"https:\/\/uula.kajahdusdev.fi\/en\/wp-json\/wp\/v2\/pages\/61\/revisions"}],"wp:attachment":[{"href":"https:\/\/uula.kajahdusdev.fi\/en\/wp-json\/wp\/v2\/media?parent=61"}],"curies":[{"name":"wp","href":"https:\/\/api.w.org\/{rel}","templated":true}]}}