{"id":57904,"date":"2018-05-22T10:06:45","date_gmt":"2018-05-22T10:06:45","guid":{"rendered":"https:\/\/uula.kajahdusdev.fi\/personregisterbeskrivning\/"},"modified":"2021-03-10T10:28:40","modified_gmt":"2021-03-10T10:28:40","slug":"personregisterbeskrivning","status":"publish","type":"page","link":"https:\/\/uula.kajahdusdev.fi\/sv\/personregisterbeskrivning\/","title":{"rendered":"Personregisterbeskrivning"},"content":{"rendered":"<h3>Personuppgiftsansvarig:<\/h3>\n<p>Uula Color Oy<br \/>\nYttil\u00e4ntie 265, 32920 KAUVATSA, FINLAND<br \/>\nFO-nummer: FI28677072<\/p>\n<h3>Kontakt- och ansvarsperson i register\u00e4renden:<\/h3>\n<p>P\u00e4ivi Laakso<br \/>\npaivi.laakso@uula.kajahdusdev.fi,<br \/>\nTfn: +358 50 599 0250<\/p>\n<h3>Registrets namn:<\/h3>\n<p>Kund- och intressegruppsregister<\/p>\n<h3>Grunden f\u00f6r och \u00e4ndam\u00e5let med behandlingen av personuppgifter:<\/h3>\n<p>Behandlingen av uppgifter i registret grundar sig p\u00e5 ett avtalsf\u00f6rh\u00e5llande med v\u00e5rt f\u00f6retag, samtycke fr\u00e5n den registrerade avseende lagring av uppgifter eller f\u00f6retagets ber\u00e4ttigade intresse att samla in information f\u00f6r att organisera och utveckla v\u00e5ra kund- och intressentgruppsrelationer. Informationen kan komma att anv\u00e4ndas f\u00f6r att sammanst\u00e4lla statistik, d\u00e4r det inte \u00e4r m\u00f6jligt att identifiera en enskild kund.<\/p>\n<p>Personuppgifterna i registret vidarebehandlas i faktureringsprocessen, varvid de uppgifter som finns i det elektroniska systemet f\u00f6r hantering av best\u00e4llningar \u00f6verf\u00f6rs till bokf\u00f6ringsbyr\u00e5n f\u00f6r uppr\u00e4ttande och behandling av faktureringsmaterial. Fr\u00e5n bokf\u00f6ringsbyr\u00e5n \u00f6verf\u00f6rs faktureringsmaterialet vidare till den tj\u00e4nsteleverant\u00f6r som ansvarar f\u00f6r utskick av fakturor samt betalnings\u00f6vervakning och inkasso.<\/p>\n<h3>Registrets datainneh\u00e5ll:<\/h3>\n<p>Uppgifter som sparas i registret \u00e4r: kontaktuppgifter till kundf\u00f6retag och andra intressentgrupper, kontaktpersonens namn, kontaktuppgifter (telefonnummer, e-postadress, adress), befattning, f\u00f6retag\/organisation, adresser till webbplatser, faktureringsuppgifter samt andra uppgifter i anslutning till kundrelationer och best\u00e4llda produkter.<\/p>\n<h3>Regelm\u00e4ssiga informationsk\u00e4llor:<\/h3>\n<p>Personuppgifterna insamlas fr\u00e5n kundf\u00f6retaget\/den registrerade. Uppgifter som sparas i registret erh\u00e5lls fr\u00e5n kunderna genom bland annat meddelanden skickade p\u00e5 www-blanketter, e-post, telefon, tj\u00e4nster p\u00e5 sociala medier, fr\u00e5n avtal, i kundm\u00f6ten och i andra situationer d\u00e4r kunden l\u00e4mnar sina uppgifter.<\/p>\n<h3>Personuppgifternas lagringstid:<\/h3>\n<p>Personuppgifterna sparas s\u00e5 l\u00e4nge de beh\u00f6vs f\u00f6r behandling, varefter de antingen automatiskt eller rutinm\u00e4ssigt raderas, s\u00e5vida det inte finns en lagstadgad orsak att spara dem. Faktureringsuppgifter<br \/>\nsparas 6 \u00e5r i det elektroniska systemet, varefter de raderas en g\u00e5ng om \u00e5ret.<\/p>\n<h3>Utl\u00e4mnande av uppgifter och \u00f6verf\u00f6ring till tredje part:<\/h3>\n<p>Personuppgifter utl\u00e4mnas inte regelm\u00e4ssigt till tredje part. Uppgifterna kan offentligg\u00f6ras till den del man har kommit \u00f6verens om detta med kunden. Uppgifterna kan dock utl\u00e4mnas till exempel till myndigheter baserat p\u00e5 lagenligt krav.<\/p>\n<h3>\u00d6verf\u00f6ring av personuppgifter utanf\u00f6r EU eller EES:<\/h3>\n<p>Personuppgifter \u00f6verf\u00f6rs inte utanf\u00f6r EU eller EES:<\/p>\n<h3>Profilering:<\/h3>\n<p>Personuppgifterna anv\u00e4nds inte f\u00f6r profilering eller annat automatiskt beslutsfattande.<\/p>\n<h3>Registrets dataskydd:<\/h3>\n<p>Vid behandlingen av registret iakttas omsorgsfullhet och uppgifter som behandlas med hj\u00e4lp av datasystem skyddas vederb\u00f6rligt i systemet som kr\u00e4ver anv\u00e4ndarnamn och l\u00f6senord. Fysiska<br \/>\ndokument f\u00f6rvaras i utrymmen, dit obeh\u00f6riga inte har tilltr\u00e4de. I den personuppgiftsansvariges lokaler anv\u00e4nds passerkontroll.<\/p>\n<p>Endast registrets ansvars- och kontaktpersoner samt \u00f6vriga personer som befullm\u00e4ktigats av registrets ansvars- och kontaktpersoner har tillg\u00e5ng till registret, s\u00e5vida detta \u00e4r n\u00f6dv\u00e4ndigt f\u00f6r behandlingen av uppgifterna.<\/p>\n<p>N\u00e4r registeruppgifterna sparas p\u00e5 internetservrar till\u00e4mpas fysiskt och digitalt dataskydd av utrustningen p\u00e5 ett vederb\u00f6rligt s\u00e4tt. Den personuppgiftsansvarige s\u00f6rjer f\u00f6r att sparad<br \/>\ninformation samt beh\u00f6righet till servern och annan ur s\u00e4kerhetssynpunkt kritisk information behandlas konfidentiellt och enbart av de anst\u00e4llda till vars befattningsbeskrivning<br \/>\ndetta h\u00f6r.<\/p>\n<h3>R\u00e4tt till insyn och r\u00e4tt till korrigering och radering av uppgifterna:<\/h3>\n<p>Den registrerade har r\u00e4tt att f\u00e5 bekr\u00e4ftelse p\u00e5 om hans\/hennes personuppgifter behandlas och om de behandlas har han\/hon r\u00e4tt att f\u00e5 en kopia av uppgifterna. Den registrerade har r\u00e4tt att beg\u00e4ra att<br \/>\ninexakta eller felaktiga personuppgifter korrigeras. Den registrerade har \u00e4ven r\u00e4tt att f\u00e5 bristf\u00e4lliga uppgifter kompletterade genom att l\u00e4mna in n\u00f6dv\u00e4ndiga till\u00e4ggsuppgifter.<\/p>\n<p>En person i registret har r\u00e4tt beg\u00e4ra att hans\/hennes personuppgifter raderas fr\u00e5n registret (\u201cr\u00e4tten att bli gl\u00f6md\u201d). Den registrerade har \u00e4ven andra r\u00e4ttigheter i enlighet<br \/>\nmed EU:s allm\u00e4nna dataskyddsf\u00f6rordning, s\u00e5som att begr\u00e4nsa behandlingen av personuppgifter i vissa situationer.<\/p>\n<p>Om personen vill granska uppgifterna om sig sj\u00e4lv, kr\u00e4va att de korrigeras eller raderas, ska beg\u00e4ran skickas skriftligt till den personuppgiftsansvarige.<\/p>\n<h3>\u00c4ndring av dataskyddsbeskrivningen:<\/h3>\n<p>Dataskyddsbeskrivningens inneh\u00e5ll kan \u00e4ndras genom att en ny version offentligg\u00f6rs p\u00e5 internet. Vi rekommenderar att man regelbundet l\u00e4ser v\u00e5r dataskyddsbeskrivning.<\/p>\n","protected":false},"excerpt":{"rendered":"<p>Personuppgiftsansvarig: Uula Color Oy Yttil\u00e4ntie 265, 32920 KAUVATSA, FINLAND FO-nummer: FI28677072 Kontakt- och ansvarsperson i register\u00e4renden: P\u00e4ivi Laakso paivi.laakso@uula.kajahdusdev.fi, Tfn: +358 50 599 0250 Registrets namn: Kund- och intressegruppsregister Grunden f\u00f6r och \u00e4ndam\u00e5let med behandlingen av personuppgifter: Behandlingen av uppgifter i registret grundar sig p\u00e5 ett avtalsf\u00f6rh\u00e5llande med v\u00e5rt f\u00f6retag, samtycke fr\u00e5n den registrerade avseende [&hellip;]<\/p>\n","protected":false},"author":2,"featured_media":57506,"parent":0,"menu_order":200,"comment_status":"closed","ping_status":"closed","template":"","meta":{"footnotes":""},"yoast_head":"<!-- This site is optimized with the Yoast SEO plugin v19.9 - https:\/\/yoast.com\/wordpress\/plugins\/seo\/ -->\n<title>Personregisterbeskrivning - Uula<\/title>\n<meta name=\"robots\" content=\"noindex, follow, max-snippet:-1, max-image-preview:large, max-video-preview:-1\" \/>\n<meta property=\"og:locale\" content=\"sv_SE\" \/>\n<meta property=\"og:type\" content=\"article\" \/>\n<meta property=\"og:title\" content=\"Personregisterbeskrivning - Uula\" \/>\n<meta property=\"og:description\" content=\"Personuppgiftsansvarig: Uula Color Oy Yttil\u00e4ntie 265, 32920 KAUVATSA, FINLAND FO-nummer: FI28677072 Kontakt- och ansvarsperson i register\u00e4renden: P\u00e4ivi Laakso paivi.laakso@uula.kajahdusdev.fi, Tfn: +358 50 599 0250 Registrets namn: Kund- och intressegruppsregister Grunden f\u00f6r och \u00e4ndam\u00e5let med behandlingen av personuppgifter: Behandlingen av uppgifter i registret grundar sig p\u00e5 ett avtalsf\u00f6rh\u00e5llande med v\u00e5rt f\u00f6retag, samtycke fr\u00e5n den registrerade avseende [&hellip;]\" \/>\n<meta property=\"og:url\" content=\"https:\/\/uula.kajahdusdev.fi\/sv\/personregisterbeskrivning\/\" \/>\n<meta property=\"og:site_name\" content=\"Uula\" \/>\n<meta property=\"article:modified_time\" content=\"2021-03-10T10:28:40+00:00\" \/>\n<meta name=\"twitter:card\" content=\"summary_large_image\" \/>\n<meta name=\"twitter:label1\" content=\"Ber\u00e4knad l\u00e4stid\" \/>\n\t<meta name=\"twitter:data1\" content=\"4 minuter\" \/>\n<script type=\"application\/ld+json\" class=\"yoast-schema-graph\">{\"@context\":\"https:\/\/schema.org\",\"@graph\":[{\"@type\":\"WebPage\",\"@id\":\"https:\/\/uula.kajahdusdev.fi\/sv\/personregisterbeskrivning\/\",\"url\":\"https:\/\/uula.kajahdusdev.fi\/sv\/personregisterbeskrivning\/\",\"name\":\"Personregisterbeskrivning - Uula\",\"isPartOf\":{\"@id\":\"https:\/\/uula.kajahdusdev.fi\/#website\"},\"datePublished\":\"2018-05-22T10:06:45+00:00\",\"dateModified\":\"2021-03-10T10:28:40+00:00\",\"breadcrumb\":{\"@id\":\"https:\/\/uula.kajahdusdev.fi\/sv\/personregisterbeskrivning\/#breadcrumb\"},\"inLanguage\":\"sv-SE\",\"potentialAction\":[{\"@type\":\"ReadAction\",\"target\":[\"https:\/\/uula.kajahdusdev.fi\/sv\/personregisterbeskrivning\/\"]}]},{\"@type\":\"BreadcrumbList\",\"@id\":\"https:\/\/uula.kajahdusdev.fi\/sv\/personregisterbeskrivning\/#breadcrumb\",\"itemListElement\":[{\"@type\":\"ListItem\",\"position\":1,\"name\":\"Home\",\"item\":\"https:\/\/uula.kajahdusdev.fi\/sv\/\"},{\"@type\":\"ListItem\",\"position\":2,\"name\":\"Personregisterbeskrivning\"}]},{\"@type\":\"WebSite\",\"@id\":\"https:\/\/uula.kajahdusdev.fi\/#website\",\"url\":\"https:\/\/uula.kajahdusdev.fi\/\",\"name\":\"Uula\",\"description\":\"Muovittomat ja hengitt&auml;v&auml;t sis&auml;- ja ulkomaalit\",\"potentialAction\":[{\"@type\":\"SearchAction\",\"target\":{\"@type\":\"EntryPoint\",\"urlTemplate\":\"https:\/\/uula.kajahdusdev.fi\/?s={search_term_string}\"},\"query-input\":\"required name=search_term_string\"}],\"inLanguage\":\"sv-SE\"}]}<\/script>\n<!-- \/ Yoast SEO plugin. -->","yoast_head_json":{"title":"Personregisterbeskrivning - Uula","robots":{"index":"noindex","follow":"follow","max-snippet":"max-snippet:-1","max-image-preview":"max-image-preview:large","max-video-preview":"max-video-preview:-1"},"og_locale":"sv_SE","og_type":"article","og_title":"Personregisterbeskrivning - Uula","og_description":"Personuppgiftsansvarig: Uula Color Oy Yttil\u00e4ntie 265, 32920 KAUVATSA, FINLAND FO-nummer: FI28677072 Kontakt- och ansvarsperson i register\u00e4renden: P\u00e4ivi Laakso paivi.laakso@uula.kajahdusdev.fi, Tfn: +358 50 599 0250 Registrets namn: Kund- och intressegruppsregister Grunden f\u00f6r och \u00e4ndam\u00e5let med behandlingen av personuppgifter: Behandlingen av uppgifter i registret grundar sig p\u00e5 ett avtalsf\u00f6rh\u00e5llande med v\u00e5rt f\u00f6retag, samtycke fr\u00e5n den registrerade avseende [&hellip;]","og_url":"https:\/\/uula.kajahdusdev.fi\/sv\/personregisterbeskrivning\/","og_site_name":"Uula","article_modified_time":"2021-03-10T10:28:40+00:00","twitter_card":"summary_large_image","twitter_misc":{"Ber\u00e4knad l\u00e4stid":"4 minuter"},"schema":{"@context":"https:\/\/schema.org","@graph":[{"@type":"WebPage","@id":"https:\/\/uula.kajahdusdev.fi\/sv\/personregisterbeskrivning\/","url":"https:\/\/uula.kajahdusdev.fi\/sv\/personregisterbeskrivning\/","name":"Personregisterbeskrivning - Uula","isPartOf":{"@id":"https:\/\/uula.kajahdusdev.fi\/#website"},"datePublished":"2018-05-22T10:06:45+00:00","dateModified":"2021-03-10T10:28:40+00:00","breadcrumb":{"@id":"https:\/\/uula.kajahdusdev.fi\/sv\/personregisterbeskrivning\/#breadcrumb"},"inLanguage":"sv-SE","potentialAction":[{"@type":"ReadAction","target":["https:\/\/uula.kajahdusdev.fi\/sv\/personregisterbeskrivning\/"]}]},{"@type":"BreadcrumbList","@id":"https:\/\/uula.kajahdusdev.fi\/sv\/personregisterbeskrivning\/#breadcrumb","itemListElement":[{"@type":"ListItem","position":1,"name":"Home","item":"https:\/\/uula.kajahdusdev.fi\/sv\/"},{"@type":"ListItem","position":2,"name":"Personregisterbeskrivning"}]},{"@type":"WebSite","@id":"https:\/\/uula.kajahdusdev.fi\/#website","url":"https:\/\/uula.kajahdusdev.fi\/","name":"Uula","description":"Muovittomat ja hengitt&auml;v&auml;t sis&auml;- ja ulkomaalit","potentialAction":[{"@type":"SearchAction","target":{"@type":"EntryPoint","urlTemplate":"https:\/\/uula.kajahdusdev.fi\/?s={search_term_string}"},"query-input":"required name=search_term_string"}],"inLanguage":"sv-SE"}]}},"_links":{"self":[{"href":"https:\/\/uula.kajahdusdev.fi\/sv\/wp-json\/wp\/v2\/pages\/57904"}],"collection":[{"href":"https:\/\/uula.kajahdusdev.fi\/sv\/wp-json\/wp\/v2\/pages"}],"about":[{"href":"https:\/\/uula.kajahdusdev.fi\/sv\/wp-json\/wp\/v2\/types\/page"}],"author":[{"embeddable":true,"href":"https:\/\/uula.kajahdusdev.fi\/sv\/wp-json\/wp\/v2\/users\/2"}],"replies":[{"embeddable":true,"href":"https:\/\/uula.kajahdusdev.fi\/sv\/wp-json\/wp\/v2\/comments?post=57904"}],"version-history":[{"count":0,"href":"https:\/\/uula.kajahdusdev.fi\/sv\/wp-json\/wp\/v2\/pages\/57904\/revisions"}],"wp:featuredmedia":[{"embeddable":true,"href":"https:\/\/uula.kajahdusdev.fi\/sv\/wp-json\/wp\/v2\/media\/57506"}],"wp:attachment":[{"href":"https:\/\/uula.kajahdusdev.fi\/sv\/wp-json\/wp\/v2\/media?parent=57904"}],"curies":[{"name":"wp","href":"https:\/\/api.w.org\/{rel}","templated":true}]}}