{"id":57906,"date":"2017-03-22T08:24:11","date_gmt":"2017-03-22T08:24:11","guid":{"rendered":"https:\/\/uula.kajahdusdev.fi\/farger-och-produkter\/"},"modified":"2021-03-10T10:28:42","modified_gmt":"2021-03-10T10:28:42","slug":"farger-och-produkter","status":"publish","type":"page","link":"https:\/\/uula.kajahdusdev.fi\/sv\/farger-och-produkter\/","title":{"rendered":"F\u00e4rger och Produkter"},"content":{"rendered":"<p>V\u00e5ra f\u00e4rger inneh\u00e5ller inga plastbindemedel, vilket \u00e4r den b\u00e4sta l\u00f6sningen f\u00f6r tr\u00e4konstruktioner. F\u00e4rgerna l\u00e5ter tr\u00e4ytan andas, och fukt kan avdunsta fr\u00e5n konstruktionerna. P\u00e5 s\u00e5 s\u00e4tt varken skadas eller murknar tr\u00e4ytan. Vid tillverkningen av v\u00e5ra produkter beaktar vi kraven f\u00f6r de material som ska ytbehandlas, produkts\u00e4kerheten samt milj\u00f6konsekvenserna. V\u00e5ra f\u00e4rger l\u00e4mpar sig f\u00f6r m\u00e5lning av s\u00e5v\u00e4l kulturarvs- och nybyggnadsobjekt, f\u00f6r restaurering, renovering och inredning. Du kan enkelt best\u00e4lla v\u00e5ra produkter via v\u00e5r webbutik.<\/p>\n","protected":false},"excerpt":{"rendered":"<p>V\u00e5ra f\u00e4rger inneh\u00e5ller inga plastbindemedel, vilket \u00e4r den b\u00e4sta l\u00f6sningen f\u00f6r tr\u00e4konstruktioner. F\u00e4rgerna l\u00e5ter tr\u00e4ytan andas, och fukt kan avdunsta fr\u00e5n konstruktionerna. P\u00e5 s\u00e5 s\u00e4tt varken skadas eller murknar tr\u00e4ytan. Vid tillverkningen av v\u00e5ra produkter beaktar vi kraven f\u00f6r de material som ska ytbehandlas, produkts\u00e4kerheten samt milj\u00f6konsekvenserna. V\u00e5ra f\u00e4rger l\u00e4mpar sig f\u00f6r m\u00e5lning av s\u00e5v\u00e4l [&hellip;]<\/p>\n","protected":false},"author":2,"featured_media":0,"parent":0,"menu_order":10,"comment_status":"closed","ping_status":"closed","template":"","meta":{"footnotes":""},"yoast_head":"<!-- This site is optimized with the Yoast SEO plugin v19.9 - https:\/\/yoast.com\/wordpress\/plugins\/seo\/ -->\n<title>F\u00e4rger och Produkter - Uula<\/title>\n<meta name=\"robots\" content=\"noindex, follow, max-snippet:-1, max-image-preview:large, max-video-preview:-1\" \/>\n<meta property=\"og:locale\" content=\"sv_SE\" \/>\n<meta property=\"og:type\" content=\"article\" \/>\n<meta property=\"og:title\" content=\"F\u00e4rger och Produkter - Uula\" \/>\n<meta property=\"og:description\" content=\"V\u00e5ra f\u00e4rger inneh\u00e5ller inga plastbindemedel, vilket \u00e4r den b\u00e4sta l\u00f6sningen f\u00f6r tr\u00e4konstruktioner. F\u00e4rgerna l\u00e5ter tr\u00e4ytan andas, och fukt kan avdunsta fr\u00e5n konstruktionerna. P\u00e5 s\u00e5 s\u00e4tt varken skadas eller murknar tr\u00e4ytan. Vid tillverkningen av v\u00e5ra produkter beaktar vi kraven f\u00f6r de material som ska ytbehandlas, produkts\u00e4kerheten samt milj\u00f6konsekvenserna. V\u00e5ra f\u00e4rger l\u00e4mpar sig f\u00f6r m\u00e5lning av s\u00e5v\u00e4l [&hellip;]\" \/>\n<meta property=\"og:url\" content=\"https:\/\/uula.kajahdusdev.fi\/sv\/farger-och-produkter\/\" \/>\n<meta property=\"og:site_name\" content=\"Uula\" \/>\n<meta property=\"article:modified_time\" content=\"2021-03-10T10:28:42+00:00\" \/>\n<meta name=\"twitter:card\" content=\"summary_large_image\" \/>\n<meta name=\"twitter:label1\" content=\"Ber\u00e4knad l\u00e4stid\" \/>\n\t<meta name=\"twitter:data1\" content=\"1 minut\" \/>\n<script type=\"application\/ld+json\" class=\"yoast-schema-graph\">{\"@context\":\"https:\/\/schema.org\",\"@graph\":[{\"@type\":\"WebPage\",\"@id\":\"https:\/\/uula.kajahdusdev.fi\/sv\/farger-och-produkter\/\",\"url\":\"https:\/\/uula.kajahdusdev.fi\/sv\/farger-och-produkter\/\",\"name\":\"F\u00e4rger och Produkter - Uula\",\"isPartOf\":{\"@id\":\"https:\/\/uula.kajahdusdev.fi\/#website\"},\"datePublished\":\"2017-03-22T08:24:11+00:00\",\"dateModified\":\"2021-03-10T10:28:42+00:00\",\"breadcrumb\":{\"@id\":\"https:\/\/uula.kajahdusdev.fi\/sv\/farger-och-produkter\/#breadcrumb\"},\"inLanguage\":\"sv-SE\",\"potentialAction\":[{\"@type\":\"ReadAction\",\"target\":[\"https:\/\/uula.kajahdusdev.fi\/sv\/farger-och-produkter\/\"]}]},{\"@type\":\"BreadcrumbList\",\"@id\":\"https:\/\/uula.kajahdusdev.fi\/sv\/farger-och-produkter\/#breadcrumb\",\"itemListElement\":[{\"@type\":\"ListItem\",\"position\":1,\"name\":\"Home\",\"item\":\"https:\/\/uula.kajahdusdev.fi\/sv\/\"},{\"@type\":\"ListItem\",\"position\":2,\"name\":\"F\u00e4rger och Produkter\"}]},{\"@type\":\"WebSite\",\"@id\":\"https:\/\/uula.kajahdusdev.fi\/#website\",\"url\":\"https:\/\/uula.kajahdusdev.fi\/\",\"name\":\"Uula\",\"description\":\"Muovittomat ja hengitt&auml;v&auml;t sis&auml;- ja ulkomaalit\",\"potentialAction\":[{\"@type\":\"SearchAction\",\"target\":{\"@type\":\"EntryPoint\",\"urlTemplate\":\"https:\/\/uula.kajahdusdev.fi\/?s={search_term_string}\"},\"query-input\":\"required name=search_term_string\"}],\"inLanguage\":\"sv-SE\"}]}<\/script>\n<!-- \/ Yoast SEO plugin. -->","yoast_head_json":{"title":"F\u00e4rger och Produkter - Uula","robots":{"index":"noindex","follow":"follow","max-snippet":"max-snippet:-1","max-image-preview":"max-image-preview:large","max-video-preview":"max-video-preview:-1"},"og_locale":"sv_SE","og_type":"article","og_title":"F\u00e4rger och Produkter - Uula","og_description":"V\u00e5ra f\u00e4rger inneh\u00e5ller inga plastbindemedel, vilket \u00e4r den b\u00e4sta l\u00f6sningen f\u00f6r tr\u00e4konstruktioner. F\u00e4rgerna l\u00e5ter tr\u00e4ytan andas, och fukt kan avdunsta fr\u00e5n konstruktionerna. P\u00e5 s\u00e5 s\u00e4tt varken skadas eller murknar tr\u00e4ytan. Vid tillverkningen av v\u00e5ra produkter beaktar vi kraven f\u00f6r de material som ska ytbehandlas, produkts\u00e4kerheten samt milj\u00f6konsekvenserna. V\u00e5ra f\u00e4rger l\u00e4mpar sig f\u00f6r m\u00e5lning av s\u00e5v\u00e4l [&hellip;]","og_url":"https:\/\/uula.kajahdusdev.fi\/sv\/farger-och-produkter\/","og_site_name":"Uula","article_modified_time":"2021-03-10T10:28:42+00:00","twitter_card":"summary_large_image","twitter_misc":{"Ber\u00e4knad l\u00e4stid":"1 minut"},"schema":{"@context":"https:\/\/schema.org","@graph":[{"@type":"WebPage","@id":"https:\/\/uula.kajahdusdev.fi\/sv\/farger-och-produkter\/","url":"https:\/\/uula.kajahdusdev.fi\/sv\/farger-och-produkter\/","name":"F\u00e4rger och Produkter - Uula","isPartOf":{"@id":"https:\/\/uula.kajahdusdev.fi\/#website"},"datePublished":"2017-03-22T08:24:11+00:00","dateModified":"2021-03-10T10:28:42+00:00","breadcrumb":{"@id":"https:\/\/uula.kajahdusdev.fi\/sv\/farger-och-produkter\/#breadcrumb"},"inLanguage":"sv-SE","potentialAction":[{"@type":"ReadAction","target":["https:\/\/uula.kajahdusdev.fi\/sv\/farger-och-produkter\/"]}]},{"@type":"BreadcrumbList","@id":"https:\/\/uula.kajahdusdev.fi\/sv\/farger-och-produkter\/#breadcrumb","itemListElement":[{"@type":"ListItem","position":1,"name":"Home","item":"https:\/\/uula.kajahdusdev.fi\/sv\/"},{"@type":"ListItem","position":2,"name":"F\u00e4rger och Produkter"}]},{"@type":"WebSite","@id":"https:\/\/uula.kajahdusdev.fi\/#website","url":"https:\/\/uula.kajahdusdev.fi\/","name":"Uula","description":"Muovittomat ja hengitt&auml;v&auml;t sis&auml;- ja ulkomaalit","potentialAction":[{"@type":"SearchAction","target":{"@type":"EntryPoint","urlTemplate":"https:\/\/uula.kajahdusdev.fi\/?s={search_term_string}"},"query-input":"required name=search_term_string"}],"inLanguage":"sv-SE"}]}},"_links":{"self":[{"href":"https:\/\/uula.kajahdusdev.fi\/sv\/wp-json\/wp\/v2\/pages\/57906"}],"collection":[{"href":"https:\/\/uula.kajahdusdev.fi\/sv\/wp-json\/wp\/v2\/pages"}],"about":[{"href":"https:\/\/uula.kajahdusdev.fi\/sv\/wp-json\/wp\/v2\/types\/page"}],"author":[{"embeddable":true,"href":"https:\/\/uula.kajahdusdev.fi\/sv\/wp-json\/wp\/v2\/users\/2"}],"replies":[{"embeddable":true,"href":"https:\/\/uula.kajahdusdev.fi\/sv\/wp-json\/wp\/v2\/comments?post=57906"}],"version-history":[{"count":0,"href":"https:\/\/uula.kajahdusdev.fi\/sv\/wp-json\/wp\/v2\/pages\/57906\/revisions"}],"wp:attachment":[{"href":"https:\/\/uula.kajahdusdev.fi\/sv\/wp-json\/wp\/v2\/media?parent=57906"}],"curies":[{"name":"wp","href":"https:\/\/api.w.org\/{rel}","templated":true}]}}