{"id":57907,"date":"2017-03-22T08:24:11","date_gmt":"2017-03-22T08:24:11","guid":{"rendered":"https:\/\/uula.kajahdusdev.fi\/kundvagn\/"},"modified":"2021-03-16T11:15:12","modified_gmt":"2021-03-16T11:15:12","slug":"kundvagn","status":"publish","type":"page","link":"https:\/\/uula.kajahdusdev.fi\/sv\/kundvagn\/","title":{"rendered":"Kundvagn"},"content":{"rendered":"\n<p><strong>Vi anv\u00e4nder f\u00f6ljande betalningss\u00e4tt:<\/strong><\/p>\n<p>Mobilbetalning<strong>:<\/strong> Pivo, MobilePay<\/p>\n<p>Bankbetalning<strong>:<\/strong> OP, Nordea, Handelsbanken, Aktia, S\u00e4\u00e4st\u00f6pankki, \u00c5landsbanken, Danske Bank<\/p>\n<p>Kreditkortsbetalning: Visa, Visa Electron, Mastercard<\/p>\n<p>Faktura- och delbetalning: Collector bank, Jousto, Pivo<\/p>\n<p>\u00d6vriga betalningss\u00e4tt: Pay<\/p>\n","protected":false},"excerpt":{"rendered":"<p>Vi anv\u00e4nder f\u00f6ljande betalningss\u00e4tt: Mobilbetalning: Pivo, MobilePay Bankbetalning: OP, Nordea, Handelsbanken, Aktia, S\u00e4\u00e4st\u00f6pankki, \u00c5landsbanken, Danske Bank Kreditkortsbetalning: Visa, Visa Electron, Mastercard Faktura- och delbetalning: Collector bank, Jousto, Pivo \u00d6vriga betalningss\u00e4tt: Pay<\/p>\n","protected":false},"author":2,"featured_media":0,"parent":0,"menu_order":200,"comment_status":"closed","ping_status":"closed","template":"","meta":{"footnotes":""},"yoast_head":"<!-- This site is optimized with the Yoast SEO plugin v19.9 - https:\/\/yoast.com\/wordpress\/plugins\/seo\/ -->\n<title>Kundvagn - Uula<\/title>\n<meta name=\"robots\" content=\"noindex, follow, max-snippet:-1, max-image-preview:large, max-video-preview:-1\" \/>\n<meta property=\"og:locale\" content=\"sv_SE\" \/>\n<meta property=\"og:type\" content=\"article\" \/>\n<meta property=\"og:title\" content=\"Kundvagn - Uula\" \/>\n<meta property=\"og:description\" content=\"Vi anv\u00e4nder f\u00f6ljande betalningss\u00e4tt: Mobilbetalning: Pivo, MobilePay Bankbetalning: OP, Nordea, Handelsbanken, Aktia, S\u00e4\u00e4st\u00f6pankki, \u00c5landsbanken, Danske Bank Kreditkortsbetalning: Visa, Visa Electron, Mastercard Faktura- och delbetalning: Collector bank, Jousto, Pivo \u00d6vriga betalningss\u00e4tt: Pay\" \/>\n<meta property=\"og:url\" content=\"https:\/\/uula.kajahdusdev.fi\/sv\/kundvagn\/\" \/>\n<meta property=\"og:site_name\" content=\"Uula\" \/>\n<meta property=\"article:modified_time\" content=\"2021-03-16T11:15:12+00:00\" \/>\n<meta name=\"twitter:card\" content=\"summary_large_image\" \/>\n<meta name=\"twitter:label1\" content=\"Ber\u00e4knad l\u00e4stid\" \/>\n\t<meta name=\"twitter:data1\" content=\"1 minut\" \/>\n<script type=\"application\/ld+json\" class=\"yoast-schema-graph\">{\"@context\":\"https:\/\/schema.org\",\"@graph\":[{\"@type\":\"WebPage\",\"@id\":\"https:\/\/uula.kajahdusdev.fi\/sv\/kundvagn\/\",\"url\":\"https:\/\/uula.kajahdusdev.fi\/sv\/kundvagn\/\",\"name\":\"Kundvagn - Uula\",\"isPartOf\":{\"@id\":\"https:\/\/uula.kajahdusdev.fi\/#website\"},\"datePublished\":\"2017-03-22T08:24:11+00:00\",\"dateModified\":\"2021-03-16T11:15:12+00:00\",\"breadcrumb\":{\"@id\":\"https:\/\/uula.kajahdusdev.fi\/sv\/kundvagn\/#breadcrumb\"},\"inLanguage\":\"sv-SE\",\"potentialAction\":[{\"@type\":\"ReadAction\",\"target\":[\"https:\/\/uula.kajahdusdev.fi\/sv\/kundvagn\/\"]}]},{\"@type\":\"BreadcrumbList\",\"@id\":\"https:\/\/uula.kajahdusdev.fi\/sv\/kundvagn\/#breadcrumb\",\"itemListElement\":[{\"@type\":\"ListItem\",\"position\":1,\"name\":\"Home\",\"item\":\"https:\/\/uula.kajahdusdev.fi\/sv\/\"},{\"@type\":\"ListItem\",\"position\":2,\"name\":\"Kundvagn\"}]},{\"@type\":\"WebSite\",\"@id\":\"https:\/\/uula.kajahdusdev.fi\/#website\",\"url\":\"https:\/\/uula.kajahdusdev.fi\/\",\"name\":\"Uula\",\"description\":\"Muovittomat ja hengitt&auml;v&auml;t sis&auml;- ja ulkomaalit\",\"potentialAction\":[{\"@type\":\"SearchAction\",\"target\":{\"@type\":\"EntryPoint\",\"urlTemplate\":\"https:\/\/uula.kajahdusdev.fi\/?s={search_term_string}\"},\"query-input\":\"required name=search_term_string\"}],\"inLanguage\":\"sv-SE\"}]}<\/script>\n<!-- \/ Yoast SEO plugin. -->","yoast_head_json":{"title":"Kundvagn - Uula","robots":{"index":"noindex","follow":"follow","max-snippet":"max-snippet:-1","max-image-preview":"max-image-preview:large","max-video-preview":"max-video-preview:-1"},"og_locale":"sv_SE","og_type":"article","og_title":"Kundvagn - Uula","og_description":"Vi anv\u00e4nder f\u00f6ljande betalningss\u00e4tt: Mobilbetalning: Pivo, MobilePay Bankbetalning: OP, Nordea, Handelsbanken, Aktia, S\u00e4\u00e4st\u00f6pankki, \u00c5landsbanken, Danske Bank Kreditkortsbetalning: Visa, Visa Electron, Mastercard Faktura- och delbetalning: Collector bank, Jousto, Pivo \u00d6vriga betalningss\u00e4tt: Pay","og_url":"https:\/\/uula.kajahdusdev.fi\/sv\/kundvagn\/","og_site_name":"Uula","article_modified_time":"2021-03-16T11:15:12+00:00","twitter_card":"summary_large_image","twitter_misc":{"Ber\u00e4knad l\u00e4stid":"1 minut"},"schema":{"@context":"https:\/\/schema.org","@graph":[{"@type":"WebPage","@id":"https:\/\/uula.kajahdusdev.fi\/sv\/kundvagn\/","url":"https:\/\/uula.kajahdusdev.fi\/sv\/kundvagn\/","name":"Kundvagn - Uula","isPartOf":{"@id":"https:\/\/uula.kajahdusdev.fi\/#website"},"datePublished":"2017-03-22T08:24:11+00:00","dateModified":"2021-03-16T11:15:12+00:00","breadcrumb":{"@id":"https:\/\/uula.kajahdusdev.fi\/sv\/kundvagn\/#breadcrumb"},"inLanguage":"sv-SE","potentialAction":[{"@type":"ReadAction","target":["https:\/\/uula.kajahdusdev.fi\/sv\/kundvagn\/"]}]},{"@type":"BreadcrumbList","@id":"https:\/\/uula.kajahdusdev.fi\/sv\/kundvagn\/#breadcrumb","itemListElement":[{"@type":"ListItem","position":1,"name":"Home","item":"https:\/\/uula.kajahdusdev.fi\/sv\/"},{"@type":"ListItem","position":2,"name":"Kundvagn"}]},{"@type":"WebSite","@id":"https:\/\/uula.kajahdusdev.fi\/#website","url":"https:\/\/uula.kajahdusdev.fi\/","name":"Uula","description":"Muovittomat ja hengitt&auml;v&auml;t sis&auml;- ja ulkomaalit","potentialAction":[{"@type":"SearchAction","target":{"@type":"EntryPoint","urlTemplate":"https:\/\/uula.kajahdusdev.fi\/?s={search_term_string}"},"query-input":"required name=search_term_string"}],"inLanguage":"sv-SE"}]}},"_links":{"self":[{"href":"https:\/\/uula.kajahdusdev.fi\/sv\/wp-json\/wp\/v2\/pages\/57907"}],"collection":[{"href":"https:\/\/uula.kajahdusdev.fi\/sv\/wp-json\/wp\/v2\/pages"}],"about":[{"href":"https:\/\/uula.kajahdusdev.fi\/sv\/wp-json\/wp\/v2\/types\/page"}],"author":[{"embeddable":true,"href":"https:\/\/uula.kajahdusdev.fi\/sv\/wp-json\/wp\/v2\/users\/2"}],"replies":[{"embeddable":true,"href":"https:\/\/uula.kajahdusdev.fi\/sv\/wp-json\/wp\/v2\/comments?post=57907"}],"version-history":[{"count":1,"href":"https:\/\/uula.kajahdusdev.fi\/sv\/wp-json\/wp\/v2\/pages\/57907\/revisions"}],"predecessor-version":[{"id":61339,"href":"https:\/\/uula.kajahdusdev.fi\/sv\/wp-json\/wp\/v2\/pages\/57907\/revisions\/61339"}],"wp:attachment":[{"href":"https:\/\/uula.kajahdusdev.fi\/sv\/wp-json\/wp\/v2\/media?parent=57907"}],"curies":[{"name":"wp","href":"https:\/\/api.w.org\/{rel}","templated":true}]}}