{"id":57908,"date":"2017-04-27T06:37:41","date_gmt":"2017-04-27T06:37:41","guid":{"rendered":"https:\/\/uula.kajahdusdev.fi\/fargkartor-och-broschyrer\/"},"modified":"2021-12-03T08:30:02","modified_gmt":"2021-12-03T08:30:02","slug":"fargkartor-och-broschyrer","status":"publish","type":"page","link":"https:\/\/uula.kajahdusdev.fi\/sv\/fargkartor-och-broschyrer\/","title":{"rendered":"F\u00e4rgkartor och broschyrer"},"content":{"rendered":"<h3>F\u00e4rgkartor<\/h3>\n<p>V\u00e5ra nyanser harmonierar med den finska naturen och finl\u00e4ndarnas sj\u00e4lslandskap. L\u00e4s mer om de unika nyanserna p\u00e5 v\u00e5ra f\u00e4rgkartor, och v\u00e4lj den nyans du gillar b\u00e4st f\u00f6r inomhus- och utomhusbruk.<\/p>\n<p>F\u00e4rgerna p\u00e5 de h\u00e4r f\u00e4rgkartorna har tillverkats digitalt och ers\u00e4tter inte \u00e4kta f\u00e4rgmallar. F\u00e4rgen kan variera beroende p\u00e5 sk\u00e4rm. Det l\u00f6nar sig att v\u00e4lja nyans fr\u00e5n f\u00e4rgkartor i pappersformat som du kan best\u00e4lla direkt till din hemadress. Kom ih\u00e5g att g\u00f6ra ett f\u00e4rgprov innan du inleder det egentliga m\u00e5lningsarbetet, och kontrollera att nyansen passar i utrymmet som ska m\u00e5las. F\u00e4rgupplevelsen p\u00e5verkas av bland annat rummets belysning, hur sl\u00e4ta eller skrovliga ytorna som ska m\u00e5las \u00e4r samt andra f\u00e4rger som anv\u00e4nds i rummet.<\/p>\n<ul>\n<li><span style=\"color: #a29994;\"><a style=\"color: #a29994;\" href=\"https:\/\/uula.kajahdusdev.fi\/sv\/fargkartor-och-broschyrer\/uula-traditionella-fargkarta\/\" target=\"_blank\" rel=\"noopener noreferrer\">Uula Traditionell F\u00e4rgkarta<\/a><\/span><\/li>\n<li><span style=\"color: #a29994;\"><a style=\"color: #a29994;\" href=\"https:\/\/uula.kajahdusdev.fi\/sv\/fargkartor-och-broschyrer\/uula-inomhusmalning-fargkarta\/\" target=\"_blank\" rel=\"noopener noreferrer\">Uula Inomhusm\u00e5lning F\u00e4rgkarta <\/a><\/span><\/li>\n<li><span style=\"color: #a29994;\"><a style=\"color: #a29994;\" href=\"https:\/\/uula.kajahdusdev.fi\/sv\/fargkartor-och-broschyrer\/uula-slamfargsnyanser\/\" target=\"_blank\" rel=\"noopener noreferrer\">Uula Slamf\u00e4rgsnyanser<\/a><\/span><\/li>\n<li><span style=\"color: #a29994;\"><a style=\"color: #a29994;\" href=\"https:\/\/uula.kajahdusdev.fi\/sv\/fargkartor-och-broschyrer\/laseringsnyanser-for-inomhusmalning-fargkarta\/\" target=\"_blank\" rel=\"noopener noreferrer\"> Laseringsnyanser f\u00f6r Inomhusm\u00e5lning F\u00e4rgkarta<\/a><\/span><\/li>\n<li><span style=\"color: #a29994;\"><a style=\"color: #a29994;\" href=\"https:\/\/uula.kajahdusdev.fi\/sv\/fargkartor-och-broschyrer\/laseringsnyanser-for-traditionell-fargkarta\/\" target=\"_blank\" rel=\"noopener noreferrer\"> Laseringsnyanser f\u00f6r Traditionell F\u00e4rgkarta <\/a><\/span><\/li>\n<\/ul>\n<h3>Broschyrer i pappersformat<\/h3>\n<p>Best\u00e4ll en gratis produktbroschyr till din hemadress<\/p>\n<ul>\n<li><span style=\"color: #a29994;\"><a style=\"color: #a29994;\" href=\"\/wp-content\/uploads\/uula-perinnemaalit\/\" target=\"_blank\" rel=\"noopener noreferrer\">Uula &#8211; Traditionella f\u00e4rger<\/a><\/span><\/li>\n<li><span style=\"color: #a29994;\"><a style=\"color: #a29994;\" href=\"\/wp-content\/uploads\/vesiohenteiset-oljymaalit\/\" target=\"_blank\" rel=\"noopener noreferrer\">Uula &#8211; Vattensp\u00e4dbara oljef\u00e4rger<\/a><\/span><\/li>\n<\/ul>\n<h3>N\u00e4ttidskrifter<\/h3>\n<ul>\n<li><span style=\"color: #a29994;\"><a style=\"color: #a29994;\" href=\"https:\/\/uula.kajahdusdev.fi\/wp-content\/uploads\/varipaletti\/\">F\u00e4rgpalett &#8211; nyanstips f\u00f6r Traditionell F\u00e4rgkarta<\/a><\/span><\/li>\n<li><span style=\"color: #a29994;\"><a style=\"color: #a29994;\" href=\"\/wp-content\/uploads\/savypaletti\/\" target=\"_blank\" rel=\"noopener noreferrer\">Nyanspalett &#8211; nyanstips f\u00f6r Inomhusm\u00e5lning F\u00e4rgkarta <\/a><\/span><\/li>\n<li><span style=\"color: #a29994;\"><a style=\"color: #a29994;\" href=\"\/wp-content\/uploads\/savyjen-aarteet\/\" target=\"_blank\" rel=\"noopener noreferrer\">Nyansernas skatter &#8211; Dyk in i f\u00e4rgernas v\u00e4rld<\/a><\/span><\/li>\n<\/ul>\n<h3>F\u00e4rgkombinationer<\/h3>\n<ul>\n<li><span style=\"color: #a29994;\"><a style=\"color: #a29994;\" href=\"https:\/\/uula.kajahdusdev.fi\/2019\/09\/03\/perinnevarikartan-savykortit\/\">L\u00e4mpliga f\u00e4rgkombinationer f\u00f6r fasadm\u00e5lning<\/a><\/span><\/li>\n<li><span style=\"color: #a29994;\"><a style=\"color: #a29994;\" href=\"https:\/\/uula.kajahdusdev.fi\/2019\/09\/03\/sisavarikartan-savykortit\/\">L\u00e4mpliga nyanskombinationer f\u00f6r inomhusm\u00e5lning<\/a><\/span><\/li>\n<\/ul>\n","protected":false},"excerpt":{"rendered":"<p>F\u00e4rgkartor V\u00e5ra nyanser harmonierar med den finska naturen och finl\u00e4ndarnas sj\u00e4lslandskap. L\u00e4s mer om de unika nyanserna p\u00e5 v\u00e5ra f\u00e4rgkartor, och v\u00e4lj den nyans du gillar b\u00e4st f\u00f6r inomhus- och utomhusbruk. F\u00e4rgerna p\u00e5 de h\u00e4r f\u00e4rgkartorna har tillverkats digitalt och ers\u00e4tter inte \u00e4kta f\u00e4rgmallar. F\u00e4rgen kan variera beroende p\u00e5 sk\u00e4rm. Det l\u00f6nar sig att v\u00e4lja [&hellip;]<\/p>\n","protected":false},"author":2,"featured_media":67919,"parent":0,"menu_order":50,"comment_status":"closed","ping_status":"closed","template":"template-2-columns.php","meta":{"footnotes":""},"yoast_head":"<!-- This site is optimized with the Yoast SEO plugin v19.9 - https:\/\/yoast.com\/wordpress\/plugins\/seo\/ -->\n<title>F\u00e4rgkartor och broschyrer - Uula<\/title>\n<meta name=\"description\" content=\"F\u00e4rgkartor och broschyrer. V\u00e5ra nyanser harmonierar med den finska naturen och finl\u00e4ndarnas sj\u00e4lslandskap.\" \/>\n<meta name=\"robots\" content=\"noindex, follow, max-snippet:-1, max-image-preview:large, max-video-preview:-1\" \/>\n<meta property=\"og:locale\" content=\"sv_SE\" \/>\n<meta property=\"og:type\" content=\"article\" \/>\n<meta property=\"og:title\" content=\"F\u00e4rgkartor och broschyrer - Uula\" \/>\n<meta property=\"og:description\" content=\"F\u00e4rgkartor och broschyrer. V\u00e5ra nyanser harmonierar med den finska naturen och finl\u00e4ndarnas sj\u00e4lslandskap.\" \/>\n<meta property=\"og:url\" content=\"https:\/\/uula.kajahdusdev.fi\/sv\/fargkartor-och-broschyrer\/\" \/>\n<meta property=\"og:site_name\" content=\"Uula\" \/>\n<meta property=\"article:modified_time\" content=\"2021-12-03T08:30:02+00:00\" \/>\n<meta property=\"og:image\" content=\"https:\/\/uula.kajahdusdev.fi\/wp-content\/uploads\/2021\/11\/uula-5.jpg\" \/>\n\t<meta property=\"og:image:width\" content=\"1920\" \/>\n\t<meta property=\"og:image:height\" content=\"1080\" \/>\n\t<meta property=\"og:image:type\" content=\"image\/jpeg\" \/>\n<meta name=\"twitter:card\" content=\"summary_large_image\" \/>\n<meta name=\"twitter:label1\" content=\"Ber\u00e4knad l\u00e4stid\" \/>\n\t<meta name=\"twitter:data1\" content=\"1 minut\" \/>\n<script type=\"application\/ld+json\" class=\"yoast-schema-graph\">{\"@context\":\"https:\/\/schema.org\",\"@graph\":[{\"@type\":\"WebPage\",\"@id\":\"https:\/\/uula.kajahdusdev.fi\/sv\/fargkartor-och-broschyrer\/\",\"url\":\"https:\/\/uula.kajahdusdev.fi\/sv\/fargkartor-och-broschyrer\/\",\"name\":\"F\u00e4rgkartor och broschyrer - Uula\",\"isPartOf\":{\"@id\":\"https:\/\/uula.kajahdusdev.fi\/#website\"},\"datePublished\":\"2017-04-27T06:37:41+00:00\",\"dateModified\":\"2021-12-03T08:30:02+00:00\",\"description\":\"F\u00e4rgkartor och broschyrer. V\u00e5ra nyanser harmonierar med den finska naturen och finl\u00e4ndarnas sj\u00e4lslandskap.\",\"breadcrumb\":{\"@id\":\"https:\/\/uula.kajahdusdev.fi\/sv\/fargkartor-och-broschyrer\/#breadcrumb\"},\"inLanguage\":\"sv-SE\",\"potentialAction\":[{\"@type\":\"ReadAction\",\"target\":[\"https:\/\/uula.kajahdusdev.fi\/sv\/fargkartor-och-broschyrer\/\"]}]},{\"@type\":\"BreadcrumbList\",\"@id\":\"https:\/\/uula.kajahdusdev.fi\/sv\/fargkartor-och-broschyrer\/#breadcrumb\",\"itemListElement\":[{\"@type\":\"ListItem\",\"position\":1,\"name\":\"Home\",\"item\":\"https:\/\/uula.kajahdusdev.fi\/sv\/\"},{\"@type\":\"ListItem\",\"position\":2,\"name\":\"F\u00e4rgkartor och broschyrer\"}]},{\"@type\":\"WebSite\",\"@id\":\"https:\/\/uula.kajahdusdev.fi\/#website\",\"url\":\"https:\/\/uula.kajahdusdev.fi\/\",\"name\":\"Uula\",\"description\":\"Muovittomat ja hengitt&auml;v&auml;t sis&auml;- ja ulkomaalit\",\"potentialAction\":[{\"@type\":\"SearchAction\",\"target\":{\"@type\":\"EntryPoint\",\"urlTemplate\":\"https:\/\/uula.kajahdusdev.fi\/?s={search_term_string}\"},\"query-input\":\"required name=search_term_string\"}],\"inLanguage\":\"sv-SE\"}]}<\/script>\n<!-- \/ Yoast SEO plugin. -->","yoast_head_json":{"title":"F\u00e4rgkartor och broschyrer - Uula","description":"F\u00e4rgkartor och broschyrer. V\u00e5ra nyanser harmonierar med den finska naturen och finl\u00e4ndarnas sj\u00e4lslandskap.","robots":{"index":"noindex","follow":"follow","max-snippet":"max-snippet:-1","max-image-preview":"max-image-preview:large","max-video-preview":"max-video-preview:-1"},"og_locale":"sv_SE","og_type":"article","og_title":"F\u00e4rgkartor och broschyrer - Uula","og_description":"F\u00e4rgkartor och broschyrer. V\u00e5ra nyanser harmonierar med den finska naturen och finl\u00e4ndarnas sj\u00e4lslandskap.","og_url":"https:\/\/uula.kajahdusdev.fi\/sv\/fargkartor-och-broschyrer\/","og_site_name":"Uula","article_modified_time":"2021-12-03T08:30:02+00:00","og_image":[{"width":1920,"height":1080,"url":"https:\/\/uula.kajahdusdev.fi\/wp-content\/uploads\/2021\/11\/uula-5.jpg","type":"image\/jpeg"}],"twitter_card":"summary_large_image","twitter_misc":{"Ber\u00e4knad l\u00e4stid":"1 minut"},"schema":{"@context":"https:\/\/schema.org","@graph":[{"@type":"WebPage","@id":"https:\/\/uula.kajahdusdev.fi\/sv\/fargkartor-och-broschyrer\/","url":"https:\/\/uula.kajahdusdev.fi\/sv\/fargkartor-och-broschyrer\/","name":"F\u00e4rgkartor och broschyrer - Uula","isPartOf":{"@id":"https:\/\/uula.kajahdusdev.fi\/#website"},"datePublished":"2017-04-27T06:37:41+00:00","dateModified":"2021-12-03T08:30:02+00:00","description":"F\u00e4rgkartor och broschyrer. V\u00e5ra nyanser harmonierar med den finska naturen och finl\u00e4ndarnas sj\u00e4lslandskap.","breadcrumb":{"@id":"https:\/\/uula.kajahdusdev.fi\/sv\/fargkartor-och-broschyrer\/#breadcrumb"},"inLanguage":"sv-SE","potentialAction":[{"@type":"ReadAction","target":["https:\/\/uula.kajahdusdev.fi\/sv\/fargkartor-och-broschyrer\/"]}]},{"@type":"BreadcrumbList","@id":"https:\/\/uula.kajahdusdev.fi\/sv\/fargkartor-och-broschyrer\/#breadcrumb","itemListElement":[{"@type":"ListItem","position":1,"name":"Home","item":"https:\/\/uula.kajahdusdev.fi\/sv\/"},{"@type":"ListItem","position":2,"name":"F\u00e4rgkartor och broschyrer"}]},{"@type":"WebSite","@id":"https:\/\/uula.kajahdusdev.fi\/#website","url":"https:\/\/uula.kajahdusdev.fi\/","name":"Uula","description":"Muovittomat ja hengitt&auml;v&auml;t sis&auml;- ja ulkomaalit","potentialAction":[{"@type":"SearchAction","target":{"@type":"EntryPoint","urlTemplate":"https:\/\/uula.kajahdusdev.fi\/?s={search_term_string}"},"query-input":"required name=search_term_string"}],"inLanguage":"sv-SE"}]}},"_links":{"self":[{"href":"https:\/\/uula.kajahdusdev.fi\/sv\/wp-json\/wp\/v2\/pages\/57908"}],"collection":[{"href":"https:\/\/uula.kajahdusdev.fi\/sv\/wp-json\/wp\/v2\/pages"}],"about":[{"href":"https:\/\/uula.kajahdusdev.fi\/sv\/wp-json\/wp\/v2\/types\/page"}],"author":[{"embeddable":true,"href":"https:\/\/uula.kajahdusdev.fi\/sv\/wp-json\/wp\/v2\/users\/2"}],"replies":[{"embeddable":true,"href":"https:\/\/uula.kajahdusdev.fi\/sv\/wp-json\/wp\/v2\/comments?post=57908"}],"version-history":[{"count":7,"href":"https:\/\/uula.kajahdusdev.fi\/sv\/wp-json\/wp\/v2\/pages\/57908\/revisions"}],"predecessor-version":[{"id":65280,"href":"https:\/\/uula.kajahdusdev.fi\/sv\/wp-json\/wp\/v2\/pages\/57908\/revisions\/65280"}],"wp:featuredmedia":[{"embeddable":true,"href":"https:\/\/uula.kajahdusdev.fi\/sv\/wp-json\/wp\/v2\/media\/67919"}],"wp:attachment":[{"href":"https:\/\/uula.kajahdusdev.fi\/sv\/wp-json\/wp\/v2\/media?parent=57908"}],"curies":[{"name":"wp","href":"https:\/\/api.w.org\/{rel}","templated":true}]}}