{"id":61572,"date":"2017-07-06T22:24:16","date_gmt":"2017-07-06T22:24:16","guid":{"rendered":"https:\/\/uula.kajahdusdev.fi\/?page_id=61572"},"modified":"2021-04-06T12:04:48","modified_gmt":"2021-04-06T12:04:48","slug":"uula-traditionella-fargkarta","status":"publish","type":"page","link":"https:\/\/uula.kajahdusdev.fi\/sv\/fargkartor-och-broschyrer\/uula-traditionella-fargkarta\/","title":{"rendered":"Uula Traditionella F\u00e4rgkarta"},"content":{"rendered":"<p>Vi har inspirerats av v\u00e5r vackra natur och dess f\u00f6r\u00e4nderliga f\u00e4rger. Den tidl\u00f6sa mjukheten och harmonin i naturens nyanser utg\u00f6r hemligheten bakom nyanserna p\u00e5 v\u00e5r Traditionella F\u00e4rgkarta. V\u00e4lj den nyans du gillar till hemmets tr\u00e4ytor utomhus och inomhus, v\u00e4ggar och r\u00e4cken, f\u00f6r att snygga upp tr\u00e4golv och som f\u00e4rg p\u00e5 d\u00f6rrar och f\u00f6nsterkarmar.<\/p>\n<p>&nbsp;<\/p>\n","protected":false},"excerpt":{"rendered":"<p>Vi har inspirerats av v\u00e5r vackra natur och dess f\u00f6r\u00e4nderliga f\u00e4rger. Den tidl\u00f6sa mjukheten och harmonin i naturens nyanser utg\u00f6r hemligheten bakom nyanserna p\u00e5 v\u00e5r Traditionella F\u00e4rgkarta. V\u00e4lj den nyans du gillar till hemmets tr\u00e4ytor utomhus och inomhus, v\u00e4ggar och r\u00e4cken, f\u00f6r att snygga upp tr\u00e4golv och som f\u00e4rg p\u00e5 d\u00f6rrar och f\u00f6nsterkarmar. &nbsp;<\/p>\n","protected":false},"author":8,"featured_media":0,"parent":57908,"menu_order":10,"comment_status":"closed","ping_status":"closed","template":"template-exterior-colors.php","meta":{"footnotes":""},"yoast_head":"<!-- This site is optimized with the Yoast SEO plugin v19.9 - https:\/\/yoast.com\/wordpress\/plugins\/seo\/ -->\n<title>Uula Traditionella F\u00e4rgkarta | T\u00e4ckande nyanser f\u00f6r m\u00e5lningen | Uula<\/title>\n<meta name=\"description\" content=\"Uula Traditionella F\u00e4rgkarta. L\u00e4s mer om de unika nyanserna p\u00e5 v\u00e5ra f\u00e4rgkartor, och v\u00e4lj den nyans du gillar b\u00e4st f\u00f6r inomhus- och utomhusbruk\" \/>\n<meta name=\"robots\" content=\"noindex, follow, max-snippet:-1, max-image-preview:large, max-video-preview:-1\" \/>\n<meta property=\"og:locale\" content=\"sv_SE\" \/>\n<meta property=\"og:type\" content=\"article\" \/>\n<meta property=\"og:title\" content=\"Uula Traditionella F\u00e4rgkarta | T\u00e4ckande nyanser f\u00f6r m\u00e5lningen | Uula\" \/>\n<meta property=\"og:description\" content=\"Uula Traditionella F\u00e4rgkarta. L\u00e4s mer om de unika nyanserna p\u00e5 v\u00e5ra f\u00e4rgkartor, och v\u00e4lj den nyans du gillar b\u00e4st f\u00f6r inomhus- och utomhusbruk\" \/>\n<meta property=\"og:url\" content=\"https:\/\/uula.kajahdusdev.fi\/sv\/fargkartor-och-broschyrer\/uula-traditionella-fargkarta\/\" \/>\n<meta property=\"og:site_name\" content=\"Uula\" \/>\n<meta property=\"article:modified_time\" content=\"2021-04-06T12:04:48+00:00\" \/>\n<meta name=\"twitter:card\" content=\"summary_large_image\" \/>\n<meta name=\"twitter:label1\" content=\"Ber\u00e4knad l\u00e4stid\" \/>\n\t<meta name=\"twitter:data1\" content=\"1 minut\" \/>\n<script type=\"application\/ld+json\" class=\"yoast-schema-graph\">{\"@context\":\"https:\/\/schema.org\",\"@graph\":[{\"@type\":\"WebPage\",\"@id\":\"https:\/\/uula.kajahdusdev.fi\/sv\/fargkartor-och-broschyrer\/uula-traditionella-fargkarta\/\",\"url\":\"https:\/\/uula.kajahdusdev.fi\/sv\/fargkartor-och-broschyrer\/uula-traditionella-fargkarta\/\",\"name\":\"Uula Traditionella F\u00e4rgkarta | T\u00e4ckande nyanser f\u00f6r m\u00e5lningen | Uula\",\"isPartOf\":{\"@id\":\"https:\/\/uula.kajahdusdev.fi\/#website\"},\"datePublished\":\"2017-07-06T22:24:16+00:00\",\"dateModified\":\"2021-04-06T12:04:48+00:00\",\"description\":\"Uula Traditionella F\u00e4rgkarta. L\u00e4s mer om de unika nyanserna p\u00e5 v\u00e5ra f\u00e4rgkartor, och v\u00e4lj den nyans du gillar b\u00e4st f\u00f6r inomhus- och utomhusbruk\",\"breadcrumb\":{\"@id\":\"https:\/\/uula.kajahdusdev.fi\/sv\/fargkartor-och-broschyrer\/uula-traditionella-fargkarta\/#breadcrumb\"},\"inLanguage\":\"sv-SE\",\"potentialAction\":[{\"@type\":\"ReadAction\",\"target\":[\"https:\/\/uula.kajahdusdev.fi\/sv\/fargkartor-och-broschyrer\/uula-traditionella-fargkarta\/\"]}]},{\"@type\":\"BreadcrumbList\",\"@id\":\"https:\/\/uula.kajahdusdev.fi\/sv\/fargkartor-och-broschyrer\/uula-traditionella-fargkarta\/#breadcrumb\",\"itemListElement\":[{\"@type\":\"ListItem\",\"position\":1,\"name\":\"Home\",\"item\":\"https:\/\/uula.kajahdusdev.fi\/sv\/\"},{\"@type\":\"ListItem\",\"position\":2,\"name\":\"F\u00e4rgkartor och broschyrer\",\"item\":\"https:\/\/uula.kajahdusdev.fi\/sv\/fargkartor-och-broschyrer\/\"},{\"@type\":\"ListItem\",\"position\":3,\"name\":\"Uula Traditionella F\u00e4rgkarta\"}]},{\"@type\":\"WebSite\",\"@id\":\"https:\/\/uula.kajahdusdev.fi\/#website\",\"url\":\"https:\/\/uula.kajahdusdev.fi\/\",\"name\":\"Uula\",\"description\":\"Muovittomat ja hengitt&auml;v&auml;t sis&auml;- ja ulkomaalit\",\"potentialAction\":[{\"@type\":\"SearchAction\",\"target\":{\"@type\":\"EntryPoint\",\"urlTemplate\":\"https:\/\/uula.kajahdusdev.fi\/?s={search_term_string}\"},\"query-input\":\"required name=search_term_string\"}],\"inLanguage\":\"sv-SE\"}]}<\/script>\n<!-- \/ Yoast SEO plugin. -->","yoast_head_json":{"title":"Uula Traditionella F\u00e4rgkarta | T\u00e4ckande nyanser f\u00f6r m\u00e5lningen | Uula","description":"Uula Traditionella F\u00e4rgkarta. L\u00e4s mer om de unika nyanserna p\u00e5 v\u00e5ra f\u00e4rgkartor, och v\u00e4lj den nyans du gillar b\u00e4st f\u00f6r inomhus- och utomhusbruk","robots":{"index":"noindex","follow":"follow","max-snippet":"max-snippet:-1","max-image-preview":"max-image-preview:large","max-video-preview":"max-video-preview:-1"},"og_locale":"sv_SE","og_type":"article","og_title":"Uula Traditionella F\u00e4rgkarta | T\u00e4ckande nyanser f\u00f6r m\u00e5lningen | Uula","og_description":"Uula Traditionella F\u00e4rgkarta. L\u00e4s mer om de unika nyanserna p\u00e5 v\u00e5ra f\u00e4rgkartor, och v\u00e4lj den nyans du gillar b\u00e4st f\u00f6r inomhus- och utomhusbruk","og_url":"https:\/\/uula.kajahdusdev.fi\/sv\/fargkartor-och-broschyrer\/uula-traditionella-fargkarta\/","og_site_name":"Uula","article_modified_time":"2021-04-06T12:04:48+00:00","twitter_card":"summary_large_image","twitter_misc":{"Ber\u00e4knad l\u00e4stid":"1 minut"},"schema":{"@context":"https:\/\/schema.org","@graph":[{"@type":"WebPage","@id":"https:\/\/uula.kajahdusdev.fi\/sv\/fargkartor-och-broschyrer\/uula-traditionella-fargkarta\/","url":"https:\/\/uula.kajahdusdev.fi\/sv\/fargkartor-och-broschyrer\/uula-traditionella-fargkarta\/","name":"Uula Traditionella F\u00e4rgkarta | T\u00e4ckande nyanser f\u00f6r m\u00e5lningen | Uula","isPartOf":{"@id":"https:\/\/uula.kajahdusdev.fi\/#website"},"datePublished":"2017-07-06T22:24:16+00:00","dateModified":"2021-04-06T12:04:48+00:00","description":"Uula Traditionella F\u00e4rgkarta. L\u00e4s mer om de unika nyanserna p\u00e5 v\u00e5ra f\u00e4rgkartor, och v\u00e4lj den nyans du gillar b\u00e4st f\u00f6r inomhus- och utomhusbruk","breadcrumb":{"@id":"https:\/\/uula.kajahdusdev.fi\/sv\/fargkartor-och-broschyrer\/uula-traditionella-fargkarta\/#breadcrumb"},"inLanguage":"sv-SE","potentialAction":[{"@type":"ReadAction","target":["https:\/\/uula.kajahdusdev.fi\/sv\/fargkartor-och-broschyrer\/uula-traditionella-fargkarta\/"]}]},{"@type":"BreadcrumbList","@id":"https:\/\/uula.kajahdusdev.fi\/sv\/fargkartor-och-broschyrer\/uula-traditionella-fargkarta\/#breadcrumb","itemListElement":[{"@type":"ListItem","position":1,"name":"Home","item":"https:\/\/uula.kajahdusdev.fi\/sv\/"},{"@type":"ListItem","position":2,"name":"F\u00e4rgkartor och broschyrer","item":"https:\/\/uula.kajahdusdev.fi\/sv\/fargkartor-och-broschyrer\/"},{"@type":"ListItem","position":3,"name":"Uula Traditionella F\u00e4rgkarta"}]},{"@type":"WebSite","@id":"https:\/\/uula.kajahdusdev.fi\/#website","url":"https:\/\/uula.kajahdusdev.fi\/","name":"Uula","description":"Muovittomat ja hengitt&auml;v&auml;t sis&auml;- ja ulkomaalit","potentialAction":[{"@type":"SearchAction","target":{"@type":"EntryPoint","urlTemplate":"https:\/\/uula.kajahdusdev.fi\/?s={search_term_string}"},"query-input":"required name=search_term_string"}],"inLanguage":"sv-SE"}]}},"_links":{"self":[{"href":"https:\/\/uula.kajahdusdev.fi\/sv\/wp-json\/wp\/v2\/pages\/61572"}],"collection":[{"href":"https:\/\/uula.kajahdusdev.fi\/sv\/wp-json\/wp\/v2\/pages"}],"about":[{"href":"https:\/\/uula.kajahdusdev.fi\/sv\/wp-json\/wp\/v2\/types\/page"}],"author":[{"embeddable":true,"href":"https:\/\/uula.kajahdusdev.fi\/sv\/wp-json\/wp\/v2\/users\/8"}],"replies":[{"embeddable":true,"href":"https:\/\/uula.kajahdusdev.fi\/sv\/wp-json\/wp\/v2\/comments?post=61572"}],"version-history":[{"count":3,"href":"https:\/\/uula.kajahdusdev.fi\/sv\/wp-json\/wp\/v2\/pages\/61572\/revisions"}],"predecessor-version":[{"id":61577,"href":"https:\/\/uula.kajahdusdev.fi\/sv\/wp-json\/wp\/v2\/pages\/61572\/revisions\/61577"}],"up":[{"embeddable":true,"href":"https:\/\/uula.kajahdusdev.fi\/sv\/wp-json\/wp\/v2\/pages\/57908"}],"wp:attachment":[{"href":"https:\/\/uula.kajahdusdev.fi\/sv\/wp-json\/wp\/v2\/media?parent=61572"}],"curies":[{"name":"wp","href":"https:\/\/api.w.org\/{rel}","templated":true}]}}