{"id":61592,"date":"2017-07-21T19:58:26","date_gmt":"2017-07-21T19:58:26","guid":{"rendered":"https:\/\/uula.kajahdusdev.fi\/?page_id=61592"},"modified":"2021-04-07T09:19:19","modified_gmt":"2021-04-07T09:19:19","slug":"laseringsnyanser-for-inomhusmalning-fargkarta","status":"publish","type":"page","link":"https:\/\/uula.kajahdusdev.fi\/sv\/fargkartor-och-broschyrer\/laseringsnyanser-for-inomhusmalning-fargkarta\/","title":{"rendered":"Laseringsnyanser f\u00f6r Inomhusm\u00e5lning F\u00e4rgkarta"},"content":{"rendered":"<p>Vid lasyrbehandling p\u00e5verkar tr\u00e4ytans egenskaper och tidigare behandlingar den slutliga f\u00e4rgen. F\u00e4rgerna p\u00e5 de h\u00e4r f\u00e4rgkartorna har tillverkats digitalt och ers\u00e4tter inte \u00e4kta f\u00e4rgmallar. F\u00e4rgen kan variera beroende p\u00e5 sk\u00e4rm. Kom ih\u00e5g att g\u00f6ra ett f\u00e4rgprov innan du inleder det egentliga m\u00e5lningsarbetet, och kontrollera att nyansen passar i utrymmet som ska m\u00e5las.<\/p>\n","protected":false},"excerpt":{"rendered":"<p>Vid lasyrbehandling p\u00e5verkar tr\u00e4ytans egenskaper och tidigare behandlingar den slutliga f\u00e4rgen. F\u00e4rgerna p\u00e5 de h\u00e4r f\u00e4rgkartorna har tillverkats digitalt och ers\u00e4tter inte \u00e4kta f\u00e4rgmallar. F\u00e4rgen kan variera beroende p\u00e5 sk\u00e4rm. Kom ih\u00e5g att g\u00f6ra ett f\u00e4rgprov innan du inleder det egentliga m\u00e5lningsarbetet, och kontrollera att nyansen passar i utrymmet som ska m\u00e5las.<\/p>\n","protected":false},"author":8,"featured_media":0,"parent":57908,"menu_order":30,"comment_status":"closed","ping_status":"closed","template":"template-kuultavat-colors.php","meta":{"footnotes":""},"yoast_head":"<!-- This site is optimized with the Yoast SEO plugin v19.9 - https:\/\/yoast.com\/wordpress\/plugins\/seo\/ -->\n<title>Laseringsnyanser f\u00f6r Inomhusm\u00e5lning F\u00e4rgkarta | Uula F\u00e4rgkarta | Uula<\/title>\n<meta name=\"description\" content=\"Laseringsnyanser f\u00f6r Inomhusm\u00e5lning F\u00e4rgkarta. Vid lasyrbehandling p\u00e5verkar tr\u00e4ytans egenskaper och tidigare behandlingar den slutliga f\u00e4rgen.\" \/>\n<meta name=\"robots\" content=\"noindex, follow, max-snippet:-1, max-image-preview:large, max-video-preview:-1\" \/>\n<meta property=\"og:locale\" content=\"sv_SE\" \/>\n<meta property=\"og:type\" content=\"article\" \/>\n<meta property=\"og:title\" content=\"Laseringsnyanser f\u00f6r Inomhusm\u00e5lning F\u00e4rgkarta | Uula F\u00e4rgkarta | Uula\" \/>\n<meta property=\"og:description\" content=\"Laseringsnyanser f\u00f6r Inomhusm\u00e5lning F\u00e4rgkarta. Vid lasyrbehandling p\u00e5verkar tr\u00e4ytans egenskaper och tidigare behandlingar den slutliga f\u00e4rgen.\" \/>\n<meta property=\"og:url\" content=\"https:\/\/uula.kajahdusdev.fi\/sv\/fargkartor-och-broschyrer\/laseringsnyanser-for-inomhusmalning-fargkarta\/\" \/>\n<meta property=\"og:site_name\" content=\"Uula\" \/>\n<meta property=\"article:modified_time\" content=\"2021-04-07T09:19:19+00:00\" \/>\n<meta name=\"twitter:card\" content=\"summary_large_image\" \/>\n<meta name=\"twitter:label1\" content=\"Ber\u00e4knad l\u00e4stid\" \/>\n\t<meta name=\"twitter:data1\" content=\"1 minut\" \/>\n<script type=\"application\/ld+json\" class=\"yoast-schema-graph\">{\"@context\":\"https:\/\/schema.org\",\"@graph\":[{\"@type\":\"WebPage\",\"@id\":\"https:\/\/uula.kajahdusdev.fi\/sv\/fargkartor-och-broschyrer\/laseringsnyanser-for-inomhusmalning-fargkarta\/\",\"url\":\"https:\/\/uula.kajahdusdev.fi\/sv\/fargkartor-och-broschyrer\/laseringsnyanser-for-inomhusmalning-fargkarta\/\",\"name\":\"Laseringsnyanser f\u00f6r Inomhusm\u00e5lning F\u00e4rgkarta | Uula F\u00e4rgkarta | Uula\",\"isPartOf\":{\"@id\":\"https:\/\/uula.kajahdusdev.fi\/#website\"},\"datePublished\":\"2017-07-21T19:58:26+00:00\",\"dateModified\":\"2021-04-07T09:19:19+00:00\",\"description\":\"Laseringsnyanser f\u00f6r Inomhusm\u00e5lning F\u00e4rgkarta. Vid lasyrbehandling p\u00e5verkar tr\u00e4ytans egenskaper och tidigare behandlingar den slutliga f\u00e4rgen.\",\"breadcrumb\":{\"@id\":\"https:\/\/uula.kajahdusdev.fi\/sv\/fargkartor-och-broschyrer\/laseringsnyanser-for-inomhusmalning-fargkarta\/#breadcrumb\"},\"inLanguage\":\"sv-SE\",\"potentialAction\":[{\"@type\":\"ReadAction\",\"target\":[\"https:\/\/uula.kajahdusdev.fi\/sv\/fargkartor-och-broschyrer\/laseringsnyanser-for-inomhusmalning-fargkarta\/\"]}]},{\"@type\":\"BreadcrumbList\",\"@id\":\"https:\/\/uula.kajahdusdev.fi\/sv\/fargkartor-och-broschyrer\/laseringsnyanser-for-inomhusmalning-fargkarta\/#breadcrumb\",\"itemListElement\":[{\"@type\":\"ListItem\",\"position\":1,\"name\":\"Home\",\"item\":\"https:\/\/uula.kajahdusdev.fi\/sv\/\"},{\"@type\":\"ListItem\",\"position\":2,\"name\":\"F\u00e4rgkartor och broschyrer\",\"item\":\"https:\/\/uula.kajahdusdev.fi\/sv\/fargkartor-och-broschyrer\/\"},{\"@type\":\"ListItem\",\"position\":3,\"name\":\"Laseringsnyanser f\u00f6r Inomhusm\u00e5lning F\u00e4rgkarta\"}]},{\"@type\":\"WebSite\",\"@id\":\"https:\/\/uula.kajahdusdev.fi\/#website\",\"url\":\"https:\/\/uula.kajahdusdev.fi\/\",\"name\":\"Uula\",\"description\":\"Muovittomat ja hengitt&auml;v&auml;t sis&auml;- ja ulkomaalit\",\"potentialAction\":[{\"@type\":\"SearchAction\",\"target\":{\"@type\":\"EntryPoint\",\"urlTemplate\":\"https:\/\/uula.kajahdusdev.fi\/?s={search_term_string}\"},\"query-input\":\"required name=search_term_string\"}],\"inLanguage\":\"sv-SE\"}]}<\/script>\n<!-- \/ Yoast SEO plugin. -->","yoast_head_json":{"title":"Laseringsnyanser f\u00f6r Inomhusm\u00e5lning F\u00e4rgkarta | Uula F\u00e4rgkarta | Uula","description":"Laseringsnyanser f\u00f6r Inomhusm\u00e5lning F\u00e4rgkarta. Vid lasyrbehandling p\u00e5verkar tr\u00e4ytans egenskaper och tidigare behandlingar den slutliga f\u00e4rgen.","robots":{"index":"noindex","follow":"follow","max-snippet":"max-snippet:-1","max-image-preview":"max-image-preview:large","max-video-preview":"max-video-preview:-1"},"og_locale":"sv_SE","og_type":"article","og_title":"Laseringsnyanser f\u00f6r Inomhusm\u00e5lning F\u00e4rgkarta | Uula F\u00e4rgkarta | Uula","og_description":"Laseringsnyanser f\u00f6r Inomhusm\u00e5lning F\u00e4rgkarta. Vid lasyrbehandling p\u00e5verkar tr\u00e4ytans egenskaper och tidigare behandlingar den slutliga f\u00e4rgen.","og_url":"https:\/\/uula.kajahdusdev.fi\/sv\/fargkartor-och-broschyrer\/laseringsnyanser-for-inomhusmalning-fargkarta\/","og_site_name":"Uula","article_modified_time":"2021-04-07T09:19:19+00:00","twitter_card":"summary_large_image","twitter_misc":{"Ber\u00e4knad l\u00e4stid":"1 minut"},"schema":{"@context":"https:\/\/schema.org","@graph":[{"@type":"WebPage","@id":"https:\/\/uula.kajahdusdev.fi\/sv\/fargkartor-och-broschyrer\/laseringsnyanser-for-inomhusmalning-fargkarta\/","url":"https:\/\/uula.kajahdusdev.fi\/sv\/fargkartor-och-broschyrer\/laseringsnyanser-for-inomhusmalning-fargkarta\/","name":"Laseringsnyanser f\u00f6r Inomhusm\u00e5lning F\u00e4rgkarta | Uula F\u00e4rgkarta | Uula","isPartOf":{"@id":"https:\/\/uula.kajahdusdev.fi\/#website"},"datePublished":"2017-07-21T19:58:26+00:00","dateModified":"2021-04-07T09:19:19+00:00","description":"Laseringsnyanser f\u00f6r Inomhusm\u00e5lning F\u00e4rgkarta. Vid lasyrbehandling p\u00e5verkar tr\u00e4ytans egenskaper och tidigare behandlingar den slutliga f\u00e4rgen.","breadcrumb":{"@id":"https:\/\/uula.kajahdusdev.fi\/sv\/fargkartor-och-broschyrer\/laseringsnyanser-for-inomhusmalning-fargkarta\/#breadcrumb"},"inLanguage":"sv-SE","potentialAction":[{"@type":"ReadAction","target":["https:\/\/uula.kajahdusdev.fi\/sv\/fargkartor-och-broschyrer\/laseringsnyanser-for-inomhusmalning-fargkarta\/"]}]},{"@type":"BreadcrumbList","@id":"https:\/\/uula.kajahdusdev.fi\/sv\/fargkartor-och-broschyrer\/laseringsnyanser-for-inomhusmalning-fargkarta\/#breadcrumb","itemListElement":[{"@type":"ListItem","position":1,"name":"Home","item":"https:\/\/uula.kajahdusdev.fi\/sv\/"},{"@type":"ListItem","position":2,"name":"F\u00e4rgkartor och broschyrer","item":"https:\/\/uula.kajahdusdev.fi\/sv\/fargkartor-och-broschyrer\/"},{"@type":"ListItem","position":3,"name":"Laseringsnyanser f\u00f6r Inomhusm\u00e5lning F\u00e4rgkarta"}]},{"@type":"WebSite","@id":"https:\/\/uula.kajahdusdev.fi\/#website","url":"https:\/\/uula.kajahdusdev.fi\/","name":"Uula","description":"Muovittomat ja hengitt&auml;v&auml;t sis&auml;- ja ulkomaalit","potentialAction":[{"@type":"SearchAction","target":{"@type":"EntryPoint","urlTemplate":"https:\/\/uula.kajahdusdev.fi\/?s={search_term_string}"},"query-input":"required name=search_term_string"}],"inLanguage":"sv-SE"}]}},"_links":{"self":[{"href":"https:\/\/uula.kajahdusdev.fi\/sv\/wp-json\/wp\/v2\/pages\/61592"}],"collection":[{"href":"https:\/\/uula.kajahdusdev.fi\/sv\/wp-json\/wp\/v2\/pages"}],"about":[{"href":"https:\/\/uula.kajahdusdev.fi\/sv\/wp-json\/wp\/v2\/types\/page"}],"author":[{"embeddable":true,"href":"https:\/\/uula.kajahdusdev.fi\/sv\/wp-json\/wp\/v2\/users\/8"}],"replies":[{"embeddable":true,"href":"https:\/\/uula.kajahdusdev.fi\/sv\/wp-json\/wp\/v2\/comments?post=61592"}],"version-history":[{"count":2,"href":"https:\/\/uula.kajahdusdev.fi\/sv\/wp-json\/wp\/v2\/pages\/61592\/revisions"}],"predecessor-version":[{"id":61594,"href":"https:\/\/uula.kajahdusdev.fi\/sv\/wp-json\/wp\/v2\/pages\/61592\/revisions\/61594"}],"up":[{"embeddable":true,"href":"https:\/\/uula.kajahdusdev.fi\/sv\/wp-json\/wp\/v2\/pages\/57908"}],"wp:attachment":[{"href":"https:\/\/uula.kajahdusdev.fi\/sv\/wp-json\/wp\/v2\/media?parent=61592"}],"curies":[{"name":"wp","href":"https:\/\/api.w.org\/{rel}","templated":true}]}}