{"id":61603,"date":"2017-07-21T19:52:30","date_gmt":"2017-07-21T19:52:30","guid":{"rendered":"https:\/\/uula.kajahdusdev.fi\/?page_id=61603"},"modified":"2021-04-07T09:34:57","modified_gmt":"2021-04-07T09:34:57","slug":"uula-slamfargsnyanser","status":"publish","type":"page","link":"https:\/\/uula.kajahdusdev.fi\/sv\/fargkartor-och-broschyrer\/uula-slamfargsnyanser\/","title":{"rendered":"Uula Slamf\u00e4rgsnyanser"},"content":{"rendered":"<p>Uula Slamf\u00e4rgsnyanser. Slamf\u00e4rgnyanser enligt Uula Traditionell F\u00e4rgkarta. Du kan v\u00e4lja mellan \u00e5tta olika nyanser.<\/p>\n","protected":false},"excerpt":{"rendered":"<p>Uula Slamf\u00e4rgsnyanser. Slamf\u00e4rgnyanser enligt Uula Traditionell F\u00e4rgkarta. Du kan v\u00e4lja mellan \u00e5tta olika nyanser.<\/p>\n","protected":false},"author":8,"featured_media":0,"parent":57908,"menu_order":10,"comment_status":"closed","ping_status":"closed","template":"template-keittomaali-colors.php","meta":{"footnotes":""},"yoast_head":"<!-- This site is optimized with the Yoast SEO plugin v19.9 - https:\/\/yoast.com\/wordpress\/plugins\/seo\/ -->\n<title>Uula Slamf\u00e4rgsnyanser - Uula<\/title>\n<meta name=\"description\" content=\"Uula Slamf\u00e4rgsnyanser. Slamf\u00e4rgnyanser enligt Uula Traditionell F\u00e4rgkarta. Du kan v\u00e4lja mellan \u00e5tta olika nyanser.\" \/>\n<meta name=\"robots\" content=\"noindex, follow, max-snippet:-1, max-image-preview:large, max-video-preview:-1\" \/>\n<meta property=\"og:locale\" content=\"sv_SE\" \/>\n<meta property=\"og:type\" content=\"article\" \/>\n<meta property=\"og:title\" content=\"Uula Slamf\u00e4rgsnyanser - Uula\" \/>\n<meta property=\"og:description\" content=\"Uula Slamf\u00e4rgsnyanser. Slamf\u00e4rgnyanser enligt Uula Traditionell F\u00e4rgkarta. Du kan v\u00e4lja mellan \u00e5tta olika nyanser.\" \/>\n<meta property=\"og:url\" content=\"https:\/\/uula.kajahdusdev.fi\/sv\/fargkartor-och-broschyrer\/uula-slamfargsnyanser\/\" \/>\n<meta property=\"og:site_name\" content=\"Uula\" \/>\n<meta property=\"article:modified_time\" content=\"2021-04-07T09:34:57+00:00\" \/>\n<meta name=\"twitter:card\" content=\"summary_large_image\" \/>\n<meta name=\"twitter:label1\" content=\"Ber\u00e4knad l\u00e4stid\" \/>\n\t<meta name=\"twitter:data1\" content=\"1 minut\" \/>\n<script type=\"application\/ld+json\" class=\"yoast-schema-graph\">{\"@context\":\"https:\/\/schema.org\",\"@graph\":[{\"@type\":\"WebPage\",\"@id\":\"https:\/\/uula.kajahdusdev.fi\/sv\/fargkartor-och-broschyrer\/uula-slamfargsnyanser\/\",\"url\":\"https:\/\/uula.kajahdusdev.fi\/sv\/fargkartor-och-broschyrer\/uula-slamfargsnyanser\/\",\"name\":\"Uula Slamf\u00e4rgsnyanser - Uula\",\"isPartOf\":{\"@id\":\"https:\/\/uula.kajahdusdev.fi\/#website\"},\"datePublished\":\"2017-07-21T19:52:30+00:00\",\"dateModified\":\"2021-04-07T09:34:57+00:00\",\"description\":\"Uula Slamf\u00e4rgsnyanser. Slamf\u00e4rgnyanser enligt Uula Traditionell F\u00e4rgkarta. Du kan v\u00e4lja mellan \u00e5tta olika nyanser.\",\"breadcrumb\":{\"@id\":\"https:\/\/uula.kajahdusdev.fi\/sv\/fargkartor-och-broschyrer\/uula-slamfargsnyanser\/#breadcrumb\"},\"inLanguage\":\"sv-SE\",\"potentialAction\":[{\"@type\":\"ReadAction\",\"target\":[\"https:\/\/uula.kajahdusdev.fi\/sv\/fargkartor-och-broschyrer\/uula-slamfargsnyanser\/\"]}]},{\"@type\":\"BreadcrumbList\",\"@id\":\"https:\/\/uula.kajahdusdev.fi\/sv\/fargkartor-och-broschyrer\/uula-slamfargsnyanser\/#breadcrumb\",\"itemListElement\":[{\"@type\":\"ListItem\",\"position\":1,\"name\":\"Home\",\"item\":\"https:\/\/uula.kajahdusdev.fi\/sv\/\"},{\"@type\":\"ListItem\",\"position\":2,\"name\":\"F\u00e4rgkartor och broschyrer\",\"item\":\"https:\/\/uula.kajahdusdev.fi\/sv\/fargkartor-och-broschyrer\/\"},{\"@type\":\"ListItem\",\"position\":3,\"name\":\"Uula Slamf\u00e4rgsnyanser\"}]},{\"@type\":\"WebSite\",\"@id\":\"https:\/\/uula.kajahdusdev.fi\/#website\",\"url\":\"https:\/\/uula.kajahdusdev.fi\/\",\"name\":\"Uula\",\"description\":\"Muovittomat ja hengitt&auml;v&auml;t sis&auml;- ja ulkomaalit\",\"potentialAction\":[{\"@type\":\"SearchAction\",\"target\":{\"@type\":\"EntryPoint\",\"urlTemplate\":\"https:\/\/uula.kajahdusdev.fi\/?s={search_term_string}\"},\"query-input\":\"required name=search_term_string\"}],\"inLanguage\":\"sv-SE\"}]}<\/script>\n<!-- \/ Yoast SEO plugin. -->","yoast_head_json":{"title":"Uula Slamf\u00e4rgsnyanser - Uula","description":"Uula Slamf\u00e4rgsnyanser. Slamf\u00e4rgnyanser enligt Uula Traditionell F\u00e4rgkarta. Du kan v\u00e4lja mellan \u00e5tta olika nyanser.","robots":{"index":"noindex","follow":"follow","max-snippet":"max-snippet:-1","max-image-preview":"max-image-preview:large","max-video-preview":"max-video-preview:-1"},"og_locale":"sv_SE","og_type":"article","og_title":"Uula Slamf\u00e4rgsnyanser - Uula","og_description":"Uula Slamf\u00e4rgsnyanser. Slamf\u00e4rgnyanser enligt Uula Traditionell F\u00e4rgkarta. Du kan v\u00e4lja mellan \u00e5tta olika nyanser.","og_url":"https:\/\/uula.kajahdusdev.fi\/sv\/fargkartor-och-broschyrer\/uula-slamfargsnyanser\/","og_site_name":"Uula","article_modified_time":"2021-04-07T09:34:57+00:00","twitter_card":"summary_large_image","twitter_misc":{"Ber\u00e4knad l\u00e4stid":"1 minut"},"schema":{"@context":"https:\/\/schema.org","@graph":[{"@type":"WebPage","@id":"https:\/\/uula.kajahdusdev.fi\/sv\/fargkartor-och-broschyrer\/uula-slamfargsnyanser\/","url":"https:\/\/uula.kajahdusdev.fi\/sv\/fargkartor-och-broschyrer\/uula-slamfargsnyanser\/","name":"Uula Slamf\u00e4rgsnyanser - Uula","isPartOf":{"@id":"https:\/\/uula.kajahdusdev.fi\/#website"},"datePublished":"2017-07-21T19:52:30+00:00","dateModified":"2021-04-07T09:34:57+00:00","description":"Uula Slamf\u00e4rgsnyanser. Slamf\u00e4rgnyanser enligt Uula Traditionell F\u00e4rgkarta. Du kan v\u00e4lja mellan \u00e5tta olika nyanser.","breadcrumb":{"@id":"https:\/\/uula.kajahdusdev.fi\/sv\/fargkartor-och-broschyrer\/uula-slamfargsnyanser\/#breadcrumb"},"inLanguage":"sv-SE","potentialAction":[{"@type":"ReadAction","target":["https:\/\/uula.kajahdusdev.fi\/sv\/fargkartor-och-broschyrer\/uula-slamfargsnyanser\/"]}]},{"@type":"BreadcrumbList","@id":"https:\/\/uula.kajahdusdev.fi\/sv\/fargkartor-och-broschyrer\/uula-slamfargsnyanser\/#breadcrumb","itemListElement":[{"@type":"ListItem","position":1,"name":"Home","item":"https:\/\/uula.kajahdusdev.fi\/sv\/"},{"@type":"ListItem","position":2,"name":"F\u00e4rgkartor och broschyrer","item":"https:\/\/uula.kajahdusdev.fi\/sv\/fargkartor-och-broschyrer\/"},{"@type":"ListItem","position":3,"name":"Uula Slamf\u00e4rgsnyanser"}]},{"@type":"WebSite","@id":"https:\/\/uula.kajahdusdev.fi\/#website","url":"https:\/\/uula.kajahdusdev.fi\/","name":"Uula","description":"Muovittomat ja hengitt&auml;v&auml;t sis&auml;- ja ulkomaalit","potentialAction":[{"@type":"SearchAction","target":{"@type":"EntryPoint","urlTemplate":"https:\/\/uula.kajahdusdev.fi\/?s={search_term_string}"},"query-input":"required name=search_term_string"}],"inLanguage":"sv-SE"}]}},"_links":{"self":[{"href":"https:\/\/uula.kajahdusdev.fi\/sv\/wp-json\/wp\/v2\/pages\/61603"}],"collection":[{"href":"https:\/\/uula.kajahdusdev.fi\/sv\/wp-json\/wp\/v2\/pages"}],"about":[{"href":"https:\/\/uula.kajahdusdev.fi\/sv\/wp-json\/wp\/v2\/types\/page"}],"author":[{"embeddable":true,"href":"https:\/\/uula.kajahdusdev.fi\/sv\/wp-json\/wp\/v2\/users\/8"}],"replies":[{"embeddable":true,"href":"https:\/\/uula.kajahdusdev.fi\/sv\/wp-json\/wp\/v2\/comments?post=61603"}],"version-history":[{"count":1,"href":"https:\/\/uula.kajahdusdev.fi\/sv\/wp-json\/wp\/v2\/pages\/61603\/revisions"}],"predecessor-version":[{"id":61606,"href":"https:\/\/uula.kajahdusdev.fi\/sv\/wp-json\/wp\/v2\/pages\/61603\/revisions\/61606"}],"up":[{"embeddable":true,"href":"https:\/\/uula.kajahdusdev.fi\/sv\/wp-json\/wp\/v2\/pages\/57908"}],"wp:attachment":[{"href":"https:\/\/uula.kajahdusdev.fi\/sv\/wp-json\/wp\/v2\/media?parent=61603"}],"curies":[{"name":"wp","href":"https:\/\/api.w.org\/{rel}","templated":true}]}}