{"id":61938,"date":"2017-05-16T05:55:54","date_gmt":"2017-05-16T05:55:54","guid":{"rendered":"https:\/\/uula.kajahdusdev.fi\/?page_id=61938"},"modified":"2021-05-17T10:10:26","modified_gmt":"2021-05-17T10:10:26","slug":"webbutikens-bestallnings-och-leveransvillkor","status":"publish","type":"page","link":"https:\/\/uula.kajahdusdev.fi\/sv\/webbutikens-bestallnings-och-leveransvillkor\/","title":{"rendered":"Webbutikens best\u00e4llnings- och leveransvillkor"},"content":{"rendered":"<h1>WEBBUTIKENS BEST\u00c4LLNINGS- OCH LEVERANSVILLKOR<\/h1>\n<p>Vi levererar bara i Finland.<\/p>\n<p>Webbutikens best\u00e4llnings- och leveransvillkor<\/p>\n<p>Det \u00e4r viktigt f\u00f6r oss att du \u00e4r n\u00f6jd med de produkter du har k\u00f6pt. Kontrollera alltid produkterna och att leveransen \u00f6verensst\u00e4mmer med din best\u00e4llning. Produkternas leveranstid \u00e4r uppskattningsvis 3\u20135 vardagar. Vi str\u00e4var efter att hantera best\u00e4llningarna s\u00e5 snabbt som m\u00f6jligt och \u00f6verf\u00f6ra dem f\u00f6r leverans s\u00e5 snart det \u00e4r m\u00f6jligt. Om du har n\u00e5gra fr\u00e5gor g\u00e4llande din best\u00e4llning eller om du vill \u00e4ndra din best\u00e4llning ska du s\u00e5 snart som m\u00f6jligt kontakta v\u00e5r kundtj\u00e4nst p\u00e5 tfn +358 10 820 0020 eller uula@uula.kajahdusdev.fi.<\/p>\n<p>Best\u00e4ll produkterna i webbutiken genom att flytta dem till varukorgen och betala varukorgens inneh\u00e5ll med det betalningss\u00e4tt du har valt. D\u00e4refter kan du inte l\u00e4ngre \u00e4ndra din best\u00e4llning fr\u00e5n webbutiken. Du f\u00e5r en orderbekr\u00e4ftelse till din e-postadress. Spara orderbekr\u00e4ftelsen. N\u00e4r du best\u00e4ller fr\u00e5n webbutiken f\u00f6ruts\u00e4tter vi att du har l\u00e4st och f\u00f6rbinder dig till de g\u00e4llande f\u00f6rs\u00e4ljningsvillkoren.<\/p>\n<h5>BETALNING<\/h5>\n<p><strong>Vi anv\u00e4nder f\u00f6ljande betalningss\u00e4tt:<\/strong><\/p>\n<p><strong>Mobilbetalning:<\/strong>\u00a0Pivo, MobilePay<\/p>\n<p><strong>Bankbetalning:<\/strong>\u00a0OP, Nordea, Handelsbanken, Aktia, Sparbanken, \u00c5landsbanken, Danske Bank<\/p>\n<p><strong>Kreditkortsbetalning:<\/strong>\u00a0Visa, Visa Electron, Mastercard<\/p>\n<p><strong>Faktura- och delbetalning:\u00a0<\/strong>Collector bank, Jousto<\/p>\n<p><strong>\u00d6vriga betalningss\u00e4tt:\u00a0<\/strong>Pay<\/p>\n<p>&nbsp;<\/p>\n<h5>LEVERANS AV PRODUKTERNA<\/h5>\n<p>N\u00e4r du har gjort din best\u00e4llning \u00f6verf\u00f6rs den till hantering. N\u00e4r produkten finns i v\u00e5rt lager \u00e4r den uppskattade leveranstiden 3\u20135 vardagar. Om produkten \u00e4r tillf\u00e4lligt slut eller om produkten har en avvikande leveranstid, levereras produkten som en restleverans. Vi levererar bara i Finland.<\/p>\n<p>Om produkten har f\u00f6rsvunnit eller skadats under transporten eller i \u00f6vrigt inte \u00f6verensst\u00e4mmer med din best\u00e4llning, ska du anm\u00e4la felet senast inom 14 dagar, antingen skriftligt eller per telefon. Om produkten har skadats under transporten \u00e4r det mycket viktigt att meddela detta till transportf\u00f6retaget direkt n\u00e4r du tar emot produkten.<\/p>\n<p>Om du har tagit emot fel, en felaktig eller trasig produkt\/det fattas n\u00e5got fr\u00e5n best\u00e4llningen ska du alltid kontakta v\u00e5r kundtj\u00e4nst <a href=\"mailto:uula@uula.kajahdusdev.fi\">uula@uula.kajahdusdev.fi<\/a> eller +358 10 820 0020.<\/p>\n<h5>LEVERANSS\u00c4TT OCH -KOSTNADER<\/h5>\n<p>De produkter du har best\u00e4llt levereras till Postis verksamhetsst\u00e4lle n\u00e4rmast dig eller alternativt som hemleverans direkt till ditt hem. Produkterna levereras med Posti, vilket inneb\u00e4r att den slutliga leveranstiden beror p\u00e5 Postis utdelningstidtabell \/hanteringshastighet.<\/p>\n<p>Priser f\u00f6r best\u00e4llningar fr\u00e5n webbutiken:<\/p>\n<p>Postpaket 6,50\u20ac \/ 7,95\u20ac \/ 12,95\u20ac.<\/p>\n<p>Posti Hempaket 10,45\u20ac \/ 13,95\u20ac \/ 17,96\u20ac\/ 19,90\u20ac \/ 21,45\u20ac.<\/p>\n<p>D\u00e5 och d\u00e5 erbjuder v\u00e5r webbutik fri leverans med en kampanjkod. Du hittar mer information om den p\u00e5 v\u00e5r startsida.<\/p>\n<h5>\u00c5NGER- OCH RETURR\u00c4TT<\/h5>\n<p>Du kan \u00e5terkalla ditt k\u00f6p inom 14 dagar fr\u00e5n leveransdatum. F\u00f6r att utnyttja sin \u00e5ngerr\u00e4tt ska kunden meddela detta per telefon, brev eller e-post. N\u00e4r meddelandet om utnyttjandet av \u00e5ngerr\u00e4tten inl\u00e4mnas innan \u00e5ngertiden l\u00f6per ut anses kunden ha f\u00f6ljt tidsfristen f\u00f6r \u00e5ngerr\u00e4tt. Att endast returnera varan eller inte h\u00e4mta ut den utan ett separat meddelande om \u00e5terkallande av k\u00f6p r\u00e4cker inte. Om du vill \u00e5ngra din best\u00e4llning och det inte beror p\u00e5 produkten ansvarar du f\u00f6r transportkostnaderna vid en produktretur.<\/p>\n<p>Bytes- och returr\u00e4tten g\u00e4ller endast onyanserade f\u00e4rger samt o\u00f6ppnade och oanv\u00e4nda produkter. Produkterna ska f\u00f6rvaras enligt f\u00f6rvaringsanvisningarna, vanligtvis i rumstemperatur. Om den produkt som ska returneras har f\u00f6rpackats eller hanterats v\u00e5rdsl\u00f6st, svarar du f\u00f6r v\u00e4rdeminskningen till ett belopp som h\u00f6gst motsvarar produktens fulla v\u00e4rde. \u00c5terbetalningen sker n\u00e4r vi har kontrollerat att den returnerade f\u00f6rs\u00e4ndelsen \u00e4r felfri.<\/p>\n<h5>BEGR\u00c4NSNING AV \u00c5NGERR\u00c4TT<\/h5>\n<p><strong>\u00c5ngerr\u00e4tten g\u00e4ller inte om du har best\u00e4llt en nyanserad f\u00e4rg. De nyanserade f\u00e4rgerna tillverkas best\u00e4llningsspecifikt enligt kundens \u00f6nskem\u00e5l.\u00a0<\/strong><\/p>\n<p><strong>Produkterna har inte returr\u00e4tt om du har best\u00e4llt en nyanserad f\u00e4rg. De nyanserade f\u00e4rgerna tillverkas best\u00e4llningsspecifikt enligt kundens \u00f6nskem\u00e5l.<\/strong><\/p>\n<p><strong>F\u00f6retagskunder har inte \u00e5ngerr\u00e4tt f\u00f6r best\u00e4llningar.<\/strong><\/p>\n<h5>RETURNERA PRODUKTEN S\u00c5 H\u00c4R<\/h5>\n<p>F\u00f6lj de h\u00e4r anvisningarna n\u00e4r du returnerar en produkt:<\/p>\n<ol>\n<li>Hantera den produkt som ska returneras och den ursprungliga f\u00f6rpackningen omsorgsfullt.<\/li>\n<li>Anm\u00e4l returneringen till adressen <a href=\"mailto:uula@uula.kajahdusdev.fi\">uula@uula.kajahdusdev.fi<\/a>. eller per telefon till numret 010 820 0020.<\/li>\n<li>Vi \u00f6nskar att du alltid anger orsaken till returen.<\/li>\n<li>F\u00f6r de produkter som ska returneras till Posti.<\/li>\n<li>Retur till adressen Uula Color Oy, Yttil\u00e4ntie 265, 32920 Kauvatsa, FINLAND.<\/li>\n<li>Ange Uula Color Oy:s Postkod (601869 Postpaket eller 805880 frakt)<\/li>\n<li>Du kan ocks\u00e5 returnera produkten till Uulas fabriksbutik, Yttil\u00e4ntie 265, 32920 Kauvatsa, FINLAND.<\/li>\n<\/ol>\n<h5>\u00d6VRIGA VILLKOR<\/h5>\n<p>Tillsammans med produkternas datablad hittar du produktbeskrivningar, s\u00e4kerhetsdatablad, eventuella faroangivelser samt m\u00e5lning- och bruksanvisningar. Kunden ansvarar alltid f\u00f6r testning av produkten f\u00f6r sitt eget anv\u00e4ndnings\u00e4ndam\u00e5l. Vi ansvarar inte f\u00f6r fel som orsakas av att produkten inte l\u00e4mpar sig f\u00f6r kundens anv\u00e4ndnings\u00e4ndam\u00e5l. Kunden ska alltid l\u00e4sa de bruksanvisningar och faroangivelser som ing\u00e5r i den tekniska specifikationen. Vi ansvarar inte f\u00f6r fel som har orsakats av att dessa anvisningar inte har f\u00f6ljts, till exempel produktens felaktiga f\u00f6rvaring, felaktig anv\u00e4ndning eller bristf\u00e4llig skyddsutrustning under anv\u00e4ndningen.<\/p>\n<h5>R\u00c4TT ATT AVSL\u00c5 BEST\u00c4LLNING<\/h5>\n<p>Om n\u00e5gon av de produkter du har best\u00e4llt inte finns finnstillg\u00e4ngliga f\u00f6rbeh\u00e5ller vi oss r\u00e4tten att h\u00e4va k\u00f6pet. Observera att varukorgen i webbutiken inte reserverar produkter fr\u00e5n lagret f\u00f6rr\u00e4n best\u00e4llningen har betalats.<\/p>\n<h5>MENINGSSKILJAKTIGHETER<\/h5>\n<p>Vi ansvarar f\u00f6r eventuella fel i produkterna i enlighet med Finlands lag. Vid meningsskiljaktigheter kan du f\u00f6ra \u00e4rendet till konsumenttvisten\u00e4mnden f\u00f6r behandling. Vi rekommenderar att du kontaktar konsumentr\u00e5dgivningen innan du f\u00f6r \u00e4rendet till konsumenttvisten\u00e4mnden f\u00f6r behandling. Konsumenttvisten\u00e4mnden kan l\u00e5ta bli att behandla \u00e4rendet om konsumenten inte f\u00f6rst har kontaktat konsumentr\u00e5dgivningen.<\/p>\n<h5>UPPENBARA PRISFEL<\/h5>\n<p>Uula Webbutik f\u00f6rbeh\u00e5ller sig r\u00e4tten att \u00e5terkalla en best\u00e4llning till f\u00f6ljd av uppenbara prisfel. Med ett uppenbart prisfel avses en eventuell felaktig priss\u00e4ttning i webbutiken s\u00e5, att produktens pris v\u00e4sentligt och tydligt avviker fr\u00e5n produktens korrekta pris. Priset avviker tydligt fr\u00e5n det korrekta priset i den grad att kunden anses ha f\u00f6rst\u00e5tt att priset \u00e4r fel.<\/p>\n<h5>FORCE MAJEURE<\/h5>\n<p>Uula Webbutik ansvarar inte f\u00f6r f\u00f6rseningar och skador som har orsakats av hinder som webbutiken inte kan p\u00e5verka som den rimligen inte har kunnat f\u00f6rutse och vars konsekvenser den inte har kunnat undvika. Med force majeure avses bland annat arbetskonflikter, personalens insjuknande, import- och exportf\u00f6rbud samt transportst\u00f6rningar. Om force majeure kvarst\u00e5r l\u00e4ngre \u00e4n tre m\u00e5nader har b\u00e5de Uula Webbutik och kunden r\u00e4tt att h\u00e4va best\u00e4llningarna utan skadest\u00e5nd eller f\u00f6rdr\u00f6jningsp\u00e5f\u00f6ljder.<\/p>\n<h5>\u00c4NDRADE VILLKOR<\/h5>\n<p><strong>Uula Webbutik <\/strong>kan till exempel p\u00e5 grund av lag\u00e4ndringar \u00e4ndra best\u00e4llnings- och leveransvillkoren.<\/p>\n","protected":false},"excerpt":{"rendered":"<p>WEBBUTIKENS BEST\u00c4LLNINGS- OCH LEVERANSVILLKOR Vi levererar bara i Finland. Webbutikens best\u00e4llnings- och leveransvillkor Det \u00e4r viktigt f\u00f6r oss att du \u00e4r n\u00f6jd med de produkter du har k\u00f6pt. Kontrollera alltid produkterna och att leveransen \u00f6verensst\u00e4mmer med din best\u00e4llning. Produkternas leveranstid \u00e4r uppskattningsvis 3\u20135 vardagar. Vi str\u00e4var efter att hantera best\u00e4llningarna s\u00e5 snabbt som m\u00f6jligt och [&hellip;]<\/p>\n","protected":false},"author":8,"featured_media":61939,"parent":0,"menu_order":200,"comment_status":"closed","ping_status":"closed","template":"","meta":{"footnotes":""},"yoast_head":"<!-- This site is optimized with the Yoast SEO plugin v19.9 - https:\/\/yoast.com\/wordpress\/plugins\/seo\/ -->\n<title>Webbutikens best\u00e4llnings- och leveransvillkor | Uula Color | Uula<\/title>\n<meta name=\"description\" content=\"Webbutikens best\u00e4llnings- och leveransvillkor. Vi levererar bara i Finland. N\u00e4r produkten finns i v\u00e5rt lager \u00e4r den uppskattade leveranstiden 3\u20135 vardagar.\" \/>\n<meta name=\"robots\" content=\"noindex, follow, max-snippet:-1, max-image-preview:large, max-video-preview:-1\" \/>\n<meta property=\"og:locale\" content=\"sv_SE\" \/>\n<meta property=\"og:type\" content=\"article\" \/>\n<meta property=\"og:title\" content=\"Webbutikens best\u00e4llnings- och leveransvillkor | Uula Color | Uula\" \/>\n<meta property=\"og:description\" content=\"Webbutikens best\u00e4llnings- och leveransvillkor. Vi levererar bara i Finland. N\u00e4r produkten finns i v\u00e5rt lager \u00e4r den uppskattade leveranstiden 3\u20135 vardagar.\" \/>\n<meta property=\"og:url\" content=\"https:\/\/uula.kajahdusdev.fi\/sv\/webbutikens-bestallnings-och-leveransvillkor\/\" \/>\n<meta property=\"og:site_name\" content=\"Uula\" \/>\n<meta property=\"article:modified_time\" content=\"2021-05-17T10:10:26+00:00\" \/>\n<meta property=\"og:image\" content=\"https:\/\/uula.kajahdusdev.fi\/wp-content\/uploads\/2017\/05\/bg-pensseli.jpg\" \/>\n\t<meta property=\"og:image:width\" content=\"1600\" \/>\n\t<meta property=\"og:image:height\" content=\"600\" \/>\n\t<meta property=\"og:image:type\" content=\"image\/jpeg\" \/>\n<meta name=\"twitter:card\" content=\"summary_large_image\" \/>\n<meta name=\"twitter:label1\" content=\"Ber\u00e4knad l\u00e4stid\" \/>\n\t<meta name=\"twitter:data1\" content=\"5 minuter\" \/>\n<script type=\"application\/ld+json\" class=\"yoast-schema-graph\">{\"@context\":\"https:\/\/schema.org\",\"@graph\":[{\"@type\":\"WebPage\",\"@id\":\"https:\/\/uula.kajahdusdev.fi\/sv\/webbutikens-bestallnings-och-leveransvillkor\/\",\"url\":\"https:\/\/uula.kajahdusdev.fi\/sv\/webbutikens-bestallnings-och-leveransvillkor\/\",\"name\":\"Webbutikens best\u00e4llnings- och leveransvillkor | Uula Color | Uula\",\"isPartOf\":{\"@id\":\"https:\/\/uula.kajahdusdev.fi\/#website\"},\"datePublished\":\"2017-05-16T05:55:54+00:00\",\"dateModified\":\"2021-05-17T10:10:26+00:00\",\"description\":\"Webbutikens best\u00e4llnings- och leveransvillkor. Vi levererar bara i Finland. N\u00e4r produkten finns i v\u00e5rt lager \u00e4r den uppskattade leveranstiden 3\u20135 vardagar.\",\"breadcrumb\":{\"@id\":\"https:\/\/uula.kajahdusdev.fi\/sv\/webbutikens-bestallnings-och-leveransvillkor\/#breadcrumb\"},\"inLanguage\":\"sv-SE\",\"potentialAction\":[{\"@type\":\"ReadAction\",\"target\":[\"https:\/\/uula.kajahdusdev.fi\/sv\/webbutikens-bestallnings-och-leveransvillkor\/\"]}]},{\"@type\":\"BreadcrumbList\",\"@id\":\"https:\/\/uula.kajahdusdev.fi\/sv\/webbutikens-bestallnings-och-leveransvillkor\/#breadcrumb\",\"itemListElement\":[{\"@type\":\"ListItem\",\"position\":1,\"name\":\"Home\",\"item\":\"https:\/\/uula.kajahdusdev.fi\/sv\/\"},{\"@type\":\"ListItem\",\"position\":2,\"name\":\"Webbutikens best\u00e4llnings- och leveransvillkor\"}]},{\"@type\":\"WebSite\",\"@id\":\"https:\/\/uula.kajahdusdev.fi\/#website\",\"url\":\"https:\/\/uula.kajahdusdev.fi\/\",\"name\":\"Uula\",\"description\":\"Muovittomat ja hengitt&auml;v&auml;t sis&auml;- ja ulkomaalit\",\"potentialAction\":[{\"@type\":\"SearchAction\",\"target\":{\"@type\":\"EntryPoint\",\"urlTemplate\":\"https:\/\/uula.kajahdusdev.fi\/?s={search_term_string}\"},\"query-input\":\"required name=search_term_string\"}],\"inLanguage\":\"sv-SE\"}]}<\/script>\n<!-- \/ Yoast SEO plugin. -->","yoast_head_json":{"title":"Webbutikens best\u00e4llnings- och leveransvillkor | Uula Color | Uula","description":"Webbutikens best\u00e4llnings- och leveransvillkor. Vi levererar bara i Finland. N\u00e4r produkten finns i v\u00e5rt lager \u00e4r den uppskattade leveranstiden 3\u20135 vardagar.","robots":{"index":"noindex","follow":"follow","max-snippet":"max-snippet:-1","max-image-preview":"max-image-preview:large","max-video-preview":"max-video-preview:-1"},"og_locale":"sv_SE","og_type":"article","og_title":"Webbutikens best\u00e4llnings- och leveransvillkor | Uula Color | Uula","og_description":"Webbutikens best\u00e4llnings- och leveransvillkor. Vi levererar bara i Finland. N\u00e4r produkten finns i v\u00e5rt lager \u00e4r den uppskattade leveranstiden 3\u20135 vardagar.","og_url":"https:\/\/uula.kajahdusdev.fi\/sv\/webbutikens-bestallnings-och-leveransvillkor\/","og_site_name":"Uula","article_modified_time":"2021-05-17T10:10:26+00:00","og_image":[{"width":1600,"height":600,"url":"https:\/\/uula.kajahdusdev.fi\/wp-content\/uploads\/2017\/05\/bg-pensseli.jpg","type":"image\/jpeg"}],"twitter_card":"summary_large_image","twitter_misc":{"Ber\u00e4knad l\u00e4stid":"5 minuter"},"schema":{"@context":"https:\/\/schema.org","@graph":[{"@type":"WebPage","@id":"https:\/\/uula.kajahdusdev.fi\/sv\/webbutikens-bestallnings-och-leveransvillkor\/","url":"https:\/\/uula.kajahdusdev.fi\/sv\/webbutikens-bestallnings-och-leveransvillkor\/","name":"Webbutikens best\u00e4llnings- och leveransvillkor | Uula Color | Uula","isPartOf":{"@id":"https:\/\/uula.kajahdusdev.fi\/#website"},"datePublished":"2017-05-16T05:55:54+00:00","dateModified":"2021-05-17T10:10:26+00:00","description":"Webbutikens best\u00e4llnings- och leveransvillkor. Vi levererar bara i Finland. N\u00e4r produkten finns i v\u00e5rt lager \u00e4r den uppskattade leveranstiden 3\u20135 vardagar.","breadcrumb":{"@id":"https:\/\/uula.kajahdusdev.fi\/sv\/webbutikens-bestallnings-och-leveransvillkor\/#breadcrumb"},"inLanguage":"sv-SE","potentialAction":[{"@type":"ReadAction","target":["https:\/\/uula.kajahdusdev.fi\/sv\/webbutikens-bestallnings-och-leveransvillkor\/"]}]},{"@type":"BreadcrumbList","@id":"https:\/\/uula.kajahdusdev.fi\/sv\/webbutikens-bestallnings-och-leveransvillkor\/#breadcrumb","itemListElement":[{"@type":"ListItem","position":1,"name":"Home","item":"https:\/\/uula.kajahdusdev.fi\/sv\/"},{"@type":"ListItem","position":2,"name":"Webbutikens best\u00e4llnings- och leveransvillkor"}]},{"@type":"WebSite","@id":"https:\/\/uula.kajahdusdev.fi\/#website","url":"https:\/\/uula.kajahdusdev.fi\/","name":"Uula","description":"Muovittomat ja hengitt&auml;v&auml;t sis&auml;- ja ulkomaalit","potentialAction":[{"@type":"SearchAction","target":{"@type":"EntryPoint","urlTemplate":"https:\/\/uula.kajahdusdev.fi\/?s={search_term_string}"},"query-input":"required name=search_term_string"}],"inLanguage":"sv-SE"}]}},"_links":{"self":[{"href":"https:\/\/uula.kajahdusdev.fi\/sv\/wp-json\/wp\/v2\/pages\/61938"}],"collection":[{"href":"https:\/\/uula.kajahdusdev.fi\/sv\/wp-json\/wp\/v2\/pages"}],"about":[{"href":"https:\/\/uula.kajahdusdev.fi\/sv\/wp-json\/wp\/v2\/types\/page"}],"author":[{"embeddable":true,"href":"https:\/\/uula.kajahdusdev.fi\/sv\/wp-json\/wp\/v2\/users\/8"}],"replies":[{"embeddable":true,"href":"https:\/\/uula.kajahdusdev.fi\/sv\/wp-json\/wp\/v2\/comments?post=61938"}],"version-history":[{"count":3,"href":"https:\/\/uula.kajahdusdev.fi\/sv\/wp-json\/wp\/v2\/pages\/61938\/revisions"}],"predecessor-version":[{"id":62324,"href":"https:\/\/uula.kajahdusdev.fi\/sv\/wp-json\/wp\/v2\/pages\/61938\/revisions\/62324"}],"wp:featuredmedia":[{"embeddable":true,"href":"https:\/\/uula.kajahdusdev.fi\/sv\/wp-json\/wp\/v2\/media\/61939"}],"wp:attachment":[{"href":"https:\/\/uula.kajahdusdev.fi\/sv\/wp-json\/wp\/v2\/media?parent=61938"}],"curies":[{"name":"wp","href":"https:\/\/api.w.org\/{rel}","templated":true}]}}