{"id":57934,"date":"2020-08-11T09:43:04","date_gmt":"2020-08-11T09:43:04","guid":{"rendered":"https:\/\/uula.kajahdusdev.fi\/tuotteet\/Ei-luokiteltu\/into-panelfarg\/"},"modified":"2021-12-21T09:46:20","modified_gmt":"2021-12-21T09:46:20","slug":"into-panelfarg","status":"publish","type":"product","link":"https:\/\/uula.kajahdusdev.fi\/sv\/tuotteet\/inomhusfarger\/into-panelfarg\/","title":{"rendered":"Into Panelf\u00e4rg"},"content":{"rendered":"<h1>INTO PANELF\u00c4RG \u2013 F\u00d6R M\u00c5LNING AV PANELTAK OCH -V\u00c4GGAR INOMHUS<\/h1>\n<p>Into Panelf\u00e4rg \u00e4r en vattensp\u00e4dbar oljef\u00e4rg som l\u00e4mpar sig f\u00f6r m\u00e5lning av panel- och tr\u00e4ytor, s\u00e5som innertak och -v\u00e4ggar i torra utrymmen inomhus. F\u00e4rgen \u00e4r plastfri och t\u00e4cker och f\u00e4ster utm\u00e4rkt, vilket inneb\u00e4r att f\u00e4rgen inte kr\u00e4ver en separat grundm\u00e5lning. Det \u00e4r behagligt att m\u00e5la med f\u00e4rgen, eftersom den redan vid m\u00e5lningen \u00e4r luktfri. Into Panelf\u00e4rg \u00e4r enkel att stryka p\u00e5, h\u00e5ller sig bra p\u00e5 penseln eller rullen, ger en j\u00e4mn yta, t\u00e4cker bra och torkar snabbt.<\/p>\n<p><strong>\u00c5tg\u00e5ng:<\/strong>\u00a07m<sup>2<\/sup>\/l, beroende p\u00e5 hur str\u00e4vt och por\u00f6st underlaget \u00e4r.<br \/>\n<strong>Torktid:<\/strong> Ber\u00f6ringstorr efter cirka en halvtimme. Kan \u00f6verstrykas efter cirka tv\u00e5 timmar.<br \/>\n<strong>F\u00f6rtunning<\/strong>:\u00a0Vatten<br \/>\n<strong>Nyanser:<\/strong> Kan nyanseras till de flesta ljusa nyanser p\u00e5 f\u00e4rgkartorna. Kom dock ih\u00e5g att det kan f\u00f6rekomma variationer i nyanserna p\u00e5 grund av f\u00e4rgens glansgrad, f\u00e4rgtyp samt nyanseringspastor, nyanseringsmaskiner och nyanseringar.<\/p>\n<hr \/>\n<p><img loading=\"lazy\" decoding=\"async\" class=\"aligncenter size-full wp-image-63581\" src=\"https:\/\/uula.kajahdusdev.fi\/wp-content\/uploads\/2018\/02\/into-Paneelimaali.jpg\" alt=\"\" width=\"1600\" height=\"500\" srcset=\"https:\/\/uula.kajahdusdev.fi\/wp-content\/uploads\/2018\/02\/into-Paneelimaali.jpg 1600w, https:\/\/uula.kajahdusdev.fi\/wp-content\/uploads\/2018\/02\/into-Paneelimaali-600x188.jpg 600w, https:\/\/uula.kajahdusdev.fi\/wp-content\/uploads\/2018\/02\/into-Paneelimaali-1024x320.jpg 1024w, https:\/\/uula.kajahdusdev.fi\/wp-content\/uploads\/2018\/02\/into-Paneelimaali-768x240.jpg 768w, https:\/\/uula.kajahdusdev.fi\/wp-content\/uploads\/2018\/02\/into-Paneelimaali-1536x480.jpg 1536w\" sizes=\"(max-width: 1600px) 100vw, 1600px\" \/><\/p>\n<hr \/>\n<p><strong>Tekniska data\u00a0<\/strong><\/p>\n<p><strong>Produktstorlekar:<\/strong> 2,7L och 9L<br \/>\n<strong>Plastfri:<\/strong>\u00a0F\u00e4rgen inneh\u00e5ller inga plastbindemedel. Som bindemedel anv\u00e4nds naturliga oljor.<br \/>\n<strong>Utsl\u00e4ppsfri:<\/strong>\u00a0Inneh\u00e5ller inte VOC. F\u00e4rgen inneh\u00e5ller inga skadliga organiska f\u00f6reningar.<br \/>\n<strong>Inneh\u00e5ller inte MIT.<\/strong> (2-methyl-2H-isothiazol-3-one (MIT)<br \/>\n<strong>F\u00e4rgen h\u00f6r till den b\u00e4sta utsl\u00e4ppsklassen M1 f\u00f6r Byggmaterial.<\/strong><br \/>\n<strong>T\u00e5lighet mot v\u00e5tn\u00f6tning SFS-EN 13300 klass 1, ISO 11998<\/strong>. Med f\u00e4rgernas t\u00e5lighet mot v\u00e5tn\u00f6tning m\u00e4ts f\u00e4rgytans h\u00e5llbarhet vid fortl\u00f6pande fysikalisk belastning (ISO 11998). F\u00e4rgerna indelas i fem best\u00e4ndighetsklasser enligt standarden EN 13300. Detta test ers\u00e4tter den gamla nationella metoden f\u00f6r s\u00e5 kallad tv\u00e4ttbest\u00e4ndighetstest (SFS 3755).<br \/>\n<strong>Tv\u00e4ttbest\u00e4ndighetsklass SFS 3755: \u00d6ver 5000 borstningar.<\/strong><br \/>\n<strong>M\u00e5lning enligt RYL 2012:s f\u00e4rgproduktgrupp: <\/strong>312.<br \/>\n<strong>Lagring och undvikande av milj\u00f6ol\u00e4genheter:<\/strong> F\u00f6rvaras torrt och svalt. F\u00e5r inte frysa. Tomma och torra burkar kan f\u00f6ras till insamlingen. Flytande avfall skall f\u00f6ras till den kommunala insamlingen f\u00f6r problemavfall.<\/p>\n<hr \/>\n<p style=\"text-align: center;\"><span style=\"color: #a29994;\"><strong><a style=\"color: #a29994;\" href=\"https:\/\/uula.kajahdusdev.fi\/sv\/maalausohjeet\/anvisningar-for-malning-inomhus\/malningsanvisningar-for-into-panelfarg\/\">M\u00e5lningsanvisningar f\u00f6r Into Panelf\u00e4rg<\/a><\/strong><\/span><\/p>\n","protected":false},"excerpt":{"rendered":"<p>Into Panelf\u00e4rg \u00e4r en vattensp\u00e4dbar oljef\u00e4rg som l\u00e4mpar sig f\u00f6r m\u00e5lning av panel- och tr\u00e4ytor, s\u00e5som innertak och -v\u00e4ggar i torra utrymmen inomhus.<\/p>\n","protected":false},"featured_media":68119,"template":"","meta":[],"product_cat":[1960],"product_tag":[],"bundle_layout":"","bundle_add_to_cart_form_location":"","bundle_editable_in_cart":false,"bundle_sold_individually_context":"","bundle_item_grouping":"","bundle_min_size":"","bundle_max_size":"","bundled_by":[],"bundled_items":[],"yoast_head":"<!-- This site is optimized with the Yoast SEO plugin v19.9 - https:\/\/yoast.com\/wordpress\/plugins\/seo\/ -->\n<title>Into Panelf\u00e4rg | L\u00e4mpar sig f\u00f6r m\u00e5lning av panel- och tr\u00e4ytor | Uula<\/title>\n<meta name=\"description\" content=\"Into Panelf\u00e4rg. F\u00e4rgen \u00e4r plastfri och t\u00e4cker och f\u00e4ster utm\u00e4rkt, vilket inneb\u00e4r att f\u00e4rgen inte kr\u00e4ver en separat grundm\u00e5lning.\" \/>\n<meta name=\"robots\" content=\"noindex, follow, max-snippet:-1, max-image-preview:large, max-video-preview:-1\" \/>\n<meta property=\"og:locale\" content=\"sv_SE\" \/>\n<meta property=\"og:type\" content=\"article\" \/>\n<meta property=\"og:title\" content=\"Into Panelf\u00e4rg | L\u00e4mpar sig f\u00f6r m\u00e5lning av panel- och tr\u00e4ytor | Uula\" \/>\n<meta property=\"og:description\" content=\"Into Panelf\u00e4rg. F\u00e4rgen \u00e4r plastfri och t\u00e4cker och f\u00e4ster utm\u00e4rkt, vilket inneb\u00e4r att f\u00e4rgen inte kr\u00e4ver en separat grundm\u00e5lning.\" \/>\n<meta property=\"og:url\" content=\"https:\/\/uula.kajahdusdev.fi\/sv\/produkter\/inomhusfarger\/into-panelfarg\/\" \/>\n<meta property=\"og:site_name\" content=\"Uula\" \/>\n<meta property=\"article:modified_time\" content=\"2021-12-21T09:46:20+00:00\" \/>\n<meta property=\"og:image\" content=\"https:\/\/uula.kajahdusdev.fi\/wp-content\/uploads\/2020\/08\/intoPaneelimaaliPH_M1-1.jpg\" \/>\n\t<meta property=\"og:image:width\" content=\"1200\" \/>\n\t<meta property=\"og:image:height\" content=\"1200\" \/>\n\t<meta property=\"og:image:type\" content=\"image\/jpeg\" \/>\n<meta name=\"twitter:card\" content=\"summary_large_image\" \/>\n<meta name=\"twitter:label1\" content=\"Ber\u00e4knad l\u00e4stid\" \/>\n\t<meta name=\"twitter:data1\" content=\"2 minuter\" \/>\n<script type=\"application\/ld+json\" class=\"yoast-schema-graph\">{\"@context\":\"https:\/\/schema.org\",\"@graph\":[{\"@type\":\"WebPage\",\"@id\":\"https:\/\/uula.kajahdusdev.fi\/sv\/produkter\/inomhusfarger\/into-panelfarg\/\",\"url\":\"https:\/\/uula.kajahdusdev.fi\/sv\/produkter\/inomhusfarger\/into-panelfarg\/\",\"name\":\"Into Panelf\u00e4rg | L\u00e4mpar sig f\u00f6r m\u00e5lning av panel- och tr\u00e4ytor | Uula\",\"isPartOf\":{\"@id\":\"https:\/\/uula.kajahdusdev.fi\/#website\"},\"datePublished\":\"2020-08-11T09:43:04+00:00\",\"dateModified\":\"2021-12-21T09:46:20+00:00\",\"description\":\"Into Panelf\u00e4rg. F\u00e4rgen \u00e4r plastfri och t\u00e4cker och f\u00e4ster utm\u00e4rkt, vilket inneb\u00e4r att f\u00e4rgen inte kr\u00e4ver en separat grundm\u00e5lning.\",\"breadcrumb\":{\"@id\":\"https:\/\/uula.kajahdusdev.fi\/sv\/produkter\/inomhusfarger\/into-panelfarg\/#breadcrumb\"},\"inLanguage\":\"sv-SE\",\"potentialAction\":[{\"@type\":\"ReadAction\",\"target\":[\"https:\/\/uula.kajahdusdev.fi\/sv\/produkter\/inomhusfarger\/into-panelfarg\/\"]}]},{\"@type\":\"BreadcrumbList\",\"@id\":\"https:\/\/uula.kajahdusdev.fi\/sv\/produkter\/inomhusfarger\/into-panelfarg\/#breadcrumb\",\"itemListElement\":[{\"@type\":\"ListItem\",\"position\":1,\"name\":\"Home\",\"item\":\"https:\/\/uula.kajahdusdev.fi\/sv\/\"},{\"@type\":\"ListItem\",\"position\":2,\"name\":\"Maalit ja Tuotteet\",\"item\":\"https:\/\/uula.kajahdusdev.fi\/tuotteet\/\"},{\"@type\":\"ListItem\",\"position\":3,\"name\":\"Into Panelf\u00e4rg\"}]},{\"@type\":\"WebSite\",\"@id\":\"https:\/\/uula.kajahdusdev.fi\/#website\",\"url\":\"https:\/\/uula.kajahdusdev.fi\/\",\"name\":\"Uula\",\"description\":\"Muovittomat ja hengitt&auml;v&auml;t sis&auml;- ja ulkomaalit\",\"potentialAction\":[{\"@type\":\"SearchAction\",\"target\":{\"@type\":\"EntryPoint\",\"urlTemplate\":\"https:\/\/uula.kajahdusdev.fi\/?s={search_term_string}\"},\"query-input\":\"required name=search_term_string\"}],\"inLanguage\":\"sv-SE\"}]}<\/script>\n<!-- \/ Yoast SEO plugin. -->","yoast_head_json":{"title":"Into Panelf\u00e4rg | L\u00e4mpar sig f\u00f6r m\u00e5lning av panel- och tr\u00e4ytor | Uula","description":"Into Panelf\u00e4rg. F\u00e4rgen \u00e4r plastfri och t\u00e4cker och f\u00e4ster utm\u00e4rkt, vilket inneb\u00e4r att f\u00e4rgen inte kr\u00e4ver en separat grundm\u00e5lning.","robots":{"index":"noindex","follow":"follow","max-snippet":"max-snippet:-1","max-image-preview":"max-image-preview:large","max-video-preview":"max-video-preview:-1"},"og_locale":"sv_SE","og_type":"article","og_title":"Into Panelf\u00e4rg | L\u00e4mpar sig f\u00f6r m\u00e5lning av panel- och tr\u00e4ytor | Uula","og_description":"Into Panelf\u00e4rg. F\u00e4rgen \u00e4r plastfri och t\u00e4cker och f\u00e4ster utm\u00e4rkt, vilket inneb\u00e4r att f\u00e4rgen inte kr\u00e4ver en separat grundm\u00e5lning.","og_url":"https:\/\/uula.kajahdusdev.fi\/sv\/produkter\/inomhusfarger\/into-panelfarg\/","og_site_name":"Uula","article_modified_time":"2021-12-21T09:46:20+00:00","og_image":[{"width":1200,"height":1200,"url":"https:\/\/uula.kajahdusdev.fi\/wp-content\/uploads\/2020\/08\/intoPaneelimaaliPH_M1-1.jpg","type":"image\/jpeg"}],"twitter_card":"summary_large_image","twitter_misc":{"Ber\u00e4knad l\u00e4stid":"2 minuter"},"schema":{"@context":"https:\/\/schema.org","@graph":[{"@type":"WebPage","@id":"https:\/\/uula.kajahdusdev.fi\/sv\/produkter\/inomhusfarger\/into-panelfarg\/","url":"https:\/\/uula.kajahdusdev.fi\/sv\/produkter\/inomhusfarger\/into-panelfarg\/","name":"Into Panelf\u00e4rg | L\u00e4mpar sig f\u00f6r m\u00e5lning av panel- och tr\u00e4ytor | Uula","isPartOf":{"@id":"https:\/\/uula.kajahdusdev.fi\/#website"},"datePublished":"2020-08-11T09:43:04+00:00","dateModified":"2021-12-21T09:46:20+00:00","description":"Into Panelf\u00e4rg. F\u00e4rgen \u00e4r plastfri och t\u00e4cker och f\u00e4ster utm\u00e4rkt, vilket inneb\u00e4r att f\u00e4rgen inte kr\u00e4ver en separat grundm\u00e5lning.","breadcrumb":{"@id":"https:\/\/uula.kajahdusdev.fi\/sv\/produkter\/inomhusfarger\/into-panelfarg\/#breadcrumb"},"inLanguage":"sv-SE","potentialAction":[{"@type":"ReadAction","target":["https:\/\/uula.kajahdusdev.fi\/sv\/produkter\/inomhusfarger\/into-panelfarg\/"]}]},{"@type":"BreadcrumbList","@id":"https:\/\/uula.kajahdusdev.fi\/sv\/produkter\/inomhusfarger\/into-panelfarg\/#breadcrumb","itemListElement":[{"@type":"ListItem","position":1,"name":"Home","item":"https:\/\/uula.kajahdusdev.fi\/sv\/"},{"@type":"ListItem","position":2,"name":"Maalit ja Tuotteet","item":"https:\/\/uula.kajahdusdev.fi\/tuotteet\/"},{"@type":"ListItem","position":3,"name":"Into Panelf\u00e4rg"}]},{"@type":"WebSite","@id":"https:\/\/uula.kajahdusdev.fi\/#website","url":"https:\/\/uula.kajahdusdev.fi\/","name":"Uula","description":"Muovittomat ja hengitt&auml;v&auml;t sis&auml;- ja ulkomaalit","potentialAction":[{"@type":"SearchAction","target":{"@type":"EntryPoint","urlTemplate":"https:\/\/uula.kajahdusdev.fi\/?s={search_term_string}"},"query-input":"required name=search_term_string"}],"inLanguage":"sv-SE"}]}},"_links":{"self":[{"href":"https:\/\/uula.kajahdusdev.fi\/sv\/wp-json\/wp\/v2\/product\/57934"}],"collection":[{"href":"https:\/\/uula.kajahdusdev.fi\/sv\/wp-json\/wp\/v2\/product"}],"about":[{"href":"https:\/\/uula.kajahdusdev.fi\/sv\/wp-json\/wp\/v2\/types\/product"}],"wp:featuredmedia":[{"embeddable":true,"href":"https:\/\/uula.kajahdusdev.fi\/sv\/wp-json\/wp\/v2\/media\/68119"}],"wp:attachment":[{"href":"https:\/\/uula.kajahdusdev.fi\/sv\/wp-json\/wp\/v2\/media?parent=57934"}],"wp:term":[{"taxonomy":"product_cat","embeddable":true,"href":"https:\/\/uula.kajahdusdev.fi\/sv\/wp-json\/wp\/v2\/product_cat?post=57934"},{"taxonomy":"product_tag","embeddable":true,"href":"https:\/\/uula.kajahdusdev.fi\/sv\/wp-json\/wp\/v2\/product_tag?post=57934"}],"curies":[{"name":"wp","href":"https:\/\/api.w.org\/{rel}","templated":true}]}}