{"id":57935,"date":"2018-10-04T12:58:32","date_gmt":"2018-10-04T12:58:32","guid":{"rendered":"https:\/\/uula.kajahdusdev.fi\/tuotteet\/Ei-luokiteltu\/linoljekitt-375-ml\/"},"modified":"2021-03-16T11:22:06","modified_gmt":"2021-03-16T11:22:06","slug":"linoljekitt-375-ml","status":"publish","type":"product","link":"https:\/\/uula.kajahdusdev.fi\/sv\/tuotteet\/ovriga-produkter\/linoljekitt-375-ml\/","title":{"rendered":"Linoljekitt 375 ml"},"content":{"rendered":"<h1>Linoljekitt 375 ml\u2013 f\u00f6r spackling och utj\u00e4mning<\/h1>\n<p class=\"bodytext\">Linoljekitt 375 ml. Linoljekitt 682 \u00e4r ett h\u00f6gklassigt kitt av glasm\u00e4starkvalitet, som har tillverkats av ren linolja och de b\u00e4sta kritkvaliteterna.<br \/>\nAnv\u00e4nds vid inglasning, reparation av kitt och spackling av grundm\u00e5lat tr\u00e4, b\u00e5de inom- och utomhus. Kan \u00e4ven anv\u00e4ndas f\u00f6r att fylla och spackla spikh\u00e5l.<br \/>\nLinoljekitt 682 f\u00e4ster t\u00e4tt och skyddar glas och tr\u00e4.<\/p>\n<p><strong>Bruksanvisning enligt tillverkarens anvisningar:<\/strong><\/p>\n<p><strong>F\u00f6rberedelser:<\/strong> Ytorna ska vara rena och torra innan produkten appliceras. Por\u00f6sa ytor, s\u00e5som obehandlat tr\u00e4 ska grundbehandlas f\u00f6re behandling.<br \/>\n<strong>Behandlingstemperatur:<\/strong> Kan anv\u00e4ndas i temperaturer mellan +5\u00b0C och +40\u00b0C.<br \/>\n<strong>Montering:<\/strong> Linoljekitt 682 appliceras med kniv. N\u00e4r man kittar inomhus ska man s\u00f6rja f\u00f6r god ventilation f\u00f6r att undvika att det bildas skrynklor p\u00e5 kittytan (placera<br \/>\nf\u00f6nstren ovanf\u00f6r golvytan och p\u00e5 avst\u00e5nd fr\u00e5n varandra), n\u00e4r f\u00f6nstret monteras utomhus. N\u00e4r man kittar utomhus ska kittet skyddas mot kraftigt regn tills ytan har h\u00e4rdat. Man f\u00e5r inte kitta i regn, men inte heller i direkt solljus. S\u00f6rj f\u00f6r god ventilation. Medeltemperaturen under h\u00e4rdningen f\u00e5r inte understiga +5\u00b0C.<\/p>\n<p><strong>Torktid:<\/strong> Efter cirka en vecka har en hinna bildats p\u00e5 kittet, och det har h\u00e4rdat helt efter ett \u00e5r.<br \/>\n<strong>M\u00e5lning:<\/strong> Linoljekitt kan m\u00e5las. Kittet kan m\u00e5las med linoljef\u00e4rg \u2013 f\u00f6rsiktigt \u2013 direkt efter kittningen. Kittet kan m\u00e5las med alkydolje-, plastalkyd- eller akrylplastf\u00e4rg tidigast 2\u20134 veckor efter kittningen. M\u00e5la 1\u20132 mm in p\u00e5 glaset.<br \/>\n<strong>Reng\u00f6ring:<\/strong> F\u00e4rskt kitt avl\u00e4gsnas med papper, terpentin eller luktfritt lackbensin.<\/p>\n<p>Kittet \u00e4r tixotropt och l\u00e4tt att applicera.<\/p>\n<p>Linojekitt 375 ml <a href=\"http:\/\/fi.danalim.com\/fileadmin\/editors\/produktinformation\/fi\/682.pdf\"><span style=\"color: #0000ff;\">Dana Lim Linoljekitt<\/span><\/a><\/p>\n","protected":false},"excerpt":{"rendered":"<p>Linoljekit 682. Anv\u00e4nds vid inglasning, reparation av kitt och spackling av grundm\u00e5lat tr\u00e4, b\u00e5de inom- och utomhus.<\/p>\n","protected":false},"featured_media":60906,"template":"","meta":[],"product_cat":[1957],"product_tag":[2428],"bundle_layout":"","bundle_add_to_cart_form_location":"","bundle_editable_in_cart":false,"bundle_sold_individually_context":"","bundle_item_grouping":"","bundle_min_size":"","bundle_max_size":"","bundled_by":[],"bundled_items":[],"yoast_head":"<!-- This site is optimized with the Yoast SEO plugin v19.9 - https:\/\/yoast.com\/wordpress\/plugins\/seo\/ -->\n<title>Linoljekitt 375 ml | Linoljekitt f\u00f6r spackling och utj\u00e4mning | Uula<\/title>\n<meta name=\"description\" content=\"Linoljekitt 375 ml. Anv\u00e4nds vid inglasning, reparation av kitt och spackling av grundm\u00e5lat tr\u00e4, b\u00e5de inom- och utomhus.\" \/>\n<meta name=\"robots\" content=\"noindex, follow, max-snippet:-1, max-image-preview:large, max-video-preview:-1\" \/>\n<meta property=\"og:locale\" content=\"sv_SE\" \/>\n<meta property=\"og:type\" content=\"article\" \/>\n<meta property=\"og:title\" content=\"Linoljekitt 375 ml | Linoljekitt f\u00f6r spackling och utj\u00e4mning | Uula\" \/>\n<meta property=\"og:description\" content=\"Linoljekitt 375 ml. Anv\u00e4nds vid inglasning, reparation av kitt och spackling av grundm\u00e5lat tr\u00e4, b\u00e5de inom- och utomhus.\" \/>\n<meta property=\"og:url\" content=\"https:\/\/uula.kajahdusdev.fi\/sv\/produkter\/ovriga-produkter\/linoljekitt-375-ml\/\" \/>\n<meta property=\"og:site_name\" content=\"Uula\" \/>\n<meta property=\"article:modified_time\" content=\"2021-03-16T11:22:06+00:00\" \/>\n<meta property=\"og:image\" content=\"https:\/\/uula.kajahdusdev.fi\/wp-content\/uploads\/2018\/10\/danalim_kitti-375ml.jpg\" \/>\n\t<meta property=\"og:image:width\" content=\"1200\" \/>\n\t<meta property=\"og:image:height\" content=\"1200\" \/>\n\t<meta property=\"og:image:type\" content=\"image\/jpeg\" \/>\n<meta name=\"twitter:card\" content=\"summary_large_image\" \/>\n<meta name=\"twitter:label1\" content=\"Ber\u00e4knad l\u00e4stid\" \/>\n\t<meta name=\"twitter:data1\" content=\"2 minuter\" \/>\n<script type=\"application\/ld+json\" class=\"yoast-schema-graph\">{\"@context\":\"https:\/\/schema.org\",\"@graph\":[{\"@type\":\"WebPage\",\"@id\":\"https:\/\/uula.kajahdusdev.fi\/sv\/produkter\/ovriga-produkter\/linoljekitt-375-ml\/\",\"url\":\"https:\/\/uula.kajahdusdev.fi\/sv\/produkter\/ovriga-produkter\/linoljekitt-375-ml\/\",\"name\":\"Linoljekitt 375 ml | Linoljekitt f\u00f6r spackling och utj\u00e4mning | Uula\",\"isPartOf\":{\"@id\":\"https:\/\/uula.kajahdusdev.fi\/#website\"},\"datePublished\":\"2018-10-04T12:58:32+00:00\",\"dateModified\":\"2021-03-16T11:22:06+00:00\",\"description\":\"Linoljekitt 375 ml. Anv\u00e4nds vid inglasning, reparation av kitt och spackling av grundm\u00e5lat tr\u00e4, b\u00e5de inom- och utomhus.\",\"breadcrumb\":{\"@id\":\"https:\/\/uula.kajahdusdev.fi\/sv\/produkter\/ovriga-produkter\/linoljekitt-375-ml\/#breadcrumb\"},\"inLanguage\":\"sv-SE\",\"potentialAction\":[{\"@type\":\"ReadAction\",\"target\":[\"https:\/\/uula.kajahdusdev.fi\/sv\/produkter\/ovriga-produkter\/linoljekitt-375-ml\/\"]}]},{\"@type\":\"BreadcrumbList\",\"@id\":\"https:\/\/uula.kajahdusdev.fi\/sv\/produkter\/ovriga-produkter\/linoljekitt-375-ml\/#breadcrumb\",\"itemListElement\":[{\"@type\":\"ListItem\",\"position\":1,\"name\":\"Home\",\"item\":\"https:\/\/uula.kajahdusdev.fi\/sv\/\"},{\"@type\":\"ListItem\",\"position\":2,\"name\":\"Maalit ja Tuotteet\",\"item\":\"https:\/\/uula.kajahdusdev.fi\/tuotteet\/\"},{\"@type\":\"ListItem\",\"position\":3,\"name\":\"Linoljekitt 375 ml\"}]},{\"@type\":\"WebSite\",\"@id\":\"https:\/\/uula.kajahdusdev.fi\/#website\",\"url\":\"https:\/\/uula.kajahdusdev.fi\/\",\"name\":\"Uula\",\"description\":\"Muovittomat ja hengitt&auml;v&auml;t sis&auml;- ja ulkomaalit\",\"potentialAction\":[{\"@type\":\"SearchAction\",\"target\":{\"@type\":\"EntryPoint\",\"urlTemplate\":\"https:\/\/uula.kajahdusdev.fi\/?s={search_term_string}\"},\"query-input\":\"required name=search_term_string\"}],\"inLanguage\":\"sv-SE\"}]}<\/script>\n<!-- \/ Yoast SEO plugin. -->","yoast_head_json":{"title":"Linoljekitt 375 ml | Linoljekitt f\u00f6r spackling och utj\u00e4mning | Uula","description":"Linoljekitt 375 ml. Anv\u00e4nds vid inglasning, reparation av kitt och spackling av grundm\u00e5lat tr\u00e4, b\u00e5de inom- och utomhus.","robots":{"index":"noindex","follow":"follow","max-snippet":"max-snippet:-1","max-image-preview":"max-image-preview:large","max-video-preview":"max-video-preview:-1"},"og_locale":"sv_SE","og_type":"article","og_title":"Linoljekitt 375 ml | Linoljekitt f\u00f6r spackling och utj\u00e4mning | Uula","og_description":"Linoljekitt 375 ml. Anv\u00e4nds vid inglasning, reparation av kitt och spackling av grundm\u00e5lat tr\u00e4, b\u00e5de inom- och utomhus.","og_url":"https:\/\/uula.kajahdusdev.fi\/sv\/produkter\/ovriga-produkter\/linoljekitt-375-ml\/","og_site_name":"Uula","article_modified_time":"2021-03-16T11:22:06+00:00","og_image":[{"width":1200,"height":1200,"type":"image\/jpeg","url":"https:\/\/uula.kajahdusdev.fi\/wp-content\/uploads\/2018\/10\/danalim_kitti-375ml.jpg"}],"twitter_card":"summary_large_image","twitter_misc":{"Ber\u00e4knad l\u00e4stid":"2 minuter"},"schema":{"@context":"https:\/\/schema.org","@graph":[{"@type":"WebPage","@id":"https:\/\/uula.kajahdusdev.fi\/sv\/produkter\/ovriga-produkter\/linoljekitt-375-ml\/","url":"https:\/\/uula.kajahdusdev.fi\/sv\/produkter\/ovriga-produkter\/linoljekitt-375-ml\/","name":"Linoljekitt 375 ml | Linoljekitt f\u00f6r spackling och utj\u00e4mning | Uula","isPartOf":{"@id":"https:\/\/uula.kajahdusdev.fi\/#website"},"datePublished":"2018-10-04T12:58:32+00:00","dateModified":"2021-03-16T11:22:06+00:00","description":"Linoljekitt 375 ml. Anv\u00e4nds vid inglasning, reparation av kitt och spackling av grundm\u00e5lat tr\u00e4, b\u00e5de inom- och utomhus.","breadcrumb":{"@id":"https:\/\/uula.kajahdusdev.fi\/sv\/produkter\/ovriga-produkter\/linoljekitt-375-ml\/#breadcrumb"},"inLanguage":"sv-SE","potentialAction":[{"@type":"ReadAction","target":["https:\/\/uula.kajahdusdev.fi\/sv\/produkter\/ovriga-produkter\/linoljekitt-375-ml\/"]}]},{"@type":"BreadcrumbList","@id":"https:\/\/uula.kajahdusdev.fi\/sv\/produkter\/ovriga-produkter\/linoljekitt-375-ml\/#breadcrumb","itemListElement":[{"@type":"ListItem","position":1,"name":"Home","item":"https:\/\/uula.kajahdusdev.fi\/sv\/"},{"@type":"ListItem","position":2,"name":"Maalit ja Tuotteet","item":"https:\/\/uula.kajahdusdev.fi\/tuotteet\/"},{"@type":"ListItem","position":3,"name":"Linoljekitt 375 ml"}]},{"@type":"WebSite","@id":"https:\/\/uula.kajahdusdev.fi\/#website","url":"https:\/\/uula.kajahdusdev.fi\/","name":"Uula","description":"Muovittomat ja hengitt&auml;v&auml;t sis&auml;- ja ulkomaalit","potentialAction":[{"@type":"SearchAction","target":{"@type":"EntryPoint","urlTemplate":"https:\/\/uula.kajahdusdev.fi\/?s={search_term_string}"},"query-input":"required name=search_term_string"}],"inLanguage":"sv-SE"}]}},"_links":{"self":[{"href":"https:\/\/uula.kajahdusdev.fi\/sv\/wp-json\/wp\/v2\/product\/57935"}],"collection":[{"href":"https:\/\/uula.kajahdusdev.fi\/sv\/wp-json\/wp\/v2\/product"}],"about":[{"href":"https:\/\/uula.kajahdusdev.fi\/sv\/wp-json\/wp\/v2\/types\/product"}],"wp:featuredmedia":[{"embeddable":true,"href":"https:\/\/uula.kajahdusdev.fi\/sv\/wp-json\/wp\/v2\/media\/60906"}],"wp:attachment":[{"href":"https:\/\/uula.kajahdusdev.fi\/sv\/wp-json\/wp\/v2\/media?parent=57935"}],"wp:term":[{"taxonomy":"product_cat","embeddable":true,"href":"https:\/\/uula.kajahdusdev.fi\/sv\/wp-json\/wp\/v2\/product_cat?post=57935"},{"taxonomy":"product_tag","embeddable":true,"href":"https:\/\/uula.kajahdusdev.fi\/sv\/wp-json\/wp\/v2\/product_tag?post=57935"}],"curies":[{"name":"wp","href":"https:\/\/api.w.org\/{rel}","templated":true}]}}