{"id":57936,"date":"2017-04-27T11:20:54","date_gmt":"2017-04-27T11:20:54","guid":{"rendered":"https:\/\/uula.kajahdusdev.fi\/tuotteet\/Ei-luokiteltu\/roslagin-mahonki-2\/"},"modified":"2021-12-21T09:22:27","modified_gmt":"2021-12-21T09:22:27","slug":"uula-roslagsmahogny","status":"publish","type":"product","link":"https:\/\/uula.kajahdusdev.fi\/sv\/tuotteet\/utomhusfarger\/uula-roslagsmahogny\/","title":{"rendered":"Uula Roslagsmahogny\u00ae"},"content":{"rendered":"<h1>Uula Roslagsmahogny \u00ae\u2013 Ytbehandlingsmedel f\u00f6r stock- och tr\u00e4ytor utomhus, inneh\u00e5ller tj\u00e4ra<\/h1>\n<p>Uula Roslagsmahogny \u00ae \u00e4r ett utm\u00e4rkt ytbehandlingsmedel som inneh\u00e5ller kokt linolja och tj\u00e4ra f\u00f6r transparent behandling av utomhusytor p\u00e5 tr\u00e4- och stockbyggnader. Det transparenta och plastfria behandlingsmedlet som andas l\u00e4mnar tr\u00e4ets \u00e5dring vackert synligt och ger tr\u00e4ytan ett naturligt skydd.<\/p>\n<p>Behandlingsobjekt \u00e4r nya och gamla obehandlade tr\u00e4ytor samt gamla tr\u00e4ytor som tidigare har behandlats med impregneringsmedel som inte bildar en hinna (\u00e4ven gamla tryckimpregnerade ytor), s\u00e5som stock- och br\u00e4dv\u00e4ggar, tr\u00e4b\u00e5tar och bryggor. Produkten nyanseras med \u00e4kta pigment. Vid lasering p\u00e5verkas nyansen av tr\u00e4ets egen f\u00e4rg samt eventuella tidigare behandlingar. Ytor som har behandlats med Uula Roslagsmahogany doftar av tj\u00e4r\u00e4 efter behandlingen och f\u00e5r sin slutsiga nyans n\u00e4r de har torkat helt.<\/p>\n<p><strong>\u00c5tg\u00e5ng: <\/strong>Hyvlade ytor cirka 8\u201310 m<sup>2<\/sup>\/l. S\u00e5gade ytor cirka 6\u20138 m<sup>2<\/sup>\/l.<br \/>\n<strong>Glansgrad:<\/strong> Halvmatt.<br \/>\n<strong>F\u00f6rtunningsmedel:<\/strong> Uula Roslagsmahogny beh\u00f6ver inte f\u00f6rtunnas.<br \/>\n<strong>Torktid:<\/strong> P\u00e5 skuggiga ytor t.o.m. 3\u20134 veckor. I solljus kan ytan torka t.o.m. p\u00e5 24 timmar. T\u00e5l ett normalt regn efter n\u00e5gra timmar. En kompakt eller nyhyvlad yta kan f\u00f6rl\u00e4nga produktens absorbering och slutlig torktid avsev\u00e4rt.<br \/>\n<strong>Nyanser: <\/strong>Laseringsnyanser f\u00f6r Uula Traditionell F\u00e4rgkarta. Kan eventuellt \u00e4ven f\u00e5s i nyanser fr\u00e5n andra lasyrf\u00e4rgkartor. Observera att det kan f\u00f6rekomma nyansvariationer till f\u00f6ljd av f\u00e4rgens glansgrad, tr\u00e4ets egen f\u00e4rg, tidigare behandlingar och nyanseringsmetoder<\/p>\n<hr \/>\n<p><img loading=\"lazy\" decoding=\"async\" class=\"aligncenter size-full wp-image-64514\" src=\"https:\/\/uula.kajahdusdev.fi\/wp-content\/uploads\/2017\/04\/hirsitalo-uula-roslagin-mahonki.jpg\" alt=\"\" width=\"1600\" height=\"500\" srcset=\"https:\/\/uula.kajahdusdev.fi\/wp-content\/uploads\/2017\/04\/hirsitalo-uula-roslagin-mahonki.jpg 1600w, https:\/\/uula.kajahdusdev.fi\/wp-content\/uploads\/2017\/04\/hirsitalo-uula-roslagin-mahonki-600x188.jpg 600w, https:\/\/uula.kajahdusdev.fi\/wp-content\/uploads\/2017\/04\/hirsitalo-uula-roslagin-mahonki-1024x320.jpg 1024w, https:\/\/uula.kajahdusdev.fi\/wp-content\/uploads\/2017\/04\/hirsitalo-uula-roslagin-mahonki-768x240.jpg 768w, https:\/\/uula.kajahdusdev.fi\/wp-content\/uploads\/2017\/04\/hirsitalo-uula-roslagin-mahonki-1536x480.jpg 1536w\" sizes=\"(max-width: 1600px) 100vw, 1600px\" \/><\/p>\n<hr \/>\n<p><strong>Teknisk information<\/strong><\/p>\n<p><strong>Plastfri:\u00a0<\/strong>F\u00e4rgen inneh\u00e5ller inga plastbindemedel. Som bindemedel anv\u00e4nds naturliga oljor.<br \/>\n<strong>VOC-utsl\u00e4pp:<\/strong> Under 350g\/l. EU VOC gr\u00e4nsv\u00e4rde (cat A\/f) 700 g\/l <strong>(2010).<\/strong><br \/>\n<strong>M\u00e5lning enligt RYL 2012:s f\u00e4rgproduktgrupp:<\/strong> 499<br \/>\n<strong>Lagring och undvikande av milj\u00f6ol\u00e4genheter:<\/strong> F\u00f6rvaras torrt och svalt. F\u00f6rvaras utom r\u00e4ckh\u00e5ll f\u00f6r barn. Fryser ej. Tomma och torra burkar kan f\u00f6ras till insamlingen. Flytande avfall skall f\u00f6ras till den kommunala insamlingen f\u00f6r problemavfall.<\/p>\n<hr \/>\n<p style=\"text-align: center;\"><span style=\"color: #a29994;\"><strong><a style=\"color: #a29994;\" href=\"https:\/\/uula.kajahdusdev.fi\/sv\/maalausohjeet\/anvisningar-for-utomhusmalning\/anvisningar-for-roslagsmahogny\/\">L\u00e4s mer i behandlingsanvisningarna<\/a><\/strong><\/span><\/p>\n","protected":false},"excerpt":{"rendered":"<p>Roslagsmahogny <strong>\u00ae<\/strong> \u00e4r ett utm\u00e4rkt ytbehandlingsmedel som inneh\u00e5ller kokt linolja och tj\u00e4ra f\u00f6r transparent behandling av utomhusytor p\u00e5 tr\u00e4- och stockbyggnader.<\/p>\n","protected":false},"featured_media":66878,"template":"","meta":[],"product_cat":[1959],"product_tag":[],"bundle_layout":"","bundle_add_to_cart_form_location":"","bundle_editable_in_cart":false,"bundle_sold_individually_context":"","bundle_item_grouping":"","bundle_min_size":"","bundle_max_size":"","bundled_by":[],"bundled_items":[],"yoast_head":"<!-- This site is optimized with the Yoast SEO plugin v19.9 - https:\/\/yoast.com\/wordpress\/plugins\/seo\/ -->\n<title>Uula Roslagsmahogny\u00ae | F\u00f6r transparent behandling | Uula<\/title>\n<meta name=\"description\" content=\"Uula Roslagsmahogny\u00ae \u00e4r ett utm\u00e4rkt ytbehandlingsmedel. L\u00e4mpar sig f\u00f6r transparent behandling av utomhusytor p\u00e5 tr\u00e4- och stockbyggnader.\" \/>\n<meta name=\"robots\" content=\"noindex, follow, max-snippet:-1, max-image-preview:large, max-video-preview:-1\" \/>\n<meta property=\"og:locale\" content=\"sv_SE\" \/>\n<meta property=\"og:type\" content=\"article\" \/>\n<meta property=\"og:title\" content=\"Uula Roslagsmahogny\u00ae | F\u00f6r transparent behandling | Uula\" \/>\n<meta property=\"og:description\" content=\"Uula Roslagsmahogny\u00ae \u00e4r ett utm\u00e4rkt ytbehandlingsmedel. L\u00e4mpar sig f\u00f6r transparent behandling av utomhusytor p\u00e5 tr\u00e4- och stockbyggnader.\" \/>\n<meta property=\"og:url\" content=\"https:\/\/uula.kajahdusdev.fi\/sv\/produkter\/utomhusfarger\/uula-roslagsmahogny\/\" \/>\n<meta property=\"og:site_name\" content=\"Uula\" \/>\n<meta property=\"article:modified_time\" content=\"2021-12-21T09:22:27+00:00\" \/>\n<meta property=\"og:image\" content=\"https:\/\/uula.kajahdusdev.fi\/wp-content\/uploads\/2017\/04\/Roslaginmahonki.jpg\" \/>\n\t<meta property=\"og:image:width\" content=\"1200\" \/>\n\t<meta property=\"og:image:height\" content=\"1200\" \/>\n\t<meta property=\"og:image:type\" content=\"image\/jpeg\" \/>\n<meta name=\"twitter:card\" content=\"summary_large_image\" \/>\n<meta name=\"twitter:label1\" content=\"Ber\u00e4knad l\u00e4stid\" \/>\n\t<meta name=\"twitter:data1\" content=\"2 minuter\" \/>\n<script type=\"application\/ld+json\" class=\"yoast-schema-graph\">{\"@context\":\"https:\/\/schema.org\",\"@graph\":[{\"@type\":\"WebPage\",\"@id\":\"https:\/\/uula.kajahdusdev.fi\/sv\/produkter\/utomhusfarger\/uula-roslagsmahogny\/\",\"url\":\"https:\/\/uula.kajahdusdev.fi\/sv\/produkter\/utomhusfarger\/uula-roslagsmahogny\/\",\"name\":\"Uula Roslagsmahogny\u00ae | F\u00f6r transparent behandling | Uula\",\"isPartOf\":{\"@id\":\"https:\/\/uula.kajahdusdev.fi\/#website\"},\"datePublished\":\"2017-04-27T11:20:54+00:00\",\"dateModified\":\"2021-12-21T09:22:27+00:00\",\"description\":\"Uula Roslagsmahogny\u00ae \u00e4r ett utm\u00e4rkt ytbehandlingsmedel. L\u00e4mpar sig f\u00f6r transparent behandling av utomhusytor p\u00e5 tr\u00e4- och stockbyggnader.\",\"breadcrumb\":{\"@id\":\"https:\/\/uula.kajahdusdev.fi\/sv\/produkter\/utomhusfarger\/uula-roslagsmahogny\/#breadcrumb\"},\"inLanguage\":\"sv-SE\",\"potentialAction\":[{\"@type\":\"ReadAction\",\"target\":[\"https:\/\/uula.kajahdusdev.fi\/sv\/produkter\/utomhusfarger\/uula-roslagsmahogny\/\"]}]},{\"@type\":\"BreadcrumbList\",\"@id\":\"https:\/\/uula.kajahdusdev.fi\/sv\/produkter\/utomhusfarger\/uula-roslagsmahogny\/#breadcrumb\",\"itemListElement\":[{\"@type\":\"ListItem\",\"position\":1,\"name\":\"Home\",\"item\":\"https:\/\/uula.kajahdusdev.fi\/sv\/\"},{\"@type\":\"ListItem\",\"position\":2,\"name\":\"Maalit ja Tuotteet\",\"item\":\"https:\/\/uula.kajahdusdev.fi\/tuotteet\/\"},{\"@type\":\"ListItem\",\"position\":3,\"name\":\"Uula Roslagsmahogny\u00ae\"}]},{\"@type\":\"WebSite\",\"@id\":\"https:\/\/uula.kajahdusdev.fi\/#website\",\"url\":\"https:\/\/uula.kajahdusdev.fi\/\",\"name\":\"Uula\",\"description\":\"Muovittomat ja hengitt&auml;v&auml;t sis&auml;- ja ulkomaalit\",\"potentialAction\":[{\"@type\":\"SearchAction\",\"target\":{\"@type\":\"EntryPoint\",\"urlTemplate\":\"https:\/\/uula.kajahdusdev.fi\/?s={search_term_string}\"},\"query-input\":\"required name=search_term_string\"}],\"inLanguage\":\"sv-SE\"}]}<\/script>\n<!-- \/ Yoast SEO plugin. -->","yoast_head_json":{"title":"Uula Roslagsmahogny\u00ae | F\u00f6r transparent behandling | Uula","description":"Uula Roslagsmahogny\u00ae \u00e4r ett utm\u00e4rkt ytbehandlingsmedel. L\u00e4mpar sig f\u00f6r transparent behandling av utomhusytor p\u00e5 tr\u00e4- och stockbyggnader.","robots":{"index":"noindex","follow":"follow","max-snippet":"max-snippet:-1","max-image-preview":"max-image-preview:large","max-video-preview":"max-video-preview:-1"},"og_locale":"sv_SE","og_type":"article","og_title":"Uula Roslagsmahogny\u00ae | F\u00f6r transparent behandling | Uula","og_description":"Uula Roslagsmahogny\u00ae \u00e4r ett utm\u00e4rkt ytbehandlingsmedel. L\u00e4mpar sig f\u00f6r transparent behandling av utomhusytor p\u00e5 tr\u00e4- och stockbyggnader.","og_url":"https:\/\/uula.kajahdusdev.fi\/sv\/produkter\/utomhusfarger\/uula-roslagsmahogny\/","og_site_name":"Uula","article_modified_time":"2021-12-21T09:22:27+00:00","og_image":[{"width":1200,"height":1200,"type":"image\/jpeg","url":"https:\/\/uula.kajahdusdev.fi\/wp-content\/uploads\/2017\/04\/Roslaginmahonki.jpg"}],"twitter_card":"summary_large_image","twitter_misc":{"Ber\u00e4knad l\u00e4stid":"2 minuter"},"schema":{"@context":"https:\/\/schema.org","@graph":[{"@type":"WebPage","@id":"https:\/\/uula.kajahdusdev.fi\/sv\/produkter\/utomhusfarger\/uula-roslagsmahogny\/","url":"https:\/\/uula.kajahdusdev.fi\/sv\/produkter\/utomhusfarger\/uula-roslagsmahogny\/","name":"Uula Roslagsmahogny\u00ae | F\u00f6r transparent behandling | Uula","isPartOf":{"@id":"https:\/\/uula.kajahdusdev.fi\/#website"},"datePublished":"2017-04-27T11:20:54+00:00","dateModified":"2021-12-21T09:22:27+00:00","description":"Uula Roslagsmahogny\u00ae \u00e4r ett utm\u00e4rkt ytbehandlingsmedel. L\u00e4mpar sig f\u00f6r transparent behandling av utomhusytor p\u00e5 tr\u00e4- och stockbyggnader.","breadcrumb":{"@id":"https:\/\/uula.kajahdusdev.fi\/sv\/produkter\/utomhusfarger\/uula-roslagsmahogny\/#breadcrumb"},"inLanguage":"sv-SE","potentialAction":[{"@type":"ReadAction","target":["https:\/\/uula.kajahdusdev.fi\/sv\/produkter\/utomhusfarger\/uula-roslagsmahogny\/"]}]},{"@type":"BreadcrumbList","@id":"https:\/\/uula.kajahdusdev.fi\/sv\/produkter\/utomhusfarger\/uula-roslagsmahogny\/#breadcrumb","itemListElement":[{"@type":"ListItem","position":1,"name":"Home","item":"https:\/\/uula.kajahdusdev.fi\/sv\/"},{"@type":"ListItem","position":2,"name":"Maalit ja Tuotteet","item":"https:\/\/uula.kajahdusdev.fi\/tuotteet\/"},{"@type":"ListItem","position":3,"name":"Uula Roslagsmahogny\u00ae"}]},{"@type":"WebSite","@id":"https:\/\/uula.kajahdusdev.fi\/#website","url":"https:\/\/uula.kajahdusdev.fi\/","name":"Uula","description":"Muovittomat ja hengitt&auml;v&auml;t sis&auml;- ja ulkomaalit","potentialAction":[{"@type":"SearchAction","target":{"@type":"EntryPoint","urlTemplate":"https:\/\/uula.kajahdusdev.fi\/?s={search_term_string}"},"query-input":"required name=search_term_string"}],"inLanguage":"sv-SE"}]}},"_links":{"self":[{"href":"https:\/\/uula.kajahdusdev.fi\/sv\/wp-json\/wp\/v2\/product\/57936"}],"collection":[{"href":"https:\/\/uula.kajahdusdev.fi\/sv\/wp-json\/wp\/v2\/product"}],"about":[{"href":"https:\/\/uula.kajahdusdev.fi\/sv\/wp-json\/wp\/v2\/types\/product"}],"wp:featuredmedia":[{"embeddable":true,"href":"https:\/\/uula.kajahdusdev.fi\/sv\/wp-json\/wp\/v2\/media\/66878"}],"wp:attachment":[{"href":"https:\/\/uula.kajahdusdev.fi\/sv\/wp-json\/wp\/v2\/media?parent=57936"}],"wp:term":[{"taxonomy":"product_cat","embeddable":true,"href":"https:\/\/uula.kajahdusdev.fi\/sv\/wp-json\/wp\/v2\/product_cat?post=57936"},{"taxonomy":"product_tag","embeddable":true,"href":"https:\/\/uula.kajahdusdev.fi\/sv\/wp-json\/wp\/v2\/product_tag?post=57936"}],"curies":[{"name":"wp","href":"https:\/\/api.w.org\/{rel}","templated":true}]}}