{"id":57937,"date":"2017-04-28T09:53:33","date_gmt":"2017-04-28T09:53:33","guid":{"rendered":"https:\/\/uula.kajahdusdev.fi\/tuotteet\/Ei-luokiteltu\/uula-grafitfarg\/"},"modified":"2021-12-22T09:47:39","modified_gmt":"2021-12-22T09:47:39","slug":"uula-grafitfarg","status":"publish","type":"product","link":"https:\/\/uula.kajahdusdev.fi\/sv\/tuotteet\/utomhusfarger\/uula-grafitfarg\/","title":{"rendered":"Uula Grafitf\u00e4rg"},"content":{"rendered":"<h1>Uula Grafitf\u00e4rg &#8211; Traditionell pl\u00e5ttaksf\u00e4rg<\/h1>\n<p>Uula Grafitf\u00e4rg \u00e4r en traditionell pl\u00e5ttaksf\u00e4rg, som redan i decennier har anv\u00e4nts f\u00f6r att skydda v\u00e5ra tak. Grafitf\u00e4rgen \u00e4r tillverkad av grafitpulver och kokt linolja (fernissa). Kan anv\u00e4ndas p\u00e5 om\u00e5lade och tidigare m\u00e5lade pl\u00e5ttak och takr\u00e4nnor. Vi rekommenderar alltid rostskyddsf\u00e4rg som grund f\u00f6r grafitf\u00e4rg.<\/p>\n<p><strong>F\u00f6rpackningsstorlek: <\/strong>9 l.<br \/>\n<strong>\u00c5tg\u00e5ng:<\/strong> 6\u20138 m\u00b2\/l.<br \/>\n<strong>F\u00f6rtunningsmedel:<\/strong> Uula Oljef\u00e4rgs f\u00f6rtunning<br \/>\n<strong>Torktid:<\/strong> Ber\u00f6ringstorr efter ca 1 dygn beroende p\u00e5 f\u00f6rh\u00e5llandena.<br \/>\n<strong>Glansgrad:<\/strong> Halvmatt.<br \/>\n<strong>Nyanser:<\/strong> Grafitgr\u00e5.<\/p>\n<hr \/>\n<h2><img loading=\"lazy\" decoding=\"async\" class=\"aligncenter size-full wp-image-64534\" src=\"https:\/\/uula.kajahdusdev.fi\/wp-content\/uploads\/2017\/04\/musta-kattomaali-ja-sivellin.jpg\" alt=\"\" width=\"1600\" height=\"500\" srcset=\"https:\/\/uula.kajahdusdev.fi\/wp-content\/uploads\/2017\/04\/musta-kattomaali-ja-sivellin.jpg 1600w, https:\/\/uula.kajahdusdev.fi\/wp-content\/uploads\/2017\/04\/musta-kattomaali-ja-sivellin-600x188.jpg 600w, https:\/\/uula.kajahdusdev.fi\/wp-content\/uploads\/2017\/04\/musta-kattomaali-ja-sivellin-1024x320.jpg 1024w, https:\/\/uula.kajahdusdev.fi\/wp-content\/uploads\/2017\/04\/musta-kattomaali-ja-sivellin-768x240.jpg 768w, https:\/\/uula.kajahdusdev.fi\/wp-content\/uploads\/2017\/04\/musta-kattomaali-ja-sivellin-1536x480.jpg 1536w\" sizes=\"(max-width: 1600px) 100vw, 1600px\" \/><\/h2>\n<hr \/>\n<p><strong>Teknisk information<\/strong><\/p>\n<p><strong>Plastic-free: <\/strong>The paint does not contain any plastic agents.<br \/>\n<strong>Inneh\u00e5ller VOC:<\/strong> max. 300 g\/l. EU VOC gr\u00e4nsv\u00e4rde: (cat A\/d) 300 g\/l (2010)<br \/>\n<strong>Strykning:<\/strong> RYL (58) 45.6.<br \/>\n<strong>Applicering och appliceringsf\u00f6rh\u00e5llanden:<\/strong> Pensel eller m\u00e5lningsborste. Ytan b\u00f6r vara torr, luftfuktigheten l\u00e4gre \u00e4n 80 % och temperaturen minst +10\u00b0C.<br \/>\n<strong>\u00d6verm\u00e5lningsbar:<\/strong> efter ca 5 dygn.<br \/>\n<strong>Reng\u00f6ring av arbetsredskap:<\/strong> Redskapen reng\u00f6rs med Uula Universal f\u00f6rtunning eller lackbensin och till slut med tv\u00e5l och vatten.<br \/>\n<strong>Lagring och undvikande av milj\u00f6ol\u00e4genheter<\/strong>: F\u00f6rvaras utom r\u00e4ckh\u00e5ll f\u00f6r barn. Fryser ej. Tomma och torra burkar kan f\u00f6ras till insamlingen. Flytande avfall skall f\u00f6ras till den kommunala insamlingen f\u00f6r problemavfall.<\/p>\n<hr \/>\n<p><strong>Anvisningar<\/strong><\/p>\n<p><strong>Behandling av nya ytor: <\/strong>L\u00e5t ett nytt, f\u00f6rzinkat pl\u00e5ttak oxideras minst 2 \u00e5r f\u00f6re m\u00e5lning. Grundm\u00e5la med rostskyddsgrundf\u00e4rg enligt tillverkarens instruktioner. Mellanstryk tunt med 2 0\u201330 % f\u00f6rtunnad Uula Grafitf\u00e4rg. L\u00e5t f\u00e4rgen torka ca 5 dygn f\u00f6re f\u00e4rdigstrykning. F\u00e4rdigstryk med of\u00f6rtunnad Grafitf\u00e4rg.<br \/>\n<strong>Gammal m\u00e5lad yta: <\/strong>Avl\u00e4gsna l\u00f6s och avflagnande f\u00e4rg eller rost med st\u00e5lborste eller sickel. Reng\u00f6r yta med Uula M\u00e5lartv\u00e4tt och l\u00e5t torka ordentligt. Grundm\u00e5la tv\u00e4ttade och\/eller bara pl\u00e5tst\u00e4llen med rostskyddsgrundf\u00e4rg.<br \/>\n<strong>Mellan- och f\u00e4rdigstrykning:<\/strong> Som nya pl\u00e5tytor, se ovan.<\/p>\n<hr \/>\n<p><strong>M\u00e5lningstips och saker som ska observeras<\/strong><\/p>\n<ul>\n<li>Blanda f\u00e4rgen omsorgsfullt alltid f\u00f6re och under anv\u00e4ndning.<\/li>\n<li>Trots att torktiden \u00e4r l\u00e5ng, t\u00e5l Uula Grafitf\u00e4rg regn redan direkt efter appliceringen.<\/li>\n<li>M\u00e5la aldrig p\u00e5 metallytor utan rostskyddsf\u00e4rg eftersom grafiten \u00f6kar risken att ytan rostar.<\/li>\n<\/ul>\n","protected":false},"excerpt":{"rendered":"<p>Uula Grafitf\u00e4rg \u00e4r en traditionell pl\u00e5ttaksf\u00e4rg, som redan i decennier har anv\u00e4nts f\u00f6r att skydda v\u00e5ra tak.<\/p>\n","protected":false},"featured_media":60507,"template":"","meta":[],"product_cat":[1959],"product_tag":[],"bundle_layout":"","bundle_add_to_cart_form_location":"","bundle_editable_in_cart":false,"bundle_sold_individually_context":"","bundle_item_grouping":"","bundle_min_size":"","bundle_max_size":"","bundled_by":[],"bundled_items":[],"yoast_head":"<!-- This site is optimized with the Yoast SEO plugin v19.9 - https:\/\/yoast.com\/wordpress\/plugins\/seo\/ -->\n<title>Uula Grafitf\u00e4rg |Grafitf\u00e4rg | Grafitgr\u00e5 | Pl\u00e5ttaksf\u00e4rg | Uula<\/title>\n<meta name=\"description\" content=\"Uula Grafitf\u00e4rg \u00e4r en traditionell pl\u00e5ttaksf\u00e4rg, som redan i decennier har anv\u00e4nts f\u00f6r att skydda v\u00e5ra tak.\" \/>\n<meta name=\"robots\" content=\"noindex, follow, max-snippet:-1, max-image-preview:large, max-video-preview:-1\" \/>\n<meta property=\"og:locale\" content=\"sv_SE\" \/>\n<meta property=\"og:type\" content=\"article\" \/>\n<meta property=\"og:title\" content=\"Uula Grafitf\u00e4rg |Grafitf\u00e4rg | Grafitgr\u00e5 | Pl\u00e5ttaksf\u00e4rg | Uula\" \/>\n<meta property=\"og:description\" content=\"Uula Grafitf\u00e4rg \u00e4r en traditionell pl\u00e5ttaksf\u00e4rg, som redan i decennier har anv\u00e4nts f\u00f6r att skydda v\u00e5ra tak.\" \/>\n<meta property=\"og:url\" content=\"https:\/\/uula.kajahdusdev.fi\/sv\/produkter\/utomhusfarger\/uula-grafitfarg\/\" \/>\n<meta property=\"og:site_name\" content=\"Uula\" \/>\n<meta property=\"article:modified_time\" content=\"2021-12-22T09:47:39+00:00\" \/>\n<meta property=\"og:image\" content=\"https:\/\/uula.kajahdusdev.fi\/wp-content\/uploads\/2017\/04\/Grafiittimaali-1-2.jpg\" \/>\n\t<meta property=\"og:image:width\" content=\"1200\" \/>\n\t<meta property=\"og:image:height\" content=\"1200\" \/>\n\t<meta property=\"og:image:type\" content=\"image\/jpeg\" \/>\n<meta name=\"twitter:card\" content=\"summary_large_image\" \/>\n<meta name=\"twitter:label1\" content=\"Ber\u00e4knad l\u00e4stid\" \/>\n\t<meta name=\"twitter:data1\" content=\"2 minuter\" \/>\n<script type=\"application\/ld+json\" class=\"yoast-schema-graph\">{\"@context\":\"https:\/\/schema.org\",\"@graph\":[{\"@type\":\"WebPage\",\"@id\":\"https:\/\/uula.kajahdusdev.fi\/sv\/produkter\/utomhusfarger\/uula-grafitfarg\/\",\"url\":\"https:\/\/uula.kajahdusdev.fi\/sv\/produkter\/utomhusfarger\/uula-grafitfarg\/\",\"name\":\"Uula Grafitf\u00e4rg |Grafitf\u00e4rg | Grafitgr\u00e5 | Pl\u00e5ttaksf\u00e4rg | Uula\",\"isPartOf\":{\"@id\":\"https:\/\/uula.kajahdusdev.fi\/#website\"},\"datePublished\":\"2017-04-28T09:53:33+00:00\",\"dateModified\":\"2021-12-22T09:47:39+00:00\",\"description\":\"Uula Grafitf\u00e4rg \u00e4r en traditionell pl\u00e5ttaksf\u00e4rg, som redan i decennier har anv\u00e4nts f\u00f6r att skydda v\u00e5ra tak.\",\"breadcrumb\":{\"@id\":\"https:\/\/uula.kajahdusdev.fi\/sv\/produkter\/utomhusfarger\/uula-grafitfarg\/#breadcrumb\"},\"inLanguage\":\"sv-SE\",\"potentialAction\":[{\"@type\":\"ReadAction\",\"target\":[\"https:\/\/uula.kajahdusdev.fi\/sv\/produkter\/utomhusfarger\/uula-grafitfarg\/\"]}]},{\"@type\":\"BreadcrumbList\",\"@id\":\"https:\/\/uula.kajahdusdev.fi\/sv\/produkter\/utomhusfarger\/uula-grafitfarg\/#breadcrumb\",\"itemListElement\":[{\"@type\":\"ListItem\",\"position\":1,\"name\":\"Home\",\"item\":\"https:\/\/uula.kajahdusdev.fi\/sv\/\"},{\"@type\":\"ListItem\",\"position\":2,\"name\":\"Maalit ja Tuotteet\",\"item\":\"https:\/\/uula.kajahdusdev.fi\/tuotteet\/\"},{\"@type\":\"ListItem\",\"position\":3,\"name\":\"Uula Grafitf\u00e4rg\"}]},{\"@type\":\"WebSite\",\"@id\":\"https:\/\/uula.kajahdusdev.fi\/#website\",\"url\":\"https:\/\/uula.kajahdusdev.fi\/\",\"name\":\"Uula\",\"description\":\"Muovittomat ja hengitt&auml;v&auml;t sis&auml;- ja ulkomaalit\",\"potentialAction\":[{\"@type\":\"SearchAction\",\"target\":{\"@type\":\"EntryPoint\",\"urlTemplate\":\"https:\/\/uula.kajahdusdev.fi\/?s={search_term_string}\"},\"query-input\":\"required name=search_term_string\"}],\"inLanguage\":\"sv-SE\"}]}<\/script>\n<!-- \/ Yoast SEO plugin. -->","yoast_head_json":{"title":"Uula Grafitf\u00e4rg |Grafitf\u00e4rg | Grafitgr\u00e5 | Pl\u00e5ttaksf\u00e4rg | Uula","description":"Uula Grafitf\u00e4rg \u00e4r en traditionell pl\u00e5ttaksf\u00e4rg, som redan i decennier har anv\u00e4nts f\u00f6r att skydda v\u00e5ra tak.","robots":{"index":"noindex","follow":"follow","max-snippet":"max-snippet:-1","max-image-preview":"max-image-preview:large","max-video-preview":"max-video-preview:-1"},"og_locale":"sv_SE","og_type":"article","og_title":"Uula Grafitf\u00e4rg |Grafitf\u00e4rg | Grafitgr\u00e5 | Pl\u00e5ttaksf\u00e4rg | Uula","og_description":"Uula Grafitf\u00e4rg \u00e4r en traditionell pl\u00e5ttaksf\u00e4rg, som redan i decennier har anv\u00e4nts f\u00f6r att skydda v\u00e5ra tak.","og_url":"https:\/\/uula.kajahdusdev.fi\/sv\/produkter\/utomhusfarger\/uula-grafitfarg\/","og_site_name":"Uula","article_modified_time":"2021-12-22T09:47:39+00:00","og_image":[{"width":1200,"height":1200,"url":"https:\/\/uula.kajahdusdev.fi\/wp-content\/uploads\/2017\/04\/Grafiittimaali-1-2.jpg","type":"image\/jpeg"}],"twitter_card":"summary_large_image","twitter_misc":{"Ber\u00e4knad l\u00e4stid":"2 minuter"},"schema":{"@context":"https:\/\/schema.org","@graph":[{"@type":"WebPage","@id":"https:\/\/uula.kajahdusdev.fi\/sv\/produkter\/utomhusfarger\/uula-grafitfarg\/","url":"https:\/\/uula.kajahdusdev.fi\/sv\/produkter\/utomhusfarger\/uula-grafitfarg\/","name":"Uula Grafitf\u00e4rg |Grafitf\u00e4rg | Grafitgr\u00e5 | Pl\u00e5ttaksf\u00e4rg | Uula","isPartOf":{"@id":"https:\/\/uula.kajahdusdev.fi\/#website"},"datePublished":"2017-04-28T09:53:33+00:00","dateModified":"2021-12-22T09:47:39+00:00","description":"Uula Grafitf\u00e4rg \u00e4r en traditionell pl\u00e5ttaksf\u00e4rg, som redan i decennier har anv\u00e4nts f\u00f6r att skydda v\u00e5ra tak.","breadcrumb":{"@id":"https:\/\/uula.kajahdusdev.fi\/sv\/produkter\/utomhusfarger\/uula-grafitfarg\/#breadcrumb"},"inLanguage":"sv-SE","potentialAction":[{"@type":"ReadAction","target":["https:\/\/uula.kajahdusdev.fi\/sv\/produkter\/utomhusfarger\/uula-grafitfarg\/"]}]},{"@type":"BreadcrumbList","@id":"https:\/\/uula.kajahdusdev.fi\/sv\/produkter\/utomhusfarger\/uula-grafitfarg\/#breadcrumb","itemListElement":[{"@type":"ListItem","position":1,"name":"Home","item":"https:\/\/uula.kajahdusdev.fi\/sv\/"},{"@type":"ListItem","position":2,"name":"Maalit ja Tuotteet","item":"https:\/\/uula.kajahdusdev.fi\/tuotteet\/"},{"@type":"ListItem","position":3,"name":"Uula Grafitf\u00e4rg"}]},{"@type":"WebSite","@id":"https:\/\/uula.kajahdusdev.fi\/#website","url":"https:\/\/uula.kajahdusdev.fi\/","name":"Uula","description":"Muovittomat ja hengitt&auml;v&auml;t sis&auml;- ja ulkomaalit","potentialAction":[{"@type":"SearchAction","target":{"@type":"EntryPoint","urlTemplate":"https:\/\/uula.kajahdusdev.fi\/?s={search_term_string}"},"query-input":"required name=search_term_string"}],"inLanguage":"sv-SE"}]}},"_links":{"self":[{"href":"https:\/\/uula.kajahdusdev.fi\/sv\/wp-json\/wp\/v2\/product\/57937"}],"collection":[{"href":"https:\/\/uula.kajahdusdev.fi\/sv\/wp-json\/wp\/v2\/product"}],"about":[{"href":"https:\/\/uula.kajahdusdev.fi\/sv\/wp-json\/wp\/v2\/types\/product"}],"wp:featuredmedia":[{"embeddable":true,"href":"https:\/\/uula.kajahdusdev.fi\/sv\/wp-json\/wp\/v2\/media\/60507"}],"wp:attachment":[{"href":"https:\/\/uula.kajahdusdev.fi\/sv\/wp-json\/wp\/v2\/media?parent=57937"}],"wp:term":[{"taxonomy":"product_cat","embeddable":true,"href":"https:\/\/uula.kajahdusdev.fi\/sv\/wp-json\/wp\/v2\/product_cat?post=57937"},{"taxonomy":"product_tag","embeddable":true,"href":"https:\/\/uula.kajahdusdev.fi\/sv\/wp-json\/wp\/v2\/product_tag?post=57937"}],"curies":[{"name":"wp","href":"https:\/\/api.w.org\/{rel}","templated":true}]}}