{"id":57938,"date":"2017-04-13T12:15:24","date_gmt":"2017-04-13T12:15:24","guid":{"rendered":"https:\/\/uula.kajahdusdev.fi\/tuotteet\/Ei-luokiteltu\/uula-matt-inomhusoljefarg\/"},"modified":"2021-12-21T08:59:39","modified_gmt":"2021-12-21T08:59:39","slug":"uula-matt-inomhusoljefarg","status":"publish","type":"product","link":"https:\/\/uula.kajahdusdev.fi\/sv\/tuotteet\/inomhusfarger\/uula-matt-inomhusoljefarg\/","title":{"rendered":"Uula Matt Inomhusoljef\u00e4rg"},"content":{"rendered":"<h1>Uula Matt Inomhusoljef\u00e4rg \u2013 Oljef\u00e4rg f\u00f6r grundm\u00e5lning av v\u00e4ggar och tak inomhus<\/h1>\n<p>Uula Matt Inomhusoljef\u00e4rg \u00e4r en oljegrundf\u00e4rg f\u00f6r v\u00e4ggar och tak inomhus, vars porositet g\u00f6r att f\u00e4rgytan andas s\u00e4rskilt bra. F\u00e4rgen l\u00e4mpar sig f\u00f6r om\u00e5lade och tidigare m\u00e5lade ytor av tr\u00e4, skivor och stenmaterial. L\u00e4mpar sig inte f\u00f6r d\u00f6rrar och f\u00f6nsterb\u00e5gar eller golv. Kr\u00e4ver n\u00f6dv\u00e4ndigtvis inte separat ytm\u00e5lning.<\/p>\n<p><strong>\u00c5tg\u00e5ng:<\/strong> 6\u20138m<sup>2<\/sup>\/l.<br \/>\n<strong>Torktid:<\/strong> Ber\u00f6ringstorr efter cirka ett dygn. Kan \u00f6verstrykas efter cirka tv\u00e5 dygn.<br \/>\n<strong>F<span style=\"color: #000000;\">\u00f6rtunning<\/span><\/strong><span style=\"color: #000000;\">:\u00a0Uula Universalf\u00f6rtunning<\/span><br \/>\n<span style=\"color: #000000;\"><strong>Nyanser:<\/strong> Vit. Kan nyanseras enligt de ljusa nyanserna p\u00e5 <a style=\"color: #000000;\" href=\"https:\/\/uula.kajahdusdev.fi\/sv\/fargkartor-och-broschyrer\/uula-traditionella-fargkarta\/\">Uula Traditionell F\u00e4rgkarta<\/a>. Det \u00e4r typiskt f\u00f6r oljef\u00e4rger att ljusa nyanser gulnar i m\u00f6rker, och det b\u00f6r beaktas n\u00e4r man v\u00e4ljer nyans. V\u00e4lj alltid nyans i den belysning och i det rum d\u00e4r den kommer att anv\u00e4ndas. Belysningen och f\u00e4rgens glansgrad inverkar p\u00e5 hur vi uppfattar f\u00e4rgen.<\/span><\/p>\n<hr \/>\n<p><img loading=\"lazy\" decoding=\"async\" class=\"aligncenter size-full wp-image-64341\" src=\"https:\/\/uula.kajahdusdev.fi\/wp-content\/uploads\/2019\/02\/Sisakaton-maalaaminen-valkoiseksi-himmealla-maalilla.jpg\" alt=\"\" width=\"1600\" height=\"500\" srcset=\"https:\/\/uula.kajahdusdev.fi\/wp-content\/uploads\/2019\/02\/Sisakaton-maalaaminen-valkoiseksi-himmealla-maalilla.jpg 1600w, https:\/\/uula.kajahdusdev.fi\/wp-content\/uploads\/2019\/02\/Sisakaton-maalaaminen-valkoiseksi-himmealla-maalilla-600x188.jpg 600w, https:\/\/uula.kajahdusdev.fi\/wp-content\/uploads\/2019\/02\/Sisakaton-maalaaminen-valkoiseksi-himmealla-maalilla-1024x320.jpg 1024w, https:\/\/uula.kajahdusdev.fi\/wp-content\/uploads\/2019\/02\/Sisakaton-maalaaminen-valkoiseksi-himmealla-maalilla-768x240.jpg 768w, https:\/\/uula.kajahdusdev.fi\/wp-content\/uploads\/2019\/02\/Sisakaton-maalaaminen-valkoiseksi-himmealla-maalilla-1536x480.jpg 1536w\" sizes=\"(max-width: 1600px) 100vw, 1600px\" \/><\/p>\n<hr \/>\n<p><strong>Tekniska data<\/strong><\/p>\n<p><strong>Plastfri:<\/strong> F\u00e4rgen inneh\u00e5ller inga plastbindemedel. Som bindemedel anv\u00e4nds kokt linolja (fernissa) och som l\u00f6sningsmedel aromatfritt kolv\u00e4tel\u00f6sningsmedel.<br \/>\n<strong>VOC-utsl\u00e4pp: <\/strong>under 350 g\/liter<br \/>\n<strong>M\u00e5lning enligt RYL 2012:s f\u00e4rgproduktgrupp: <\/strong>229.<br \/>\n<strong>Reng\u00f6ring av arbetsredskap: <\/strong>Redskapen reng\u00f6rs med Uula Universal f\u00f6rtunning eller lackbensin och till slut med tv\u00e5l och vatten.<br \/>\n<strong>Lagring och undvikande av milj\u00f6ol\u00e4genheter: <\/strong>F\u00f6rvaras utom r\u00e4ckh\u00e5ll f\u00f6r barn. F\u00f6rvaras torrt och svalt. Fryser ej. Tomma och torra burkar kan f\u00f6ras till insamlingen. Flytande avfall skall f\u00f6ras till den kommunala insamlingen f\u00f6r problemavfall.<\/p>\n<hr \/>\n<h2>Anvisningar<\/h2>\n<p><strong>F\u00f6rbehandling:<\/strong><br \/>\nAvl\u00e4gsna l\u00f6s och avflagnande f\u00e4rg med skrapa. Slipa blanka eller h\u00e5rda ytor str\u00e4va med sandpapper. Reng\u00f6r smutsiga ytor med Uula M\u00e5lartv\u00e4tt och l\u00e5t torka ordentligt. J\u00e4mna ut oj\u00e4mnheter och sprickor.<\/p>\n<p><strong>M\u00e5lningsanvisning:<\/strong><br \/>\nStryk 1\u20132 g\u00e5nger rikligt med Uula Matt Inomhusoljef\u00e4rg. Applicera andra skikt n\u00e4r det f\u00f6rsta har torkat, ifall f\u00e4rgen inte t\u00e4cker tillr\u00e4ckligt. N\u00e4r du m\u00e5lar v\u00e4ldigt por\u00f6sa ytor t.ex. tr\u00e4fiberskiva, f\u00f6rtunna f\u00e4rgen med Uula Oljef\u00e4rgs f\u00f6rtunning 20-30 %.<\/p>\n<hr \/>\n<p><strong>M\u00e5lningstips och saker som ska observeras<\/strong><br \/>\nBlanda f\u00e4rgen omsorgsfullt alltid f\u00f6re och under anv\u00e4ndning. F\u00f6r att undvika nyansskillnader, blanda i samma k\u00e4rl den m\u00e4ngd f\u00e4rg som beh\u00f6vs f\u00f6r en enhetlig yta. Behandla ocks\u00e5 tr\u00e4ets snittytor omsorgsfullt.<br \/>\nDet \u00e4r typiskt f\u00f6r oljef\u00e4rg att den gulnar i m\u00f6rker.<br \/>\nOm n\u00e5got \u00e4r oklart, v\u00e4nd dig till tillverkaren eller en sakkunnig \u00e5terf\u00f6rs\u00e4ljare innan du p\u00e5b\u00f6rjar arbetet.<\/p>\n","protected":false},"excerpt":{"rendered":"<p>Uula Matt Inomhusoljef\u00e4rg \u00e4r en oljegrundf\u00e4rg f\u00f6r v\u00e4ggar och tak inomhus, vars porositet g\u00f6r att f\u00e4rgytan andas s\u00e4rskilt bra. F\u00e4rgen l\u00e4mpar sig f\u00f6r om\u00e5lade och tidigare m\u00e5lade ytor av tr\u00e4, skivor och stenmaterial.<\/p>\n","protected":false},"featured_media":68162,"template":"","meta":[],"product_cat":[1960],"product_tag":[],"bundle_layout":"","bundle_add_to_cart_form_location":"","bundle_editable_in_cart":false,"bundle_sold_individually_context":"","bundle_item_grouping":"","bundle_min_size":"","bundle_max_size":"","bundled_by":[],"bundled_items":[],"yoast_head":"<!-- This site is optimized with the Yoast SEO plugin v19.9 - https:\/\/yoast.com\/wordpress\/plugins\/seo\/ -->\n<title>Uula Matt Inomhusoljef\u00e4rg | Traditionell Matt Oljef\u00e4rg | Uula<\/title>\n<meta name=\"description\" content=\"Uula Matt Inomhusoljef\u00e4rg. Traditionell oljegrundf\u00e4rg f\u00f6r v\u00e4gg- och takytor inomhus. T\u00e4cker v\u00e4l och ger en slitstark yta som andas.\" \/>\n<meta name=\"robots\" content=\"noindex, follow, max-snippet:-1, max-image-preview:large, max-video-preview:-1\" \/>\n<meta property=\"og:locale\" content=\"sv_SE\" \/>\n<meta property=\"og:type\" content=\"article\" \/>\n<meta property=\"og:title\" content=\"Uula Matt Inomhusoljef\u00e4rg | Traditionell Matt Oljef\u00e4rg | Uula\" \/>\n<meta property=\"og:description\" content=\"Uula Matt Inomhusoljef\u00e4rg. Traditionell oljegrundf\u00e4rg f\u00f6r v\u00e4gg- och takytor inomhus. T\u00e4cker v\u00e4l och ger en slitstark yta som andas.\" \/>\n<meta property=\"og:url\" content=\"https:\/\/uula.kajahdusdev.fi\/sv\/produkter\/inomhusfarger\/uula-matt-inomhusoljefarg\/\" \/>\n<meta property=\"og:site_name\" content=\"Uula\" \/>\n<meta property=\"article:modified_time\" content=\"2021-12-21T08:59:39+00:00\" \/>\n<meta property=\"og:image\" content=\"https:\/\/uula.kajahdusdev.fi\/wp-content\/uploads\/2017\/04\/Sis\u00e4\u00f6ljymaali.jpg\" \/>\n\t<meta property=\"og:image:width\" content=\"1200\" \/>\n\t<meta property=\"og:image:height\" content=\"1200\" \/>\n\t<meta property=\"og:image:type\" content=\"image\/jpeg\" \/>\n<meta name=\"twitter:card\" content=\"summary_large_image\" \/>\n<meta name=\"twitter:label1\" content=\"Ber\u00e4knad l\u00e4stid\" \/>\n\t<meta name=\"twitter:data1\" content=\"1 minut\" \/>\n<script type=\"application\/ld+json\" class=\"yoast-schema-graph\">{\"@context\":\"https:\/\/schema.org\",\"@graph\":[{\"@type\":\"WebPage\",\"@id\":\"https:\/\/uula.kajahdusdev.fi\/sv\/produkter\/inomhusfarger\/uula-matt-inomhusoljefarg\/\",\"url\":\"https:\/\/uula.kajahdusdev.fi\/sv\/produkter\/inomhusfarger\/uula-matt-inomhusoljefarg\/\",\"name\":\"Uula Matt Inomhusoljef\u00e4rg | Traditionell Matt Oljef\u00e4rg | Uula\",\"isPartOf\":{\"@id\":\"https:\/\/uula.kajahdusdev.fi\/#website\"},\"datePublished\":\"2017-04-13T12:15:24+00:00\",\"dateModified\":\"2021-12-21T08:59:39+00:00\",\"description\":\"Uula Matt Inomhusoljef\u00e4rg. Traditionell oljegrundf\u00e4rg f\u00f6r v\u00e4gg- och takytor inomhus. T\u00e4cker v\u00e4l och ger en slitstark yta som andas.\",\"breadcrumb\":{\"@id\":\"https:\/\/uula.kajahdusdev.fi\/sv\/produkter\/inomhusfarger\/uula-matt-inomhusoljefarg\/#breadcrumb\"},\"inLanguage\":\"sv-SE\",\"potentialAction\":[{\"@type\":\"ReadAction\",\"target\":[\"https:\/\/uula.kajahdusdev.fi\/sv\/produkter\/inomhusfarger\/uula-matt-inomhusoljefarg\/\"]}]},{\"@type\":\"BreadcrumbList\",\"@id\":\"https:\/\/uula.kajahdusdev.fi\/sv\/produkter\/inomhusfarger\/uula-matt-inomhusoljefarg\/#breadcrumb\",\"itemListElement\":[{\"@type\":\"ListItem\",\"position\":1,\"name\":\"Home\",\"item\":\"https:\/\/uula.kajahdusdev.fi\/sv\/\"},{\"@type\":\"ListItem\",\"position\":2,\"name\":\"Maalit ja Tuotteet\",\"item\":\"https:\/\/uula.kajahdusdev.fi\/tuotteet\/\"},{\"@type\":\"ListItem\",\"position\":3,\"name\":\"Uula Matt Inomhusoljef\u00e4rg\"}]},{\"@type\":\"WebSite\",\"@id\":\"https:\/\/uula.kajahdusdev.fi\/#website\",\"url\":\"https:\/\/uula.kajahdusdev.fi\/\",\"name\":\"Uula\",\"description\":\"Muovittomat ja hengitt&auml;v&auml;t sis&auml;- ja ulkomaalit\",\"potentialAction\":[{\"@type\":\"SearchAction\",\"target\":{\"@type\":\"EntryPoint\",\"urlTemplate\":\"https:\/\/uula.kajahdusdev.fi\/?s={search_term_string}\"},\"query-input\":\"required name=search_term_string\"}],\"inLanguage\":\"sv-SE\"}]}<\/script>\n<!-- \/ Yoast SEO plugin. -->","yoast_head_json":{"title":"Uula Matt Inomhusoljef\u00e4rg | Traditionell Matt Oljef\u00e4rg | Uula","description":"Uula Matt Inomhusoljef\u00e4rg. Traditionell oljegrundf\u00e4rg f\u00f6r v\u00e4gg- och takytor inomhus. T\u00e4cker v\u00e4l och ger en slitstark yta som andas.","robots":{"index":"noindex","follow":"follow","max-snippet":"max-snippet:-1","max-image-preview":"max-image-preview:large","max-video-preview":"max-video-preview:-1"},"og_locale":"sv_SE","og_type":"article","og_title":"Uula Matt Inomhusoljef\u00e4rg | Traditionell Matt Oljef\u00e4rg | Uula","og_description":"Uula Matt Inomhusoljef\u00e4rg. Traditionell oljegrundf\u00e4rg f\u00f6r v\u00e4gg- och takytor inomhus. T\u00e4cker v\u00e4l och ger en slitstark yta som andas.","og_url":"https:\/\/uula.kajahdusdev.fi\/sv\/produkter\/inomhusfarger\/uula-matt-inomhusoljefarg\/","og_site_name":"Uula","article_modified_time":"2021-12-21T08:59:39+00:00","og_image":[{"width":1200,"height":1200,"type":"image\/jpeg","url":"https:\/\/uula.kajahdusdev.fi\/wp-content\/uploads\/2017\/04\/Sis\u00e4\u00f6ljymaali.jpg"}],"twitter_card":"summary_large_image","twitter_misc":{"Ber\u00e4knad l\u00e4stid":"1 minut"},"schema":{"@context":"https:\/\/schema.org","@graph":[{"@type":"WebPage","@id":"https:\/\/uula.kajahdusdev.fi\/sv\/produkter\/inomhusfarger\/uula-matt-inomhusoljefarg\/","url":"https:\/\/uula.kajahdusdev.fi\/sv\/produkter\/inomhusfarger\/uula-matt-inomhusoljefarg\/","name":"Uula Matt Inomhusoljef\u00e4rg | Traditionell Matt Oljef\u00e4rg | Uula","isPartOf":{"@id":"https:\/\/uula.kajahdusdev.fi\/#website"},"datePublished":"2017-04-13T12:15:24+00:00","dateModified":"2021-12-21T08:59:39+00:00","description":"Uula Matt Inomhusoljef\u00e4rg. Traditionell oljegrundf\u00e4rg f\u00f6r v\u00e4gg- och takytor inomhus. T\u00e4cker v\u00e4l och ger en slitstark yta som andas.","breadcrumb":{"@id":"https:\/\/uula.kajahdusdev.fi\/sv\/produkter\/inomhusfarger\/uula-matt-inomhusoljefarg\/#breadcrumb"},"inLanguage":"sv-SE","potentialAction":[{"@type":"ReadAction","target":["https:\/\/uula.kajahdusdev.fi\/sv\/produkter\/inomhusfarger\/uula-matt-inomhusoljefarg\/"]}]},{"@type":"BreadcrumbList","@id":"https:\/\/uula.kajahdusdev.fi\/sv\/produkter\/inomhusfarger\/uula-matt-inomhusoljefarg\/#breadcrumb","itemListElement":[{"@type":"ListItem","position":1,"name":"Home","item":"https:\/\/uula.kajahdusdev.fi\/sv\/"},{"@type":"ListItem","position":2,"name":"Maalit ja Tuotteet","item":"https:\/\/uula.kajahdusdev.fi\/tuotteet\/"},{"@type":"ListItem","position":3,"name":"Uula Matt Inomhusoljef\u00e4rg"}]},{"@type":"WebSite","@id":"https:\/\/uula.kajahdusdev.fi\/#website","url":"https:\/\/uula.kajahdusdev.fi\/","name":"Uula","description":"Muovittomat ja hengitt&auml;v&auml;t sis&auml;- ja ulkomaalit","potentialAction":[{"@type":"SearchAction","target":{"@type":"EntryPoint","urlTemplate":"https:\/\/uula.kajahdusdev.fi\/?s={search_term_string}"},"query-input":"required name=search_term_string"}],"inLanguage":"sv-SE"}]}},"_links":{"self":[{"href":"https:\/\/uula.kajahdusdev.fi\/sv\/wp-json\/wp\/v2\/product\/57938"}],"collection":[{"href":"https:\/\/uula.kajahdusdev.fi\/sv\/wp-json\/wp\/v2\/product"}],"about":[{"href":"https:\/\/uula.kajahdusdev.fi\/sv\/wp-json\/wp\/v2\/types\/product"}],"wp:featuredmedia":[{"embeddable":true,"href":"https:\/\/uula.kajahdusdev.fi\/sv\/wp-json\/wp\/v2\/media\/68162"}],"wp:attachment":[{"href":"https:\/\/uula.kajahdusdev.fi\/sv\/wp-json\/wp\/v2\/media?parent=57938"}],"wp:term":[{"taxonomy":"product_cat","embeddable":true,"href":"https:\/\/uula.kajahdusdev.fi\/sv\/wp-json\/wp\/v2\/product_cat?post=57938"},{"taxonomy":"product_tag","embeddable":true,"href":"https:\/\/uula.kajahdusdev.fi\/sv\/wp-json\/wp\/v2\/product_tag?post=57938"}],"curies":[{"name":"wp","href":"https:\/\/api.w.org\/{rel}","templated":true}]}}