{"id":57939,"date":"2018-03-07T09:37:57","date_gmt":"2018-03-07T09:37:57","guid":{"rendered":"https:\/\/uula.kajahdusdev.fi\/tuotteet\/Ei-luokiteltu\/uula-mogeltvatt\/"},"modified":"2021-12-08T11:11:44","modified_gmt":"2021-12-08T11:11:44","slug":"uula-mogeltvatt","status":"publish","type":"product","link":"https:\/\/uula.kajahdusdev.fi\/sv\/tuotteet\/ovriga-produkter\/uula-mogeltvatt\/","title":{"rendered":"Uula M\u00f6geltv\u00e4tt"},"content":{"rendered":"<h1>Uula M\u00f6geltv\u00e4tt \u2013 F\u00f6r reng\u00f6ring och underh\u00e5llstv\u00e4tt av utomhusytor<\/h1>\n<p>Uula M\u00f6geltv\u00e4tt \u00e4r ett alkaliskt reng\u00f6ringsmedel f\u00f6r utomhusbruk som utrotar mikrobv\u00e4xtlighet. (m\u00f6gel-, alg- och svampf\u00f6rekomst). Uula M\u00f6geltv\u00e4tt l\u00e4mpar sig f\u00f6r underh\u00e5llstv\u00e4tt och reng\u00f6ring f\u00f6re m\u00e5lning av alla utomhusytor som blir naturligt smutsiga och kr\u00e4ver reng\u00f6ring. Anv\u00e4ndningsomr\u00e5den \u00e4r bland annat m\u00e5lade tr\u00e4ytor utomhus, utomhusm\u00f6bler av plast och tr\u00e4, takr\u00e4nnor mm.<\/p>\n<hr \/>\n<p><img loading=\"lazy\" decoding=\"async\" class=\"aligncenter size-full wp-image-64542\" src=\"https:\/\/uula.kajahdusdev.fi\/wp-content\/uploads\/2017\/04\/pesuaine-ulkopinnalla.jpg\" alt=\"\" width=\"1600\" height=\"500\" srcset=\"https:\/\/uula.kajahdusdev.fi\/wp-content\/uploads\/2017\/04\/pesuaine-ulkopinnalla.jpg 1600w, https:\/\/uula.kajahdusdev.fi\/wp-content\/uploads\/2017\/04\/pesuaine-ulkopinnalla-600x188.jpg 600w, https:\/\/uula.kajahdusdev.fi\/wp-content\/uploads\/2017\/04\/pesuaine-ulkopinnalla-1024x320.jpg 1024w, https:\/\/uula.kajahdusdev.fi\/wp-content\/uploads\/2017\/04\/pesuaine-ulkopinnalla-768x240.jpg 768w, https:\/\/uula.kajahdusdev.fi\/wp-content\/uploads\/2017\/04\/pesuaine-ulkopinnalla-1536x480.jpg 1536w\" sizes=\"(max-width: 1600px) 100vw, 1600px\" \/><\/p>\n<hr \/>\n<p><strong>Bruksanvisning<\/strong><\/p>\n<ul>\n<li>Appliceras p\u00e5 ytan med svamp, trasa, borste eller l\u00e5gtrycksspruta.<\/li>\n<li>Reng\u00f6ringen av mycket smutsiga ytor och ytor med ingrodd smuts kan f\u00f6rb\u00e4ttras genom att borsta.<\/li>\n<li>L\u00e5t verka cirka 10 minuter och sk\u00f6lj med varmt vatten.<\/li>\n<li>L\u00e5t de rengjorda ytorna torka v\u00e4l f\u00f6re m\u00e5lning.<\/li>\n<li>En rengjord yta kan behandlas med alla slags m\u00e5larf\u00e4rger och tr\u00e4skyddsmedel.<\/li>\n<\/ul>\n<hr \/>\n<h2>M\u00f6gel p\u00e5 ytor utomhus<\/h2>\n<p>M\u00f6gelsvamp trivs n\u00e4r det \u00e4r fuktigt och varmt, vilket inneb\u00e4r att risken f\u00f6r m\u00f6gel \u00f6kar under de \u00e5r d\u00e5 h\u00f6sten \u00e4r l\u00e5ng och regnig och vintern \u00e4r varm. Under en varm vinter \u00e4r luftens relativa fuktighet betydligt h\u00f6gre \u00e4n under en normal kall vinter. Dessutom \u00f6kar industriell torkning av tr\u00e4 m\u00e4rkbart risken f\u00f6r m\u00f6gel, och likas\u00e5 n\u00e4r tr\u00e4den f\u00e4lls vid fel \u00e5rstid.<\/p>\n<p>F\u00f6rekomsten av m\u00f6gelsvamp och dess livsf\u00f6rh\u00e5llanden varierar mellan angr\u00e4nsande hus och till med mellan husets olika delar. Takf\u00f6tter och \u00f6ppna farstur m\u00f6glar l\u00e4ttare \u00e4n ytor inomhus, eftersom fukten avdunstar l\u00e5ngsammare till f\u00f6ljd av s\u00e4mre ventilation. \u00c4ven olika buskar och tr\u00e4d omkring huset fr\u00e4mjar m\u00f6gelbildning.<\/p>\n<p>I egenskap av naturmaterial \u00e4r tr\u00e4 aldrig av j\u00e4mn kvalitet, utan m\u00e4ngden extraktiv\u00e4mnen och antalet m\u00f6gelsporer kan variera i samma leveransparti eller till och med i samma br\u00e4da. M\u00f6gelbildning p\u00e5 byggnadernas utomhusytor \u00e4r ett naturfenomen till f\u00f6ljd av milj\u00f6f\u00f6rh\u00e5llanden och inte n\u00e5got som orsakas av m\u00e5larf\u00e4rgen. M\u00f6gel v\u00e4xer p\u00e5 tr\u00e4ytan men f\u00f6rst\u00f6r inte virket, vilket inneb\u00e4r att ol\u00e4genheten n\u00e4rmast \u00e4r estetisk. M\u00f6gelkan avl\u00e4gsnas genom att reng\u00f6ra ytan.<\/p>\n","protected":false},"excerpt":{"rendered":"<p>M\u00f6geltv\u00e4tt \u00e4r ett alkaliskt reng\u00f6ringsmedel f\u00f6r utomhusbruk som utrotar mikrobv\u00e4xtlighet.<\/p>\n","protected":false},"featured_media":60538,"template":"","meta":[],"product_cat":[1957],"product_tag":[],"bundle_layout":"","bundle_add_to_cart_form_location":"","bundle_editable_in_cart":false,"bundle_sold_individually_context":"","bundle_item_grouping":"","bundle_min_size":"","bundle_max_size":"","bundled_by":[],"bundled_items":[],"yoast_head":"<!-- This site is optimized with the Yoast SEO plugin v19.9 - https:\/\/yoast.com\/wordpress\/plugins\/seo\/ -->\n<title>Uula M\u00f6geltv\u00e4tt | L\u00e4mpar sig underh\u00e5llstv\u00e4tt av alla utomhusytor. | Uula<\/title>\n<meta name=\"description\" content=\"Uula M\u00f6geltv\u00e4tt l\u00e4mpar sig f\u00f6r underh\u00e5llstv\u00e4tt och reng\u00f6ring f\u00f6re m\u00e5lning av alla utomhusytor som blir naturligt smutsiga och kr\u00e4ver reng\u00f6ring\" \/>\n<meta name=\"robots\" content=\"noindex, follow, max-snippet:-1, max-image-preview:large, max-video-preview:-1\" \/>\n<meta property=\"og:locale\" content=\"sv_SE\" \/>\n<meta property=\"og:type\" content=\"article\" \/>\n<meta property=\"og:title\" content=\"Uula M\u00f6geltv\u00e4tt | L\u00e4mpar sig underh\u00e5llstv\u00e4tt av alla utomhusytor. | Uula\" \/>\n<meta property=\"og:description\" content=\"Uula M\u00f6geltv\u00e4tt l\u00e4mpar sig f\u00f6r underh\u00e5llstv\u00e4tt och reng\u00f6ring f\u00f6re m\u00e5lning av alla utomhusytor som blir naturligt smutsiga och kr\u00e4ver reng\u00f6ring\" \/>\n<meta property=\"og:url\" content=\"https:\/\/uula.kajahdusdev.fi\/sv\/produkter\/ovriga-produkter\/uula-mogeltvatt\/\" \/>\n<meta property=\"og:site_name\" content=\"Uula\" \/>\n<meta property=\"article:modified_time\" content=\"2021-12-08T11:11:44+00:00\" \/>\n<meta property=\"og:image\" content=\"https:\/\/uula.kajahdusdev.fi\/wp-content\/uploads\/2018\/03\/Homepesu_5L-2.jpg\" \/>\n\t<meta property=\"og:image:width\" content=\"1200\" \/>\n\t<meta property=\"og:image:height\" content=\"1200\" \/>\n\t<meta property=\"og:image:type\" content=\"image\/jpeg\" \/>\n<meta name=\"twitter:card\" content=\"summary_large_image\" \/>\n<meta name=\"twitter:label1\" content=\"Ber\u00e4knad l\u00e4stid\" \/>\n\t<meta name=\"twitter:data1\" content=\"2 minuter\" \/>\n<script type=\"application\/ld+json\" class=\"yoast-schema-graph\">{\"@context\":\"https:\/\/schema.org\",\"@graph\":[{\"@type\":\"WebPage\",\"@id\":\"https:\/\/uula.kajahdusdev.fi\/sv\/produkter\/ovriga-produkter\/uula-mogeltvatt\/\",\"url\":\"https:\/\/uula.kajahdusdev.fi\/sv\/produkter\/ovriga-produkter\/uula-mogeltvatt\/\",\"name\":\"Uula M\u00f6geltv\u00e4tt | L\u00e4mpar sig underh\u00e5llstv\u00e4tt av alla utomhusytor. | Uula\",\"isPartOf\":{\"@id\":\"https:\/\/uula.kajahdusdev.fi\/#website\"},\"datePublished\":\"2018-03-07T09:37:57+00:00\",\"dateModified\":\"2021-12-08T11:11:44+00:00\",\"description\":\"Uula M\u00f6geltv\u00e4tt l\u00e4mpar sig f\u00f6r underh\u00e5llstv\u00e4tt och reng\u00f6ring f\u00f6re m\u00e5lning av alla utomhusytor som blir naturligt smutsiga och kr\u00e4ver reng\u00f6ring\",\"breadcrumb\":{\"@id\":\"https:\/\/uula.kajahdusdev.fi\/sv\/produkter\/ovriga-produkter\/uula-mogeltvatt\/#breadcrumb\"},\"inLanguage\":\"sv-SE\",\"potentialAction\":[{\"@type\":\"ReadAction\",\"target\":[\"https:\/\/uula.kajahdusdev.fi\/sv\/produkter\/ovriga-produkter\/uula-mogeltvatt\/\"]}]},{\"@type\":\"BreadcrumbList\",\"@id\":\"https:\/\/uula.kajahdusdev.fi\/sv\/produkter\/ovriga-produkter\/uula-mogeltvatt\/#breadcrumb\",\"itemListElement\":[{\"@type\":\"ListItem\",\"position\":1,\"name\":\"Home\",\"item\":\"https:\/\/uula.kajahdusdev.fi\/sv\/\"},{\"@type\":\"ListItem\",\"position\":2,\"name\":\"Maalit ja Tuotteet\",\"item\":\"https:\/\/uula.kajahdusdev.fi\/tuotteet\/\"},{\"@type\":\"ListItem\",\"position\":3,\"name\":\"Uula M\u00f6geltv\u00e4tt\"}]},{\"@type\":\"WebSite\",\"@id\":\"https:\/\/uula.kajahdusdev.fi\/#website\",\"url\":\"https:\/\/uula.kajahdusdev.fi\/\",\"name\":\"Uula\",\"description\":\"Muovittomat ja hengitt&auml;v&auml;t sis&auml;- ja ulkomaalit\",\"potentialAction\":[{\"@type\":\"SearchAction\",\"target\":{\"@type\":\"EntryPoint\",\"urlTemplate\":\"https:\/\/uula.kajahdusdev.fi\/?s={search_term_string}\"},\"query-input\":\"required name=search_term_string\"}],\"inLanguage\":\"sv-SE\"}]}<\/script>\n<!-- \/ Yoast SEO plugin. -->","yoast_head_json":{"title":"Uula M\u00f6geltv\u00e4tt | L\u00e4mpar sig underh\u00e5llstv\u00e4tt av alla utomhusytor. | Uula","description":"Uula M\u00f6geltv\u00e4tt l\u00e4mpar sig f\u00f6r underh\u00e5llstv\u00e4tt och reng\u00f6ring f\u00f6re m\u00e5lning av alla utomhusytor som blir naturligt smutsiga och kr\u00e4ver reng\u00f6ring","robots":{"index":"noindex","follow":"follow","max-snippet":"max-snippet:-1","max-image-preview":"max-image-preview:large","max-video-preview":"max-video-preview:-1"},"og_locale":"sv_SE","og_type":"article","og_title":"Uula M\u00f6geltv\u00e4tt | L\u00e4mpar sig underh\u00e5llstv\u00e4tt av alla utomhusytor. | Uula","og_description":"Uula M\u00f6geltv\u00e4tt l\u00e4mpar sig f\u00f6r underh\u00e5llstv\u00e4tt och reng\u00f6ring f\u00f6re m\u00e5lning av alla utomhusytor som blir naturligt smutsiga och kr\u00e4ver reng\u00f6ring","og_url":"https:\/\/uula.kajahdusdev.fi\/sv\/produkter\/ovriga-produkter\/uula-mogeltvatt\/","og_site_name":"Uula","article_modified_time":"2021-12-08T11:11:44+00:00","og_image":[{"width":1200,"height":1200,"type":"image\/jpeg","url":"https:\/\/uula.kajahdusdev.fi\/wp-content\/uploads\/2018\/03\/Homepesu_5L-2.jpg"}],"twitter_card":"summary_large_image","twitter_misc":{"Ber\u00e4knad l\u00e4stid":"2 minuter"},"schema":{"@context":"https:\/\/schema.org","@graph":[{"@type":"WebPage","@id":"https:\/\/uula.kajahdusdev.fi\/sv\/produkter\/ovriga-produkter\/uula-mogeltvatt\/","url":"https:\/\/uula.kajahdusdev.fi\/sv\/produkter\/ovriga-produkter\/uula-mogeltvatt\/","name":"Uula M\u00f6geltv\u00e4tt | L\u00e4mpar sig underh\u00e5llstv\u00e4tt av alla utomhusytor. | Uula","isPartOf":{"@id":"https:\/\/uula.kajahdusdev.fi\/#website"},"datePublished":"2018-03-07T09:37:57+00:00","dateModified":"2021-12-08T11:11:44+00:00","description":"Uula M\u00f6geltv\u00e4tt l\u00e4mpar sig f\u00f6r underh\u00e5llstv\u00e4tt och reng\u00f6ring f\u00f6re m\u00e5lning av alla utomhusytor som blir naturligt smutsiga och kr\u00e4ver reng\u00f6ring","breadcrumb":{"@id":"https:\/\/uula.kajahdusdev.fi\/sv\/produkter\/ovriga-produkter\/uula-mogeltvatt\/#breadcrumb"},"inLanguage":"sv-SE","potentialAction":[{"@type":"ReadAction","target":["https:\/\/uula.kajahdusdev.fi\/sv\/produkter\/ovriga-produkter\/uula-mogeltvatt\/"]}]},{"@type":"BreadcrumbList","@id":"https:\/\/uula.kajahdusdev.fi\/sv\/produkter\/ovriga-produkter\/uula-mogeltvatt\/#breadcrumb","itemListElement":[{"@type":"ListItem","position":1,"name":"Home","item":"https:\/\/uula.kajahdusdev.fi\/sv\/"},{"@type":"ListItem","position":2,"name":"Maalit ja Tuotteet","item":"https:\/\/uula.kajahdusdev.fi\/tuotteet\/"},{"@type":"ListItem","position":3,"name":"Uula M\u00f6geltv\u00e4tt"}]},{"@type":"WebSite","@id":"https:\/\/uula.kajahdusdev.fi\/#website","url":"https:\/\/uula.kajahdusdev.fi\/","name":"Uula","description":"Muovittomat ja hengitt&auml;v&auml;t sis&auml;- ja ulkomaalit","potentialAction":[{"@type":"SearchAction","target":{"@type":"EntryPoint","urlTemplate":"https:\/\/uula.kajahdusdev.fi\/?s={search_term_string}"},"query-input":"required name=search_term_string"}],"inLanguage":"sv-SE"}]}},"_links":{"self":[{"href":"https:\/\/uula.kajahdusdev.fi\/sv\/wp-json\/wp\/v2\/product\/57939"}],"collection":[{"href":"https:\/\/uula.kajahdusdev.fi\/sv\/wp-json\/wp\/v2\/product"}],"about":[{"href":"https:\/\/uula.kajahdusdev.fi\/sv\/wp-json\/wp\/v2\/types\/product"}],"wp:featuredmedia":[{"embeddable":true,"href":"https:\/\/uula.kajahdusdev.fi\/sv\/wp-json\/wp\/v2\/media\/60538"}],"wp:attachment":[{"href":"https:\/\/uula.kajahdusdev.fi\/sv\/wp-json\/wp\/v2\/media?parent=57939"}],"wp:term":[{"taxonomy":"product_cat","embeddable":true,"href":"https:\/\/uula.kajahdusdev.fi\/sv\/wp-json\/wp\/v2\/product_cat?post=57939"},{"taxonomy":"product_tag","embeddable":true,"href":"https:\/\/uula.kajahdusdev.fi\/sv\/wp-json\/wp\/v2\/product_tag?post=57939"}],"curies":[{"name":"wp","href":"https:\/\/api.w.org\/{rel}","templated":true}]}}