{"id":57942,"date":"2017-04-27T12:21:00","date_gmt":"2017-04-27T12:21:00","guid":{"rendered":"https:\/\/uula.kajahdusdev.fi\/tuotteet\/Ei-luokiteltu\/uula-slamfarg-akta-rodmylla\/"},"modified":"2021-12-21T09:21:38","modified_gmt":"2021-12-21T09:21:38","slug":"uula-slamfarg-akta-rodmylla","status":"publish","type":"product","link":"https:\/\/uula.kajahdusdev.fi\/sv\/tuotteet\/utomhusfarger\/uula-slamfarg-akta-rodmylla\/","title":{"rendered":"Uula Slamf\u00e4rg &#8211; \u00c4kta R\u00f6dmylla"},"content":{"rendered":"<h1>Uula Slamf\u00e4rg &#8211; \u00c4kta R\u00f6dmylla \u2013 Traditionellt kokad f\u00e4rg f\u00f6r tr\u00e4ytor utomhus<\/h1>\n<p>Uula Slamf\u00e4rg &#8211; \u00c4kta R\u00f6dmylla \u00e4r r\u00f6d- eller gulmylla traditionellt tillverkad genom att koka<span style=\"color: #000000;\"> <a style=\"color: #000000;\" href=\"https:\/\/uula.kajahdusdev.fi\/sv\/produktkategori\/pigments-sv\/\">jordf\u00e4rgspigment<\/a>, vetemj\u00f6l och <a style=\"color: #000000;\" href=\"https:\/\/uula.kajahdusdev.fi\/sv\/produkter\/fortunningsmedel-olja-tjara-lack\/uula-kokt-linolja\/\">Fernissa<\/a>. <\/span>F\u00e4rgen andas och \u00e4r en trygg naturprodukt som t\u00e4cker med en strykning och \u00e4r enkel att applicera. F\u00e4rgytan \u00e4r matt och \u00e5ldras vackert, och f\u00e4rgen l\u00e5ter tr\u00e4et andas varvid tr\u00e4konstruktionen h\u00e5lls frisk.<\/p>\n<p>Anv\u00e4ndningsomr\u00e5den \u00e4r nya och gamla stock- och s\u00e5gade tr\u00e4ytor utomhus. F\u00e4rgen l\u00e4mpar sig f\u00f6r om\u00e5lade ytor och ytor som tidigare har m\u00e5lats med \u00e4kta slamf\u00e4rg. Slamf\u00e4rg l\u00e4mpar sig \u00e4ven f\u00f6r ytor av hyvlad stock eller hyvlade br\u00e4dor (se behandlingsanvisningarna*).<\/p>\n<p><strong>\u00c5tg\u00e5ng:<\/strong> 3\u20135 m<sup>2<\/sup>\/l.<br \/>\n<strong>Torktid:<\/strong> Ber\u00f6ringstorr efter ca 1\u20132 h<br \/>\n<strong>F\u00f6rtunning<\/strong>: Vatten<br \/>\n<strong>F\u00e4rger:<\/strong> Du kan v\u00e4lja mellan \u00e5tta olika nyanser, av vilka de mest popul\u00e4ra \u00e4r<span style=\"color: #000000;\"> <a style=\"color: #000000;\" href=\"https:\/\/uula.kajahdusdev.fi\/sv\/fargkartor-och-broschyrer\/uula-slamfargsnyanser\/\">Italienr\u00f6d, Falur\u00f6d och Gulockra<\/a>.<\/span><\/p>\n<hr \/>\n<p><img loading=\"lazy\" decoding=\"async\" class=\"aligncenter size-full wp-image-64517\" src=\"https:\/\/uula.kajahdusdev.fi\/wp-content\/uploads\/2017\/04\/punamultamaalilla-maalattu-ovi.jpg\" alt=\"\" width=\"1600\" height=\"500\" srcset=\"https:\/\/uula.kajahdusdev.fi\/wp-content\/uploads\/2017\/04\/punamultamaalilla-maalattu-ovi.jpg 1600w, https:\/\/uula.kajahdusdev.fi\/wp-content\/uploads\/2017\/04\/punamultamaalilla-maalattu-ovi-600x188.jpg 600w, https:\/\/uula.kajahdusdev.fi\/wp-content\/uploads\/2017\/04\/punamultamaalilla-maalattu-ovi-1024x320.jpg 1024w, https:\/\/uula.kajahdusdev.fi\/wp-content\/uploads\/2017\/04\/punamultamaalilla-maalattu-ovi-768x240.jpg 768w, https:\/\/uula.kajahdusdev.fi\/wp-content\/uploads\/2017\/04\/punamultamaalilla-maalattu-ovi-1536x480.jpg 1536w\" sizes=\"(max-width: 1600px) 100vw, 1600px\" \/><\/p>\n<hr \/>\n<h2>Anvisning f\u00f6r behandling av nya hyvlad stock och hyvlade br\u00e4dor<\/h2>\n<p>\u2022 <strong>Alternativ 1<\/strong>. Nya ytor p\u00e5 hyvlad stock och hyvlade br\u00e4dor kan m\u00e5las direkt som nya en g\u00e5ng med slamf\u00e4rg som har sp\u00e4tts ut 1:1 med Uula M\u00f6gelskydd. \u00d6verstrykning tidigast efter ett \u00e5r.<br \/>\n\u2022 <strong>Alternativ 2.<\/strong> Nya ytor p\u00e5 hyvlad stock och hyvlade br\u00e4dor slipas str\u00e4va med sandpapper. Den str\u00e4va ytan behandlas med Uula M\u00f6gelskydd enligt anvisningarna. M\u00e5la en g\u00e5ng med rikligt med f\u00e4rg.<br \/>\n\u2022<strong> Alternativ 3.<\/strong> Nya ytor p\u00e5 hyvlad stock och hyvlade br\u00e4dor behandlas med Uula M\u00f6gelskydd. Ytan f\u00e5r \u00e5ldras i 1\u20132 \u00e5r, varefter den m\u00e5las en g\u00e5ng med rikligt med f\u00e4rg. Kom ih\u00e5g att vid behov reng\u00f6ra ytan och skyddsbehandla den med Uula M\u00f6gelskydd f\u00f6re m\u00e5lning.<\/p>\n<hr \/>\n\n\t\t<style type=\"text\/css\">\n\t\t\t#gallery-1 {\n\t\t\t\tmargin: auto;\n\t\t\t}\n\t\t\t#gallery-1 .gallery-item {\n\t\t\t\tfloat: left;\n\t\t\t\tmargin-top: 10px;\n\t\t\t\ttext-align: center;\n\t\t\t\twidth: 12%;\n\t\t\t}\n\t\t\t#gallery-1 img {\n\t\t\t\tborder: 2px solid #cfcfcf;\n\t\t\t}\n\t\t\t#gallery-1 .gallery-caption {\n\t\t\t\tmargin-left: 0;\n\t\t\t}\n\t\t\t\/* see gallery_shortcode() in wp-includes\/media.php *\/\n\t\t<\/style>\n\t\t<div id='gallery-1' class='gallery galleryid-57942 gallery-columns-8 gallery-size-thumbnail'><dl class='gallery-item'>\n\t\t\t<dt class='gallery-icon portrait'>\n\t\t\t\t<a href='https:\/\/uula.kajahdusdev.fi\/wp-content\/uploads\/2017\/04\/km20_21-scaled.jpg'><img loading=\"lazy\" decoding=\"async\" width=\"300\" height=\"300\" src=\"https:\/\/uula.kajahdusdev.fi\/wp-content\/uploads\/2017\/04\/km20_21-300x300.jpg\" class=\"attachment-thumbnail size-thumbnail\" alt=\"Uula Keittomaali 20\/10 2:1\" aria-describedby=\"gallery-1-64524\" srcset=\"https:\/\/uula.kajahdusdev.fi\/wp-content\/uploads\/2017\/04\/km20_21-300x300.jpg 300w, https:\/\/uula.kajahdusdev.fi\/wp-content\/uploads\/2017\/04\/km20_21-20x20.jpg 20w, https:\/\/uula.kajahdusdev.fi\/wp-content\/uploads\/2017\/04\/km20_21-30x30.jpg 30w, https:\/\/uula.kajahdusdev.fi\/wp-content\/uploads\/2017\/04\/km20_21-40x40.jpg 40w, https:\/\/uula.kajahdusdev.fi\/wp-content\/uploads\/2017\/04\/km20_21-400x400.jpg 400w, https:\/\/uula.kajahdusdev.fi\/wp-content\/uploads\/2017\/04\/km20_21-100x100.jpg 100w\" sizes=\"(max-width: 300px) 100vw, 300px\" \/><\/a>\n\t\t\t<\/dt>\n\t\t\t\t<dd class='wp-caption-text gallery-caption' id='gallery-1-64524'>\n\t\t\t\tUula Keittomaali 20\/10 2:1\n\t\t\t\t<\/dd><\/dl><dl class='gallery-item'>\n\t\t\t<dt class='gallery-icon portrait'>\n\t\t\t\t<a href='https:\/\/uula.kajahdusdev.fi\/wp-content\/uploads\/2018\/07\/km20_41-scaled.jpg'><img loading=\"lazy\" decoding=\"async\" width=\"300\" height=\"300\" src=\"https:\/\/uula.kajahdusdev.fi\/wp-content\/uploads\/2018\/07\/km20_41-300x300.jpg\" class=\"attachment-thumbnail size-thumbnail\" alt=\"Uula Keittomaali 20\/10 4:1\" aria-describedby=\"gallery-1-64018\" srcset=\"https:\/\/uula.kajahdusdev.fi\/wp-content\/uploads\/2018\/07\/km20_41-300x300.jpg 300w, https:\/\/uula.kajahdusdev.fi\/wp-content\/uploads\/2018\/07\/km20_41-20x20.jpg 20w, https:\/\/uula.kajahdusdev.fi\/wp-content\/uploads\/2018\/07\/km20_41-30x30.jpg 30w, https:\/\/uula.kajahdusdev.fi\/wp-content\/uploads\/2018\/07\/km20_41-40x40.jpg 40w, https:\/\/uula.kajahdusdev.fi\/wp-content\/uploads\/2018\/07\/km20_41-400x400.jpg 400w, https:\/\/uula.kajahdusdev.fi\/wp-content\/uploads\/2018\/07\/km20_41-100x100.jpg 100w\" sizes=\"(max-width: 300px) 100vw, 300px\" \/><\/a>\n\t\t\t<\/dt>\n\t\t\t\t<dd class='wp-caption-text gallery-caption' id='gallery-1-64018'>\n\t\t\t\tKeittomaali 20\/10 4:1 \n\t\t\t\t<\/dd><\/dl><dl class='gallery-item'>\n\t\t\t<dt class='gallery-icon portrait'>\n\t\t\t\t<a href='https:\/\/uula.kajahdusdev.fi\/wp-content\/uploads\/2017\/04\/km20-scaled.jpg'><img loading=\"lazy\" decoding=\"async\" width=\"300\" height=\"300\" src=\"https:\/\/uula.kajahdusdev.fi\/wp-content\/uploads\/2017\/04\/km20-300x300.jpg\" class=\"attachment-thumbnail size-thumbnail\" alt=\"Uula Keittomaali 20 Keltamulta\" aria-describedby=\"gallery-1-64521\" srcset=\"https:\/\/uula.kajahdusdev.fi\/wp-content\/uploads\/2017\/04\/km20-300x300.jpg 300w, https:\/\/uula.kajahdusdev.fi\/wp-content\/uploads\/2017\/04\/km20-20x20.jpg 20w, https:\/\/uula.kajahdusdev.fi\/wp-content\/uploads\/2017\/04\/km20-30x30.jpg 30w, https:\/\/uula.kajahdusdev.fi\/wp-content\/uploads\/2017\/04\/km20-40x40.jpg 40w, https:\/\/uula.kajahdusdev.fi\/wp-content\/uploads\/2017\/04\/km20-400x400.jpg 400w, https:\/\/uula.kajahdusdev.fi\/wp-content\/uploads\/2017\/04\/km20-100x100.jpg 100w\" sizes=\"(max-width: 300px) 100vw, 300px\" \/><\/a>\n\t\t\t<\/dt>\n\t\t\t\t<dd class='wp-caption-text gallery-caption' id='gallery-1-64521'>\n\t\t\t\tUula Keittomaali 20 Keltamulta\n\t\t\t\t<\/dd><\/dl><dl class='gallery-item'>\n\t\t\t<dt class='gallery-icon portrait'>\n\t\t\t\t<a href='https:\/\/uula.kajahdusdev.fi\/wp-content\/uploads\/2018\/07\/km30-scaled.jpg'><img loading=\"lazy\" decoding=\"async\" width=\"300\" height=\"300\" src=\"https:\/\/uula.kajahdusdev.fi\/wp-content\/uploads\/2018\/07\/km30-300x300.jpg\" class=\"attachment-thumbnail size-thumbnail\" alt=\"Uula Keittomaali 30 Punaokra\" aria-describedby=\"gallery-1-64024\" srcset=\"https:\/\/uula.kajahdusdev.fi\/wp-content\/uploads\/2018\/07\/km30-300x300.jpg 300w, https:\/\/uula.kajahdusdev.fi\/wp-content\/uploads\/2018\/07\/km30-20x20.jpg 20w, https:\/\/uula.kajahdusdev.fi\/wp-content\/uploads\/2018\/07\/km30-30x30.jpg 30w, https:\/\/uula.kajahdusdev.fi\/wp-content\/uploads\/2018\/07\/km30-40x40.jpg 40w, https:\/\/uula.kajahdusdev.fi\/wp-content\/uploads\/2018\/07\/km30-400x400.jpg 400w, https:\/\/uula.kajahdusdev.fi\/wp-content\/uploads\/2018\/07\/km30-100x100.jpg 100w\" sizes=\"(max-width: 300px) 100vw, 300px\" \/><\/a>\n\t\t\t<\/dt>\n\t\t\t\t<dd class='wp-caption-text gallery-caption' id='gallery-1-64024'>\n\t\t\t\tKeittomaali 30 Punaokra\n\t\t\t\t<\/dd><\/dl><dl class='gallery-item'>\n\t\t\t<dt class='gallery-icon portrait'>\n\t\t\t\t<a href='https:\/\/uula.kajahdusdev.fi\/wp-content\/uploads\/2018\/07\/km40-scaled.jpg'><img loading=\"lazy\" decoding=\"async\" width=\"300\" height=\"300\" src=\"https:\/\/uula.kajahdusdev.fi\/wp-content\/uploads\/2018\/07\/km40-300x300.jpg\" class=\"attachment-thumbnail size-thumbnail\" alt=\"Uula Keittomaali 40 Italianpunainen\" aria-describedby=\"gallery-1-64027\" srcset=\"https:\/\/uula.kajahdusdev.fi\/wp-content\/uploads\/2018\/07\/km40-300x300.jpg 300w, https:\/\/uula.kajahdusdev.fi\/wp-content\/uploads\/2018\/07\/km40-20x20.jpg 20w, https:\/\/uula.kajahdusdev.fi\/wp-content\/uploads\/2018\/07\/km40-30x30.jpg 30w, https:\/\/uula.kajahdusdev.fi\/wp-content\/uploads\/2018\/07\/km40-40x40.jpg 40w, https:\/\/uula.kajahdusdev.fi\/wp-content\/uploads\/2018\/07\/km40-400x400.jpg 400w, https:\/\/uula.kajahdusdev.fi\/wp-content\/uploads\/2018\/07\/km40-100x100.jpg 100w\" sizes=\"(max-width: 300px) 100vw, 300px\" \/><\/a>\n\t\t\t<\/dt>\n\t\t\t\t<dd class='wp-caption-text gallery-caption' id='gallery-1-64027'>\n\t\t\t\tKeittomaali 40 Italianpunainen\n\t\t\t\t<\/dd><\/dl><dl class='gallery-item'>\n\t\t\t<dt class='gallery-icon portrait'>\n\t\t\t\t<a href='https:\/\/uula.kajahdusdev.fi\/wp-content\/uploads\/2018\/07\/km42.jpg'><img loading=\"lazy\" decoding=\"async\" width=\"300\" height=\"300\" src=\"https:\/\/uula.kajahdusdev.fi\/wp-content\/uploads\/2018\/07\/km42-300x300.jpg\" class=\"attachment-thumbnail size-thumbnail\" alt=\"Uula Keittomaali 42 Falunpunainen\" aria-describedby=\"gallery-1-64030\" srcset=\"https:\/\/uula.kajahdusdev.fi\/wp-content\/uploads\/2018\/07\/km42-300x300.jpg 300w, https:\/\/uula.kajahdusdev.fi\/wp-content\/uploads\/2018\/07\/km42-20x20.jpg 20w, https:\/\/uula.kajahdusdev.fi\/wp-content\/uploads\/2018\/07\/km42-30x30.jpg 30w, https:\/\/uula.kajahdusdev.fi\/wp-content\/uploads\/2018\/07\/km42-40x40.jpg 40w, https:\/\/uula.kajahdusdev.fi\/wp-content\/uploads\/2018\/07\/km42-400x400.jpg 400w, https:\/\/uula.kajahdusdev.fi\/wp-content\/uploads\/2018\/07\/km42-100x100.jpg 100w\" sizes=\"(max-width: 300px) 100vw, 300px\" \/><\/a>\n\t\t\t<\/dt>\n\t\t\t\t<dd class='wp-caption-text gallery-caption' id='gallery-1-64030'>\n\t\t\t\tKeittomaali 42 Falunpunainen\n\t\t\t\t<\/dd><\/dl><dl class='gallery-item'>\n\t\t\t<dt class='gallery-icon portrait'>\n\t\t\t\t<a href='https:\/\/uula.kajahdusdev.fi\/wp-content\/uploads\/2018\/07\/km50-scaled.jpg'><img loading=\"lazy\" decoding=\"async\" width=\"300\" height=\"300\" src=\"https:\/\/uula.kajahdusdev.fi\/wp-content\/uploads\/2018\/07\/km50-300x300.jpg\" class=\"attachment-thumbnail size-thumbnail\" alt=\"\" aria-describedby=\"gallery-1-64033\" srcset=\"https:\/\/uula.kajahdusdev.fi\/wp-content\/uploads\/2018\/07\/km50-300x300.jpg 300w, https:\/\/uula.kajahdusdev.fi\/wp-content\/uploads\/2018\/07\/km50-20x20.jpg 20w, https:\/\/uula.kajahdusdev.fi\/wp-content\/uploads\/2018\/07\/km50-30x30.jpg 30w, https:\/\/uula.kajahdusdev.fi\/wp-content\/uploads\/2018\/07\/km50-40x40.jpg 40w, https:\/\/uula.kajahdusdev.fi\/wp-content\/uploads\/2018\/07\/km50-400x400.jpg 400w, https:\/\/uula.kajahdusdev.fi\/wp-content\/uploads\/2018\/07\/km50-100x100.jpg 100w\" sizes=\"(max-width: 300px) 100vw, 300px\" \/><\/a>\n\t\t\t<\/dt>\n\t\t\t\t<dd class='wp-caption-text gallery-caption' id='gallery-1-64033'>\n\t\t\t\tKeittomaali 50 Ruskea Umbra\n\t\t\t\t<\/dd><\/dl><dl class='gallery-item'>\n\t\t\t<dt class='gallery-icon portrait'>\n\t\t\t\t<a href='https:\/\/uula.kajahdusdev.fi\/wp-content\/uploads\/2018\/07\/km95-scaled.jpg'><img loading=\"lazy\" decoding=\"async\" width=\"300\" height=\"300\" src=\"https:\/\/uula.kajahdusdev.fi\/wp-content\/uploads\/2018\/07\/km95-300x300.jpg\" class=\"attachment-thumbnail size-thumbnail\" alt=\"\" aria-describedby=\"gallery-1-64036\" srcset=\"https:\/\/uula.kajahdusdev.fi\/wp-content\/uploads\/2018\/07\/km95-300x300.jpg 300w, https:\/\/uula.kajahdusdev.fi\/wp-content\/uploads\/2018\/07\/km95-20x20.jpg 20w, https:\/\/uula.kajahdusdev.fi\/wp-content\/uploads\/2018\/07\/km95-30x30.jpg 30w, https:\/\/uula.kajahdusdev.fi\/wp-content\/uploads\/2018\/07\/km95-40x40.jpg 40w, https:\/\/uula.kajahdusdev.fi\/wp-content\/uploads\/2018\/07\/km95-400x400.jpg 400w, https:\/\/uula.kajahdusdev.fi\/wp-content\/uploads\/2018\/07\/km95-100x100.jpg 100w\" sizes=\"(max-width: 300px) 100vw, 300px\" \/><\/a>\n\t\t\t<\/dt>\n\t\t\t\t<dd class='wp-caption-text gallery-caption' id='gallery-1-64036'>\n\t\t\t\tKeittomaali 95 Musta\n\t\t\t\t<\/dd><\/dl><br style=\"clear: both\" \/>\n\t\t<\/div>\n\n<hr \/>\n<p><strong>Teknisk information<\/strong><\/p>\n<p><strong>M\u00e5lning enligt RYL 2012:s f\u00e4rgproduktgrupp: <\/strong>465.<br \/>\n<strong>Lagring och undvikande av milj\u00f6ol\u00e4genheter: <\/strong>F\u00f6rvaras torrt och svalt (\u00f6ver +2\u00b0C ) F\u00e5r inte frysa! H\u00e5llbarhet i en st\u00e4ngd f\u00e4rgburk ett par \u00e5r och \u00f6ppnad f\u00e4rgburk 3-4 m\u00e5nader. Tomma och torra burkar kan f\u00f6ras till insamlingen. Flytande avfall skall f\u00f6ras till den kommunala insamlingen f\u00f6r problemavfall.<\/p>\n<hr \/>\n<p style=\"text-align: center;\"><span style=\"color: #a29994;\"><strong><a style=\"color: #a29994;\" href=\"https:\/\/uula.kajahdusdev.fi\/sv\/maalausohjeet\/anvisningar-for-utomhusmalning\/malningsanvisningar-for-uula-slamfarg\/\">M\u00e5lningsanvisning f\u00f6r Uula Slamf\u00e4rg<\/a><\/strong><\/span><\/p>\n","protected":false},"excerpt":{"rendered":"<p>Uula Slamf\u00e4rg. F\u00e4rgen andas och \u00e4r en trygg naturprodukt som t\u00e4cker med en strykning och \u00e4r enkel att applicera.<\/p>\n","protected":false},"featured_media":66866,"template":"","meta":[],"product_cat":[1959],"product_tag":[],"bundle_layout":"","bundle_add_to_cart_form_location":"","bundle_editable_in_cart":false,"bundle_sold_individually_context":"","bundle_item_grouping":"","bundle_min_size":"","bundle_max_size":"","bundled_by":[],"bundled_items":[],"yoast_head":"<!-- This site is optimized with the Yoast SEO plugin v19.9 - https:\/\/yoast.com\/wordpress\/plugins\/seo\/ -->\n<title>Uula Slamf\u00e4rg - \u00c4kta R\u00f6dmylla | Testvinnare i TM Rakennusmaailma |Uula<\/title>\n<meta name=\"description\" content=\"Uula Slamf\u00e4rg \u00e4kta R\u00f6dmylla f\u00f6r nya och gamla stock- och s\u00e5gade tr\u00e4ytor utomhus. Du kan v\u00e4lja mellan \u00e5tta olika nyanser t.ex. brunt och svart\" \/>\n<meta name=\"robots\" content=\"noindex, follow, max-snippet:-1, max-image-preview:large, max-video-preview:-1\" \/>\n<meta property=\"og:locale\" content=\"sv_SE\" \/>\n<meta property=\"og:type\" content=\"article\" \/>\n<meta property=\"og:title\" content=\"Uula Slamf\u00e4rg - \u00c4kta R\u00f6dmylla | Testvinnare i TM Rakennusmaailma |Uula\" \/>\n<meta property=\"og:description\" content=\"Uula Slamf\u00e4rg \u00e4kta R\u00f6dmylla f\u00f6r nya och gamla stock- och s\u00e5gade tr\u00e4ytor utomhus. Du kan v\u00e4lja mellan \u00e5tta olika nyanser t.ex. brunt och svart\" \/>\n<meta property=\"og:url\" content=\"https:\/\/uula.kajahdusdev.fi\/sv\/produkter\/utomhusfarger\/uula-slamfarg-akta-rodmylla\/\" \/>\n<meta property=\"og:site_name\" content=\"Uula\" \/>\n<meta property=\"article:modified_time\" content=\"2021-12-21T09:21:38+00:00\" \/>\n<meta property=\"og:image\" content=\"https:\/\/uula.kajahdusdev.fi\/wp-content\/uploads\/2017\/04\/keittomaali.jpg\" \/>\n\t<meta property=\"og:image:width\" content=\"1200\" \/>\n\t<meta property=\"og:image:height\" content=\"1200\" \/>\n\t<meta property=\"og:image:type\" content=\"image\/jpeg\" \/>\n<meta name=\"twitter:card\" content=\"summary_large_image\" \/>\n<meta name=\"twitter:label1\" content=\"Ber\u00e4knad l\u00e4stid\" \/>\n\t<meta name=\"twitter:data1\" content=\"2 minuter\" \/>\n<script type=\"application\/ld+json\" class=\"yoast-schema-graph\">{\"@context\":\"https:\/\/schema.org\",\"@graph\":[{\"@type\":\"WebPage\",\"@id\":\"https:\/\/uula.kajahdusdev.fi\/sv\/produkter\/utomhusfarger\/uula-slamfarg-akta-rodmylla\/\",\"url\":\"https:\/\/uula.kajahdusdev.fi\/sv\/produkter\/utomhusfarger\/uula-slamfarg-akta-rodmylla\/\",\"name\":\"Uula Slamf\u00e4rg - \u00c4kta R\u00f6dmylla | Testvinnare i TM Rakennusmaailma |Uula\",\"isPartOf\":{\"@id\":\"https:\/\/uula.kajahdusdev.fi\/#website\"},\"datePublished\":\"2017-04-27T12:21:00+00:00\",\"dateModified\":\"2021-12-21T09:21:38+00:00\",\"description\":\"Uula Slamf\u00e4rg \u00e4kta R\u00f6dmylla f\u00f6r nya och gamla stock- och s\u00e5gade tr\u00e4ytor utomhus. Du kan v\u00e4lja mellan \u00e5tta olika nyanser t.ex. brunt och svart\",\"breadcrumb\":{\"@id\":\"https:\/\/uula.kajahdusdev.fi\/sv\/produkter\/utomhusfarger\/uula-slamfarg-akta-rodmylla\/#breadcrumb\"},\"inLanguage\":\"sv-SE\",\"potentialAction\":[{\"@type\":\"ReadAction\",\"target\":[\"https:\/\/uula.kajahdusdev.fi\/sv\/produkter\/utomhusfarger\/uula-slamfarg-akta-rodmylla\/\"]}]},{\"@type\":\"BreadcrumbList\",\"@id\":\"https:\/\/uula.kajahdusdev.fi\/sv\/produkter\/utomhusfarger\/uula-slamfarg-akta-rodmylla\/#breadcrumb\",\"itemListElement\":[{\"@type\":\"ListItem\",\"position\":1,\"name\":\"Home\",\"item\":\"https:\/\/uula.kajahdusdev.fi\/sv\/\"},{\"@type\":\"ListItem\",\"position\":2,\"name\":\"Maalit ja Tuotteet\",\"item\":\"https:\/\/uula.kajahdusdev.fi\/tuotteet\/\"},{\"@type\":\"ListItem\",\"position\":3,\"name\":\"Uula Slamf\u00e4rg &#8211; \u00c4kta R\u00f6dmylla\"}]},{\"@type\":\"WebSite\",\"@id\":\"https:\/\/uula.kajahdusdev.fi\/#website\",\"url\":\"https:\/\/uula.kajahdusdev.fi\/\",\"name\":\"Uula\",\"description\":\"Muovittomat ja hengitt&auml;v&auml;t sis&auml;- ja ulkomaalit\",\"potentialAction\":[{\"@type\":\"SearchAction\",\"target\":{\"@type\":\"EntryPoint\",\"urlTemplate\":\"https:\/\/uula.kajahdusdev.fi\/?s={search_term_string}\"},\"query-input\":\"required name=search_term_string\"}],\"inLanguage\":\"sv-SE\"}]}<\/script>\n<!-- \/ Yoast SEO plugin. -->","yoast_head_json":{"title":"Uula Slamf\u00e4rg - \u00c4kta R\u00f6dmylla | Testvinnare i TM Rakennusmaailma |Uula","description":"Uula Slamf\u00e4rg \u00e4kta R\u00f6dmylla f\u00f6r nya och gamla stock- och s\u00e5gade tr\u00e4ytor utomhus. Du kan v\u00e4lja mellan \u00e5tta olika nyanser t.ex. brunt och svart","robots":{"index":"noindex","follow":"follow","max-snippet":"max-snippet:-1","max-image-preview":"max-image-preview:large","max-video-preview":"max-video-preview:-1"},"og_locale":"sv_SE","og_type":"article","og_title":"Uula Slamf\u00e4rg - \u00c4kta R\u00f6dmylla | Testvinnare i TM Rakennusmaailma |Uula","og_description":"Uula Slamf\u00e4rg \u00e4kta R\u00f6dmylla f\u00f6r nya och gamla stock- och s\u00e5gade tr\u00e4ytor utomhus. Du kan v\u00e4lja mellan \u00e5tta olika nyanser t.ex. brunt och svart","og_url":"https:\/\/uula.kajahdusdev.fi\/sv\/produkter\/utomhusfarger\/uula-slamfarg-akta-rodmylla\/","og_site_name":"Uula","article_modified_time":"2021-12-21T09:21:38+00:00","og_image":[{"width":1200,"height":1200,"type":"image\/jpeg","url":"https:\/\/uula.kajahdusdev.fi\/wp-content\/uploads\/2017\/04\/keittomaali.jpg"}],"twitter_card":"summary_large_image","twitter_misc":{"Ber\u00e4knad l\u00e4stid":"2 minuter"},"schema":{"@context":"https:\/\/schema.org","@graph":[{"@type":"WebPage","@id":"https:\/\/uula.kajahdusdev.fi\/sv\/produkter\/utomhusfarger\/uula-slamfarg-akta-rodmylla\/","url":"https:\/\/uula.kajahdusdev.fi\/sv\/produkter\/utomhusfarger\/uula-slamfarg-akta-rodmylla\/","name":"Uula Slamf\u00e4rg - \u00c4kta R\u00f6dmylla | Testvinnare i TM Rakennusmaailma |Uula","isPartOf":{"@id":"https:\/\/uula.kajahdusdev.fi\/#website"},"datePublished":"2017-04-27T12:21:00+00:00","dateModified":"2021-12-21T09:21:38+00:00","description":"Uula Slamf\u00e4rg \u00e4kta R\u00f6dmylla f\u00f6r nya och gamla stock- och s\u00e5gade tr\u00e4ytor utomhus. Du kan v\u00e4lja mellan \u00e5tta olika nyanser t.ex. brunt och svart","breadcrumb":{"@id":"https:\/\/uula.kajahdusdev.fi\/sv\/produkter\/utomhusfarger\/uula-slamfarg-akta-rodmylla\/#breadcrumb"},"inLanguage":"sv-SE","potentialAction":[{"@type":"ReadAction","target":["https:\/\/uula.kajahdusdev.fi\/sv\/produkter\/utomhusfarger\/uula-slamfarg-akta-rodmylla\/"]}]},{"@type":"BreadcrumbList","@id":"https:\/\/uula.kajahdusdev.fi\/sv\/produkter\/utomhusfarger\/uula-slamfarg-akta-rodmylla\/#breadcrumb","itemListElement":[{"@type":"ListItem","position":1,"name":"Home","item":"https:\/\/uula.kajahdusdev.fi\/sv\/"},{"@type":"ListItem","position":2,"name":"Maalit ja Tuotteet","item":"https:\/\/uula.kajahdusdev.fi\/tuotteet\/"},{"@type":"ListItem","position":3,"name":"Uula Slamf\u00e4rg &#8211; \u00c4kta R\u00f6dmylla"}]},{"@type":"WebSite","@id":"https:\/\/uula.kajahdusdev.fi\/#website","url":"https:\/\/uula.kajahdusdev.fi\/","name":"Uula","description":"Muovittomat ja hengitt&auml;v&auml;t sis&auml;- ja ulkomaalit","potentialAction":[{"@type":"SearchAction","target":{"@type":"EntryPoint","urlTemplate":"https:\/\/uula.kajahdusdev.fi\/?s={search_term_string}"},"query-input":"required name=search_term_string"}],"inLanguage":"sv-SE"}]}},"_links":{"self":[{"href":"https:\/\/uula.kajahdusdev.fi\/sv\/wp-json\/wp\/v2\/product\/57942"}],"collection":[{"href":"https:\/\/uula.kajahdusdev.fi\/sv\/wp-json\/wp\/v2\/product"}],"about":[{"href":"https:\/\/uula.kajahdusdev.fi\/sv\/wp-json\/wp\/v2\/types\/product"}],"wp:featuredmedia":[{"embeddable":true,"href":"https:\/\/uula.kajahdusdev.fi\/sv\/wp-json\/wp\/v2\/media\/66866"}],"wp:attachment":[{"href":"https:\/\/uula.kajahdusdev.fi\/sv\/wp-json\/wp\/v2\/media?parent=57942"}],"wp:term":[{"taxonomy":"product_cat","embeddable":true,"href":"https:\/\/uula.kajahdusdev.fi\/sv\/wp-json\/wp\/v2\/product_cat?post=57942"},{"taxonomy":"product_tag","embeddable":true,"href":"https:\/\/uula.kajahdusdev.fi\/sv\/wp-json\/wp\/v2\/product_tag?post=57942"}],"curies":[{"name":"wp","href":"https:\/\/api.w.org\/{rel}","templated":true}]}}