{"id":57943,"date":"2017-04-28T10:35:49","date_gmt":"2017-04-28T10:35:49","guid":{"rendered":"https:\/\/uula.kajahdusdev.fi\/tuotteet\/Ei-luokiteltu\/uula-malartvatt\/"},"modified":"2021-12-03T13:41:55","modified_gmt":"2021-12-03T13:41:55","slug":"uula-malartvatt","status":"publish","type":"product","link":"https:\/\/uula.kajahdusdev.fi\/sv\/tuotteet\/ovriga-produkter\/uula-malartvatt\/","title":{"rendered":"Uula M\u00e5lartv\u00e4tt"},"content":{"rendered":"<h1>Uula M\u00e5lartv\u00e4tt &#8211; Reng\u00f6ringsmedel f\u00f6r tv\u00e4tt och reng\u00f6ring av m\u00e5lade ytor eller ytor som ska m\u00e5las<\/h1>\n<p>Uula M\u00e5lartv\u00e4tt l\u00e4mpar sig f\u00f6r reng\u00f6ring av alla slags ytor som ska m\u00e5las, s\u00e5som v\u00e4ggytor samt m\u00f6bler b\u00e5de inom- och utomhus. Avl\u00e4gsnar effektivt smuts, sot, fett och l\u00e4mnar en bra och ren yta f\u00f6r \u00f6verm\u00e5lning. Kan g\u00f6ra blanka ytor mattare. Anv\u00e4ndning av outsp\u00e4tt medel kan g\u00f6ra glansiga ytor mattare.<\/p>\n<hr \/>\n<p><img loading=\"lazy\" decoding=\"async\" class=\"aligncenter size-full wp-image-64542\" src=\"https:\/\/uula.kajahdusdev.fi\/wp-content\/uploads\/2017\/04\/pesuaine-ulkopinnalla.jpg\" alt=\"\" width=\"1600\" height=\"500\" srcset=\"https:\/\/uula.kajahdusdev.fi\/wp-content\/uploads\/2017\/04\/pesuaine-ulkopinnalla.jpg 1600w, https:\/\/uula.kajahdusdev.fi\/wp-content\/uploads\/2017\/04\/pesuaine-ulkopinnalla-600x188.jpg 600w, https:\/\/uula.kajahdusdev.fi\/wp-content\/uploads\/2017\/04\/pesuaine-ulkopinnalla-1024x320.jpg 1024w, https:\/\/uula.kajahdusdev.fi\/wp-content\/uploads\/2017\/04\/pesuaine-ulkopinnalla-768x240.jpg 768w, https:\/\/uula.kajahdusdev.fi\/wp-content\/uploads\/2017\/04\/pesuaine-ulkopinnalla-1536x480.jpg 1536w\" sizes=\"(max-width: 1600px) 100vw, 1600px\" \/><\/p>\n<hr \/>\n<p><strong>Dosera i vatten enligt f\u00f6ljande:<\/strong><br \/>\nMycket smutsiga ytor 1:10\u20131:20.<br \/>\nSmutsiga ytor 1:20\u20131:40<br \/>\nL\u00e4tt smutsade ytor 1:40\u20131:100.<\/p>\n<p><strong>Applicering och appliceringsf\u00f6rh\u00e5llanden<\/strong>: Appliceras p\u00e5 ytan med svamp, trasa, borste eller l\u00e5gtrycksspruta. L\u00e5t medlet verka ca 10 minuter och sk\u00f6lj helst med varmt vatten. Man kan f\u00f6rb\u00e4ttra reng\u00f6ringsresul-tat av mycket smutsiga och inrotade ytor genom att borsta eller gnida.<\/p>\n<hr \/>\n<p><strong>Tekniska information<\/strong><\/p>\n<p><strong>Ett alkaliskt tv\u00e4ttmedel, pH 10.<\/strong><br \/>\n<strong>Anv\u00e4ndningsomr\u00e5den:<\/strong> V\u00e4ggar, tak, m\u00f6bler mm. f\u00f6re m\u00e5lning utomhus och inomhus.<br \/>\n<strong>F\u00f6rpackningsstorlek<\/strong>: 1L och 5L<br \/>\n<strong>Lagring och undvikande av milj\u00f6ol\u00e4genheter:<\/strong> F\u00f6rvaras svalt. F\u00e5r inte frysa! F\u00f6rvaras utom r\u00e4ckh\u00e5ll f\u00f6r barn. Tomma och torra burkar kan f\u00f6ras till insamlingen. Flytande avfall skall f\u00f6ras till den kommunala insamlingen f\u00f6r problemavfall.<\/p>\n<p>&nbsp;<\/p>\n<p>&nbsp;<\/p>\n<p>&nbsp;<\/p>\n","protected":false},"excerpt":{"rendered":"<p>Uula M\u00e5lartv\u00e4tt. Reng\u00f6ringsmedel f\u00f6r tv\u00e4tt och reng\u00f6ring av m\u00e5lade ytor eller ytor som ska m\u00e5las. pH10.<\/p>\n","protected":false},"featured_media":60532,"template":"","meta":[],"product_cat":[1957],"product_tag":[],"bundle_layout":"","bundle_add_to_cart_form_location":"","bundle_editable_in_cart":false,"bundle_sold_individually_context":"","bundle_item_grouping":"","bundle_min_size":"","bundle_max_size":"","bundled_by":[],"bundled_items":[],"yoast_head":"<!-- This site is optimized with the Yoast SEO plugin v19.9 - https:\/\/yoast.com\/wordpress\/plugins\/seo\/ -->\n<title>Uula M\u00e5lartv\u00e4tt | L\u00e4mplig f\u00f6r alla slags ytor som ska m\u00e5las | Uula<\/title>\n<meta name=\"description\" content=\"Ett tv\u00e4ttmedel f\u00f6r reng\u00f6ring av ytor f\u00f6re m\u00e5lning. L\u00e4mplig f\u00f6r alla slags ytor som ska m\u00e5las, utomhus och inomhus.\" \/>\n<meta name=\"robots\" content=\"noindex, follow, max-snippet:-1, max-image-preview:large, max-video-preview:-1\" \/>\n<meta property=\"og:locale\" content=\"sv_SE\" \/>\n<meta property=\"og:type\" content=\"article\" \/>\n<meta property=\"og:title\" content=\"Uula M\u00e5lartv\u00e4tt | L\u00e4mplig f\u00f6r alla slags ytor som ska m\u00e5las | Uula\" \/>\n<meta property=\"og:description\" content=\"Ett tv\u00e4ttmedel f\u00f6r reng\u00f6ring av ytor f\u00f6re m\u00e5lning. L\u00e4mplig f\u00f6r alla slags ytor som ska m\u00e5las, utomhus och inomhus.\" \/>\n<meta property=\"og:url\" content=\"https:\/\/uula.kajahdusdev.fi\/sv\/produkter\/ovriga-produkter\/uula-malartvatt\/\" \/>\n<meta property=\"og:site_name\" content=\"Uula\" \/>\n<meta property=\"article:modified_time\" content=\"2021-12-03T13:41:55+00:00\" \/>\n<meta property=\"og:image\" content=\"https:\/\/uula.kajahdusdev.fi\/wp-content\/uploads\/2017\/04\/uula-maalinpesuaine-5l-1.jpg\" \/>\n\t<meta property=\"og:image:width\" content=\"1200\" \/>\n\t<meta property=\"og:image:height\" content=\"1200\" \/>\n\t<meta property=\"og:image:type\" content=\"image\/jpeg\" \/>\n<meta name=\"twitter:card\" content=\"summary_large_image\" \/>\n<meta name=\"twitter:label1\" content=\"Ber\u00e4knad l\u00e4stid\" \/>\n\t<meta name=\"twitter:data1\" content=\"1 minut\" \/>\n<script type=\"application\/ld+json\" class=\"yoast-schema-graph\">{\"@context\":\"https:\/\/schema.org\",\"@graph\":[{\"@type\":\"WebPage\",\"@id\":\"https:\/\/uula.kajahdusdev.fi\/sv\/produkter\/ovriga-produkter\/uula-malartvatt\/\",\"url\":\"https:\/\/uula.kajahdusdev.fi\/sv\/produkter\/ovriga-produkter\/uula-malartvatt\/\",\"name\":\"Uula M\u00e5lartv\u00e4tt | L\u00e4mplig f\u00f6r alla slags ytor som ska m\u00e5las | Uula\",\"isPartOf\":{\"@id\":\"https:\/\/uula.kajahdusdev.fi\/#website\"},\"datePublished\":\"2017-04-28T10:35:49+00:00\",\"dateModified\":\"2021-12-03T13:41:55+00:00\",\"description\":\"Ett tv\u00e4ttmedel f\u00f6r reng\u00f6ring av ytor f\u00f6re m\u00e5lning. L\u00e4mplig f\u00f6r alla slags ytor som ska m\u00e5las, utomhus och inomhus.\",\"breadcrumb\":{\"@id\":\"https:\/\/uula.kajahdusdev.fi\/sv\/produkter\/ovriga-produkter\/uula-malartvatt\/#breadcrumb\"},\"inLanguage\":\"sv-SE\",\"potentialAction\":[{\"@type\":\"ReadAction\",\"target\":[\"https:\/\/uula.kajahdusdev.fi\/sv\/produkter\/ovriga-produkter\/uula-malartvatt\/\"]}]},{\"@type\":\"BreadcrumbList\",\"@id\":\"https:\/\/uula.kajahdusdev.fi\/sv\/produkter\/ovriga-produkter\/uula-malartvatt\/#breadcrumb\",\"itemListElement\":[{\"@type\":\"ListItem\",\"position\":1,\"name\":\"Home\",\"item\":\"https:\/\/uula.kajahdusdev.fi\/sv\/\"},{\"@type\":\"ListItem\",\"position\":2,\"name\":\"Maalit ja Tuotteet\",\"item\":\"https:\/\/uula.kajahdusdev.fi\/tuotteet\/\"},{\"@type\":\"ListItem\",\"position\":3,\"name\":\"Uula M\u00e5lartv\u00e4tt\"}]},{\"@type\":\"WebSite\",\"@id\":\"https:\/\/uula.kajahdusdev.fi\/#website\",\"url\":\"https:\/\/uula.kajahdusdev.fi\/\",\"name\":\"Uula\",\"description\":\"Muovittomat ja hengitt&auml;v&auml;t sis&auml;- ja ulkomaalit\",\"potentialAction\":[{\"@type\":\"SearchAction\",\"target\":{\"@type\":\"EntryPoint\",\"urlTemplate\":\"https:\/\/uula.kajahdusdev.fi\/?s={search_term_string}\"},\"query-input\":\"required name=search_term_string\"}],\"inLanguage\":\"sv-SE\"}]}<\/script>\n<!-- \/ Yoast SEO plugin. -->","yoast_head_json":{"title":"Uula M\u00e5lartv\u00e4tt | L\u00e4mplig f\u00f6r alla slags ytor som ska m\u00e5las | Uula","description":"Ett tv\u00e4ttmedel f\u00f6r reng\u00f6ring av ytor f\u00f6re m\u00e5lning. L\u00e4mplig f\u00f6r alla slags ytor som ska m\u00e5las, utomhus och inomhus.","robots":{"index":"noindex","follow":"follow","max-snippet":"max-snippet:-1","max-image-preview":"max-image-preview:large","max-video-preview":"max-video-preview:-1"},"og_locale":"sv_SE","og_type":"article","og_title":"Uula M\u00e5lartv\u00e4tt | L\u00e4mplig f\u00f6r alla slags ytor som ska m\u00e5las | Uula","og_description":"Ett tv\u00e4ttmedel f\u00f6r reng\u00f6ring av ytor f\u00f6re m\u00e5lning. L\u00e4mplig f\u00f6r alla slags ytor som ska m\u00e5las, utomhus och inomhus.","og_url":"https:\/\/uula.kajahdusdev.fi\/sv\/produkter\/ovriga-produkter\/uula-malartvatt\/","og_site_name":"Uula","article_modified_time":"2021-12-03T13:41:55+00:00","og_image":[{"width":1200,"height":1200,"url":"https:\/\/uula.kajahdusdev.fi\/wp-content\/uploads\/2017\/04\/uula-maalinpesuaine-5l-1.jpg","type":"image\/jpeg"}],"twitter_card":"summary_large_image","twitter_misc":{"Ber\u00e4knad l\u00e4stid":"1 minut"},"schema":{"@context":"https:\/\/schema.org","@graph":[{"@type":"WebPage","@id":"https:\/\/uula.kajahdusdev.fi\/sv\/produkter\/ovriga-produkter\/uula-malartvatt\/","url":"https:\/\/uula.kajahdusdev.fi\/sv\/produkter\/ovriga-produkter\/uula-malartvatt\/","name":"Uula M\u00e5lartv\u00e4tt | L\u00e4mplig f\u00f6r alla slags ytor som ska m\u00e5las | Uula","isPartOf":{"@id":"https:\/\/uula.kajahdusdev.fi\/#website"},"datePublished":"2017-04-28T10:35:49+00:00","dateModified":"2021-12-03T13:41:55+00:00","description":"Ett tv\u00e4ttmedel f\u00f6r reng\u00f6ring av ytor f\u00f6re m\u00e5lning. L\u00e4mplig f\u00f6r alla slags ytor som ska m\u00e5las, utomhus och inomhus.","breadcrumb":{"@id":"https:\/\/uula.kajahdusdev.fi\/sv\/produkter\/ovriga-produkter\/uula-malartvatt\/#breadcrumb"},"inLanguage":"sv-SE","potentialAction":[{"@type":"ReadAction","target":["https:\/\/uula.kajahdusdev.fi\/sv\/produkter\/ovriga-produkter\/uula-malartvatt\/"]}]},{"@type":"BreadcrumbList","@id":"https:\/\/uula.kajahdusdev.fi\/sv\/produkter\/ovriga-produkter\/uula-malartvatt\/#breadcrumb","itemListElement":[{"@type":"ListItem","position":1,"name":"Home","item":"https:\/\/uula.kajahdusdev.fi\/sv\/"},{"@type":"ListItem","position":2,"name":"Maalit ja Tuotteet","item":"https:\/\/uula.kajahdusdev.fi\/tuotteet\/"},{"@type":"ListItem","position":3,"name":"Uula M\u00e5lartv\u00e4tt"}]},{"@type":"WebSite","@id":"https:\/\/uula.kajahdusdev.fi\/#website","url":"https:\/\/uula.kajahdusdev.fi\/","name":"Uula","description":"Muovittomat ja hengitt&auml;v&auml;t sis&auml;- ja ulkomaalit","potentialAction":[{"@type":"SearchAction","target":{"@type":"EntryPoint","urlTemplate":"https:\/\/uula.kajahdusdev.fi\/?s={search_term_string}"},"query-input":"required name=search_term_string"}],"inLanguage":"sv-SE"}]}},"_links":{"self":[{"href":"https:\/\/uula.kajahdusdev.fi\/sv\/wp-json\/wp\/v2\/product\/57943"}],"collection":[{"href":"https:\/\/uula.kajahdusdev.fi\/sv\/wp-json\/wp\/v2\/product"}],"about":[{"href":"https:\/\/uula.kajahdusdev.fi\/sv\/wp-json\/wp\/v2\/types\/product"}],"wp:featuredmedia":[{"embeddable":true,"href":"https:\/\/uula.kajahdusdev.fi\/sv\/wp-json\/wp\/v2\/media\/60532"}],"wp:attachment":[{"href":"https:\/\/uula.kajahdusdev.fi\/sv\/wp-json\/wp\/v2\/media?parent=57943"}],"wp:term":[{"taxonomy":"product_cat","embeddable":true,"href":"https:\/\/uula.kajahdusdev.fi\/sv\/wp-json\/wp\/v2\/product_cat?post=57943"},{"taxonomy":"product_tag","embeddable":true,"href":"https:\/\/uula.kajahdusdev.fi\/sv\/wp-json\/wp\/v2\/product_tag?post=57943"}],"curies":[{"name":"wp","href":"https:\/\/api.w.org\/{rel}","templated":true}]}}