{"id":57945,"date":"2017-04-13T12:30:32","date_gmt":"2017-04-13T12:30:32","guid":{"rendered":"https:\/\/uula.kajahdusdev.fi\/tuotteet\/Ei-luokiteltu\/uula-dorr-och-fonsterfarg-halvblank\/"},"modified":"2021-12-21T09:08:51","modified_gmt":"2021-12-21T09:08:51","slug":"uula-dorr-och-fonsterfarg-halvglansig","status":"publish","type":"product","link":"https:\/\/uula.kajahdusdev.fi\/sv\/tuotteet\/inomhusfarger\/uula-dorr-och-fonsterfarg-halvglansig\/","title":{"rendered":"Uula D\u00f6rr- och f\u00f6nsterf\u00e4rg halvglansig"},"content":{"rendered":"<h1>Uula D\u00f6rr- och f\u00f6nsterf\u00e4rg halvglansig\u2013 F\u00e4rg f\u00f6r ytor som kr\u00e4ver h\u00f6g slitt\u00e5lighet<\/h1>\n<p>Uula D\u00f6rr- och f\u00f6nsterf\u00e4rg halvglansig \u00e4r en traditionell oljef\u00e4rg som \u00e4r enkel att stryka p\u00e5 och l\u00e4mnar en j\u00e4mn yta p\u00e5 ytor som kr\u00e4ver h\u00f6g slitt\u00e5lighet. Anv\u00e4ndningsomr\u00e5den \u00e4r olika slags tr\u00e4- och tr\u00e4fiberytor inomhus och takf\u00f6rsedda utrymmen utomhus, s\u00e5som d\u00f6rrar, d\u00f6rrkarmar, f\u00f6nsterb\u00e5gar, lister och m\u00f6bler. Uula D\u00f6rr- och f\u00f6nsterf\u00e4rg l\u00e4mpar sig f\u00f6r tidigare m\u00e5lade metallytor, s\u00e5som kakelugnar med metallh\u00f6lje. F\u00e4rgen l\u00e4mpar sig utm\u00e4rkt som restaureringsf\u00e4rg. Inomhus kan f\u00e4rger gulna i m\u00f6rker, vilket b\u00f6r beaktas n\u00e4r man v\u00e4ljer ljusa nyanser. L\u00e4mpar sig inte f\u00f6r m\u00e5lning av fasader.<\/p>\n<p><strong>\u00c5tg\u00e5ng:<\/strong>\u00a010\u201312 m<sup>2<\/sup>\/liter.<br \/>\n<strong>Torktid:<\/strong> Ber\u00f6ringstorr efter 6 timmar. Kan \u00f6verstrykas tidigast efter ett dygn.<br \/>\n<strong>F\u00f6rtunning<\/strong>:\u00a0Uula Universalf\u00f6rtunning<br \/>\n<strong>Nyanser:<\/strong> Kan nyanseras enligt universalla f\u00e4rgkartor. Kom dock ih\u00e5g att det kan f\u00f6rekomma variationer i nyanserna p\u00e5 grund av f\u00e4rgens glansgrad, nyanseringspastor, nyanseringsmaskiner och nyanseringsmetoder.<\/p>\n<hr \/>\n<h2><img loading=\"lazy\" decoding=\"async\" class=\"aligncenter size-full wp-image-64334\" src=\"https:\/\/uula.kajahdusdev.fi\/wp-content\/uploads\/2019\/02\/Ikkunalistojen-maalaaminen.jpg\" alt=\"\" width=\"1600\" height=\"500\" srcset=\"https:\/\/uula.kajahdusdev.fi\/wp-content\/uploads\/2019\/02\/Ikkunalistojen-maalaaminen.jpg 1600w, https:\/\/uula.kajahdusdev.fi\/wp-content\/uploads\/2019\/02\/Ikkunalistojen-maalaaminen-600x188.jpg 600w, https:\/\/uula.kajahdusdev.fi\/wp-content\/uploads\/2019\/02\/Ikkunalistojen-maalaaminen-1024x320.jpg 1024w, https:\/\/uula.kajahdusdev.fi\/wp-content\/uploads\/2019\/02\/Ikkunalistojen-maalaaminen-768x240.jpg 768w, https:\/\/uula.kajahdusdev.fi\/wp-content\/uploads\/2019\/02\/Ikkunalistojen-maalaaminen-1536x480.jpg 1536w\" sizes=\"(max-width: 1600px) 100vw, 1600px\" \/><\/h2>\n<hr \/>\n<p><strong>Tekniska data<\/strong><\/p>\n<p><strong>Plastfri:<\/strong>\u00a0F\u00e4rgen inneh\u00e5ller inga plastbindemedel. Som bindemedel anv\u00e4nds naturliga oljor. Tillverkas av naturharts och linoljelakyd. Som l\u00f6sningsmedel aromfritt kolv\u00e4tel\u00f6sningsmedel.<br \/>\n<strong>\u00c5tg\u00e5ng:<\/strong>\u00a0Cirka 10\u201312 m2\/l, beroende p\u00e5 hur str\u00e4vt och por\u00f6st underlaget \u00e4r.<br \/>\n<strong>F\u00f6rtunning<\/strong>: Uula Universalf\u00f6rtunning<br \/>\n<strong>Reng\u00f6ring av arbetsredskap:<\/strong>\u00a0Arbetsredskapen reng\u00f6rs med Uula Universalf\u00f6rtunning och slutligen med tv\u00e5l och vatten.<br \/>\n<strong>VOC-utsl\u00e4pp:<\/strong> Max 300 g\/l. (EU-gr\u00e4nsv\u00e4rde f\u00f6r VOC 300 g\/l (2010).<br \/>\n<strong>M\u00e5lning enligt RYL 2012:s f\u00e4rgproduktgrupp:<\/strong> 334.<br \/>\n<strong>F\u00f6rvaring och f\u00f6rebyggande av milj\u00f6skador:<\/strong>\u00a0Vi rekommenderar f\u00f6rvaring p\u00e5 en torr och sval plats. Tomma, torra f\u00f6rpackningar kan l\u00e4mnas f\u00f6r \u00e5tervinning. Flytande rester ska f\u00f6ras till insamlingsstation f\u00f6r farligt avfall.<\/p>\n<hr \/>\n<p style=\"text-align: center;\"><span style=\"color: #a29994;\"><strong><a style=\"color: #a29994;\" href=\"https:\/\/uula.kajahdusdev.fi\/sv\/maalausohjeet\/anvisningar-for-malning-inomhus\/malningsanvisningar-for-uula-dorr-och-fonsterfarg\/\">L\u00e4s m\u00e5lningsanvisningarna<\/a><\/strong><\/span><\/p>\n","protected":false},"excerpt":{"rendered":"<p>D\u00f6rr- och f\u00f6nsterf\u00e4rgen \u00e4r en \u00e4kta, traditionell gammalsdags halvglansig lackf\u00e4rg f\u00f6r inomhusbruk och t\u00e4ckta ytor utomhus. L\u00e4mpar sig \u00e4ven f\u00f6r tidigare m\u00e5lade eller grundm\u00e5lade metallytor, t.ex. pl\u00e5tkakelugnar.<\/p>\n","protected":false},"featured_media":68147,"template":"","meta":[],"product_cat":[1960],"product_tag":[],"bundle_layout":"","bundle_add_to_cart_form_location":"","bundle_editable_in_cart":false,"bundle_sold_individually_context":"","bundle_item_grouping":"","bundle_min_size":"","bundle_max_size":"","bundled_by":[],"bundled_items":[],"yoast_head":"<!-- This site is optimized with the Yoast SEO plugin v19.9 - https:\/\/yoast.com\/wordpress\/plugins\/seo\/ -->\n<title>Uula D\u00f6rr- och f\u00f6nsterf\u00e4rg halvglansig | D\u00f6rrf\u00e4rg | F\u00f6nsterf\u00e4rg | Uula<\/title>\n<meta name=\"description\" content=\"Uula D\u00f6rr- och f\u00f6nsterf\u00e4rg halvglansig. En \u00e4kta, traditionell gammalsdags lackf\u00e4rg f\u00f6r inomhusbruk och t\u00e4ckta ytor utomhus.\" \/>\n<meta name=\"robots\" content=\"noindex, follow, max-snippet:-1, max-image-preview:large, max-video-preview:-1\" \/>\n<meta property=\"og:locale\" content=\"sv_SE\" \/>\n<meta property=\"og:type\" content=\"article\" \/>\n<meta property=\"og:title\" content=\"Uula D\u00f6rr- och f\u00f6nsterf\u00e4rg halvglansig | D\u00f6rrf\u00e4rg | F\u00f6nsterf\u00e4rg | Uula\" \/>\n<meta property=\"og:description\" content=\"Uula D\u00f6rr- och f\u00f6nsterf\u00e4rg halvglansig. En \u00e4kta, traditionell gammalsdags lackf\u00e4rg f\u00f6r inomhusbruk och t\u00e4ckta ytor utomhus.\" \/>\n<meta property=\"og:url\" content=\"https:\/\/uula.kajahdusdev.fi\/sv\/produkter\/inomhusfarger\/uula-dorr-och-fonsterfarg-halvglansig\/\" \/>\n<meta property=\"og:site_name\" content=\"Uula\" \/>\n<meta property=\"article:modified_time\" content=\"2021-12-21T09:08:51+00:00\" \/>\n<meta property=\"og:image\" content=\"https:\/\/uula.kajahdusdev.fi\/wp-content\/uploads\/2017\/04\/Ovi-jaikkunamaali.jpg\" \/>\n\t<meta property=\"og:image:width\" content=\"1200\" \/>\n\t<meta property=\"og:image:height\" content=\"1200\" \/>\n\t<meta property=\"og:image:type\" content=\"image\/jpeg\" \/>\n<meta name=\"twitter:card\" content=\"summary_large_image\" \/>\n<meta name=\"twitter:label1\" content=\"Ber\u00e4knad l\u00e4stid\" \/>\n\t<meta name=\"twitter:data1\" content=\"1 minut\" \/>\n<script type=\"application\/ld+json\" class=\"yoast-schema-graph\">{\"@context\":\"https:\/\/schema.org\",\"@graph\":[{\"@type\":\"WebPage\",\"@id\":\"https:\/\/uula.kajahdusdev.fi\/sv\/produkter\/inomhusfarger\/uula-dorr-och-fonsterfarg-halvglansig\/\",\"url\":\"https:\/\/uula.kajahdusdev.fi\/sv\/produkter\/inomhusfarger\/uula-dorr-och-fonsterfarg-halvglansig\/\",\"name\":\"Uula D\u00f6rr- och f\u00f6nsterf\u00e4rg halvglansig | D\u00f6rrf\u00e4rg | F\u00f6nsterf\u00e4rg | Uula\",\"isPartOf\":{\"@id\":\"https:\/\/uula.kajahdusdev.fi\/#website\"},\"datePublished\":\"2017-04-13T12:30:32+00:00\",\"dateModified\":\"2021-12-21T09:08:51+00:00\",\"description\":\"Uula D\u00f6rr- och f\u00f6nsterf\u00e4rg halvglansig. En \u00e4kta, traditionell gammalsdags lackf\u00e4rg f\u00f6r inomhusbruk och t\u00e4ckta ytor utomhus.\",\"breadcrumb\":{\"@id\":\"https:\/\/uula.kajahdusdev.fi\/sv\/produkter\/inomhusfarger\/uula-dorr-och-fonsterfarg-halvglansig\/#breadcrumb\"},\"inLanguage\":\"sv-SE\",\"potentialAction\":[{\"@type\":\"ReadAction\",\"target\":[\"https:\/\/uula.kajahdusdev.fi\/sv\/produkter\/inomhusfarger\/uula-dorr-och-fonsterfarg-halvglansig\/\"]}]},{\"@type\":\"BreadcrumbList\",\"@id\":\"https:\/\/uula.kajahdusdev.fi\/sv\/produkter\/inomhusfarger\/uula-dorr-och-fonsterfarg-halvglansig\/#breadcrumb\",\"itemListElement\":[{\"@type\":\"ListItem\",\"position\":1,\"name\":\"Home\",\"item\":\"https:\/\/uula.kajahdusdev.fi\/sv\/\"},{\"@type\":\"ListItem\",\"position\":2,\"name\":\"Maalit ja Tuotteet\",\"item\":\"https:\/\/uula.kajahdusdev.fi\/tuotteet\/\"},{\"@type\":\"ListItem\",\"position\":3,\"name\":\"Uula D\u00f6rr- och f\u00f6nsterf\u00e4rg halvglansig\"}]},{\"@type\":\"WebSite\",\"@id\":\"https:\/\/uula.kajahdusdev.fi\/#website\",\"url\":\"https:\/\/uula.kajahdusdev.fi\/\",\"name\":\"Uula\",\"description\":\"Muovittomat ja hengitt&auml;v&auml;t sis&auml;- ja ulkomaalit\",\"potentialAction\":[{\"@type\":\"SearchAction\",\"target\":{\"@type\":\"EntryPoint\",\"urlTemplate\":\"https:\/\/uula.kajahdusdev.fi\/?s={search_term_string}\"},\"query-input\":\"required name=search_term_string\"}],\"inLanguage\":\"sv-SE\"}]}<\/script>\n<!-- \/ Yoast SEO plugin. -->","yoast_head_json":{"title":"Uula D\u00f6rr- och f\u00f6nsterf\u00e4rg halvglansig | D\u00f6rrf\u00e4rg | F\u00f6nsterf\u00e4rg | Uula","description":"Uula D\u00f6rr- och f\u00f6nsterf\u00e4rg halvglansig. En \u00e4kta, traditionell gammalsdags lackf\u00e4rg f\u00f6r inomhusbruk och t\u00e4ckta ytor utomhus.","robots":{"index":"noindex","follow":"follow","max-snippet":"max-snippet:-1","max-image-preview":"max-image-preview:large","max-video-preview":"max-video-preview:-1"},"og_locale":"sv_SE","og_type":"article","og_title":"Uula D\u00f6rr- och f\u00f6nsterf\u00e4rg halvglansig | D\u00f6rrf\u00e4rg | F\u00f6nsterf\u00e4rg | Uula","og_description":"Uula D\u00f6rr- och f\u00f6nsterf\u00e4rg halvglansig. En \u00e4kta, traditionell gammalsdags lackf\u00e4rg f\u00f6r inomhusbruk och t\u00e4ckta ytor utomhus.","og_url":"https:\/\/uula.kajahdusdev.fi\/sv\/produkter\/inomhusfarger\/uula-dorr-och-fonsterfarg-halvglansig\/","og_site_name":"Uula","article_modified_time":"2021-12-21T09:08:51+00:00","og_image":[{"width":1200,"height":1200,"type":"image\/jpeg","url":"https:\/\/uula.kajahdusdev.fi\/wp-content\/uploads\/2017\/04\/Ovi-jaikkunamaali.jpg"}],"twitter_card":"summary_large_image","twitter_misc":{"Ber\u00e4knad l\u00e4stid":"1 minut"},"schema":{"@context":"https:\/\/schema.org","@graph":[{"@type":"WebPage","@id":"https:\/\/uula.kajahdusdev.fi\/sv\/produkter\/inomhusfarger\/uula-dorr-och-fonsterfarg-halvglansig\/","url":"https:\/\/uula.kajahdusdev.fi\/sv\/produkter\/inomhusfarger\/uula-dorr-och-fonsterfarg-halvglansig\/","name":"Uula D\u00f6rr- och f\u00f6nsterf\u00e4rg halvglansig | D\u00f6rrf\u00e4rg | F\u00f6nsterf\u00e4rg | Uula","isPartOf":{"@id":"https:\/\/uula.kajahdusdev.fi\/#website"},"datePublished":"2017-04-13T12:30:32+00:00","dateModified":"2021-12-21T09:08:51+00:00","description":"Uula D\u00f6rr- och f\u00f6nsterf\u00e4rg halvglansig. En \u00e4kta, traditionell gammalsdags lackf\u00e4rg f\u00f6r inomhusbruk och t\u00e4ckta ytor utomhus.","breadcrumb":{"@id":"https:\/\/uula.kajahdusdev.fi\/sv\/produkter\/inomhusfarger\/uula-dorr-och-fonsterfarg-halvglansig\/#breadcrumb"},"inLanguage":"sv-SE","potentialAction":[{"@type":"ReadAction","target":["https:\/\/uula.kajahdusdev.fi\/sv\/produkter\/inomhusfarger\/uula-dorr-och-fonsterfarg-halvglansig\/"]}]},{"@type":"BreadcrumbList","@id":"https:\/\/uula.kajahdusdev.fi\/sv\/produkter\/inomhusfarger\/uula-dorr-och-fonsterfarg-halvglansig\/#breadcrumb","itemListElement":[{"@type":"ListItem","position":1,"name":"Home","item":"https:\/\/uula.kajahdusdev.fi\/sv\/"},{"@type":"ListItem","position":2,"name":"Maalit ja Tuotteet","item":"https:\/\/uula.kajahdusdev.fi\/tuotteet\/"},{"@type":"ListItem","position":3,"name":"Uula D\u00f6rr- och f\u00f6nsterf\u00e4rg halvglansig"}]},{"@type":"WebSite","@id":"https:\/\/uula.kajahdusdev.fi\/#website","url":"https:\/\/uula.kajahdusdev.fi\/","name":"Uula","description":"Muovittomat ja hengitt&auml;v&auml;t sis&auml;- ja ulkomaalit","potentialAction":[{"@type":"SearchAction","target":{"@type":"EntryPoint","urlTemplate":"https:\/\/uula.kajahdusdev.fi\/?s={search_term_string}"},"query-input":"required name=search_term_string"}],"inLanguage":"sv-SE"}]}},"_links":{"self":[{"href":"https:\/\/uula.kajahdusdev.fi\/sv\/wp-json\/wp\/v2\/product\/57945"}],"collection":[{"href":"https:\/\/uula.kajahdusdev.fi\/sv\/wp-json\/wp\/v2\/product"}],"about":[{"href":"https:\/\/uula.kajahdusdev.fi\/sv\/wp-json\/wp\/v2\/types\/product"}],"wp:featuredmedia":[{"embeddable":true,"href":"https:\/\/uula.kajahdusdev.fi\/sv\/wp-json\/wp\/v2\/media\/68147"}],"wp:attachment":[{"href":"https:\/\/uula.kajahdusdev.fi\/sv\/wp-json\/wp\/v2\/media?parent=57945"}],"wp:term":[{"taxonomy":"product_cat","embeddable":true,"href":"https:\/\/uula.kajahdusdev.fi\/sv\/wp-json\/wp\/v2\/product_cat?post=57945"},{"taxonomy":"product_tag","embeddable":true,"href":"https:\/\/uula.kajahdusdev.fi\/sv\/wp-json\/wp\/v2\/product_tag?post=57945"}],"curies":[{"name":"wp","href":"https:\/\/api.w.org\/{rel}","templated":true}]}}