{"id":57946,"date":"2017-04-18T11:32:40","date_gmt":"2017-04-18T11:32:40","guid":{"rendered":"https:\/\/uula.kajahdusdev.fi\/tuotteet\/Ei-luokiteltu\/uula-linolja\/"},"modified":"2021-12-03T12:06:30","modified_gmt":"2021-12-03T12:06:30","slug":"uula-linolja","status":"publish","type":"product","link":"https:\/\/uula.kajahdusdev.fi\/sv\/tuotteet\/fortunningsmedel-olja-tjara-lack\/uula-linolja\/","title":{"rendered":"Uula Linolja"},"content":{"rendered":"<h1>Uula Linolja &#8211; H\u00f6gklassig linolja<\/h1>\n<p>Uula Linolja tillverkad av traditionellt pressade linfr\u00f6n (cirka 60\u00b0C). Linolja har traditionellt anv\u00e4nts f\u00f6r att oljebehandla tr\u00e4b\u00e5tar samt f\u00f6r oljebehandling av olika slags tr\u00e4ytor inomhus. Produkten l\u00e4mpar sig inte f\u00f6r livsmedelsbruk.<\/p>\n<hr \/>\n<p><strong>Lagring och undvikande av milj\u00f6ol\u00e4genheter<\/strong><br \/>\nF\u00f6rvaras torrt och svalt. F\u00f6rvaras utom r\u00e4ckh\u00e5ll f\u00f6r barn Fryser ej.<br \/>\nTomma och torra burkar kan f\u00f6ras till insamlingen. Flytande avfall skall f\u00f6ras till den kommunala insamlingen f\u00f6r problemavfall.<\/p>\n<hr \/>\n<p><strong>Saker som ska observeras:<\/strong> Oljiga reng\u00f6ringstrasor, trassel eller dylikt skall br\u00e4nnas eller sk\u00f6ljas under rinnande vatten innan de kastas i soporna f\u00f6r linoljan kan sj\u00e4lvant\u00e4ndas.<\/p>\n","protected":false},"excerpt":{"rendered":"<p>Linolja tillverkad p\u00e5 traditionellt s\u00e4tt av pressade linfr\u00f6n.<\/p>\n","protected":false},"featured_media":59950,"template":"","meta":[],"product_cat":[1958],"product_tag":[],"bundle_layout":"","bundle_add_to_cart_form_location":"","bundle_editable_in_cart":false,"bundle_sold_individually_context":"","bundle_item_grouping":"","bundle_min_size":"","bundle_max_size":"","bundled_by":[],"bundled_items":[],"yoast_head":"<!-- This site is optimized with the Yoast SEO plugin v19.9 - https:\/\/yoast.com\/wordpress\/plugins\/seo\/ -->\n<title>Uula Linolja | Tillverkad p\u00e5 traditionellt s\u00e4tt av pressade linfr\u00f6n | Uula<\/title>\n<meta name=\"description\" content=\"Uula Linolja tillverkad av traditionellt pressade linfr\u00f6n (cirka 60\u00b0C). Linolja \u00e4r l\u00e4mpliga f\u00f6r oljebehandling av olika tr\u00e4ytor.\" \/>\n<meta name=\"robots\" content=\"noindex, follow, max-snippet:-1, max-image-preview:large, max-video-preview:-1\" \/>\n<meta property=\"og:locale\" content=\"sv_SE\" \/>\n<meta property=\"og:type\" content=\"article\" \/>\n<meta property=\"og:title\" content=\"Uula Linolja | Tillverkad p\u00e5 traditionellt s\u00e4tt av pressade linfr\u00f6n | Uula\" \/>\n<meta property=\"og:description\" content=\"Uula Linolja tillverkad av traditionellt pressade linfr\u00f6n (cirka 60\u00b0C). Linolja \u00e4r l\u00e4mpliga f\u00f6r oljebehandling av olika tr\u00e4ytor.\" \/>\n<meta property=\"og:url\" content=\"https:\/\/uula.kajahdusdev.fi\/sv\/produkter\/fortunningsmedel-olja-tjara-lack\/uula-linolja\/\" \/>\n<meta property=\"og:site_name\" content=\"Uula\" \/>\n<meta property=\"article:modified_time\" content=\"2021-12-03T12:06:30+00:00\" \/>\n<meta property=\"og:image\" content=\"https:\/\/uula.kajahdusdev.fi\/wp-content\/uploads\/2017\/04\/uula-pellavaoljy.jpg\" \/>\n\t<meta property=\"og:image:width\" content=\"1200\" \/>\n\t<meta property=\"og:image:height\" content=\"1200\" \/>\n\t<meta property=\"og:image:type\" content=\"image\/jpeg\" \/>\n<meta name=\"twitter:card\" content=\"summary_large_image\" \/>\n<meta name=\"twitter:label1\" content=\"Ber\u00e4knad l\u00e4stid\" \/>\n\t<meta name=\"twitter:data1\" content=\"1 minut\" \/>\n<script type=\"application\/ld+json\" class=\"yoast-schema-graph\">{\"@context\":\"https:\/\/schema.org\",\"@graph\":[{\"@type\":\"WebPage\",\"@id\":\"https:\/\/uula.kajahdusdev.fi\/sv\/produkter\/fortunningsmedel-olja-tjara-lack\/uula-linolja\/\",\"url\":\"https:\/\/uula.kajahdusdev.fi\/sv\/produkter\/fortunningsmedel-olja-tjara-lack\/uula-linolja\/\",\"name\":\"Uula Linolja | Tillverkad p\u00e5 traditionellt s\u00e4tt av pressade linfr\u00f6n | Uula\",\"isPartOf\":{\"@id\":\"https:\/\/uula.kajahdusdev.fi\/#website\"},\"datePublished\":\"2017-04-18T11:32:40+00:00\",\"dateModified\":\"2021-12-03T12:06:30+00:00\",\"description\":\"Uula Linolja tillverkad av traditionellt pressade linfr\u00f6n (cirka 60\u00b0C). Linolja \u00e4r l\u00e4mpliga f\u00f6r oljebehandling av olika tr\u00e4ytor.\",\"breadcrumb\":{\"@id\":\"https:\/\/uula.kajahdusdev.fi\/sv\/produkter\/fortunningsmedel-olja-tjara-lack\/uula-linolja\/#breadcrumb\"},\"inLanguage\":\"sv-SE\",\"potentialAction\":[{\"@type\":\"ReadAction\",\"target\":[\"https:\/\/uula.kajahdusdev.fi\/sv\/produkter\/fortunningsmedel-olja-tjara-lack\/uula-linolja\/\"]}]},{\"@type\":\"BreadcrumbList\",\"@id\":\"https:\/\/uula.kajahdusdev.fi\/sv\/produkter\/fortunningsmedel-olja-tjara-lack\/uula-linolja\/#breadcrumb\",\"itemListElement\":[{\"@type\":\"ListItem\",\"position\":1,\"name\":\"Home\",\"item\":\"https:\/\/uula.kajahdusdev.fi\/sv\/\"},{\"@type\":\"ListItem\",\"position\":2,\"name\":\"Maalit ja Tuotteet\",\"item\":\"https:\/\/uula.kajahdusdev.fi\/tuotteet\/\"},{\"@type\":\"ListItem\",\"position\":3,\"name\":\"Uula Linolja\"}]},{\"@type\":\"WebSite\",\"@id\":\"https:\/\/uula.kajahdusdev.fi\/#website\",\"url\":\"https:\/\/uula.kajahdusdev.fi\/\",\"name\":\"Uula\",\"description\":\"Muovittomat ja hengitt&auml;v&auml;t sis&auml;- ja ulkomaalit\",\"potentialAction\":[{\"@type\":\"SearchAction\",\"target\":{\"@type\":\"EntryPoint\",\"urlTemplate\":\"https:\/\/uula.kajahdusdev.fi\/?s={search_term_string}\"},\"query-input\":\"required name=search_term_string\"}],\"inLanguage\":\"sv-SE\"}]}<\/script>\n<!-- \/ Yoast SEO plugin. -->","yoast_head_json":{"title":"Uula Linolja | Tillverkad p\u00e5 traditionellt s\u00e4tt av pressade linfr\u00f6n | Uula","description":"Uula Linolja tillverkad av traditionellt pressade linfr\u00f6n (cirka 60\u00b0C). Linolja \u00e4r l\u00e4mpliga f\u00f6r oljebehandling av olika tr\u00e4ytor.","robots":{"index":"noindex","follow":"follow","max-snippet":"max-snippet:-1","max-image-preview":"max-image-preview:large","max-video-preview":"max-video-preview:-1"},"og_locale":"sv_SE","og_type":"article","og_title":"Uula Linolja | Tillverkad p\u00e5 traditionellt s\u00e4tt av pressade linfr\u00f6n | Uula","og_description":"Uula Linolja tillverkad av traditionellt pressade linfr\u00f6n (cirka 60\u00b0C). Linolja \u00e4r l\u00e4mpliga f\u00f6r oljebehandling av olika tr\u00e4ytor.","og_url":"https:\/\/uula.kajahdusdev.fi\/sv\/produkter\/fortunningsmedel-olja-tjara-lack\/uula-linolja\/","og_site_name":"Uula","article_modified_time":"2021-12-03T12:06:30+00:00","og_image":[{"width":1200,"height":1200,"url":"https:\/\/uula.kajahdusdev.fi\/wp-content\/uploads\/2017\/04\/uula-pellavaoljy.jpg","type":"image\/jpeg"}],"twitter_card":"summary_large_image","twitter_misc":{"Ber\u00e4knad l\u00e4stid":"1 minut"},"schema":{"@context":"https:\/\/schema.org","@graph":[{"@type":"WebPage","@id":"https:\/\/uula.kajahdusdev.fi\/sv\/produkter\/fortunningsmedel-olja-tjara-lack\/uula-linolja\/","url":"https:\/\/uula.kajahdusdev.fi\/sv\/produkter\/fortunningsmedel-olja-tjara-lack\/uula-linolja\/","name":"Uula Linolja | Tillverkad p\u00e5 traditionellt s\u00e4tt av pressade linfr\u00f6n | Uula","isPartOf":{"@id":"https:\/\/uula.kajahdusdev.fi\/#website"},"datePublished":"2017-04-18T11:32:40+00:00","dateModified":"2021-12-03T12:06:30+00:00","description":"Uula Linolja tillverkad av traditionellt pressade linfr\u00f6n (cirka 60\u00b0C). Linolja \u00e4r l\u00e4mpliga f\u00f6r oljebehandling av olika tr\u00e4ytor.","breadcrumb":{"@id":"https:\/\/uula.kajahdusdev.fi\/sv\/produkter\/fortunningsmedel-olja-tjara-lack\/uula-linolja\/#breadcrumb"},"inLanguage":"sv-SE","potentialAction":[{"@type":"ReadAction","target":["https:\/\/uula.kajahdusdev.fi\/sv\/produkter\/fortunningsmedel-olja-tjara-lack\/uula-linolja\/"]}]},{"@type":"BreadcrumbList","@id":"https:\/\/uula.kajahdusdev.fi\/sv\/produkter\/fortunningsmedel-olja-tjara-lack\/uula-linolja\/#breadcrumb","itemListElement":[{"@type":"ListItem","position":1,"name":"Home","item":"https:\/\/uula.kajahdusdev.fi\/sv\/"},{"@type":"ListItem","position":2,"name":"Maalit ja Tuotteet","item":"https:\/\/uula.kajahdusdev.fi\/tuotteet\/"},{"@type":"ListItem","position":3,"name":"Uula Linolja"}]},{"@type":"WebSite","@id":"https:\/\/uula.kajahdusdev.fi\/#website","url":"https:\/\/uula.kajahdusdev.fi\/","name":"Uula","description":"Muovittomat ja hengitt&auml;v&auml;t sis&auml;- ja ulkomaalit","potentialAction":[{"@type":"SearchAction","target":{"@type":"EntryPoint","urlTemplate":"https:\/\/uula.kajahdusdev.fi\/?s={search_term_string}"},"query-input":"required name=search_term_string"}],"inLanguage":"sv-SE"}]}},"_links":{"self":[{"href":"https:\/\/uula.kajahdusdev.fi\/sv\/wp-json\/wp\/v2\/product\/57946"}],"collection":[{"href":"https:\/\/uula.kajahdusdev.fi\/sv\/wp-json\/wp\/v2\/product"}],"about":[{"href":"https:\/\/uula.kajahdusdev.fi\/sv\/wp-json\/wp\/v2\/types\/product"}],"wp:featuredmedia":[{"embeddable":true,"href":"https:\/\/uula.kajahdusdev.fi\/sv\/wp-json\/wp\/v2\/media\/59950"}],"wp:attachment":[{"href":"https:\/\/uula.kajahdusdev.fi\/sv\/wp-json\/wp\/v2\/media?parent=57946"}],"wp:term":[{"taxonomy":"product_cat","embeddable":true,"href":"https:\/\/uula.kajahdusdev.fi\/sv\/wp-json\/wp\/v2\/product_cat?post=57946"},{"taxonomy":"product_tag","embeddable":true,"href":"https:\/\/uula.kajahdusdev.fi\/sv\/wp-json\/wp\/v2\/product_tag?post=57946"}],"curies":[{"name":"wp","href":"https:\/\/api.w.org\/{rel}","templated":true}]}}