{"id":57947,"date":"2017-04-13T12:36:32","date_gmt":"2017-04-13T12:36:32","guid":{"rendered":"https:\/\/uula.kajahdusdev.fi\/tuotteet\/Ei-luokiteltu\/uula-linoljefarg\/"},"modified":"2021-12-21T09:14:51","modified_gmt":"2021-12-21T09:14:51","slug":"uula-linoljefarg","status":"publish","type":"product","link":"https:\/\/uula.kajahdusdev.fi\/sv\/tuotteet\/utomhusfarger\/uula-linoljefarg\/","title":{"rendered":"Uula Linoljef\u00e4rg"},"content":{"rendered":"<h1>Uula Linoljef\u00e4rg \u2013 F\u00f6rstklassig m\u00e5larf\u00e4rg som andas f\u00f6r utomhusbruk<\/h1>\n<p>Uula Linoljef\u00e4rg \u00e4r en plastfri och ekologisk f\u00e4rg som andas avsedd f\u00f6r nya och tidigare m\u00e5lade tr\u00e4ytor utomhus. F\u00e4rgen \u00e4r tillverkad p\u00e5 traditionellt s\u00e4tt och \u00e4r ett s\u00e4kert och bra val f\u00f6r tr\u00e4ytor utomhus. Tack vare det oxiderande bindemedlet \u00e4r f\u00e4rghinnan genomtr\u00e4nglig f\u00f6r fukt och tr\u00e4et kan andas som det skall. Fukten kan avdunsta genom f\u00e4rgen, f\u00e4rgen flagar inte och tr\u00e4et murknar inte. Uula linoljef\u00e4rg \u00e4r tillverkad av f\u00f6rnybara naturliga oljor och \u00e4kta f\u00e4rgpigment och l\u00e4mpar sig utm\u00e4rkt f\u00f6r b\u00e5de traditionella objekt och nybyggen.<\/p>\n<p>Uula linoljef\u00e4rg l\u00e4mpar sig f\u00f6r obehandlade tr\u00e4ytor och tr\u00e4ytor som har tidigare behandlats med f\u00e4rger, t.ex. ytterv\u00e4ggar, d\u00f6rrar, f\u00f6nsterkarmar, r\u00e4cken och tr\u00e4m\u00f6bler. Linoljef\u00e4rger torkar l\u00e5ngsamt och blir l\u00e5ngsamt h\u00e5rd, vilket \u00e4r av yttersta vikt f\u00f6r f\u00e4rgens intr\u00e4ngnings- och f\u00e4stf\u00f6rm\u00e5ga samt h\u00e5llbarhet. En yta som har m\u00e5lats med linoljef\u00e4rg l\u00e5ter fukten avdunsta, varvid tr\u00e4et inte skadas eller murknar under f\u00e4rgen.<\/p>\n<p><strong>\u00c5tg\u00e5ng:<\/strong> Hyvlad yta 10\u201315 m<sup>2<\/sup>\/liter. S\u00e5gad yta 8\u201312 m <sup>2<\/sup>\/liter med en p\u00e5strykning.<br \/>\n<strong>Torktid:<\/strong> Ber\u00f6ringstorr efter cirka 2\u20133 dygn. Kan \u00f6verstrykas tidigast efter 4 dygn.<br \/>\n<strong>F\u00f6rtunning: <\/strong>Uula F\u00f6rtunning f\u00f6r oljef\u00e4rg<br \/>\n<strong>Nyanser:<\/strong> Kan nyanseras enligt <span style=\"color: #000000;\"><a style=\"color: #000000;\" href=\"https:\/\/uula.kajahdusdev.fi\/sv\/fargkartor-och-broschyrer\/uula-traditionella-fargkarta\/\">Uula Traditionell F\u00e4rgkarta<\/a> <\/span>och flera nyanser p\u00e5 de vanligaste f\u00e4rgkartorna. Nyanseras med Uula Nyanseringspastor tillverkade av \u00e4kta pigment.<\/p>\n<hr \/>\n<p><strong><img loading=\"lazy\" decoding=\"async\" class=\"aligncenter size-full wp-image-65293\" src=\"https:\/\/uula.kajahdusdev.fi\/wp-content\/uploads\/2021\/12\/villastat.jpg\" alt=\"\" width=\"1600\" height=\"500\" srcset=\"https:\/\/uula.kajahdusdev.fi\/wp-content\/uploads\/2021\/12\/villastat.jpg 1600w, https:\/\/uula.kajahdusdev.fi\/wp-content\/uploads\/2021\/12\/villastat-600x188.jpg 600w, https:\/\/uula.kajahdusdev.fi\/wp-content\/uploads\/2021\/12\/villastat-1024x320.jpg 1024w, https:\/\/uula.kajahdusdev.fi\/wp-content\/uploads\/2021\/12\/villastat-768x240.jpg 768w, https:\/\/uula.kajahdusdev.fi\/wp-content\/uploads\/2021\/12\/villastat-1536x480.jpg 1536w\" sizes=\"(max-width: 1600px) 100vw, 1600px\" \/><\/strong><\/p>\n<hr \/>\n<p><strong>Tekniska data<\/strong><\/p>\n<p><strong>Plastfri:<\/strong> F\u00e4rgen inneh\u00e5ller inga plastbindemedel. Som bindemedel anv\u00e4nds naturliga oljor. En naturprodukt som \u00e4r trygg f\u00f6r anv\u00e4ndaren och som tillverkas av kokt linolja (fernissa) samt \u00e4kta pigment.<br \/>\n<strong>VOC-utsl\u00e4pp:<\/strong> Under 80 g\/liter (EU-gr\u00e4nsv\u00e4rde f\u00f6r VOC 300 g\/l (2010).<br \/>\n<strong>M\u00e5lning enligt RYL 2012:s f\u00e4rgproduktgrupp:<\/strong> 472.<br \/>\n<strong>Lagring och undvikande av milj\u00f6ol\u00e4genheter:\u00a0<\/strong>F\u00f6rvaras utom r\u00e4ckh\u00e5ll f\u00f6r barn. F\u00f6rvaras torrt och svalt. Fryser ej. Tomma och torra burkar kan f\u00f6ras till insamlingen. Flytande avfall skall f\u00f6ras till den kommunala insamlingen f\u00f6r problemavfall.<\/p>\n<hr \/>\n<p style=\"text-align: center;\"><span style=\"color: #a29994;\"><strong><a style=\"color: #a29994;\" href=\"https:\/\/uula.kajahdusdev.fi\/sv\/maalausohjeet\/anvisningar-for-utomhusmalning\/malningsanvisning-for-uula-linoljefarg\/\">L\u00e4s m\u00e5lningsanvisningen f\u00f6r Uula Linoljef\u00e4rg<\/a><\/strong><\/span><\/p>\n<hr \/>\n<p><em>Oljem\u00e5lning har anv\u00e4nts f\u00f6r l\u00e5ng tidsm\u00e5lning. Under ren\u00e4ssansen anv\u00e4ndes oljem\u00e5lning f\u00f6r utomhusm\u00e5lning som skydd av ytterd\u00f6rrar, f\u00f6nsterramar och detaljer. I de nordiska l\u00e4nderna m\u00e5lades fasaderna av tr\u00e4byggnader i slutet av 1700-talet, d\u00e5 det var en m\u00e5lning av kyrkorna och herrg\u00e5rdarna. Senare m\u00e5lades tr\u00e4hus ocks\u00e5 med oljem\u00e5lning. Numera anv\u00e4nds lakanoljem\u00e5lningar som nya s\u00e5v\u00e4l som gamla tr\u00e4ytor. Den h\u00f6gkvalitativa Uula Linoljef\u00e4rg anv\u00e4ndas f\u00f6r att m\u00e5la Frankrikes historiska platser, Louvren och Versailles slott.<\/em><\/p>\n","protected":false},"excerpt":{"rendered":"<p>Uula Linoljef\u00e4rg \u00e4r en plastfri och ekologisk f\u00e4rg som andas avsedd f\u00f6r nya och tidigare m\u00e5lade tr\u00e4ytor utomhus. L\u00e4mpar sig f\u00f6r obehandlade ytor utomhus eller ytor som tidigare har behandlats med olika slags olje- och alkydf\u00e4rger, bland annat v\u00e4ggar, d\u00f6rrar, f\u00f6nsterkarmar och m\u00f6bler.<\/p>\n","protected":false},"featured_media":66875,"template":"","meta":[],"product_cat":[1959],"product_tag":[],"bundle_layout":"","bundle_add_to_cart_form_location":"","bundle_editable_in_cart":false,"bundle_sold_individually_context":"","bundle_item_grouping":"","bundle_min_size":"","bundle_max_size":"","bundled_by":[],"bundled_items":[],"yoast_head":"<!-- This site is optimized with the Yoast SEO plugin v19.9 - https:\/\/yoast.com\/wordpress\/plugins\/seo\/ -->\n<title>Uula Linoljef\u00e4rg | Plastfri och ekologisk f\u00e4rg f\u00f6r tr\u00e4ytor utomhus | Uula<\/title>\n<meta name=\"description\" content=\"Uula Linoljef\u00e4rg \u00e4r en plastfri, traditionell och ekologisk f\u00e4rg som andas avsedd f\u00f6r nya och tidigare m\u00e5lade tr\u00e4ytor utomhus.\" \/>\n<meta name=\"robots\" content=\"noindex, follow, max-snippet:-1, max-image-preview:large, max-video-preview:-1\" \/>\n<meta property=\"og:locale\" content=\"sv_SE\" \/>\n<meta property=\"og:type\" content=\"article\" \/>\n<meta property=\"og:title\" content=\"Uula Linoljef\u00e4rg | Plastfri och ekologisk f\u00e4rg f\u00f6r tr\u00e4ytor utomhus | Uula\" \/>\n<meta property=\"og:description\" content=\"Uula Linoljef\u00e4rg \u00e4r en plastfri, traditionell och ekologisk f\u00e4rg som andas avsedd f\u00f6r nya och tidigare m\u00e5lade tr\u00e4ytor utomhus.\" \/>\n<meta property=\"og:url\" content=\"https:\/\/uula.kajahdusdev.fi\/sv\/produkter\/utomhusfarger\/uula-linoljefarg\/\" \/>\n<meta property=\"og:site_name\" content=\"Uula\" \/>\n<meta property=\"article:modified_time\" content=\"2021-12-21T09:14:51+00:00\" \/>\n<meta property=\"og:image\" content=\"https:\/\/uula.kajahdusdev.fi\/wp-content\/uploads\/2017\/04\/Pellava\u00f6ljymaali-1.jpg\" \/>\n\t<meta property=\"og:image:width\" content=\"1200\" \/>\n\t<meta property=\"og:image:height\" content=\"1200\" \/>\n\t<meta property=\"og:image:type\" content=\"image\/jpeg\" \/>\n<meta name=\"twitter:card\" content=\"summary_large_image\" \/>\n<meta name=\"twitter:label1\" content=\"Ber\u00e4knad l\u00e4stid\" \/>\n\t<meta name=\"twitter:data1\" content=\"2 minuter\" \/>\n<script type=\"application\/ld+json\" class=\"yoast-schema-graph\">{\"@context\":\"https:\/\/schema.org\",\"@graph\":[{\"@type\":\"WebPage\",\"@id\":\"https:\/\/uula.kajahdusdev.fi\/sv\/produkter\/utomhusfarger\/uula-linoljefarg\/\",\"url\":\"https:\/\/uula.kajahdusdev.fi\/sv\/produkter\/utomhusfarger\/uula-linoljefarg\/\",\"name\":\"Uula Linoljef\u00e4rg | Plastfri och ekologisk f\u00e4rg f\u00f6r tr\u00e4ytor utomhus | Uula\",\"isPartOf\":{\"@id\":\"https:\/\/uula.kajahdusdev.fi\/#website\"},\"datePublished\":\"2017-04-13T12:36:32+00:00\",\"dateModified\":\"2021-12-21T09:14:51+00:00\",\"description\":\"Uula Linoljef\u00e4rg \u00e4r en plastfri, traditionell och ekologisk f\u00e4rg som andas avsedd f\u00f6r nya och tidigare m\u00e5lade tr\u00e4ytor utomhus.\",\"breadcrumb\":{\"@id\":\"https:\/\/uula.kajahdusdev.fi\/sv\/produkter\/utomhusfarger\/uula-linoljefarg\/#breadcrumb\"},\"inLanguage\":\"sv-SE\",\"potentialAction\":[{\"@type\":\"ReadAction\",\"target\":[\"https:\/\/uula.kajahdusdev.fi\/sv\/produkter\/utomhusfarger\/uula-linoljefarg\/\"]}]},{\"@type\":\"BreadcrumbList\",\"@id\":\"https:\/\/uula.kajahdusdev.fi\/sv\/produkter\/utomhusfarger\/uula-linoljefarg\/#breadcrumb\",\"itemListElement\":[{\"@type\":\"ListItem\",\"position\":1,\"name\":\"Home\",\"item\":\"https:\/\/uula.kajahdusdev.fi\/sv\/\"},{\"@type\":\"ListItem\",\"position\":2,\"name\":\"Maalit ja Tuotteet\",\"item\":\"https:\/\/uula.kajahdusdev.fi\/tuotteet\/\"},{\"@type\":\"ListItem\",\"position\":3,\"name\":\"Uula Linoljef\u00e4rg\"}]},{\"@type\":\"WebSite\",\"@id\":\"https:\/\/uula.kajahdusdev.fi\/#website\",\"url\":\"https:\/\/uula.kajahdusdev.fi\/\",\"name\":\"Uula\",\"description\":\"Muovittomat ja hengitt&auml;v&auml;t sis&auml;- ja ulkomaalit\",\"potentialAction\":[{\"@type\":\"SearchAction\",\"target\":{\"@type\":\"EntryPoint\",\"urlTemplate\":\"https:\/\/uula.kajahdusdev.fi\/?s={search_term_string}\"},\"query-input\":\"required name=search_term_string\"}],\"inLanguage\":\"sv-SE\"}]}<\/script>\n<!-- \/ Yoast SEO plugin. -->","yoast_head_json":{"title":"Uula Linoljef\u00e4rg | Plastfri och ekologisk f\u00e4rg f\u00f6r tr\u00e4ytor utomhus | Uula","description":"Uula Linoljef\u00e4rg \u00e4r en plastfri, traditionell och ekologisk f\u00e4rg som andas avsedd f\u00f6r nya och tidigare m\u00e5lade tr\u00e4ytor utomhus.","robots":{"index":"noindex","follow":"follow","max-snippet":"max-snippet:-1","max-image-preview":"max-image-preview:large","max-video-preview":"max-video-preview:-1"},"og_locale":"sv_SE","og_type":"article","og_title":"Uula Linoljef\u00e4rg | Plastfri och ekologisk f\u00e4rg f\u00f6r tr\u00e4ytor utomhus | Uula","og_description":"Uula Linoljef\u00e4rg \u00e4r en plastfri, traditionell och ekologisk f\u00e4rg som andas avsedd f\u00f6r nya och tidigare m\u00e5lade tr\u00e4ytor utomhus.","og_url":"https:\/\/uula.kajahdusdev.fi\/sv\/produkter\/utomhusfarger\/uula-linoljefarg\/","og_site_name":"Uula","article_modified_time":"2021-12-21T09:14:51+00:00","og_image":[{"width":1200,"height":1200,"type":"image\/jpeg","url":"https:\/\/uula.kajahdusdev.fi\/wp-content\/uploads\/2017\/04\/Pellava\u00f6ljymaali-1.jpg"}],"twitter_card":"summary_large_image","twitter_misc":{"Ber\u00e4knad l\u00e4stid":"2 minuter"},"schema":{"@context":"https:\/\/schema.org","@graph":[{"@type":"WebPage","@id":"https:\/\/uula.kajahdusdev.fi\/sv\/produkter\/utomhusfarger\/uula-linoljefarg\/","url":"https:\/\/uula.kajahdusdev.fi\/sv\/produkter\/utomhusfarger\/uula-linoljefarg\/","name":"Uula Linoljef\u00e4rg | Plastfri och ekologisk f\u00e4rg f\u00f6r tr\u00e4ytor utomhus | Uula","isPartOf":{"@id":"https:\/\/uula.kajahdusdev.fi\/#website"},"datePublished":"2017-04-13T12:36:32+00:00","dateModified":"2021-12-21T09:14:51+00:00","description":"Uula Linoljef\u00e4rg \u00e4r en plastfri, traditionell och ekologisk f\u00e4rg som andas avsedd f\u00f6r nya och tidigare m\u00e5lade tr\u00e4ytor utomhus.","breadcrumb":{"@id":"https:\/\/uula.kajahdusdev.fi\/sv\/produkter\/utomhusfarger\/uula-linoljefarg\/#breadcrumb"},"inLanguage":"sv-SE","potentialAction":[{"@type":"ReadAction","target":["https:\/\/uula.kajahdusdev.fi\/sv\/produkter\/utomhusfarger\/uula-linoljefarg\/"]}]},{"@type":"BreadcrumbList","@id":"https:\/\/uula.kajahdusdev.fi\/sv\/produkter\/utomhusfarger\/uula-linoljefarg\/#breadcrumb","itemListElement":[{"@type":"ListItem","position":1,"name":"Home","item":"https:\/\/uula.kajahdusdev.fi\/sv\/"},{"@type":"ListItem","position":2,"name":"Maalit ja Tuotteet","item":"https:\/\/uula.kajahdusdev.fi\/tuotteet\/"},{"@type":"ListItem","position":3,"name":"Uula Linoljef\u00e4rg"}]},{"@type":"WebSite","@id":"https:\/\/uula.kajahdusdev.fi\/#website","url":"https:\/\/uula.kajahdusdev.fi\/","name":"Uula","description":"Muovittomat ja hengitt&auml;v&auml;t sis&auml;- ja ulkomaalit","potentialAction":[{"@type":"SearchAction","target":{"@type":"EntryPoint","urlTemplate":"https:\/\/uula.kajahdusdev.fi\/?s={search_term_string}"},"query-input":"required name=search_term_string"}],"inLanguage":"sv-SE"}]}},"_links":{"self":[{"href":"https:\/\/uula.kajahdusdev.fi\/sv\/wp-json\/wp\/v2\/product\/57947"}],"collection":[{"href":"https:\/\/uula.kajahdusdev.fi\/sv\/wp-json\/wp\/v2\/product"}],"about":[{"href":"https:\/\/uula.kajahdusdev.fi\/sv\/wp-json\/wp\/v2\/types\/product"}],"wp:featuredmedia":[{"embeddable":true,"href":"https:\/\/uula.kajahdusdev.fi\/sv\/wp-json\/wp\/v2\/media\/66875"}],"wp:attachment":[{"href":"https:\/\/uula.kajahdusdev.fi\/sv\/wp-json\/wp\/v2\/media?parent=57947"}],"wp:term":[{"taxonomy":"product_cat","embeddable":true,"href":"https:\/\/uula.kajahdusdev.fi\/sv\/wp-json\/wp\/v2\/product_cat?post=57947"},{"taxonomy":"product_tag","embeddable":true,"href":"https:\/\/uula.kajahdusdev.fi\/sv\/wp-json\/wp\/v2\/product_tag?post=57947"}],"curies":[{"name":"wp","href":"https:\/\/api.w.org\/{rel}","templated":true}]}}