{"id":57948,"date":"2017-04-18T07:38:33","date_gmt":"2017-04-18T07:38:33","guid":{"rendered":"https:\/\/uula.kajahdusdev.fi\/tuotteet\/Ei-luokiteltu\/uula-petroleumoljefarg\/"},"modified":"2021-12-21T09:16:45","modified_gmt":"2021-12-21T09:16:45","slug":"uula-petroleumoljefarg","status":"publish","type":"product","link":"https:\/\/uula.kajahdusdev.fi\/sv\/tuotteet\/utomhusfarger\/uula-petroleumoljefarg\/","title":{"rendered":"Uula Petroleumoljef\u00e4rg"},"content":{"rendered":"<hr \/>\n<h1>Uula Petroleumoljef\u00e4rg \u2013 Traditionell f\u00e4rg f\u00f6r tr\u00e4ytor utomhus<\/h1>\n<p>Uula Petroleumoljef\u00e4rg l\u00e4mpar sig f\u00f6r obehandlade ytor och ytor som tidigare har m\u00e5lats med f\u00e4rger som inneh\u00e5ller olika slags olje-, alkyd- eller plastbindemedel. F\u00e4rgen l\u00e4mpar sig \u00e4ven f\u00f6r industriellt grundm\u00e5lade tr\u00e4ytor samt f\u00f6r m\u00e5lning av tidigare m\u00e5lade rappade ytor och putsytor (socklar). Tack vare f\u00e4rgens goda t\u00e4ckf\u00f6rm\u00e5ga ger en riklig p\u00e5strykning en j\u00e4mn yta. <span style=\"color: #000000;\">Vi rekommenderar <a style=\"color: #000000;\" href=\"https:\/\/uula.kajahdusdev.fi\/sv\/produkter\/utomhusfarger\/uula-utomhusgrundfarg\/\">Uula Utomhusgrundf\u00e4rg <\/a>som grundf\u00e4rg f\u00f6r Petroleumoljef\u00e4rg.<\/span><\/p>\n<p>En yta som har m\u00e5lats med Petroleumoljef\u00e4rg blir vackert mattare med tiden. Tack vare det oxiderbara bindemedlet andas f\u00e4rghinnan p\u00e5 det s\u00e4tt tr\u00e4et kr\u00e4ver. Fukt kan avdunsta genom f\u00e4rgen, f\u00e4rgen flagnar inte och tr\u00e4et under murknar inte.<\/p>\n<p><strong>\u00c5tg\u00e5ng:<\/strong> Str\u00e4va s\u00e5gade br\u00e4dor cirka 5 m<sup>2<\/sup>\/l. Fins\u00e5gad eller gammal f\u00e4rgyta cirka 7 m<sup>2<\/sup>\/l.<br \/>\n<strong>Torktid:<\/strong> Beroende p\u00e5 f\u00f6rh\u00e5llandena \u00e4r ytan ber\u00f6ringstorr efter 1\u20133 dygn. Kan \u00f6verstrykas tidigast efter 3 dygn.<br \/>\n<strong>F\u00f6rtunning<\/strong>: Uula F\u00f6rtunning f\u00f6r oljef\u00e4rg<br \/>\n<strong>Glansgrad:<\/strong> Halvmatt<br \/>\n<span style=\"color: #000000;\"><strong>Nyanser: <\/strong>Kan nyanseras enligt <a style=\"color: #000000;\" href=\"https:\/\/uula.kajahdusdev.fi\/sv\/fargkartor-och-broschyrer\/uula-traditionella-fargkarta\/\">Uula Traditionell F\u00e4rgkarta<\/a> oc<\/span>h fler nyanser enligt de vanligaste f\u00e4rgkartorna. Kom dock ih\u00e5g att det kan f\u00f6rekomma variationer i nyanserna p\u00e5 grund av f\u00e4rgens glansgrad, f\u00e4rgtyp och nyanseringsmetoder.<\/p>\n<hr \/>\n<p><img loading=\"lazy\" decoding=\"async\" class=\"aligncenter size-full wp-image-60912\" src=\"https:\/\/uula.kajahdusdev.fi\/wp-content\/uploads\/2018\/07\/petrooli.jpg\" alt=\"\" width=\"1600\" height=\"500\" srcset=\"https:\/\/uula.kajahdusdev.fi\/wp-content\/uploads\/2018\/07\/petrooli.jpg 1600w, https:\/\/uula.kajahdusdev.fi\/wp-content\/uploads\/2018\/07\/petrooli-600x188.jpg 600w, https:\/\/uula.kajahdusdev.fi\/wp-content\/uploads\/2018\/07\/petrooli-768x240.jpg 768w, https:\/\/uula.kajahdusdev.fi\/wp-content\/uploads\/2018\/07\/petrooli-1024x320.jpg 1024w\" sizes=\"(max-width: 1600px) 100vw, 1600px\" \/><\/p>\n<hr \/>\n<p><strong>Tekniska data<\/strong><\/p>\n<p><strong>Plastfri:<\/strong> F\u00e4rgen inneh\u00e5ller inga plastbindemedel. Som bindemedel anv\u00e4nds naturliga oljor. Tillverkas av kokt linolja och lysfotogen.<br \/>\n<strong>Glansgrad:<\/strong> Halvmatt<br \/>\n<strong>VOC-utsl\u00e4pp: U<\/strong>nder 150 g\/l. EU:s gr\u00e4nsv\u00e4rde f\u00f6r VOC (cat A\/d) 300 g\/l (2010).<br \/>\n<strong>M\u00e5lning enligt RYL 2012:s f\u00e4rgproduktgrupp:<\/strong> 473.<br \/>\n<strong>Lagring och undvikande av milj\u00f6ol\u00e4genheter:\u00a0<\/strong>F\u00f6rvaras utom r\u00e4ckh\u00e5ll f\u00f6r barn. F\u00f6rvaras torrt och svalt. Fryser ej. Tomma och torra burkar kan f\u00f6ras till insamlingen. Flytande avfall skall f\u00f6ras till den kommunala insamlingen f\u00f6r problemavfall.<\/p>\n<hr \/>\n<p style=\"text-align: center;\"><span style=\"color: #a29994;\"><strong><a style=\"color: #a29994;\" href=\"https:\/\/uula.kajahdusdev.fi\/sv\/maalausohjeet\/anvisningar-for-utomhusmalning\/malningsanvisning-for-uula-petroleumoljefarg\/\">L\u00e4s m\u00e5lningsanvisningen f\u00f6r Petroleumoljef\u00e4rg<\/a><\/strong><\/span><\/p>\n","protected":false},"excerpt":{"rendered":"<p>Uula Petroleumoljef\u00e4rg l\u00e4mpar sig f\u00f6r obehandlade ytor och ytor som tidigare har m\u00e5lats med f\u00e4rger som inneh\u00e5ller olika slags olje-, alkyd- eller plastbindemedel. Tack vare f\u00e4rgens goda t\u00e4ckf\u00f6rm\u00e5ga ger en riklig p\u00e5strykning en j\u00e4mn yta.<\/p>\n","protected":false},"featured_media":66921,"template":"","meta":[],"product_cat":[1959],"product_tag":[],"bundle_layout":"","bundle_add_to_cart_form_location":"","bundle_editable_in_cart":false,"bundle_sold_individually_context":"","bundle_item_grouping":"","bundle_min_size":"","bundle_max_size":"","bundled_by":[],"bundled_items":[],"yoast_head":"<!-- This site is optimized with the Yoast SEO plugin v19.9 - https:\/\/yoast.com\/wordpress\/plugins\/seo\/ -->\n<title>Uula Petroleumoljef\u00e4rg | Petroleumoljef\u00e4rg f\u00f6r tr\u00e4ytor utomhus | Uula<\/title>\n<meta name=\"description\" content=\"Uula Petroleumoljef\u00e4rg. Traditionell f\u00e4rg f\u00f6r tr\u00e4ytor utomhus. Tack vare f\u00e4rgens goda t\u00e4ckf\u00f6rm\u00e5ga ger en riklig p\u00e5strykning en j\u00e4mn yta.\" \/>\n<meta name=\"robots\" content=\"noindex, follow, max-snippet:-1, max-image-preview:large, max-video-preview:-1\" \/>\n<meta property=\"og:locale\" content=\"sv_SE\" \/>\n<meta property=\"og:type\" content=\"article\" \/>\n<meta property=\"og:title\" content=\"Uula Petroleumoljef\u00e4rg | Petroleumoljef\u00e4rg f\u00f6r tr\u00e4ytor utomhus | Uula\" \/>\n<meta property=\"og:description\" content=\"Uula Petroleumoljef\u00e4rg. Traditionell f\u00e4rg f\u00f6r tr\u00e4ytor utomhus. Tack vare f\u00e4rgens goda t\u00e4ckf\u00f6rm\u00e5ga ger en riklig p\u00e5strykning en j\u00e4mn yta.\" \/>\n<meta property=\"og:url\" content=\"https:\/\/uula.kajahdusdev.fi\/sv\/produkter\/utomhusfarger\/uula-petroleumoljefarg\/\" \/>\n<meta property=\"og:site_name\" content=\"Uula\" \/>\n<meta property=\"article:modified_time\" content=\"2021-12-21T09:16:45+00:00\" \/>\n<meta property=\"og:image\" content=\"https:\/\/uula.kajahdusdev.fi\/wp-content\/uploads\/2017\/04\/Petrooli\u00f6ljymaali-5.jpg\" \/>\n\t<meta property=\"og:image:width\" content=\"1200\" \/>\n\t<meta property=\"og:image:height\" content=\"1200\" \/>\n\t<meta property=\"og:image:type\" content=\"image\/jpeg\" \/>\n<meta name=\"twitter:card\" content=\"summary_large_image\" \/>\n<meta name=\"twitter:label1\" content=\"Ber\u00e4knad l\u00e4stid\" \/>\n\t<meta name=\"twitter:data1\" content=\"1 minut\" \/>\n<script type=\"application\/ld+json\" class=\"yoast-schema-graph\">{\"@context\":\"https:\/\/schema.org\",\"@graph\":[{\"@type\":\"WebPage\",\"@id\":\"https:\/\/uula.kajahdusdev.fi\/sv\/produkter\/utomhusfarger\/uula-petroleumoljefarg\/\",\"url\":\"https:\/\/uula.kajahdusdev.fi\/sv\/produkter\/utomhusfarger\/uula-petroleumoljefarg\/\",\"name\":\"Uula Petroleumoljef\u00e4rg | Petroleumoljef\u00e4rg f\u00f6r tr\u00e4ytor utomhus | Uula\",\"isPartOf\":{\"@id\":\"https:\/\/uula.kajahdusdev.fi\/#website\"},\"datePublished\":\"2017-04-18T07:38:33+00:00\",\"dateModified\":\"2021-12-21T09:16:45+00:00\",\"description\":\"Uula Petroleumoljef\u00e4rg. Traditionell f\u00e4rg f\u00f6r tr\u00e4ytor utomhus. Tack vare f\u00e4rgens goda t\u00e4ckf\u00f6rm\u00e5ga ger en riklig p\u00e5strykning en j\u00e4mn yta.\",\"breadcrumb\":{\"@id\":\"https:\/\/uula.kajahdusdev.fi\/sv\/produkter\/utomhusfarger\/uula-petroleumoljefarg\/#breadcrumb\"},\"inLanguage\":\"sv-SE\",\"potentialAction\":[{\"@type\":\"ReadAction\",\"target\":[\"https:\/\/uula.kajahdusdev.fi\/sv\/produkter\/utomhusfarger\/uula-petroleumoljefarg\/\"]}]},{\"@type\":\"BreadcrumbList\",\"@id\":\"https:\/\/uula.kajahdusdev.fi\/sv\/produkter\/utomhusfarger\/uula-petroleumoljefarg\/#breadcrumb\",\"itemListElement\":[{\"@type\":\"ListItem\",\"position\":1,\"name\":\"Home\",\"item\":\"https:\/\/uula.kajahdusdev.fi\/sv\/\"},{\"@type\":\"ListItem\",\"position\":2,\"name\":\"Maalit ja Tuotteet\",\"item\":\"https:\/\/uula.kajahdusdev.fi\/tuotteet\/\"},{\"@type\":\"ListItem\",\"position\":3,\"name\":\"Uula Petroleumoljef\u00e4rg\"}]},{\"@type\":\"WebSite\",\"@id\":\"https:\/\/uula.kajahdusdev.fi\/#website\",\"url\":\"https:\/\/uula.kajahdusdev.fi\/\",\"name\":\"Uula\",\"description\":\"Muovittomat ja hengitt&auml;v&auml;t sis&auml;- ja ulkomaalit\",\"potentialAction\":[{\"@type\":\"SearchAction\",\"target\":{\"@type\":\"EntryPoint\",\"urlTemplate\":\"https:\/\/uula.kajahdusdev.fi\/?s={search_term_string}\"},\"query-input\":\"required name=search_term_string\"}],\"inLanguage\":\"sv-SE\"}]}<\/script>\n<!-- \/ Yoast SEO plugin. -->","yoast_head_json":{"title":"Uula Petroleumoljef\u00e4rg | Petroleumoljef\u00e4rg f\u00f6r tr\u00e4ytor utomhus | Uula","description":"Uula Petroleumoljef\u00e4rg. Traditionell f\u00e4rg f\u00f6r tr\u00e4ytor utomhus. Tack vare f\u00e4rgens goda t\u00e4ckf\u00f6rm\u00e5ga ger en riklig p\u00e5strykning en j\u00e4mn yta.","robots":{"index":"noindex","follow":"follow","max-snippet":"max-snippet:-1","max-image-preview":"max-image-preview:large","max-video-preview":"max-video-preview:-1"},"og_locale":"sv_SE","og_type":"article","og_title":"Uula Petroleumoljef\u00e4rg | Petroleumoljef\u00e4rg f\u00f6r tr\u00e4ytor utomhus | Uula","og_description":"Uula Petroleumoljef\u00e4rg. Traditionell f\u00e4rg f\u00f6r tr\u00e4ytor utomhus. Tack vare f\u00e4rgens goda t\u00e4ckf\u00f6rm\u00e5ga ger en riklig p\u00e5strykning en j\u00e4mn yta.","og_url":"https:\/\/uula.kajahdusdev.fi\/sv\/produkter\/utomhusfarger\/uula-petroleumoljefarg\/","og_site_name":"Uula","article_modified_time":"2021-12-21T09:16:45+00:00","og_image":[{"width":1200,"height":1200,"url":"https:\/\/uula.kajahdusdev.fi\/wp-content\/uploads\/2017\/04\/Petrooli\u00f6ljymaali-5.jpg","type":"image\/jpeg"}],"twitter_card":"summary_large_image","twitter_misc":{"Ber\u00e4knad l\u00e4stid":"1 minut"},"schema":{"@context":"https:\/\/schema.org","@graph":[{"@type":"WebPage","@id":"https:\/\/uula.kajahdusdev.fi\/sv\/produkter\/utomhusfarger\/uula-petroleumoljefarg\/","url":"https:\/\/uula.kajahdusdev.fi\/sv\/produkter\/utomhusfarger\/uula-petroleumoljefarg\/","name":"Uula Petroleumoljef\u00e4rg | Petroleumoljef\u00e4rg f\u00f6r tr\u00e4ytor utomhus | Uula","isPartOf":{"@id":"https:\/\/uula.kajahdusdev.fi\/#website"},"datePublished":"2017-04-18T07:38:33+00:00","dateModified":"2021-12-21T09:16:45+00:00","description":"Uula Petroleumoljef\u00e4rg. Traditionell f\u00e4rg f\u00f6r tr\u00e4ytor utomhus. Tack vare f\u00e4rgens goda t\u00e4ckf\u00f6rm\u00e5ga ger en riklig p\u00e5strykning en j\u00e4mn yta.","breadcrumb":{"@id":"https:\/\/uula.kajahdusdev.fi\/sv\/produkter\/utomhusfarger\/uula-petroleumoljefarg\/#breadcrumb"},"inLanguage":"sv-SE","potentialAction":[{"@type":"ReadAction","target":["https:\/\/uula.kajahdusdev.fi\/sv\/produkter\/utomhusfarger\/uula-petroleumoljefarg\/"]}]},{"@type":"BreadcrumbList","@id":"https:\/\/uula.kajahdusdev.fi\/sv\/produkter\/utomhusfarger\/uula-petroleumoljefarg\/#breadcrumb","itemListElement":[{"@type":"ListItem","position":1,"name":"Home","item":"https:\/\/uula.kajahdusdev.fi\/sv\/"},{"@type":"ListItem","position":2,"name":"Maalit ja Tuotteet","item":"https:\/\/uula.kajahdusdev.fi\/tuotteet\/"},{"@type":"ListItem","position":3,"name":"Uula Petroleumoljef\u00e4rg"}]},{"@type":"WebSite","@id":"https:\/\/uula.kajahdusdev.fi\/#website","url":"https:\/\/uula.kajahdusdev.fi\/","name":"Uula","description":"Muovittomat ja hengitt&auml;v&auml;t sis&auml;- ja ulkomaalit","potentialAction":[{"@type":"SearchAction","target":{"@type":"EntryPoint","urlTemplate":"https:\/\/uula.kajahdusdev.fi\/?s={search_term_string}"},"query-input":"required name=search_term_string"}],"inLanguage":"sv-SE"}]}},"_links":{"self":[{"href":"https:\/\/uula.kajahdusdev.fi\/sv\/wp-json\/wp\/v2\/product\/57948"}],"collection":[{"href":"https:\/\/uula.kajahdusdev.fi\/sv\/wp-json\/wp\/v2\/product"}],"about":[{"href":"https:\/\/uula.kajahdusdev.fi\/sv\/wp-json\/wp\/v2\/types\/product"}],"wp:featuredmedia":[{"embeddable":true,"href":"https:\/\/uula.kajahdusdev.fi\/sv\/wp-json\/wp\/v2\/media\/66921"}],"wp:attachment":[{"href":"https:\/\/uula.kajahdusdev.fi\/sv\/wp-json\/wp\/v2\/media?parent=57948"}],"wp:term":[{"taxonomy":"product_cat","embeddable":true,"href":"https:\/\/uula.kajahdusdev.fi\/sv\/wp-json\/wp\/v2\/product_cat?post=57948"},{"taxonomy":"product_tag","embeddable":true,"href":"https:\/\/uula.kajahdusdev.fi\/sv\/wp-json\/wp\/v2\/product_tag?post=57948"}],"curies":[{"name":"wp","href":"https:\/\/api.w.org\/{rel}","templated":true}]}}