{"id":57950,"date":"2017-04-13T12:24:24","date_gmt":"2017-04-13T12:24:24","guid":{"rendered":"https:\/\/uula.kajahdusdev.fi\/tuotteet\/Ei-luokiteltu\/uula-tragolvfarg-halvblank\/"},"modified":"2021-12-21T09:00:45","modified_gmt":"2021-12-21T09:00:45","slug":"uula-tragolvfarg-halvblank","status":"publish","type":"product","link":"https:\/\/uula.kajahdusdev.fi\/sv\/tuotteet\/inomhusfarger\/uula-tragolvfarg-halvblank\/","title":{"rendered":"Uula Tr\u00e4golvf\u00e4rg halvglansig"},"content":{"rendered":"<h1>Uula Tr\u00e4golvf\u00e4rg halvglansig \u2013 H\u00e5llbar f\u00e4rg f\u00f6r golv som ger en vacker yta<\/h1>\n<p>Uula Tr\u00e4golvf\u00e4rg halvglansig \u00e4r ett utm\u00e4rkt slitt\u00e5ligt och h\u00e5llbart val f\u00f6r ytor inomhus. F\u00e4rgen l\u00e4mpar sig f\u00f6r nya och tidigare m\u00e5lade eller lackade tr\u00e4golv, tr\u00e4fibergolv och betonggolv i torra inomhusutrymmen. L\u00e4mpar sig utm\u00e4rkt \u00e4ven f\u00f6r m\u00e5lning av m\u00f6bler, d\u00f6rrar och fotlister. Uula Tr\u00e4golvf\u00e4rg\u00a0\u00e4r l\u00e4tt att stryka p\u00e5 j\u00e4mnt. Ytan blir t\u00e4ckande och naturligt och k\u00e4nns varm.<\/p>\n<p><strong>\u00c5tg\u00e5ng:<\/strong>\u00a010\u201312 m<sup>2<\/sup>\/liter.<br \/>\n<strong>Torktid:<\/strong> Ber\u00f6ringstorr efter 6 timmar. Kan \u00f6verstrykas efter cirka ett dygn. H\u00e4rdningen forts\u00e4tter i en m\u00e5nad, d\u00e5 man b\u00f6r undvika att dra tunga f\u00f6rem\u00e5l och m\u00f6bler l\u00e4ngs golvytan f\u00f6r att f\u00f6rhindra att golvet repas.<br \/>\n<strong>F\u00f6rtunning<\/strong>:\u00a0Uula Universalf\u00f6rtunning<br \/>\n<strong>Nyanser:<\/strong> Tr\u00e4golvf\u00e4rg halvblank kan nyanseras till nyanser p\u00e5 de vanligaste f\u00e4rgkartorna. Kom dock ih\u00e5g att det kan f\u00f6rekomma variationer i nyanserna p\u00e5 grund av f\u00e4rgens glansgrad, nyanseringspastor, nyanseringsmaskiner och nyanseringsmetoder.<\/p>\n<hr \/>\n<h2><img loading=\"lazy\" decoding=\"async\" class=\"aligncenter size-full wp-image-64319\" src=\"https:\/\/uula.kajahdusdev.fi\/wp-content\/uploads\/2019\/02\/Maalipurkki-ja-pensseli.jpg\" alt=\"\" width=\"1600\" height=\"500\" srcset=\"https:\/\/uula.kajahdusdev.fi\/wp-content\/uploads\/2019\/02\/Maalipurkki-ja-pensseli.jpg 1600w, https:\/\/uula.kajahdusdev.fi\/wp-content\/uploads\/2019\/02\/Maalipurkki-ja-pensseli-600x188.jpg 600w, https:\/\/uula.kajahdusdev.fi\/wp-content\/uploads\/2019\/02\/Maalipurkki-ja-pensseli-1024x320.jpg 1024w, https:\/\/uula.kajahdusdev.fi\/wp-content\/uploads\/2019\/02\/Maalipurkki-ja-pensseli-768x240.jpg 768w, https:\/\/uula.kajahdusdev.fi\/wp-content\/uploads\/2019\/02\/Maalipurkki-ja-pensseli-1536x480.jpg 1536w\" sizes=\"(max-width: 1600px) 100vw, 1600px\" \/><\/h2>\n<hr \/>\n<p><strong>Tekniska data<\/strong><\/p>\n<p><strong>Plastfri:<\/strong> F\u00e4rgen inneh\u00e5ller inga plastbindemedel. Som bindemedel anv\u00e4nds naturliga oljor. Tillverkas av naturharts och linoljelakyd. Som l\u00f6sningsmedel aromfritt kolv\u00e4tel\u00f6sningsmedel.<br \/>\n<strong>VOC-utsl\u00e4pp:<\/strong> max 300 g\/l. (EU-gr\u00e4nsv\u00e4rde f\u00f6r VOC 300 g\/l (2010).<br \/>\n<strong>M\u00e5lning enligt RYL 2012:s f\u00e4rgproduktgrupp:<\/strong> 655.<br \/>\n<strong>Lagring och undvikande av milj\u00f6ol\u00e4genheter:\u00a0<\/strong>F\u00f6rvaras utom r\u00e4ckh\u00e5ll f\u00f6r barn. F\u00f6rvaras torrt och svalt. Fryser ej. Tomma och torra burkar kan f\u00f6ras till insamlingen. Flytande avfall skall f\u00f6ras till den kommunala insamlingen f\u00f6r problemavfall.<\/p>\n<hr \/>\n<p style=\"text-align: center;\"><a href=\"https:\/\/uula.kajahdusdev.fi\/sv\/maalausohjeet\/anvisningar-for-malning-inomhus\/malningsanvisningar-for-uula-tragolvsfarg\/\"><span style=\"color: #a29994;\"><strong>M\u00e5lninganvisningar f\u00f6r Uula Tr\u00e4golvsf\u00e4rg<\/strong><\/span><\/a><\/p>\n<p style=\"text-align: center;\"><span style=\"color: #a29994;\"><strong><a style=\"color: #a29994;\" href=\"https:\/\/www.youtube.com\/watch?v=O1-ACqKGUtM\">Se en video om m\u00e5lning av tr\u00e4golv<\/a><\/strong><\/span><\/p>\n","protected":false},"excerpt":{"rendered":"<p>Uula Tr\u00e4golvf\u00e4rg halvglansig l\u00e4mpar sig f\u00f6r inomhusytor med h\u00f6ga krav p\u00e5 slitstyrka och tv\u00e4tt\u00e5lighet.<\/p>\n","protected":false},"featured_media":68153,"template":"","meta":[],"product_cat":[1960],"product_tag":[],"bundle_layout":"","bundle_add_to_cart_form_location":"","bundle_editable_in_cart":false,"bundle_sold_individually_context":"","bundle_item_grouping":"","bundle_min_size":"","bundle_max_size":"","bundled_by":[],"bundled_items":[],"yoast_head":"<!-- This site is optimized with the Yoast SEO plugin v19.9 - https:\/\/yoast.com\/wordpress\/plugins\/seo\/ -->\n<title>Uula Tr\u00e4golvf\u00e4rg halvglansig | Tr\u00e4golvf\u00e4rg f\u00f6r inomhusytor | Uula<\/title>\n<meta name=\"description\" content=\"Uula Tr\u00e4golvf\u00e4rg halvglansig l\u00e4mpar sig f\u00f6r inomhusytor med h\u00f6ga krav p\u00e5 slitstyrka och tv\u00e4tt\u00e5lighet. Traditionell f\u00e4rg som ger en vacker yta\" \/>\n<meta name=\"robots\" content=\"noindex, follow, max-snippet:-1, max-image-preview:large, max-video-preview:-1\" \/>\n<meta property=\"og:locale\" content=\"sv_SE\" \/>\n<meta property=\"og:type\" content=\"article\" \/>\n<meta property=\"og:title\" content=\"Uula Tr\u00e4golvf\u00e4rg halvglansig | Tr\u00e4golvf\u00e4rg f\u00f6r inomhusytor | Uula\" \/>\n<meta property=\"og:description\" content=\"Uula Tr\u00e4golvf\u00e4rg halvglansig l\u00e4mpar sig f\u00f6r inomhusytor med h\u00f6ga krav p\u00e5 slitstyrka och tv\u00e4tt\u00e5lighet. Traditionell f\u00e4rg som ger en vacker yta\" \/>\n<meta property=\"og:url\" content=\"https:\/\/uula.kajahdusdev.fi\/sv\/produkter\/inomhusfarger\/uula-tragolvfarg-halvblank\/\" \/>\n<meta property=\"og:site_name\" content=\"Uula\" \/>\n<meta property=\"article:modified_time\" content=\"2021-12-21T09:00:45+00:00\" \/>\n<meta property=\"og:image\" content=\"https:\/\/uula.kajahdusdev.fi\/wp-content\/uploads\/2017\/04\/PuulattiamaaliPK.jpg\" \/>\n\t<meta property=\"og:image:width\" content=\"1200\" \/>\n\t<meta property=\"og:image:height\" content=\"1200\" \/>\n\t<meta property=\"og:image:type\" content=\"image\/jpeg\" \/>\n<meta name=\"twitter:card\" content=\"summary_large_image\" \/>\n<meta name=\"twitter:label1\" content=\"Ber\u00e4knad l\u00e4stid\" \/>\n\t<meta name=\"twitter:data1\" content=\"1 minut\" \/>\n<script type=\"application\/ld+json\" class=\"yoast-schema-graph\">{\"@context\":\"https:\/\/schema.org\",\"@graph\":[{\"@type\":\"WebPage\",\"@id\":\"https:\/\/uula.kajahdusdev.fi\/sv\/produkter\/inomhusfarger\/uula-tragolvfarg-halvblank\/\",\"url\":\"https:\/\/uula.kajahdusdev.fi\/sv\/produkter\/inomhusfarger\/uula-tragolvfarg-halvblank\/\",\"name\":\"Uula Tr\u00e4golvf\u00e4rg halvglansig | Tr\u00e4golvf\u00e4rg f\u00f6r inomhusytor | Uula\",\"isPartOf\":{\"@id\":\"https:\/\/uula.kajahdusdev.fi\/#website\"},\"datePublished\":\"2017-04-13T12:24:24+00:00\",\"dateModified\":\"2021-12-21T09:00:45+00:00\",\"description\":\"Uula Tr\u00e4golvf\u00e4rg halvglansig l\u00e4mpar sig f\u00f6r inomhusytor med h\u00f6ga krav p\u00e5 slitstyrka och tv\u00e4tt\u00e5lighet. Traditionell f\u00e4rg som ger en vacker yta\",\"breadcrumb\":{\"@id\":\"https:\/\/uula.kajahdusdev.fi\/sv\/produkter\/inomhusfarger\/uula-tragolvfarg-halvblank\/#breadcrumb\"},\"inLanguage\":\"sv-SE\",\"potentialAction\":[{\"@type\":\"ReadAction\",\"target\":[\"https:\/\/uula.kajahdusdev.fi\/sv\/produkter\/inomhusfarger\/uula-tragolvfarg-halvblank\/\"]}]},{\"@type\":\"BreadcrumbList\",\"@id\":\"https:\/\/uula.kajahdusdev.fi\/sv\/produkter\/inomhusfarger\/uula-tragolvfarg-halvblank\/#breadcrumb\",\"itemListElement\":[{\"@type\":\"ListItem\",\"position\":1,\"name\":\"Home\",\"item\":\"https:\/\/uula.kajahdusdev.fi\/sv\/\"},{\"@type\":\"ListItem\",\"position\":2,\"name\":\"Maalit ja Tuotteet\",\"item\":\"https:\/\/uula.kajahdusdev.fi\/tuotteet\/\"},{\"@type\":\"ListItem\",\"position\":3,\"name\":\"Uula Tr\u00e4golvf\u00e4rg halvglansig\"}]},{\"@type\":\"WebSite\",\"@id\":\"https:\/\/uula.kajahdusdev.fi\/#website\",\"url\":\"https:\/\/uula.kajahdusdev.fi\/\",\"name\":\"Uula\",\"description\":\"Muovittomat ja hengitt&auml;v&auml;t sis&auml;- ja ulkomaalit\",\"potentialAction\":[{\"@type\":\"SearchAction\",\"target\":{\"@type\":\"EntryPoint\",\"urlTemplate\":\"https:\/\/uula.kajahdusdev.fi\/?s={search_term_string}\"},\"query-input\":\"required name=search_term_string\"}],\"inLanguage\":\"sv-SE\"}]}<\/script>\n<!-- \/ Yoast SEO plugin. -->","yoast_head_json":{"title":"Uula Tr\u00e4golvf\u00e4rg halvglansig | Tr\u00e4golvf\u00e4rg f\u00f6r inomhusytor | Uula","description":"Uula Tr\u00e4golvf\u00e4rg halvglansig l\u00e4mpar sig f\u00f6r inomhusytor med h\u00f6ga krav p\u00e5 slitstyrka och tv\u00e4tt\u00e5lighet. Traditionell f\u00e4rg som ger en vacker yta","robots":{"index":"noindex","follow":"follow","max-snippet":"max-snippet:-1","max-image-preview":"max-image-preview:large","max-video-preview":"max-video-preview:-1"},"og_locale":"sv_SE","og_type":"article","og_title":"Uula Tr\u00e4golvf\u00e4rg halvglansig | Tr\u00e4golvf\u00e4rg f\u00f6r inomhusytor | Uula","og_description":"Uula Tr\u00e4golvf\u00e4rg halvglansig l\u00e4mpar sig f\u00f6r inomhusytor med h\u00f6ga krav p\u00e5 slitstyrka och tv\u00e4tt\u00e5lighet. Traditionell f\u00e4rg som ger en vacker yta","og_url":"https:\/\/uula.kajahdusdev.fi\/sv\/produkter\/inomhusfarger\/uula-tragolvfarg-halvblank\/","og_site_name":"Uula","article_modified_time":"2021-12-21T09:00:45+00:00","og_image":[{"width":1200,"height":1200,"type":"image\/jpeg","url":"https:\/\/uula.kajahdusdev.fi\/wp-content\/uploads\/2017\/04\/PuulattiamaaliPK.jpg"}],"twitter_card":"summary_large_image","twitter_misc":{"Ber\u00e4knad l\u00e4stid":"1 minut"},"schema":{"@context":"https:\/\/schema.org","@graph":[{"@type":"WebPage","@id":"https:\/\/uula.kajahdusdev.fi\/sv\/produkter\/inomhusfarger\/uula-tragolvfarg-halvblank\/","url":"https:\/\/uula.kajahdusdev.fi\/sv\/produkter\/inomhusfarger\/uula-tragolvfarg-halvblank\/","name":"Uula Tr\u00e4golvf\u00e4rg halvglansig | Tr\u00e4golvf\u00e4rg f\u00f6r inomhusytor | Uula","isPartOf":{"@id":"https:\/\/uula.kajahdusdev.fi\/#website"},"datePublished":"2017-04-13T12:24:24+00:00","dateModified":"2021-12-21T09:00:45+00:00","description":"Uula Tr\u00e4golvf\u00e4rg halvglansig l\u00e4mpar sig f\u00f6r inomhusytor med h\u00f6ga krav p\u00e5 slitstyrka och tv\u00e4tt\u00e5lighet. Traditionell f\u00e4rg som ger en vacker yta","breadcrumb":{"@id":"https:\/\/uula.kajahdusdev.fi\/sv\/produkter\/inomhusfarger\/uula-tragolvfarg-halvblank\/#breadcrumb"},"inLanguage":"sv-SE","potentialAction":[{"@type":"ReadAction","target":["https:\/\/uula.kajahdusdev.fi\/sv\/produkter\/inomhusfarger\/uula-tragolvfarg-halvblank\/"]}]},{"@type":"BreadcrumbList","@id":"https:\/\/uula.kajahdusdev.fi\/sv\/produkter\/inomhusfarger\/uula-tragolvfarg-halvblank\/#breadcrumb","itemListElement":[{"@type":"ListItem","position":1,"name":"Home","item":"https:\/\/uula.kajahdusdev.fi\/sv\/"},{"@type":"ListItem","position":2,"name":"Maalit ja Tuotteet","item":"https:\/\/uula.kajahdusdev.fi\/tuotteet\/"},{"@type":"ListItem","position":3,"name":"Uula Tr\u00e4golvf\u00e4rg halvglansig"}]},{"@type":"WebSite","@id":"https:\/\/uula.kajahdusdev.fi\/#website","url":"https:\/\/uula.kajahdusdev.fi\/","name":"Uula","description":"Muovittomat ja hengitt&auml;v&auml;t sis&auml;- ja ulkomaalit","potentialAction":[{"@type":"SearchAction","target":{"@type":"EntryPoint","urlTemplate":"https:\/\/uula.kajahdusdev.fi\/?s={search_term_string}"},"query-input":"required name=search_term_string"}],"inLanguage":"sv-SE"}]}},"_links":{"self":[{"href":"https:\/\/uula.kajahdusdev.fi\/sv\/wp-json\/wp\/v2\/product\/57950"}],"collection":[{"href":"https:\/\/uula.kajahdusdev.fi\/sv\/wp-json\/wp\/v2\/product"}],"about":[{"href":"https:\/\/uula.kajahdusdev.fi\/sv\/wp-json\/wp\/v2\/types\/product"}],"wp:featuredmedia":[{"embeddable":true,"href":"https:\/\/uula.kajahdusdev.fi\/sv\/wp-json\/wp\/v2\/media\/68153"}],"wp:attachment":[{"href":"https:\/\/uula.kajahdusdev.fi\/sv\/wp-json\/wp\/v2\/media?parent=57950"}],"wp:term":[{"taxonomy":"product_cat","embeddable":true,"href":"https:\/\/uula.kajahdusdev.fi\/sv\/wp-json\/wp\/v2\/product_cat?post=57950"},{"taxonomy":"product_tag","embeddable":true,"href":"https:\/\/uula.kajahdusdev.fi\/sv\/wp-json\/wp\/v2\/product_tag?post=57950"}],"curies":[{"name":"wp","href":"https:\/\/api.w.org\/{rel}","templated":true}]}}