{"id":57951,"date":"2017-04-18T12:10:21","date_gmt":"2017-04-18T12:10:21","guid":{"rendered":"https:\/\/uula.kajahdusdev.fi\/tuotteet\/Ei-luokiteltu\/uula-tratjara\/"},"modified":"2021-12-03T12:18:57","modified_gmt":"2021-12-03T12:18:57","slug":"uula-tratjara","status":"publish","type":"product","link":"https:\/\/uula.kajahdusdev.fi\/sv\/tuotteet\/fortunningsmedel-olja-tjara-lack\/uula-tratjara\/","title":{"rendered":"Uula Tr\u00e4tj\u00e4ra"},"content":{"rendered":"<h1>Uula Tr\u00e4tj\u00e4ra \u2013 F\u00f6r att tj\u00e4ra tr\u00e4ytor utomhus<\/h1>\n<p>Uula Tr\u00e4tj\u00e4ra \u00e4r en h\u00f6gklassig ren tj\u00e4ra tillverkad i ugn. Den inneh\u00e5ller beck, som \u00e4r en viktig del av tj\u00e4rans skyddande effekt. \u00c4kta och traditionell tr\u00e4tj\u00e4ra skyddar tr\u00e4et mot vatten och fukt. Tr\u00e4tj\u00e4ra kan anv\u00e4ndas p\u00e5 sp\u00e5n- och br\u00e4dtak, sl\u00e4dar, b\u00e5tar, verktyg och rep. Terpentin eller andra l\u00f6sningsmedel har inte tillsatts i tr\u00e4tj\u00e4ran.<\/p>\n<p><strong>\u00c5tg\u00e5ng:<\/strong> 3\u20135 m<sup>2<\/sup>\/l. beroende p\u00e5 underlaget.<br \/>\n<strong>Nyanser<\/strong>: Brun (varierar)<br \/>\n<strong>Torktid:<\/strong> F\u00f6r det mesta, sugs in i materialet<br \/>\n<strong>F\u00f6rtunningsmedel: <\/strong>Uula Universal f\u00f6rtunning eller tr\u00e4terpentin som rekommenderas f\u00f6r snabbare intr\u00e4ngning och minskad klibbighet. F\u00f6rtunnas max 1:1.<\/p>\n<hr \/>\n<p><img loading=\"lazy\" decoding=\"async\" class=\"aligncenter size-full wp-image-64511\" src=\"https:\/\/uula.kajahdusdev.fi\/wp-content\/uploads\/2017\/04\/tervakasitelty-puupinta.jpg\" alt=\"\" width=\"1600\" height=\"500\" srcset=\"https:\/\/uula.kajahdusdev.fi\/wp-content\/uploads\/2017\/04\/tervakasitelty-puupinta.jpg 1600w, https:\/\/uula.kajahdusdev.fi\/wp-content\/uploads\/2017\/04\/tervakasitelty-puupinta-600x188.jpg 600w, https:\/\/uula.kajahdusdev.fi\/wp-content\/uploads\/2017\/04\/tervakasitelty-puupinta-1024x320.jpg 1024w, https:\/\/uula.kajahdusdev.fi\/wp-content\/uploads\/2017\/04\/tervakasitelty-puupinta-768x240.jpg 768w, https:\/\/uula.kajahdusdev.fi\/wp-content\/uploads\/2017\/04\/tervakasitelty-puupinta-1536x480.jpg 1536w\" sizes=\"(max-width: 1600px) 100vw, 1600px\" \/><\/p>\n<p><strong>Lagring och undvikande av milj\u00f6ol\u00e4genheter<\/strong><br \/>\nF\u00f6rvaras utom r\u00e4ckh\u00e5ll f\u00f6r barn. Fryser ej. Tomma och torra burkar kan f\u00f6ras till insamlingen. Flytande avfall skall f\u00f6ras till den kommunala insamlingen f\u00f6r problemavfall.<\/p>\n","protected":false},"excerpt":{"rendered":"<p>Tr\u00e4tj\u00e4ra \u00e4r en h\u00f6gklassig ren tj\u00e4ra tillverkad i ugn.<\/p>\n","protected":false},"featured_media":59970,"template":"","meta":[],"product_cat":[1958],"product_tag":[],"bundle_layout":"","bundle_add_to_cart_form_location":"","bundle_editable_in_cart":false,"bundle_sold_individually_context":"","bundle_item_grouping":"","bundle_min_size":"","bundle_max_size":"","bundled_by":[],"bundled_items":[],"yoast_head":"<!-- This site is optimized with the Yoast SEO plugin v19.9 - https:\/\/yoast.com\/wordpress\/plugins\/seo\/ -->\n<title>Uula Tr\u00e4tj\u00e4ra | Tr\u00e4tj\u00e4ra f\u00f6r tr\u00e4ytor utomhus | Uula<\/title>\n<meta name=\"description\" content=\"Uula Tr\u00e4tj\u00e4ra \u00e4r en h\u00f6gklassig ren tj\u00e4ra tillverkad i ugn. \u00c4kta och traditionell tr\u00e4tj\u00e4ra skyddar tr\u00e4et mot vatten och fukt.\" \/>\n<meta name=\"robots\" content=\"noindex, follow, max-snippet:-1, max-image-preview:large, max-video-preview:-1\" \/>\n<meta property=\"og:locale\" content=\"sv_SE\" \/>\n<meta property=\"og:type\" content=\"article\" \/>\n<meta property=\"og:title\" content=\"Uula Tr\u00e4tj\u00e4ra | Tr\u00e4tj\u00e4ra f\u00f6r tr\u00e4ytor utomhus | Uula\" \/>\n<meta property=\"og:description\" content=\"Uula Tr\u00e4tj\u00e4ra \u00e4r en h\u00f6gklassig ren tj\u00e4ra tillverkad i ugn. \u00c4kta och traditionell tr\u00e4tj\u00e4ra skyddar tr\u00e4et mot vatten och fukt.\" \/>\n<meta property=\"og:url\" content=\"https:\/\/uula.kajahdusdev.fi\/sv\/produkter\/fortunningsmedel-olja-tjara-lack\/uula-tratjara\/\" \/>\n<meta property=\"og:site_name\" content=\"Uula\" \/>\n<meta property=\"article:modified_time\" content=\"2021-12-03T12:18:57+00:00\" \/>\n<meta property=\"og:image\" content=\"https:\/\/uula.kajahdusdev.fi\/wp-content\/uploads\/2017\/04\/Puuterva.jpg\" \/>\n\t<meta property=\"og:image:width\" content=\"1200\" \/>\n\t<meta property=\"og:image:height\" content=\"1200\" \/>\n\t<meta property=\"og:image:type\" content=\"image\/jpeg\" \/>\n<meta name=\"twitter:card\" content=\"summary_large_image\" \/>\n<meta name=\"twitter:label1\" content=\"Ber\u00e4knad l\u00e4stid\" \/>\n\t<meta name=\"twitter:data1\" content=\"1 minut\" \/>\n<script type=\"application\/ld+json\" class=\"yoast-schema-graph\">{\"@context\":\"https:\/\/schema.org\",\"@graph\":[{\"@type\":\"WebPage\",\"@id\":\"https:\/\/uula.kajahdusdev.fi\/sv\/produkter\/fortunningsmedel-olja-tjara-lack\/uula-tratjara\/\",\"url\":\"https:\/\/uula.kajahdusdev.fi\/sv\/produkter\/fortunningsmedel-olja-tjara-lack\/uula-tratjara\/\",\"name\":\"Uula Tr\u00e4tj\u00e4ra | Tr\u00e4tj\u00e4ra f\u00f6r tr\u00e4ytor utomhus | Uula\",\"isPartOf\":{\"@id\":\"https:\/\/uula.kajahdusdev.fi\/#website\"},\"datePublished\":\"2017-04-18T12:10:21+00:00\",\"dateModified\":\"2021-12-03T12:18:57+00:00\",\"description\":\"Uula Tr\u00e4tj\u00e4ra \u00e4r en h\u00f6gklassig ren tj\u00e4ra tillverkad i ugn. \u00c4kta och traditionell tr\u00e4tj\u00e4ra skyddar tr\u00e4et mot vatten och fukt.\",\"breadcrumb\":{\"@id\":\"https:\/\/uula.kajahdusdev.fi\/sv\/produkter\/fortunningsmedel-olja-tjara-lack\/uula-tratjara\/#breadcrumb\"},\"inLanguage\":\"sv-SE\",\"potentialAction\":[{\"@type\":\"ReadAction\",\"target\":[\"https:\/\/uula.kajahdusdev.fi\/sv\/produkter\/fortunningsmedel-olja-tjara-lack\/uula-tratjara\/\"]}]},{\"@type\":\"BreadcrumbList\",\"@id\":\"https:\/\/uula.kajahdusdev.fi\/sv\/produkter\/fortunningsmedel-olja-tjara-lack\/uula-tratjara\/#breadcrumb\",\"itemListElement\":[{\"@type\":\"ListItem\",\"position\":1,\"name\":\"Home\",\"item\":\"https:\/\/uula.kajahdusdev.fi\/sv\/\"},{\"@type\":\"ListItem\",\"position\":2,\"name\":\"Maalit ja Tuotteet\",\"item\":\"https:\/\/uula.kajahdusdev.fi\/tuotteet\/\"},{\"@type\":\"ListItem\",\"position\":3,\"name\":\"Uula Tr\u00e4tj\u00e4ra\"}]},{\"@type\":\"WebSite\",\"@id\":\"https:\/\/uula.kajahdusdev.fi\/#website\",\"url\":\"https:\/\/uula.kajahdusdev.fi\/\",\"name\":\"Uula\",\"description\":\"Muovittomat ja hengitt&auml;v&auml;t sis&auml;- ja ulkomaalit\",\"potentialAction\":[{\"@type\":\"SearchAction\",\"target\":{\"@type\":\"EntryPoint\",\"urlTemplate\":\"https:\/\/uula.kajahdusdev.fi\/?s={search_term_string}\"},\"query-input\":\"required name=search_term_string\"}],\"inLanguage\":\"sv-SE\"}]}<\/script>\n<!-- \/ Yoast SEO plugin. -->","yoast_head_json":{"title":"Uula Tr\u00e4tj\u00e4ra | Tr\u00e4tj\u00e4ra f\u00f6r tr\u00e4ytor utomhus | Uula","description":"Uula Tr\u00e4tj\u00e4ra \u00e4r en h\u00f6gklassig ren tj\u00e4ra tillverkad i ugn. \u00c4kta och traditionell tr\u00e4tj\u00e4ra skyddar tr\u00e4et mot vatten och fukt.","robots":{"index":"noindex","follow":"follow","max-snippet":"max-snippet:-1","max-image-preview":"max-image-preview:large","max-video-preview":"max-video-preview:-1"},"og_locale":"sv_SE","og_type":"article","og_title":"Uula Tr\u00e4tj\u00e4ra | Tr\u00e4tj\u00e4ra f\u00f6r tr\u00e4ytor utomhus | Uula","og_description":"Uula Tr\u00e4tj\u00e4ra \u00e4r en h\u00f6gklassig ren tj\u00e4ra tillverkad i ugn. \u00c4kta och traditionell tr\u00e4tj\u00e4ra skyddar tr\u00e4et mot vatten och fukt.","og_url":"https:\/\/uula.kajahdusdev.fi\/sv\/produkter\/fortunningsmedel-olja-tjara-lack\/uula-tratjara\/","og_site_name":"Uula","article_modified_time":"2021-12-03T12:18:57+00:00","og_image":[{"width":1200,"height":1200,"type":"image\/jpeg","url":"https:\/\/uula.kajahdusdev.fi\/wp-content\/uploads\/2017\/04\/Puuterva.jpg"}],"twitter_card":"summary_large_image","twitter_misc":{"Ber\u00e4knad l\u00e4stid":"1 minut"},"schema":{"@context":"https:\/\/schema.org","@graph":[{"@type":"WebPage","@id":"https:\/\/uula.kajahdusdev.fi\/sv\/produkter\/fortunningsmedel-olja-tjara-lack\/uula-tratjara\/","url":"https:\/\/uula.kajahdusdev.fi\/sv\/produkter\/fortunningsmedel-olja-tjara-lack\/uula-tratjara\/","name":"Uula Tr\u00e4tj\u00e4ra | Tr\u00e4tj\u00e4ra f\u00f6r tr\u00e4ytor utomhus | Uula","isPartOf":{"@id":"https:\/\/uula.kajahdusdev.fi\/#website"},"datePublished":"2017-04-18T12:10:21+00:00","dateModified":"2021-12-03T12:18:57+00:00","description":"Uula Tr\u00e4tj\u00e4ra \u00e4r en h\u00f6gklassig ren tj\u00e4ra tillverkad i ugn. \u00c4kta och traditionell tr\u00e4tj\u00e4ra skyddar tr\u00e4et mot vatten och fukt.","breadcrumb":{"@id":"https:\/\/uula.kajahdusdev.fi\/sv\/produkter\/fortunningsmedel-olja-tjara-lack\/uula-tratjara\/#breadcrumb"},"inLanguage":"sv-SE","potentialAction":[{"@type":"ReadAction","target":["https:\/\/uula.kajahdusdev.fi\/sv\/produkter\/fortunningsmedel-olja-tjara-lack\/uula-tratjara\/"]}]},{"@type":"BreadcrumbList","@id":"https:\/\/uula.kajahdusdev.fi\/sv\/produkter\/fortunningsmedel-olja-tjara-lack\/uula-tratjara\/#breadcrumb","itemListElement":[{"@type":"ListItem","position":1,"name":"Home","item":"https:\/\/uula.kajahdusdev.fi\/sv\/"},{"@type":"ListItem","position":2,"name":"Maalit ja Tuotteet","item":"https:\/\/uula.kajahdusdev.fi\/tuotteet\/"},{"@type":"ListItem","position":3,"name":"Uula Tr\u00e4tj\u00e4ra"}]},{"@type":"WebSite","@id":"https:\/\/uula.kajahdusdev.fi\/#website","url":"https:\/\/uula.kajahdusdev.fi\/","name":"Uula","description":"Muovittomat ja hengitt&auml;v&auml;t sis&auml;- ja ulkomaalit","potentialAction":[{"@type":"SearchAction","target":{"@type":"EntryPoint","urlTemplate":"https:\/\/uula.kajahdusdev.fi\/?s={search_term_string}"},"query-input":"required name=search_term_string"}],"inLanguage":"sv-SE"}]}},"_links":{"self":[{"href":"https:\/\/uula.kajahdusdev.fi\/sv\/wp-json\/wp\/v2\/product\/57951"}],"collection":[{"href":"https:\/\/uula.kajahdusdev.fi\/sv\/wp-json\/wp\/v2\/product"}],"about":[{"href":"https:\/\/uula.kajahdusdev.fi\/sv\/wp-json\/wp\/v2\/types\/product"}],"wp:featuredmedia":[{"embeddable":true,"href":"https:\/\/uula.kajahdusdev.fi\/sv\/wp-json\/wp\/v2\/media\/59970"}],"wp:attachment":[{"href":"https:\/\/uula.kajahdusdev.fi\/sv\/wp-json\/wp\/v2\/media?parent=57951"}],"wp:term":[{"taxonomy":"product_cat","embeddable":true,"href":"https:\/\/uula.kajahdusdev.fi\/sv\/wp-json\/wp\/v2\/product_cat?post=57951"},{"taxonomy":"product_tag","embeddable":true,"href":"https:\/\/uula.kajahdusdev.fi\/sv\/wp-json\/wp\/v2\/product_tag?post=57951"}],"curies":[{"name":"wp","href":"https:\/\/api.w.org\/{rel}","templated":true}]}}