{"id":57952,"date":"2017-04-28T09:23:02","date_gmt":"2017-04-28T09:23:02","guid":{"rendered":"https:\/\/uula.kajahdusdev.fi\/tuotteet\/Ei-luokiteltu\/uula-traolja\/"},"modified":"2021-12-21T09:22:58","modified_gmt":"2021-12-21T09:22:58","slug":"uula-traolja","status":"publish","type":"product","link":"https:\/\/uula.kajahdusdev.fi\/sv\/tuotteet\/fortunningsmedel-olja-tjara-lack\/uula-traolja\/","title":{"rendered":"Uula Tr\u00e4olja"},"content":{"rendered":"<h1>Uula Tr\u00e4olja \u2013 F\u00f6r oljebehandling av tr\u00e4ytor utomhus<\/h1>\n<p>Uula Tr\u00e4olja \u00e4r en traditionell olja f\u00f6r utomhusbruk, tillverkad av kallpressad kokt linolja. Tr\u00e4olja l\u00e4mpar sig f\u00f6r gamla och nya obehandlade tr\u00e4ytor samt f\u00f6r gamla ytor som har impregnerats med medel som inte bildar en h\u00e5rd yta, s\u00e5som timmer- och br\u00e4dv\u00e4ggar, terrasser, bryggor, f\u00f6nsterkarmar, tr\u00e4trappor och r\u00e4cken, tr\u00e4dg\u00e5rdsm\u00f6bler och tr\u00e4b\u00e5tar.<\/p>\n<p>Produkten l\u00e4mpar sig \u00e4ven f\u00f6r gamla tryckimpregnerade tr\u00e4ytor. Tr\u00e4oljan kan \u00e4ven anv\u00e4ndas f\u00f6r applicering med pensel och f\u00f6r neds\u00e4nkning och f\u00f6r att fr\u00e4scha upp matta oljef\u00e4rgsytor. Antalet behandlingar med tr\u00e4olja f\u00f6r\u00e4ndrar glansgraden.<\/p>\n<p><strong>\u00c5tg\u00e5ng:<\/strong>\u00a0Hyvlad yta 10 m<sup>2<\/sup>\/l, s\u00e5gad yta 6 m<sup>2<\/sup>\/l. Nya hyvlade ytor skall slipas str\u00e4va f\u00f6re f\u00e4rdigstrykningen s\u00e5 att oljan absorberas b\u00e4ttre. Alternativt l\u00e5t \u00e5ldras 1\u20132 \u00e5r.<br \/>\n<strong>F\u00f6rtunning<\/strong>: Uula F\u00f6rtunning f\u00f6r oljef\u00e4rg<br \/>\n<strong>Torktid: <\/strong>Tunn applicering ber\u00f6ringstorr efter ca 8 timmar. Ny behandling efter ca 1 dygn. Vid indr\u00e4nkning eller neds\u00e4nkning \u00e4r torktiden betydligt l\u00e4ngre.<br \/>\n<strong>Nyanser:<\/strong> Uula Tr\u00e4olja \u00e4r f\u00e4rgl\u00f6s tr\u00e4olja samt lasyrnyanser <span style=\"color: #000000;\">enligt <a style=\"color: #000000;\" href=\"https:\/\/uula.kajahdusdev.fi\/sv\/fargkartor-och-broschyrer\/laseringsnyanser-for-inomhusmalning-fargkarta\/\">Uula Traditionell F\u00e4rgkarta<\/a>.<\/span> Vid f\u00e4rgvalet b\u00f6r man beakta f\u00e4rgen p\u00e5 ytan som ska behandlas. Vid lasyrbehandling inverkar ytans str\u00e4vhet, tr\u00e4slaget och den tidigare f\u00e4rgen v\u00e4sentligt p\u00e5 den slutliga f\u00e4rgen. Produkten f\u00e5r sin slutliga nyans n\u00e4r ytan \u00e4r helt torr. Vi rekommenderar ett f\u00e4rgprov p\u00e5 en motsvarande yta f\u00f6re m\u00e5lning.<\/p>\n<hr \/>\n<p><img loading=\"lazy\" decoding=\"async\" class=\"aligncenter size-full wp-image-64528\" src=\"https:\/\/uula.kajahdusdev.fi\/wp-content\/uploads\/2017\/04\/puuoljylla-oljytty.jpg\" alt=\"\" width=\"1600\" height=\"500\" srcset=\"https:\/\/uula.kajahdusdev.fi\/wp-content\/uploads\/2017\/04\/puuoljylla-oljytty.jpg 1600w, https:\/\/uula.kajahdusdev.fi\/wp-content\/uploads\/2017\/04\/puuoljylla-oljytty-600x188.jpg 600w, https:\/\/uula.kajahdusdev.fi\/wp-content\/uploads\/2017\/04\/puuoljylla-oljytty-1024x320.jpg 1024w, https:\/\/uula.kajahdusdev.fi\/wp-content\/uploads\/2017\/04\/puuoljylla-oljytty-768x240.jpg 768w, https:\/\/uula.kajahdusdev.fi\/wp-content\/uploads\/2017\/04\/puuoljylla-oljytty-1536x480.jpg 1536w\" sizes=\"(max-width: 1600px) 100vw, 1600px\" \/><\/p>\n<hr \/>\n<p><strong>Tekniska data<\/strong><\/p>\n<p><strong>Plastfri:<\/strong> Oljen inneh\u00e5ller inga plastbindemedel. Som bindemedel anv\u00e4nds naturliga oljor.<br \/>\n<strong>VOC-utsl\u00e4pp:<\/strong> Max 700 g\/l.<br \/>\n<strong>M\u00e5lning enligt RYL 2012:s f\u00e4rgproduktgrupp: <\/strong>491.<br \/>\n<strong>F\u00f6rvaring och f\u00f6rebyggande av milj\u00f6skador:<\/strong> Vi rekommenderar f\u00f6rvaring p\u00e5 en torr och sval plats. F\u00f6rvaras o\u00e5tkomligt f\u00f6r barn. Produkten fryser ej. Tomma, torra f\u00f6rpackningar kan l\u00e4mnas f\u00f6r \u00e5tervinning. Flytande rester ska f\u00f6ras till insamlingsstation f\u00f6r farligt avfall.<\/p>\n<hr \/>\n<p style=\"text-align: center;\"><a href=\"https:\/\/uula.kajahdusdev.fi\/sv\/maalausohjeet\/anvisningar-for-utomhusmalning\/anvisningar-for-uula-traolja\/\"><span style=\"color: #a29994;\"><strong>Anvisningar f\u00f6r Uula Tr\u00e4olja<\/strong><\/span><\/a><\/p>\n<hr \/>\n<p><em>Ytan som behandlas ska vara torr och temperaturen minst +10\u00b0C. Tunn applicering \u00e4r ber\u00f6ringstorr efter cirka 5\u20138 timmar och kan \u00f6verstrykas efter ett dygn. Vid indr\u00e4nkning eller neds\u00e4nkning \u00e4r torktiden betydligt l\u00e4ngre (minst 3 dygn). En t\u00e4t eller ny hyvlad yta f\u00f6rl\u00e4nger m\u00e4rkbart produktens absorbering och torktid.<\/em><\/p>\n<p><em>Blanda alltid tr\u00e4olja omsorgsfullt f\u00f6re och under anv\u00e4ndningen. Blanda en tillr\u00e4ckligt stor m\u00e4ngd fr\u00e5n ett parti i samma k\u00e4rl f\u00f6r en sammanh\u00e4ngande yta f\u00f6r att undvika eventuella nyansskillnader. Behandla \u00e4ven virkets kapytor omsorgsfullt. Utf\u00f6r inte behandlingen i regn eller direkt solljus, behandla inte heller solheta ytor.<\/em><\/p>\n","protected":false},"excerpt":{"rendered":"<p>Uula Tr\u00e4olja \u00e4r en traditionell olja f\u00f6r utomhusbruk, tillverkad av kallpressad kokt linolja.<\/p>\n","protected":false},"featured_media":60367,"template":"","meta":[],"product_cat":[1958],"product_tag":[],"bundle_layout":"","bundle_add_to_cart_form_location":"","bundle_editable_in_cart":false,"bundle_sold_individually_context":"","bundle_item_grouping":"","bundle_min_size":"","bundle_max_size":"","bundled_by":[],"bundled_items":[],"yoast_head":"<!-- This site is optimized with the Yoast SEO plugin v19.9 - https:\/\/yoast.com\/wordpress\/plugins\/seo\/ -->\n<title>Uula Tr\u00e4olja | Tr\u00e4olja f\u00f6r tr\u00e4rytor utomhus t.ex. f\u00f6r terasser |Uula<\/title>\n<meta name=\"description\" content=\"Uula Tr\u00e4olja skyddar mot fukt och smuts och minskar d\u00e4rmed sprickbildning i tr\u00e4ytor. Tr\u00e4olja f\u00f6r tr\u00e4ytor utomhus.\" \/>\n<meta name=\"robots\" content=\"noindex, follow, max-snippet:-1, max-image-preview:large, max-video-preview:-1\" \/>\n<meta property=\"og:locale\" content=\"sv_SE\" \/>\n<meta property=\"og:type\" content=\"article\" \/>\n<meta property=\"og:title\" content=\"Uula Tr\u00e4olja | Tr\u00e4olja f\u00f6r tr\u00e4rytor utomhus t.ex. f\u00f6r terasser |Uula\" \/>\n<meta property=\"og:description\" content=\"Uula Tr\u00e4olja skyddar mot fukt och smuts och minskar d\u00e4rmed sprickbildning i tr\u00e4ytor. Tr\u00e4olja f\u00f6r tr\u00e4ytor utomhus.\" \/>\n<meta property=\"og:url\" content=\"https:\/\/uula.kajahdusdev.fi\/sv\/produkter\/fortunningsmedel-olja-tjara-lack\/uula-traolja\/\" \/>\n<meta property=\"og:site_name\" content=\"Uula\" \/>\n<meta property=\"article:modified_time\" content=\"2021-12-21T09:22:58+00:00\" \/>\n<meta property=\"og:image\" content=\"https:\/\/uula.kajahdusdev.fi\/wp-content\/uploads\/2017\/04\/Puu\u00f6ljy.jpg\" \/>\n\t<meta property=\"og:image:width\" content=\"1200\" \/>\n\t<meta property=\"og:image:height\" content=\"1200\" \/>\n\t<meta property=\"og:image:type\" content=\"image\/jpeg\" \/>\n<meta name=\"twitter:card\" content=\"summary_large_image\" \/>\n<meta name=\"twitter:label1\" content=\"Ber\u00e4knad l\u00e4stid\" \/>\n\t<meta name=\"twitter:data1\" content=\"2 minuter\" \/>\n<script type=\"application\/ld+json\" class=\"yoast-schema-graph\">{\"@context\":\"https:\/\/schema.org\",\"@graph\":[{\"@type\":\"WebPage\",\"@id\":\"https:\/\/uula.kajahdusdev.fi\/sv\/produkter\/fortunningsmedel-olja-tjara-lack\/uula-traolja\/\",\"url\":\"https:\/\/uula.kajahdusdev.fi\/sv\/produkter\/fortunningsmedel-olja-tjara-lack\/uula-traolja\/\",\"name\":\"Uula Tr\u00e4olja | Tr\u00e4olja f\u00f6r tr\u00e4rytor utomhus t.ex. f\u00f6r terasser |Uula\",\"isPartOf\":{\"@id\":\"https:\/\/uula.kajahdusdev.fi\/#website\"},\"datePublished\":\"2017-04-28T09:23:02+00:00\",\"dateModified\":\"2021-12-21T09:22:58+00:00\",\"description\":\"Uula Tr\u00e4olja skyddar mot fukt och smuts och minskar d\u00e4rmed sprickbildning i tr\u00e4ytor. Tr\u00e4olja f\u00f6r tr\u00e4ytor utomhus.\",\"breadcrumb\":{\"@id\":\"https:\/\/uula.kajahdusdev.fi\/sv\/produkter\/fortunningsmedel-olja-tjara-lack\/uula-traolja\/#breadcrumb\"},\"inLanguage\":\"sv-SE\",\"potentialAction\":[{\"@type\":\"ReadAction\",\"target\":[\"https:\/\/uula.kajahdusdev.fi\/sv\/produkter\/fortunningsmedel-olja-tjara-lack\/uula-traolja\/\"]}]},{\"@type\":\"BreadcrumbList\",\"@id\":\"https:\/\/uula.kajahdusdev.fi\/sv\/produkter\/fortunningsmedel-olja-tjara-lack\/uula-traolja\/#breadcrumb\",\"itemListElement\":[{\"@type\":\"ListItem\",\"position\":1,\"name\":\"Home\",\"item\":\"https:\/\/uula.kajahdusdev.fi\/sv\/\"},{\"@type\":\"ListItem\",\"position\":2,\"name\":\"Maalit ja Tuotteet\",\"item\":\"https:\/\/uula.kajahdusdev.fi\/tuotteet\/\"},{\"@type\":\"ListItem\",\"position\":3,\"name\":\"Uula Tr\u00e4olja\"}]},{\"@type\":\"WebSite\",\"@id\":\"https:\/\/uula.kajahdusdev.fi\/#website\",\"url\":\"https:\/\/uula.kajahdusdev.fi\/\",\"name\":\"Uula\",\"description\":\"Muovittomat ja hengitt&auml;v&auml;t sis&auml;- ja ulkomaalit\",\"potentialAction\":[{\"@type\":\"SearchAction\",\"target\":{\"@type\":\"EntryPoint\",\"urlTemplate\":\"https:\/\/uula.kajahdusdev.fi\/?s={search_term_string}\"},\"query-input\":\"required name=search_term_string\"}],\"inLanguage\":\"sv-SE\"}]}<\/script>\n<!-- \/ Yoast SEO plugin. -->","yoast_head_json":{"title":"Uula Tr\u00e4olja | Tr\u00e4olja f\u00f6r tr\u00e4rytor utomhus t.ex. f\u00f6r terasser |Uula","description":"Uula Tr\u00e4olja skyddar mot fukt och smuts och minskar d\u00e4rmed sprickbildning i tr\u00e4ytor. Tr\u00e4olja f\u00f6r tr\u00e4ytor utomhus.","robots":{"index":"noindex","follow":"follow","max-snippet":"max-snippet:-1","max-image-preview":"max-image-preview:large","max-video-preview":"max-video-preview:-1"},"og_locale":"sv_SE","og_type":"article","og_title":"Uula Tr\u00e4olja | Tr\u00e4olja f\u00f6r tr\u00e4rytor utomhus t.ex. f\u00f6r terasser |Uula","og_description":"Uula Tr\u00e4olja skyddar mot fukt och smuts och minskar d\u00e4rmed sprickbildning i tr\u00e4ytor. Tr\u00e4olja f\u00f6r tr\u00e4ytor utomhus.","og_url":"https:\/\/uula.kajahdusdev.fi\/sv\/produkter\/fortunningsmedel-olja-tjara-lack\/uula-traolja\/","og_site_name":"Uula","article_modified_time":"2021-12-21T09:22:58+00:00","og_image":[{"width":1200,"height":1200,"type":"image\/jpeg","url":"https:\/\/uula.kajahdusdev.fi\/wp-content\/uploads\/2017\/04\/Puu\u00f6ljy.jpg"}],"twitter_card":"summary_large_image","twitter_misc":{"Ber\u00e4knad l\u00e4stid":"2 minuter"},"schema":{"@context":"https:\/\/schema.org","@graph":[{"@type":"WebPage","@id":"https:\/\/uula.kajahdusdev.fi\/sv\/produkter\/fortunningsmedel-olja-tjara-lack\/uula-traolja\/","url":"https:\/\/uula.kajahdusdev.fi\/sv\/produkter\/fortunningsmedel-olja-tjara-lack\/uula-traolja\/","name":"Uula Tr\u00e4olja | Tr\u00e4olja f\u00f6r tr\u00e4rytor utomhus t.ex. f\u00f6r terasser |Uula","isPartOf":{"@id":"https:\/\/uula.kajahdusdev.fi\/#website"},"datePublished":"2017-04-28T09:23:02+00:00","dateModified":"2021-12-21T09:22:58+00:00","description":"Uula Tr\u00e4olja skyddar mot fukt och smuts och minskar d\u00e4rmed sprickbildning i tr\u00e4ytor. Tr\u00e4olja f\u00f6r tr\u00e4ytor utomhus.","breadcrumb":{"@id":"https:\/\/uula.kajahdusdev.fi\/sv\/produkter\/fortunningsmedel-olja-tjara-lack\/uula-traolja\/#breadcrumb"},"inLanguage":"sv-SE","potentialAction":[{"@type":"ReadAction","target":["https:\/\/uula.kajahdusdev.fi\/sv\/produkter\/fortunningsmedel-olja-tjara-lack\/uula-traolja\/"]}]},{"@type":"BreadcrumbList","@id":"https:\/\/uula.kajahdusdev.fi\/sv\/produkter\/fortunningsmedel-olja-tjara-lack\/uula-traolja\/#breadcrumb","itemListElement":[{"@type":"ListItem","position":1,"name":"Home","item":"https:\/\/uula.kajahdusdev.fi\/sv\/"},{"@type":"ListItem","position":2,"name":"Maalit ja Tuotteet","item":"https:\/\/uula.kajahdusdev.fi\/tuotteet\/"},{"@type":"ListItem","position":3,"name":"Uula Tr\u00e4olja"}]},{"@type":"WebSite","@id":"https:\/\/uula.kajahdusdev.fi\/#website","url":"https:\/\/uula.kajahdusdev.fi\/","name":"Uula","description":"Muovittomat ja hengitt&auml;v&auml;t sis&auml;- ja ulkomaalit","potentialAction":[{"@type":"SearchAction","target":{"@type":"EntryPoint","urlTemplate":"https:\/\/uula.kajahdusdev.fi\/?s={search_term_string}"},"query-input":"required name=search_term_string"}],"inLanguage":"sv-SE"}]}},"_links":{"self":[{"href":"https:\/\/uula.kajahdusdev.fi\/sv\/wp-json\/wp\/v2\/product\/57952"}],"collection":[{"href":"https:\/\/uula.kajahdusdev.fi\/sv\/wp-json\/wp\/v2\/product"}],"about":[{"href":"https:\/\/uula.kajahdusdev.fi\/sv\/wp-json\/wp\/v2\/types\/product"}],"wp:featuredmedia":[{"embeddable":true,"href":"https:\/\/uula.kajahdusdev.fi\/sv\/wp-json\/wp\/v2\/media\/60367"}],"wp:attachment":[{"href":"https:\/\/uula.kajahdusdev.fi\/sv\/wp-json\/wp\/v2\/media?parent=57952"}],"wp:term":[{"taxonomy":"product_cat","embeddable":true,"href":"https:\/\/uula.kajahdusdev.fi\/sv\/wp-json\/wp\/v2\/product_cat?post=57952"},{"taxonomy":"product_tag","embeddable":true,"href":"https:\/\/uula.kajahdusdev.fi\/sv\/wp-json\/wp\/v2\/product_tag?post=57952"}],"curies":[{"name":"wp","href":"https:\/\/api.w.org\/{rel}","templated":true}]}}