{"id":57953,"date":"2017-04-28T09:29:22","date_gmt":"2017-04-28T09:29:22","guid":{"rendered":"https:\/\/uula.kajahdusdev.fi\/tuotteet\/Ei-luokiteltu\/uula-terrassolja\/"},"modified":"2021-12-21T09:23:42","modified_gmt":"2021-12-21T09:23:42","slug":"uula-terrassolja","status":"publish","type":"product","link":"https:\/\/uula.kajahdusdev.fi\/sv\/tuotteet\/fortunningsmedel-olja-tjara-lack\/uula-terrassolja\/","title":{"rendered":"Uula Terrassolja"},"content":{"rendered":"<h1>Uula Terrassolja \u2013 Vattensp\u00e4dbar olja f\u00f6r tr\u00e4ytor utomhus, terrasser och bryggor<\/h1>\n<p>Uula Terrassolja f\u00f6r tr\u00e4ytor utomhus. Uula Terrassoljan \u00e4r en snabbtorkande och vattensp\u00e4dbar olja f\u00f6r tr\u00e4ytor utomhus. Produkten \u00e4r luktfri, h\u00e5llbar och l\u00e4ttsk\u00f6tt. Lasyrbehandlingsmedlet som absorberas v\u00e4l och skyddar mot fukt och smuts minskar sprickbildning till f\u00f6ljd av fukt och bevarar tr\u00e4konstruktionernas skick p\u00e5 ett naturligt s\u00e4tt. Terrassolja l\u00e4mpar sig f\u00f6r gamla och nya obehandlade tr\u00e4ytor samt f\u00f6r gamla ytor som har impregnerats med medel som inte bildar en h\u00e5rd yta, s\u00e5som timmer- och br\u00e4dv\u00e4ggar, terrasser, bryggor, f\u00f6nsterkarmar, tr\u00e4trappor och r\u00e4cken, tr\u00e4dg\u00e5rdsm\u00f6bler och tr\u00e4b\u00e5tar. Produkten l\u00e4mpar sig \u00e4ven f\u00f6r gamla tryckimpregnerade tr\u00e4ytor.<\/p>\n<p><strong>\u00c5tg\u00e5ng:<\/strong> S\u00e5gad yta cirka 6 m2\/liter. Hyvlad yta cirka 10 m2\/liter.<br \/>\n<strong>Torktid:<\/strong> Ber\u00f6ringstorr efter ca 1 timme. Ny behandling efter ca 4 timmar. En t\u00e4t eller ny hyvlad yta f\u00f6rl\u00e4nger m\u00e4rkbart produktens absorbering och torktid.<br \/>\n<strong>F\u00f6rtunningsmedel:<\/strong> Vatten<br \/>\n<strong>Nyanser:<\/strong> Kan nyanseras enligt nyanserna p\u00e5 Uula Inomhusm\u00e5lning F\u00e4rgkarta samt nyanser p\u00e5 de vanligaste lasyrf\u00e4rgkartorna. Kom dock ih\u00e5g att det kan f\u00f6rekomma variationer i nyanserna p\u00e5 grund av f\u00e4rgens glansgrad, tidigare behandlingar, tr\u00e4ets egen nyans samt nyanseringspastor, nyanseringsmaskiner och nyanseringsmetoder. Antalet behandlingar med terrassolja f\u00f6r\u00e4ndrar glansgraden.<\/p>\n<hr \/>\n<p><img loading=\"lazy\" decoding=\"async\" class=\"aligncenter size-full wp-image-64531\" src=\"https:\/\/uula.kajahdusdev.fi\/wp-content\/uploads\/2017\/04\/terassioljylla-oljytty.jpg\" alt=\"\" width=\"1600\" height=\"500\" srcset=\"https:\/\/uula.kajahdusdev.fi\/wp-content\/uploads\/2017\/04\/terassioljylla-oljytty.jpg 1600w, https:\/\/uula.kajahdusdev.fi\/wp-content\/uploads\/2017\/04\/terassioljylla-oljytty-600x188.jpg 600w, https:\/\/uula.kajahdusdev.fi\/wp-content\/uploads\/2017\/04\/terassioljylla-oljytty-1024x320.jpg 1024w, https:\/\/uula.kajahdusdev.fi\/wp-content\/uploads\/2017\/04\/terassioljylla-oljytty-768x240.jpg 768w, https:\/\/uula.kajahdusdev.fi\/wp-content\/uploads\/2017\/04\/terassioljylla-oljytty-1536x480.jpg 1536w\" sizes=\"(max-width: 1600px) 100vw, 1600px\" \/><\/p>\n<p><strong>Plastfri:<\/strong>\u00a0F\u00e4rgen inneh\u00e5ller inga plastbindemedel. Som bindemedel anv\u00e4nds naturliga oljor.<br \/>\n<strong>Utsl\u00e4ppsfri:<\/strong>\u00a0Inneh\u00e5ller inte VOC. F\u00e4rgen inneh\u00e5ller inga skadliga organiska f\u00f6reningar.<br \/>\n<strong>M\u00e5lning enligt RYL 2012:s f\u00e4rgproduktgrupp:<\/strong> 481.<br \/>\n<strong>F\u00f6rvaring och f\u00f6rebyggande av milj\u00f6skador:<\/strong>\u00a0Vi rekommenderar f\u00f6rvaring p\u00e5 en torr och sval plats. F\u00f6rvaras o\u00e5tkomligt f\u00f6r barn. F\u00e5r ej frysa. Tomma, torra f\u00f6rpackningar kan l\u00e4mnas f\u00f6r \u00e5tervinning. Flytande rester ska f\u00f6ras till insamlingsstation f\u00f6r farligt avfall.<\/p>\n<hr \/>\n<p style=\"text-align: center;\"><em><span style=\"color: #a29994;\">Uula Terrassoljan har tillverkats av linolja och fiskolja som bevarar behandlade tr\u00e4konstruktioner i bra skick under en l\u00e5ng tid.<\/span><\/em><\/p>\n<hr \/>\n<p style=\"text-align: center;\"><a href=\"https:\/\/uula.kajahdusdev.fi\/sv\/maalausohjeet\/anvisningar-for-utomhusmalning\/anvisningar-for-uula-terrassolja\/\"><strong><span style=\"color: #a29994;\">Anvisningar f\u00f6r Uula Terrasolja<\/span><\/strong><\/a><\/p>\n<hr \/>\n<p style=\"text-align: left;\"><em>Blanda alltid Terrassolja omsorgsfullt f\u00f6re och under anv\u00e4ndningen. Blanda en tillr\u00e4ckligt stor m\u00e4ngd fr\u00e5n ett parti i samma k\u00e4rl f\u00f6r en sammanh\u00e4ngande yta f\u00f6r att undvika eventuella nyansskillnader. Behandla \u00e4ven virkets kapytor omsorgsfullt. Utf\u00f6r inte behandlingen i regn eller direkt solljus, behandla inte heller solheta ytor.<\/em><\/p>\n","protected":false},"excerpt":{"rendered":"<p>Uula Terrassoljan \u00e4r en snabbtorkande och vattensp\u00e4dbar olja f\u00f6r tr\u00e4ytor utomhus.<\/p>\n","protected":false},"featured_media":60418,"template":"","meta":[],"product_cat":[1958],"product_tag":[],"bundle_layout":"","bundle_add_to_cart_form_location":"","bundle_editable_in_cart":false,"bundle_sold_individually_context":"","bundle_item_grouping":"","bundle_min_size":"","bundle_max_size":"","bundled_by":[],"bundled_items":[],"yoast_head":"<!-- This site is optimized with the Yoast SEO plugin v19.9 - https:\/\/yoast.com\/wordpress\/plugins\/seo\/ -->\n<title>Uula Terrassolja | F\u00f6r behandling av tr\u00e4ytor utomhus | Uula<\/title>\n<meta name=\"description\" content=\"Uula Terrassolja. En vattensp\u00e4dbar olja f\u00f6r tr\u00e4ytor utomhus, terrasser och bryggor. Produkten \u00e4r luktfri, h\u00e5llbar och l\u00e4ttsk\u00f6tt.\" \/>\n<meta name=\"robots\" content=\"noindex, follow, max-snippet:-1, max-image-preview:large, max-video-preview:-1\" \/>\n<meta property=\"og:locale\" content=\"sv_SE\" \/>\n<meta property=\"og:type\" content=\"article\" \/>\n<meta property=\"og:title\" content=\"Uula Terrassolja | F\u00f6r behandling av tr\u00e4ytor utomhus | Uula\" \/>\n<meta property=\"og:description\" content=\"Uula Terrassolja. En vattensp\u00e4dbar olja f\u00f6r tr\u00e4ytor utomhus, terrasser och bryggor. Produkten \u00e4r luktfri, h\u00e5llbar och l\u00e4ttsk\u00f6tt.\" \/>\n<meta property=\"og:url\" content=\"https:\/\/uula.kajahdusdev.fi\/sv\/produkter\/fortunningsmedel-olja-tjara-lack\/uula-terrassolja\/\" \/>\n<meta property=\"og:site_name\" content=\"Uula\" \/>\n<meta property=\"article:modified_time\" content=\"2021-12-21T09:23:42+00:00\" \/>\n<meta property=\"og:image\" content=\"https:\/\/uula.kajahdusdev.fi\/wp-content\/uploads\/2017\/04\/Terassi\u00f6ljy.jpg\" \/>\n\t<meta property=\"og:image:width\" content=\"1200\" \/>\n\t<meta property=\"og:image:height\" content=\"1200\" \/>\n\t<meta property=\"og:image:type\" content=\"image\/jpeg\" \/>\n<meta name=\"twitter:card\" content=\"summary_large_image\" \/>\n<meta name=\"twitter:label1\" content=\"Ber\u00e4knad l\u00e4stid\" \/>\n\t<meta name=\"twitter:data1\" content=\"2 minuter\" \/>\n<script type=\"application\/ld+json\" class=\"yoast-schema-graph\">{\"@context\":\"https:\/\/schema.org\",\"@graph\":[{\"@type\":\"WebPage\",\"@id\":\"https:\/\/uula.kajahdusdev.fi\/sv\/produkter\/fortunningsmedel-olja-tjara-lack\/uula-terrassolja\/\",\"url\":\"https:\/\/uula.kajahdusdev.fi\/sv\/produkter\/fortunningsmedel-olja-tjara-lack\/uula-terrassolja\/\",\"name\":\"Uula Terrassolja | F\u00f6r behandling av tr\u00e4ytor utomhus | Uula\",\"isPartOf\":{\"@id\":\"https:\/\/uula.kajahdusdev.fi\/#website\"},\"datePublished\":\"2017-04-28T09:29:22+00:00\",\"dateModified\":\"2021-12-21T09:23:42+00:00\",\"description\":\"Uula Terrassolja. En vattensp\u00e4dbar olja f\u00f6r tr\u00e4ytor utomhus, terrasser och bryggor. Produkten \u00e4r luktfri, h\u00e5llbar och l\u00e4ttsk\u00f6tt.\",\"breadcrumb\":{\"@id\":\"https:\/\/uula.kajahdusdev.fi\/sv\/produkter\/fortunningsmedel-olja-tjara-lack\/uula-terrassolja\/#breadcrumb\"},\"inLanguage\":\"sv-SE\",\"potentialAction\":[{\"@type\":\"ReadAction\",\"target\":[\"https:\/\/uula.kajahdusdev.fi\/sv\/produkter\/fortunningsmedel-olja-tjara-lack\/uula-terrassolja\/\"]}]},{\"@type\":\"BreadcrumbList\",\"@id\":\"https:\/\/uula.kajahdusdev.fi\/sv\/produkter\/fortunningsmedel-olja-tjara-lack\/uula-terrassolja\/#breadcrumb\",\"itemListElement\":[{\"@type\":\"ListItem\",\"position\":1,\"name\":\"Home\",\"item\":\"https:\/\/uula.kajahdusdev.fi\/sv\/\"},{\"@type\":\"ListItem\",\"position\":2,\"name\":\"Maalit ja Tuotteet\",\"item\":\"https:\/\/uula.kajahdusdev.fi\/tuotteet\/\"},{\"@type\":\"ListItem\",\"position\":3,\"name\":\"Uula Terrassolja\"}]},{\"@type\":\"WebSite\",\"@id\":\"https:\/\/uula.kajahdusdev.fi\/#website\",\"url\":\"https:\/\/uula.kajahdusdev.fi\/\",\"name\":\"Uula\",\"description\":\"Muovittomat ja hengitt&auml;v&auml;t sis&auml;- ja ulkomaalit\",\"potentialAction\":[{\"@type\":\"SearchAction\",\"target\":{\"@type\":\"EntryPoint\",\"urlTemplate\":\"https:\/\/uula.kajahdusdev.fi\/?s={search_term_string}\"},\"query-input\":\"required name=search_term_string\"}],\"inLanguage\":\"sv-SE\"}]}<\/script>\n<!-- \/ Yoast SEO plugin. -->","yoast_head_json":{"title":"Uula Terrassolja | F\u00f6r behandling av tr\u00e4ytor utomhus | Uula","description":"Uula Terrassolja. En vattensp\u00e4dbar olja f\u00f6r tr\u00e4ytor utomhus, terrasser och bryggor. Produkten \u00e4r luktfri, h\u00e5llbar och l\u00e4ttsk\u00f6tt.","robots":{"index":"noindex","follow":"follow","max-snippet":"max-snippet:-1","max-image-preview":"max-image-preview:large","max-video-preview":"max-video-preview:-1"},"og_locale":"sv_SE","og_type":"article","og_title":"Uula Terrassolja | F\u00f6r behandling av tr\u00e4ytor utomhus | Uula","og_description":"Uula Terrassolja. En vattensp\u00e4dbar olja f\u00f6r tr\u00e4ytor utomhus, terrasser och bryggor. Produkten \u00e4r luktfri, h\u00e5llbar och l\u00e4ttsk\u00f6tt.","og_url":"https:\/\/uula.kajahdusdev.fi\/sv\/produkter\/fortunningsmedel-olja-tjara-lack\/uula-terrassolja\/","og_site_name":"Uula","article_modified_time":"2021-12-21T09:23:42+00:00","og_image":[{"width":1200,"height":1200,"type":"image\/jpeg","url":"https:\/\/uula.kajahdusdev.fi\/wp-content\/uploads\/2017\/04\/Terassi\u00f6ljy.jpg"}],"twitter_card":"summary_large_image","twitter_misc":{"Ber\u00e4knad l\u00e4stid":"2 minuter"},"schema":{"@context":"https:\/\/schema.org","@graph":[{"@type":"WebPage","@id":"https:\/\/uula.kajahdusdev.fi\/sv\/produkter\/fortunningsmedel-olja-tjara-lack\/uula-terrassolja\/","url":"https:\/\/uula.kajahdusdev.fi\/sv\/produkter\/fortunningsmedel-olja-tjara-lack\/uula-terrassolja\/","name":"Uula Terrassolja | F\u00f6r behandling av tr\u00e4ytor utomhus | Uula","isPartOf":{"@id":"https:\/\/uula.kajahdusdev.fi\/#website"},"datePublished":"2017-04-28T09:29:22+00:00","dateModified":"2021-12-21T09:23:42+00:00","description":"Uula Terrassolja. En vattensp\u00e4dbar olja f\u00f6r tr\u00e4ytor utomhus, terrasser och bryggor. Produkten \u00e4r luktfri, h\u00e5llbar och l\u00e4ttsk\u00f6tt.","breadcrumb":{"@id":"https:\/\/uula.kajahdusdev.fi\/sv\/produkter\/fortunningsmedel-olja-tjara-lack\/uula-terrassolja\/#breadcrumb"},"inLanguage":"sv-SE","potentialAction":[{"@type":"ReadAction","target":["https:\/\/uula.kajahdusdev.fi\/sv\/produkter\/fortunningsmedel-olja-tjara-lack\/uula-terrassolja\/"]}]},{"@type":"BreadcrumbList","@id":"https:\/\/uula.kajahdusdev.fi\/sv\/produkter\/fortunningsmedel-olja-tjara-lack\/uula-terrassolja\/#breadcrumb","itemListElement":[{"@type":"ListItem","position":1,"name":"Home","item":"https:\/\/uula.kajahdusdev.fi\/sv\/"},{"@type":"ListItem","position":2,"name":"Maalit ja Tuotteet","item":"https:\/\/uula.kajahdusdev.fi\/tuotteet\/"},{"@type":"ListItem","position":3,"name":"Uula Terrassolja"}]},{"@type":"WebSite","@id":"https:\/\/uula.kajahdusdev.fi\/#website","url":"https:\/\/uula.kajahdusdev.fi\/","name":"Uula","description":"Muovittomat ja hengitt&auml;v&auml;t sis&auml;- ja ulkomaalit","potentialAction":[{"@type":"SearchAction","target":{"@type":"EntryPoint","urlTemplate":"https:\/\/uula.kajahdusdev.fi\/?s={search_term_string}"},"query-input":"required name=search_term_string"}],"inLanguage":"sv-SE"}]}},"_links":{"self":[{"href":"https:\/\/uula.kajahdusdev.fi\/sv\/wp-json\/wp\/v2\/product\/57953"}],"collection":[{"href":"https:\/\/uula.kajahdusdev.fi\/sv\/wp-json\/wp\/v2\/product"}],"about":[{"href":"https:\/\/uula.kajahdusdev.fi\/sv\/wp-json\/wp\/v2\/types\/product"}],"wp:featuredmedia":[{"embeddable":true,"href":"https:\/\/uula.kajahdusdev.fi\/sv\/wp-json\/wp\/v2\/media\/60418"}],"wp:attachment":[{"href":"https:\/\/uula.kajahdusdev.fi\/sv\/wp-json\/wp\/v2\/media?parent=57953"}],"wp:term":[{"taxonomy":"product_cat","embeddable":true,"href":"https:\/\/uula.kajahdusdev.fi\/sv\/wp-json\/wp\/v2\/product_cat?post=57953"},{"taxonomy":"product_tag","embeddable":true,"href":"https:\/\/uula.kajahdusdev.fi\/sv\/wp-json\/wp\/v2\/product_tag?post=57953"}],"curies":[{"name":"wp","href":"https:\/\/api.w.org\/{rel}","templated":true}]}}