{"id":57954,"date":"2017-04-18T07:43:43","date_gmt":"2017-04-18T07:43:43","guid":{"rendered":"https:\/\/uula.kajahdusdev.fi\/tuotteet\/Ei-luokiteltu\/uula-utomhusgrundfarg\/"},"modified":"2021-12-21T09:20:11","modified_gmt":"2021-12-21T09:20:11","slug":"uula-utomhusgrundfarg","status":"publish","type":"product","link":"https:\/\/uula.kajahdusdev.fi\/sv\/tuotteet\/utomhusfarger\/uula-utomhusgrundfarg\/","title":{"rendered":"Uula Utomhusgrundf\u00e4rg"},"content":{"rendered":"<h1>Uula Utomhusgrundf\u00e4rg \u2013 F\u00f6r grundm\u00e5lning av tr\u00e4ytor utomhus<\/h1>\n<p>Uula Utomhusgrundf\u00e4rgen \u00e4r en plastfri och anv\u00e4ndarv\u00e4nlig, vattensp\u00e4dbar f\u00e4rg f\u00f6r f\u00f6rbehandling av ytor utomhus. F\u00e4rgen \u00e4r milj\u00f6v\u00e4nlig p\u00e5 grund av de f\u00f6rnybara naturoljorna som anv\u00e4nds som bindemedel. Produkten andas och \u00e4r luktfri. Anv\u00e4ndningsomr\u00e5den \u00e4r s\u00e5gade och hyvlade tr\u00e4ytor samt ytor utomhus av stock och impregnerat virke. Rekommenderas som grundf\u00e4rg f\u00f6r<span style=\"color: #000000;\"> <a style=\"color: #000000;\" href=\"https:\/\/uula.kajahdusdev.fi\/sv\/produkter\/ulkomaalit\/uula-linoljefarg\/\">Uula Linoljef\u00e4rg och<\/a>\u00a0<a style=\"color: #000000;\" href=\"https:\/\/uula.kajahdusdev.fi\/sv\/produkter\/ulkomaalit\/uula-petroleumoljefarg\/\">Uula Petroleumoljef\u00e4rg.<\/a><\/span><\/p>\n<p><strong>\u00c5tg\u00e5ng:<\/strong> Hyvlade ytor cirka 8\u201312 m<sup>2<\/sup>\/l. S\u00e5gade ytor cirka 6\u20138 m<sup>2<\/sup>\/l.<br \/>\n<strong>Torktid:<\/strong> F\u00e4rgen \u00e4r ber\u00f6ringstorr efter cirka en halvtimme. Kan \u00f6verstrykas efter cirka 6 timmar.<br \/>\n<strong>Nyansering:<\/strong> Kan nyanseras till t\u00e4ckande nyanser p\u00e5 de vanligaste f\u00e4rgkartorna. Kom dock ih\u00e5g att det kan f\u00f6rekomma variationer i nyanserna p\u00e5 grund av f\u00e4rgens glansgrad och f\u00e4rgtyp samt nyanseringspastor, nyanseringsmaskiner och nyanseringsmetoder.<br \/>\n<strong>F\u00f6rtunning<\/strong>: Vatten<\/p>\n<hr \/>\n<p><img loading=\"lazy\" decoding=\"async\" class=\"aligncenter size-full wp-image-64504\" src=\"https:\/\/uula.kajahdusdev.fi\/wp-content\/uploads\/2017\/04\/ulkopohjamaali-ja-sivellin.jpg\" alt=\"\" width=\"1600\" height=\"500\" srcset=\"https:\/\/uula.kajahdusdev.fi\/wp-content\/uploads\/2017\/04\/ulkopohjamaali-ja-sivellin.jpg 1600w, https:\/\/uula.kajahdusdev.fi\/wp-content\/uploads\/2017\/04\/ulkopohjamaali-ja-sivellin-600x188.jpg 600w, https:\/\/uula.kajahdusdev.fi\/wp-content\/uploads\/2017\/04\/ulkopohjamaali-ja-sivellin-1024x320.jpg 1024w, https:\/\/uula.kajahdusdev.fi\/wp-content\/uploads\/2017\/04\/ulkopohjamaali-ja-sivellin-768x240.jpg 768w, https:\/\/uula.kajahdusdev.fi\/wp-content\/uploads\/2017\/04\/ulkopohjamaali-ja-sivellin-1536x480.jpg 1536w\" sizes=\"(max-width: 1600px) 100vw, 1600px\" \/><\/p>\n<hr \/>\n<p><strong>Tekniska data<\/strong><\/p>\n<p><strong>Glansgrad:<\/strong> matt.<br \/>\n<strong>Inneh\u00e5ller inte VOC.<\/strong><br \/>\n<strong>M\u00e5lning enligt RYL 2012:s f\u00e4rgproduktgrupp:<\/strong> 231.<br \/>\n<strong>Lagring och undvikande av milj\u00f6ol\u00e4genheter:<\/strong> F\u00f6rvaras torrt och svalt. F\u00e5r inte frysa. Tomma och torra burkar kan f\u00f6ras till insamlingen. Flytande avfall skall f\u00f6ras till den kommunala insamlingen f\u00f6r problemavfall.<\/p>\n<hr \/>\n<p style=\"text-align: center;\"><span style=\"color: #a29994;\"><strong><a style=\"color: #a29994;\" href=\"https:\/\/uula.kajahdusdev.fi\/sv\/maalausohjeet\/anvisningar-for-utomhusmalning\/malningsanvisningar-for-uula-utomhusgrundfarg\/\">L\u00e4s m\u00e5lningsanvisningarna f\u00f6r Uula Utomhusgrundf\u00e4rg<\/a><\/strong><\/span><\/p>\n","protected":false},"excerpt":{"rendered":"<p>Uula Utomhusgrundf\u00e4rgen \u00e4r en plastfri och anv\u00e4ndarv\u00e4nlig, vattensp\u00e4dbar f\u00e4rg f\u00f6r f\u00f6rbehandling av ytor utomhus.<\/p>\n","protected":false},"featured_media":59777,"template":"","meta":[],"product_cat":[1959],"product_tag":[],"bundle_layout":"","bundle_add_to_cart_form_location":"","bundle_editable_in_cart":false,"bundle_sold_individually_context":"","bundle_item_grouping":"","bundle_min_size":"","bundle_max_size":"","bundled_by":[],"bundled_items":[],"yoast_head":"<!-- This site is optimized with the Yoast SEO plugin v19.9 - https:\/\/yoast.com\/wordpress\/plugins\/seo\/ -->\n<title>Uula Utomhusgrundf\u00e4rg | Vattensp\u00e4dbar utomhusgrundf\u00e4rg \u00a0 | Uula<\/title>\n<meta name=\"description\" content=\"Uula Utomhusgrundf\u00e4rgen \u00e4r en plastfri och anv\u00e4ndarv\u00e4nlig, vattensp\u00e4dbar f\u00e4rg f\u00f6r f\u00f6rbehandling av ytor utomhus.\u00a0\" \/>\n<meta name=\"robots\" content=\"noindex, follow, max-snippet:-1, max-image-preview:large, max-video-preview:-1\" \/>\n<meta property=\"og:locale\" content=\"sv_SE\" \/>\n<meta property=\"og:type\" content=\"article\" \/>\n<meta property=\"og:title\" content=\"Uula Utomhusgrundf\u00e4rg | Vattensp\u00e4dbar utomhusgrundf\u00e4rg \u00a0 | Uula\" \/>\n<meta property=\"og:description\" content=\"Uula Utomhusgrundf\u00e4rgen \u00e4r en plastfri och anv\u00e4ndarv\u00e4nlig, vattensp\u00e4dbar f\u00e4rg f\u00f6r f\u00f6rbehandling av ytor utomhus.\u00a0\" \/>\n<meta property=\"og:url\" content=\"https:\/\/uula.kajahdusdev.fi\/sv\/produkter\/utomhusfarger\/uula-utomhusgrundfarg\/\" \/>\n<meta property=\"og:site_name\" content=\"Uula\" \/>\n<meta property=\"article:modified_time\" content=\"2021-12-21T09:20:11+00:00\" \/>\n<meta property=\"og:image\" content=\"https:\/\/uula.kajahdusdev.fi\/wp-content\/uploads\/2017\/04\/Ulkopohja-2.jpg\" \/>\n\t<meta property=\"og:image:width\" content=\"1200\" \/>\n\t<meta property=\"og:image:height\" content=\"1200\" \/>\n\t<meta property=\"og:image:type\" content=\"image\/jpeg\" \/>\n<meta name=\"twitter:card\" content=\"summary_large_image\" \/>\n<meta name=\"twitter:label1\" content=\"Ber\u00e4knad l\u00e4stid\" \/>\n\t<meta name=\"twitter:data1\" content=\"1 minut\" \/>\n<script type=\"application\/ld+json\" class=\"yoast-schema-graph\">{\"@context\":\"https:\/\/schema.org\",\"@graph\":[{\"@type\":\"WebPage\",\"@id\":\"https:\/\/uula.kajahdusdev.fi\/sv\/produkter\/utomhusfarger\/uula-utomhusgrundfarg\/\",\"url\":\"https:\/\/uula.kajahdusdev.fi\/sv\/produkter\/utomhusfarger\/uula-utomhusgrundfarg\/\",\"name\":\"Uula Utomhusgrundf\u00e4rg | Vattensp\u00e4dbar utomhusgrundf\u00e4rg \u00a0 | Uula\",\"isPartOf\":{\"@id\":\"https:\/\/uula.kajahdusdev.fi\/#website\"},\"datePublished\":\"2017-04-18T07:43:43+00:00\",\"dateModified\":\"2021-12-21T09:20:11+00:00\",\"description\":\"Uula Utomhusgrundf\u00e4rgen \u00e4r en plastfri och anv\u00e4ndarv\u00e4nlig, vattensp\u00e4dbar f\u00e4rg f\u00f6r f\u00f6rbehandling av ytor utomhus.\u00a0\",\"breadcrumb\":{\"@id\":\"https:\/\/uula.kajahdusdev.fi\/sv\/produkter\/utomhusfarger\/uula-utomhusgrundfarg\/#breadcrumb\"},\"inLanguage\":\"sv-SE\",\"potentialAction\":[{\"@type\":\"ReadAction\",\"target\":[\"https:\/\/uula.kajahdusdev.fi\/sv\/produkter\/utomhusfarger\/uula-utomhusgrundfarg\/\"]}]},{\"@type\":\"BreadcrumbList\",\"@id\":\"https:\/\/uula.kajahdusdev.fi\/sv\/produkter\/utomhusfarger\/uula-utomhusgrundfarg\/#breadcrumb\",\"itemListElement\":[{\"@type\":\"ListItem\",\"position\":1,\"name\":\"Home\",\"item\":\"https:\/\/uula.kajahdusdev.fi\/sv\/\"},{\"@type\":\"ListItem\",\"position\":2,\"name\":\"Maalit ja Tuotteet\",\"item\":\"https:\/\/uula.kajahdusdev.fi\/tuotteet\/\"},{\"@type\":\"ListItem\",\"position\":3,\"name\":\"Uula Utomhusgrundf\u00e4rg\"}]},{\"@type\":\"WebSite\",\"@id\":\"https:\/\/uula.kajahdusdev.fi\/#website\",\"url\":\"https:\/\/uula.kajahdusdev.fi\/\",\"name\":\"Uula\",\"description\":\"Muovittomat ja hengitt&auml;v&auml;t sis&auml;- ja ulkomaalit\",\"potentialAction\":[{\"@type\":\"SearchAction\",\"target\":{\"@type\":\"EntryPoint\",\"urlTemplate\":\"https:\/\/uula.kajahdusdev.fi\/?s={search_term_string}\"},\"query-input\":\"required name=search_term_string\"}],\"inLanguage\":\"sv-SE\"}]}<\/script>\n<!-- \/ Yoast SEO plugin. -->","yoast_head_json":{"title":"Uula Utomhusgrundf\u00e4rg | Vattensp\u00e4dbar utomhusgrundf\u00e4rg \u00a0 | Uula","description":"Uula Utomhusgrundf\u00e4rgen \u00e4r en plastfri och anv\u00e4ndarv\u00e4nlig, vattensp\u00e4dbar f\u00e4rg f\u00f6r f\u00f6rbehandling av ytor utomhus.\u00a0","robots":{"index":"noindex","follow":"follow","max-snippet":"max-snippet:-1","max-image-preview":"max-image-preview:large","max-video-preview":"max-video-preview:-1"},"og_locale":"sv_SE","og_type":"article","og_title":"Uula Utomhusgrundf\u00e4rg | Vattensp\u00e4dbar utomhusgrundf\u00e4rg \u00a0 | Uula","og_description":"Uula Utomhusgrundf\u00e4rgen \u00e4r en plastfri och anv\u00e4ndarv\u00e4nlig, vattensp\u00e4dbar f\u00e4rg f\u00f6r f\u00f6rbehandling av ytor utomhus.\u00a0","og_url":"https:\/\/uula.kajahdusdev.fi\/sv\/produkter\/utomhusfarger\/uula-utomhusgrundfarg\/","og_site_name":"Uula","article_modified_time":"2021-12-21T09:20:11+00:00","og_image":[{"width":1200,"height":1200,"type":"image\/jpeg","url":"https:\/\/uula.kajahdusdev.fi\/wp-content\/uploads\/2017\/04\/Ulkopohja-2.jpg"}],"twitter_card":"summary_large_image","twitter_misc":{"Ber\u00e4knad l\u00e4stid":"1 minut"},"schema":{"@context":"https:\/\/schema.org","@graph":[{"@type":"WebPage","@id":"https:\/\/uula.kajahdusdev.fi\/sv\/produkter\/utomhusfarger\/uula-utomhusgrundfarg\/","url":"https:\/\/uula.kajahdusdev.fi\/sv\/produkter\/utomhusfarger\/uula-utomhusgrundfarg\/","name":"Uula Utomhusgrundf\u00e4rg | Vattensp\u00e4dbar utomhusgrundf\u00e4rg \u00a0 | Uula","isPartOf":{"@id":"https:\/\/uula.kajahdusdev.fi\/#website"},"datePublished":"2017-04-18T07:43:43+00:00","dateModified":"2021-12-21T09:20:11+00:00","description":"Uula Utomhusgrundf\u00e4rgen \u00e4r en plastfri och anv\u00e4ndarv\u00e4nlig, vattensp\u00e4dbar f\u00e4rg f\u00f6r f\u00f6rbehandling av ytor utomhus.\u00a0","breadcrumb":{"@id":"https:\/\/uula.kajahdusdev.fi\/sv\/produkter\/utomhusfarger\/uula-utomhusgrundfarg\/#breadcrumb"},"inLanguage":"sv-SE","potentialAction":[{"@type":"ReadAction","target":["https:\/\/uula.kajahdusdev.fi\/sv\/produkter\/utomhusfarger\/uula-utomhusgrundfarg\/"]}]},{"@type":"BreadcrumbList","@id":"https:\/\/uula.kajahdusdev.fi\/sv\/produkter\/utomhusfarger\/uula-utomhusgrundfarg\/#breadcrumb","itemListElement":[{"@type":"ListItem","position":1,"name":"Home","item":"https:\/\/uula.kajahdusdev.fi\/sv\/"},{"@type":"ListItem","position":2,"name":"Maalit ja Tuotteet","item":"https:\/\/uula.kajahdusdev.fi\/tuotteet\/"},{"@type":"ListItem","position":3,"name":"Uula Utomhusgrundf\u00e4rg"}]},{"@type":"WebSite","@id":"https:\/\/uula.kajahdusdev.fi\/#website","url":"https:\/\/uula.kajahdusdev.fi\/","name":"Uula","description":"Muovittomat ja hengitt&auml;v&auml;t sis&auml;- ja ulkomaalit","potentialAction":[{"@type":"SearchAction","target":{"@type":"EntryPoint","urlTemplate":"https:\/\/uula.kajahdusdev.fi\/?s={search_term_string}"},"query-input":"required name=search_term_string"}],"inLanguage":"sv-SE"}]}},"_links":{"self":[{"href":"https:\/\/uula.kajahdusdev.fi\/sv\/wp-json\/wp\/v2\/product\/57954"}],"collection":[{"href":"https:\/\/uula.kajahdusdev.fi\/sv\/wp-json\/wp\/v2\/product"}],"about":[{"href":"https:\/\/uula.kajahdusdev.fi\/sv\/wp-json\/wp\/v2\/types\/product"}],"wp:featuredmedia":[{"embeddable":true,"href":"https:\/\/uula.kajahdusdev.fi\/sv\/wp-json\/wp\/v2\/media\/59777"}],"wp:attachment":[{"href":"https:\/\/uula.kajahdusdev.fi\/sv\/wp-json\/wp\/v2\/media?parent=57954"}],"wp:term":[{"taxonomy":"product_cat","embeddable":true,"href":"https:\/\/uula.kajahdusdev.fi\/sv\/wp-json\/wp\/v2\/product_cat?post=57954"},{"taxonomy":"product_tag","embeddable":true,"href":"https:\/\/uula.kajahdusdev.fi\/sv\/wp-json\/wp\/v2\/product_tag?post=57954"}],"curies":[{"name":"wp","href":"https:\/\/api.w.org\/{rel}","templated":true}]}}