{"id":57956,"date":"2017-04-18T11:19:24","date_gmt":"2017-04-18T11:19:24","guid":{"rendered":"https:\/\/uula.kajahdusdev.fi\/tuotteet\/Ei-luokiteltu\/uula-universalfortunning\/"},"modified":"2021-12-03T11:55:39","modified_gmt":"2021-12-03T11:55:39","slug":"uula-universalfortunning","status":"publish","type":"product","link":"https:\/\/uula.kajahdusdev.fi\/sv\/tuotteet\/fortunningsmedel-olja-tjara-lack\/uula-universalfortunning\/","title":{"rendered":"Uula Universalf\u00f6rtunning"},"content":{"rendered":"<h1>Uula Universalf\u00f6rtunning \u2013 F\u00f6rtunning f\u00f6r l\u00f6sningssp\u00e4dbara inomhusf\u00e4rger<\/h1>\n<p>Uula Universalf\u00f6rtunning l\u00e4mpar sig f\u00f6r utsp\u00e4dning av Uula D\u00f6rr- och f\u00f6nsterf\u00e4rg, Uula Tr\u00e4golvf\u00e4rg, Uula Oljelasyr, Uula Inomhusoljef\u00e4rg och Uula linoljef\u00e4rg inomhus.<\/p>\n<p>F\u00f6rtunningen kan \u00e4ven anv\u00e4ndas till utsp\u00e4dning av \u00e5dringsf\u00e4rger, reng\u00f6ring av arbetsredskap samt borttagning av fl\u00e4ckar, s\u00e5som k\u00e5da, tj\u00e4ra och fett.<\/p>\n<p>Ett mindre skadligt alternativ till lackbensin och terpentin.<\/p>\n<hr \/>\n<p><strong>Lagring och undvikande av milj\u00f6ol\u00e4genheter:<\/strong><br \/>\nF\u00f6rvaras torrt och svalt. F\u00f6rvaras utom r\u00e4ckh\u00e5ll f\u00f6r barn. Fryser ej. Tomma och torra burkar kan f\u00f6ras till insamlingen. Flytande avfall skall f\u00f6ras till den kommunala insamlingen f\u00f6r problemavfall.<\/p>\n","protected":false},"excerpt":{"rendered":"<p>Uula Universalf\u00f6rtunning. F\u00f6r f\u00f6rtunning av oljef\u00e4rger inomhusbruk. L\u00e4mpar sig f\u00f6r reng\u00f6ring av arbetsredskap och f\u00f6r borttagning av fl\u00e4ckar av tj\u00e4ra, beck och fett.<\/p>\n","protected":false},"featured_media":59931,"template":"","meta":[],"product_cat":[1958],"product_tag":[2236,2235],"bundle_layout":"","bundle_add_to_cart_form_location":"","bundle_editable_in_cart":false,"bundle_sold_individually_context":"","bundle_item_grouping":"","bundle_min_size":"","bundle_max_size":"","bundled_by":[],"bundled_items":[],"yoast_head":"<!-- This site is optimized with the Yoast SEO plugin v19.9 - https:\/\/yoast.com\/wordpress\/plugins\/seo\/ -->\n<title>Uula Universalf\u00f6rtunning | F\u00f6r l\u00f6sningssp\u00e4dbara inomhusf\u00e4rger | Uula<\/title>\n<meta name=\"description\" content=\"Uula Univeralf\u00f6rtunning f\u00f6r oljef\u00e4rger inomhusbruk och reng\u00f6ring av arbetsredskap och f\u00f6r borttagning av fl\u00e4ckar av tj\u00e4ra, beck och fett.\" \/>\n<meta name=\"robots\" content=\"noindex, follow, max-snippet:-1, max-image-preview:large, max-video-preview:-1\" \/>\n<meta property=\"og:locale\" content=\"sv_SE\" \/>\n<meta property=\"og:type\" content=\"article\" \/>\n<meta property=\"og:title\" content=\"Uula Universalf\u00f6rtunning | F\u00f6r l\u00f6sningssp\u00e4dbara inomhusf\u00e4rger | Uula\" \/>\n<meta property=\"og:description\" content=\"Uula Univeralf\u00f6rtunning f\u00f6r oljef\u00e4rger inomhusbruk och reng\u00f6ring av arbetsredskap och f\u00f6r borttagning av fl\u00e4ckar av tj\u00e4ra, beck och fett.\" \/>\n<meta property=\"og:url\" content=\"https:\/\/uula.kajahdusdev.fi\/sv\/produkter\/fortunningsmedel-olja-tjara-lack\/uula-universalfortunning\/\" \/>\n<meta property=\"og:site_name\" content=\"Uula\" \/>\n<meta property=\"article:modified_time\" content=\"2021-12-03T11:55:39+00:00\" \/>\n<meta property=\"og:image\" content=\"https:\/\/uula.kajahdusdev.fi\/wp-content\/uploads\/2017\/04\/uula-yleisohenne.jpg\" \/>\n\t<meta property=\"og:image:width\" content=\"1200\" \/>\n\t<meta property=\"og:image:height\" content=\"1200\" \/>\n\t<meta property=\"og:image:type\" content=\"image\/jpeg\" \/>\n<meta name=\"twitter:card\" content=\"summary_large_image\" \/>\n<meta name=\"twitter:label1\" content=\"Ber\u00e4knad l\u00e4stid\" \/>\n\t<meta name=\"twitter:data1\" content=\"1 minut\" \/>\n<script type=\"application\/ld+json\" class=\"yoast-schema-graph\">{\"@context\":\"https:\/\/schema.org\",\"@graph\":[{\"@type\":\"WebPage\",\"@id\":\"https:\/\/uula.kajahdusdev.fi\/sv\/produkter\/fortunningsmedel-olja-tjara-lack\/uula-universalfortunning\/\",\"url\":\"https:\/\/uula.kajahdusdev.fi\/sv\/produkter\/fortunningsmedel-olja-tjara-lack\/uula-universalfortunning\/\",\"name\":\"Uula Universalf\u00f6rtunning | F\u00f6r l\u00f6sningssp\u00e4dbara inomhusf\u00e4rger | Uula\",\"isPartOf\":{\"@id\":\"https:\/\/uula.kajahdusdev.fi\/#website\"},\"datePublished\":\"2017-04-18T11:19:24+00:00\",\"dateModified\":\"2021-12-03T11:55:39+00:00\",\"description\":\"Uula Univeralf\u00f6rtunning f\u00f6r oljef\u00e4rger inomhusbruk och reng\u00f6ring av arbetsredskap och f\u00f6r borttagning av fl\u00e4ckar av tj\u00e4ra, beck och fett.\",\"breadcrumb\":{\"@id\":\"https:\/\/uula.kajahdusdev.fi\/sv\/produkter\/fortunningsmedel-olja-tjara-lack\/uula-universalfortunning\/#breadcrumb\"},\"inLanguage\":\"sv-SE\",\"potentialAction\":[{\"@type\":\"ReadAction\",\"target\":[\"https:\/\/uula.kajahdusdev.fi\/sv\/produkter\/fortunningsmedel-olja-tjara-lack\/uula-universalfortunning\/\"]}]},{\"@type\":\"BreadcrumbList\",\"@id\":\"https:\/\/uula.kajahdusdev.fi\/sv\/produkter\/fortunningsmedel-olja-tjara-lack\/uula-universalfortunning\/#breadcrumb\",\"itemListElement\":[{\"@type\":\"ListItem\",\"position\":1,\"name\":\"Home\",\"item\":\"https:\/\/uula.kajahdusdev.fi\/sv\/\"},{\"@type\":\"ListItem\",\"position\":2,\"name\":\"Maalit ja Tuotteet\",\"item\":\"https:\/\/uula.kajahdusdev.fi\/tuotteet\/\"},{\"@type\":\"ListItem\",\"position\":3,\"name\":\"Uula Universalf\u00f6rtunning\"}]},{\"@type\":\"WebSite\",\"@id\":\"https:\/\/uula.kajahdusdev.fi\/#website\",\"url\":\"https:\/\/uula.kajahdusdev.fi\/\",\"name\":\"Uula\",\"description\":\"Muovittomat ja hengitt&auml;v&auml;t sis&auml;- ja ulkomaalit\",\"potentialAction\":[{\"@type\":\"SearchAction\",\"target\":{\"@type\":\"EntryPoint\",\"urlTemplate\":\"https:\/\/uula.kajahdusdev.fi\/?s={search_term_string}\"},\"query-input\":\"required name=search_term_string\"}],\"inLanguage\":\"sv-SE\"}]}<\/script>\n<!-- \/ Yoast SEO plugin. -->","yoast_head_json":{"title":"Uula Universalf\u00f6rtunning | F\u00f6r l\u00f6sningssp\u00e4dbara inomhusf\u00e4rger | Uula","description":"Uula Univeralf\u00f6rtunning f\u00f6r oljef\u00e4rger inomhusbruk och reng\u00f6ring av arbetsredskap och f\u00f6r borttagning av fl\u00e4ckar av tj\u00e4ra, beck och fett.","robots":{"index":"noindex","follow":"follow","max-snippet":"max-snippet:-1","max-image-preview":"max-image-preview:large","max-video-preview":"max-video-preview:-1"},"og_locale":"sv_SE","og_type":"article","og_title":"Uula Universalf\u00f6rtunning | F\u00f6r l\u00f6sningssp\u00e4dbara inomhusf\u00e4rger | Uula","og_description":"Uula Univeralf\u00f6rtunning f\u00f6r oljef\u00e4rger inomhusbruk och reng\u00f6ring av arbetsredskap och f\u00f6r borttagning av fl\u00e4ckar av tj\u00e4ra, beck och fett.","og_url":"https:\/\/uula.kajahdusdev.fi\/sv\/produkter\/fortunningsmedel-olja-tjara-lack\/uula-universalfortunning\/","og_site_name":"Uula","article_modified_time":"2021-12-03T11:55:39+00:00","og_image":[{"width":1200,"height":1200,"url":"https:\/\/uula.kajahdusdev.fi\/wp-content\/uploads\/2017\/04\/uula-yleisohenne.jpg","type":"image\/jpeg"}],"twitter_card":"summary_large_image","twitter_misc":{"Ber\u00e4knad l\u00e4stid":"1 minut"},"schema":{"@context":"https:\/\/schema.org","@graph":[{"@type":"WebPage","@id":"https:\/\/uula.kajahdusdev.fi\/sv\/produkter\/fortunningsmedel-olja-tjara-lack\/uula-universalfortunning\/","url":"https:\/\/uula.kajahdusdev.fi\/sv\/produkter\/fortunningsmedel-olja-tjara-lack\/uula-universalfortunning\/","name":"Uula Universalf\u00f6rtunning | F\u00f6r l\u00f6sningssp\u00e4dbara inomhusf\u00e4rger | Uula","isPartOf":{"@id":"https:\/\/uula.kajahdusdev.fi\/#website"},"datePublished":"2017-04-18T11:19:24+00:00","dateModified":"2021-12-03T11:55:39+00:00","description":"Uula Univeralf\u00f6rtunning f\u00f6r oljef\u00e4rger inomhusbruk och reng\u00f6ring av arbetsredskap och f\u00f6r borttagning av fl\u00e4ckar av tj\u00e4ra, beck och fett.","breadcrumb":{"@id":"https:\/\/uula.kajahdusdev.fi\/sv\/produkter\/fortunningsmedel-olja-tjara-lack\/uula-universalfortunning\/#breadcrumb"},"inLanguage":"sv-SE","potentialAction":[{"@type":"ReadAction","target":["https:\/\/uula.kajahdusdev.fi\/sv\/produkter\/fortunningsmedel-olja-tjara-lack\/uula-universalfortunning\/"]}]},{"@type":"BreadcrumbList","@id":"https:\/\/uula.kajahdusdev.fi\/sv\/produkter\/fortunningsmedel-olja-tjara-lack\/uula-universalfortunning\/#breadcrumb","itemListElement":[{"@type":"ListItem","position":1,"name":"Home","item":"https:\/\/uula.kajahdusdev.fi\/sv\/"},{"@type":"ListItem","position":2,"name":"Maalit ja Tuotteet","item":"https:\/\/uula.kajahdusdev.fi\/tuotteet\/"},{"@type":"ListItem","position":3,"name":"Uula Universalf\u00f6rtunning"}]},{"@type":"WebSite","@id":"https:\/\/uula.kajahdusdev.fi\/#website","url":"https:\/\/uula.kajahdusdev.fi\/","name":"Uula","description":"Muovittomat ja hengitt&auml;v&auml;t sis&auml;- ja ulkomaalit","potentialAction":[{"@type":"SearchAction","target":{"@type":"EntryPoint","urlTemplate":"https:\/\/uula.kajahdusdev.fi\/?s={search_term_string}"},"query-input":"required name=search_term_string"}],"inLanguage":"sv-SE"}]}},"_links":{"self":[{"href":"https:\/\/uula.kajahdusdev.fi\/sv\/wp-json\/wp\/v2\/product\/57956"}],"collection":[{"href":"https:\/\/uula.kajahdusdev.fi\/sv\/wp-json\/wp\/v2\/product"}],"about":[{"href":"https:\/\/uula.kajahdusdev.fi\/sv\/wp-json\/wp\/v2\/types\/product"}],"wp:featuredmedia":[{"embeddable":true,"href":"https:\/\/uula.kajahdusdev.fi\/sv\/wp-json\/wp\/v2\/media\/59931"}],"wp:attachment":[{"href":"https:\/\/uula.kajahdusdev.fi\/sv\/wp-json\/wp\/v2\/media?parent=57956"}],"wp:term":[{"taxonomy":"product_cat","embeddable":true,"href":"https:\/\/uula.kajahdusdev.fi\/sv\/wp-json\/wp\/v2\/product_cat?post=57956"},{"taxonomy":"product_tag","embeddable":true,"href":"https:\/\/uula.kajahdusdev.fi\/sv\/wp-json\/wp\/v2\/product_tag?post=57956"}],"curies":[{"name":"wp","href":"https:\/\/api.w.org\/{rel}","templated":true}]}}