{"id":57957,"date":"2017-04-13T12:33:46","date_gmt":"2017-04-13T12:33:46","guid":{"rendered":"https:\/\/uula.kajahdusdev.fi\/tuotteet\/Ei-luokiteltu\/uula-oljelasyr\/"},"modified":"2021-12-21T09:10:02","modified_gmt":"2021-12-21T09:10:02","slug":"uula-oljelasyr","status":"publish","type":"product","link":"https:\/\/uula.kajahdusdev.fi\/sv\/tuotteet\/fortunningsmedel-olja-tjara-lack\/uula-oljelasyr\/","title":{"rendered":"Uula Oljelasyr"},"content":{"rendered":"<h1>Uula Oljelasyr \u2013 lasyrf\u00e4rg f\u00f6r golv och m\u00f6bler<\/h1>\n<p>Uula Oljelasyr l\u00e4mpar sig f\u00f6r lasyrm\u00e5lning av nya eller gamla obehandlade tr\u00e4ytor eller ytor som tidigare har behandlats med tr\u00e4dskyddsmedel som inte bildar en hinna i b\u00e5de torra och v\u00e5ta utrymmen. Lasyrbehandlingen l\u00e4mpar sig f\u00f6r d\u00f6rrar, f\u00f6nsterkarmar, m\u00f6bler och golv i torra inomhusutrymmen samt f\u00f6r v\u00e4ggar och m\u00f6bler i takf\u00f6rsedda utomhusutrymmen.<\/p>\n<p>Den slitt\u00e5liga oljelasyren l\u00e4mnar tr\u00e4ets eget m\u00f6nster vackert synligt och skyddar den behandlade ytan mot fukt och smuts. L\u00e4mpar sig \u00e4ven som bindemedel f\u00f6r lasyr-, \u00e5drings- och dekorationsf\u00e4rger samt ovanp\u00e5 linoljef\u00e4rger och lack n\u00e4r man vill g\u00f6ra glansgraden mattare. Uula Oljelasyr \u00e4r l\u00e4tt att bearbeta och utg\u00f6r d\u00e4rmer ett bra alternativ till vaxning.<\/p>\n<p><strong>\u00c5tg\u00e5ng:<\/strong> Hyvlad yta 12\u201315 m<sup>2<\/sup>\/liter. S\u00e5gad yta 8\u201310 m<sup>2<\/sup>\/liter.<br \/>\n<strong>Torktid:<\/strong> Ber\u00f6ringstorr efter 5\u20138 timmar. Kan \u00f6verstrykas efter cirka ett dygn.<br \/>\n<strong>F\u00f6rtunning<\/strong>: Uula Universalf\u00f6rtunning<br \/>\n<strong>Nyanser:<\/strong> F\u00e4rgl\u00f6s. Kan nyanseras till de flesta nyanser p\u00e5 lasyrf\u00e4rgkartorna. Kom dock ih\u00e5g att det kan f\u00f6rekomma variationer i nyanserna p\u00e5 grund av f\u00e4rgens glansgrad, tr\u00e4ets egen nyans eller tidigare behandlingar samt nyanseringspastor, nyanseringsmaskiner och nyanseringsmetoder.<\/p>\n<hr \/>\n<p><img loading=\"lazy\" decoding=\"async\" class=\"aligncenter size-full wp-image-64344\" src=\"https:\/\/uula.kajahdusdev.fi\/wp-content\/uploads\/2019\/02\/Puulattia-kasitelty-luonnollisesti-oljyamalla.jpg\" alt=\"\" width=\"1600\" height=\"500\" srcset=\"https:\/\/uula.kajahdusdev.fi\/wp-content\/uploads\/2019\/02\/Puulattia-kasitelty-luonnollisesti-oljyamalla.jpg 1600w, https:\/\/uula.kajahdusdev.fi\/wp-content\/uploads\/2019\/02\/Puulattia-kasitelty-luonnollisesti-oljyamalla-600x188.jpg 600w, https:\/\/uula.kajahdusdev.fi\/wp-content\/uploads\/2019\/02\/Puulattia-kasitelty-luonnollisesti-oljyamalla-1024x320.jpg 1024w, https:\/\/uula.kajahdusdev.fi\/wp-content\/uploads\/2019\/02\/Puulattia-kasitelty-luonnollisesti-oljyamalla-768x240.jpg 768w, https:\/\/uula.kajahdusdev.fi\/wp-content\/uploads\/2019\/02\/Puulattia-kasitelty-luonnollisesti-oljyamalla-1536x480.jpg 1536w\" sizes=\"(max-width: 1600px) 100vw, 1600px\" \/><\/p>\n<hr \/>\n<p><strong>Tekniska data<\/strong><\/p>\n<p><strong>Plastfri:<\/strong> F\u00e4rgen inneh\u00e5ller inga plastbindemedel. Som bindemedel anv\u00e4nds naturliga oljor. Tillverkas av kokt linolja (fernissa) och naturhartser.<br \/>\n<strong>VOC-utsl\u00e4pp:<\/strong> Under 400 g\/liter<br \/>\n<strong>M\u00e5lning enligt RYL 2012:s f\u00e4rgproduktgrupp:<\/strong> 731 och 732.<br \/>\n<strong>Lagring och undvikande av milj\u00f6ol\u00e4genheter:\u00a0<\/strong>F\u00f6rvaras utom r\u00e4ckh\u00e5ll f\u00f6r barn. F\u00f6rvaras torrt och svalt. Fryser ej. Tomma och torra burkar kan f\u00f6ras till insamlingen. Flytande avfall skall f\u00f6ras till den kommunala insamlingen f\u00f6r problemavfall.<\/p>\n<hr \/>\n<p style=\"text-align: center;\"><span style=\"color: #a29994;\"><strong><a style=\"color: #a29994;\" href=\"https:\/\/uula.kajahdusdev.fi\/sv\/maalausohjeet\/anvisningar-for-malning-inomhus\/anvisningar-for-uula-oljelasyr\/\">L\u00e4s mer i behandlingsanvisningarna<\/a><\/strong><\/span><\/p>\n","protected":false},"excerpt":{"rendered":"<p>Uula Oljelasyr l\u00e4mpar sig utm\u00e4rkt f\u00f6r lasering av innerd\u00f6rrar, f\u00f6nsterb\u00e5gar, m\u00f6bler och golv samt f\u00f6r behandling av v\u00e4ggpaneler under tak utomhus.<\/p>\n","protected":false},"featured_media":68156,"template":"","meta":[],"product_cat":[1960,1958],"product_tag":[],"bundle_layout":"","bundle_add_to_cart_form_location":"","bundle_editable_in_cart":false,"bundle_sold_individually_context":"","bundle_item_grouping":"","bundle_min_size":"","bundle_max_size":"","bundled_by":[],"bundled_items":[],"yoast_head":"<!-- This site is optimized with the Yoast SEO plugin v19.9 - https:\/\/yoast.com\/wordpress\/plugins\/seo\/ -->\n<title>Uula Oljelasyr | Lasyrf\u00e4rg f\u00f6r golv och m\u00f6bler inomhus | Uula<\/title>\n<meta name=\"description\" content=\"Uula Oljelasyr l\u00e4mpar sig utm\u00e4rkt f\u00f6r lasering av m\u00f6bler, d\u00f6rrar och golv samt f\u00f6r behandling av v\u00e4ggpaneler under tak utomhus.\" \/>\n<meta name=\"robots\" content=\"noindex, follow, max-snippet:-1, max-image-preview:large, max-video-preview:-1\" \/>\n<meta property=\"og:locale\" content=\"sv_SE\" \/>\n<meta property=\"og:type\" content=\"article\" \/>\n<meta property=\"og:title\" content=\"Uula Oljelasyr | Lasyrf\u00e4rg f\u00f6r golv och m\u00f6bler inomhus | Uula\" \/>\n<meta property=\"og:description\" content=\"Uula Oljelasyr l\u00e4mpar sig utm\u00e4rkt f\u00f6r lasering av m\u00f6bler, d\u00f6rrar och golv samt f\u00f6r behandling av v\u00e4ggpaneler under tak utomhus.\" \/>\n<meta property=\"og:url\" content=\"https:\/\/uula.kajahdusdev.fi\/sv\/produkter\/fortunningsmedel-olja-tjara-lack\/uula-oljelasyr\/\" \/>\n<meta property=\"og:site_name\" content=\"Uula\" \/>\n<meta property=\"article:modified_time\" content=\"2021-12-21T09:10:02+00:00\" \/>\n<meta property=\"og:image\" content=\"https:\/\/uula.kajahdusdev.fi\/wp-content\/uploads\/2017\/04\/\u00f6ljykuulto.jpg\" \/>\n\t<meta property=\"og:image:width\" content=\"1200\" \/>\n\t<meta property=\"og:image:height\" content=\"1200\" \/>\n\t<meta property=\"og:image:type\" content=\"image\/jpeg\" \/>\n<meta name=\"twitter:card\" content=\"summary_large_image\" \/>\n<meta name=\"twitter:label1\" content=\"Ber\u00e4knad l\u00e4stid\" \/>\n\t<meta name=\"twitter:data1\" content=\"1 minut\" \/>\n<script type=\"application\/ld+json\" class=\"yoast-schema-graph\">{\"@context\":\"https:\/\/schema.org\",\"@graph\":[{\"@type\":\"WebPage\",\"@id\":\"https:\/\/uula.kajahdusdev.fi\/sv\/produkter\/fortunningsmedel-olja-tjara-lack\/uula-oljelasyr\/\",\"url\":\"https:\/\/uula.kajahdusdev.fi\/sv\/produkter\/fortunningsmedel-olja-tjara-lack\/uula-oljelasyr\/\",\"name\":\"Uula Oljelasyr | Lasyrf\u00e4rg f\u00f6r golv och m\u00f6bler inomhus | Uula\",\"isPartOf\":{\"@id\":\"https:\/\/uula.kajahdusdev.fi\/#website\"},\"datePublished\":\"2017-04-13T12:33:46+00:00\",\"dateModified\":\"2021-12-21T09:10:02+00:00\",\"description\":\"Uula Oljelasyr l\u00e4mpar sig utm\u00e4rkt f\u00f6r lasering av m\u00f6bler, d\u00f6rrar och golv samt f\u00f6r behandling av v\u00e4ggpaneler under tak utomhus.\",\"breadcrumb\":{\"@id\":\"https:\/\/uula.kajahdusdev.fi\/sv\/produkter\/fortunningsmedel-olja-tjara-lack\/uula-oljelasyr\/#breadcrumb\"},\"inLanguage\":\"sv-SE\",\"potentialAction\":[{\"@type\":\"ReadAction\",\"target\":[\"https:\/\/uula.kajahdusdev.fi\/sv\/produkter\/fortunningsmedel-olja-tjara-lack\/uula-oljelasyr\/\"]}]},{\"@type\":\"BreadcrumbList\",\"@id\":\"https:\/\/uula.kajahdusdev.fi\/sv\/produkter\/fortunningsmedel-olja-tjara-lack\/uula-oljelasyr\/#breadcrumb\",\"itemListElement\":[{\"@type\":\"ListItem\",\"position\":1,\"name\":\"Home\",\"item\":\"https:\/\/uula.kajahdusdev.fi\/sv\/\"},{\"@type\":\"ListItem\",\"position\":2,\"name\":\"Maalit ja Tuotteet\",\"item\":\"https:\/\/uula.kajahdusdev.fi\/tuotteet\/\"},{\"@type\":\"ListItem\",\"position\":3,\"name\":\"Uula Oljelasyr\"}]},{\"@type\":\"WebSite\",\"@id\":\"https:\/\/uula.kajahdusdev.fi\/#website\",\"url\":\"https:\/\/uula.kajahdusdev.fi\/\",\"name\":\"Uula\",\"description\":\"Muovittomat ja hengitt&auml;v&auml;t sis&auml;- ja ulkomaalit\",\"potentialAction\":[{\"@type\":\"SearchAction\",\"target\":{\"@type\":\"EntryPoint\",\"urlTemplate\":\"https:\/\/uula.kajahdusdev.fi\/?s={search_term_string}\"},\"query-input\":\"required name=search_term_string\"}],\"inLanguage\":\"sv-SE\"}]}<\/script>\n<!-- \/ Yoast SEO plugin. -->","yoast_head_json":{"title":"Uula Oljelasyr | Lasyrf\u00e4rg f\u00f6r golv och m\u00f6bler inomhus | Uula","description":"Uula Oljelasyr l\u00e4mpar sig utm\u00e4rkt f\u00f6r lasering av m\u00f6bler, d\u00f6rrar och golv samt f\u00f6r behandling av v\u00e4ggpaneler under tak utomhus.","robots":{"index":"noindex","follow":"follow","max-snippet":"max-snippet:-1","max-image-preview":"max-image-preview:large","max-video-preview":"max-video-preview:-1"},"og_locale":"sv_SE","og_type":"article","og_title":"Uula Oljelasyr | Lasyrf\u00e4rg f\u00f6r golv och m\u00f6bler inomhus | Uula","og_description":"Uula Oljelasyr l\u00e4mpar sig utm\u00e4rkt f\u00f6r lasering av m\u00f6bler, d\u00f6rrar och golv samt f\u00f6r behandling av v\u00e4ggpaneler under tak utomhus.","og_url":"https:\/\/uula.kajahdusdev.fi\/sv\/produkter\/fortunningsmedel-olja-tjara-lack\/uula-oljelasyr\/","og_site_name":"Uula","article_modified_time":"2021-12-21T09:10:02+00:00","og_image":[{"width":1200,"height":1200,"type":"image\/jpeg","url":"https:\/\/uula.kajahdusdev.fi\/wp-content\/uploads\/2017\/04\/\u00f6ljykuulto.jpg"}],"twitter_card":"summary_large_image","twitter_misc":{"Ber\u00e4knad l\u00e4stid":"1 minut"},"schema":{"@context":"https:\/\/schema.org","@graph":[{"@type":"WebPage","@id":"https:\/\/uula.kajahdusdev.fi\/sv\/produkter\/fortunningsmedel-olja-tjara-lack\/uula-oljelasyr\/","url":"https:\/\/uula.kajahdusdev.fi\/sv\/produkter\/fortunningsmedel-olja-tjara-lack\/uula-oljelasyr\/","name":"Uula Oljelasyr | Lasyrf\u00e4rg f\u00f6r golv och m\u00f6bler inomhus | Uula","isPartOf":{"@id":"https:\/\/uula.kajahdusdev.fi\/#website"},"datePublished":"2017-04-13T12:33:46+00:00","dateModified":"2021-12-21T09:10:02+00:00","description":"Uula Oljelasyr l\u00e4mpar sig utm\u00e4rkt f\u00f6r lasering av m\u00f6bler, d\u00f6rrar och golv samt f\u00f6r behandling av v\u00e4ggpaneler under tak utomhus.","breadcrumb":{"@id":"https:\/\/uula.kajahdusdev.fi\/sv\/produkter\/fortunningsmedel-olja-tjara-lack\/uula-oljelasyr\/#breadcrumb"},"inLanguage":"sv-SE","potentialAction":[{"@type":"ReadAction","target":["https:\/\/uula.kajahdusdev.fi\/sv\/produkter\/fortunningsmedel-olja-tjara-lack\/uula-oljelasyr\/"]}]},{"@type":"BreadcrumbList","@id":"https:\/\/uula.kajahdusdev.fi\/sv\/produkter\/fortunningsmedel-olja-tjara-lack\/uula-oljelasyr\/#breadcrumb","itemListElement":[{"@type":"ListItem","position":1,"name":"Home","item":"https:\/\/uula.kajahdusdev.fi\/sv\/"},{"@type":"ListItem","position":2,"name":"Maalit ja Tuotteet","item":"https:\/\/uula.kajahdusdev.fi\/tuotteet\/"},{"@type":"ListItem","position":3,"name":"Uula Oljelasyr"}]},{"@type":"WebSite","@id":"https:\/\/uula.kajahdusdev.fi\/#website","url":"https:\/\/uula.kajahdusdev.fi\/","name":"Uula","description":"Muovittomat ja hengitt&auml;v&auml;t sis&auml;- ja ulkomaalit","potentialAction":[{"@type":"SearchAction","target":{"@type":"EntryPoint","urlTemplate":"https:\/\/uula.kajahdusdev.fi\/?s={search_term_string}"},"query-input":"required name=search_term_string"}],"inLanguage":"sv-SE"}]}},"_links":{"self":[{"href":"https:\/\/uula.kajahdusdev.fi\/sv\/wp-json\/wp\/v2\/product\/57957"}],"collection":[{"href":"https:\/\/uula.kajahdusdev.fi\/sv\/wp-json\/wp\/v2\/product"}],"about":[{"href":"https:\/\/uula.kajahdusdev.fi\/sv\/wp-json\/wp\/v2\/types\/product"}],"wp:featuredmedia":[{"embeddable":true,"href":"https:\/\/uula.kajahdusdev.fi\/sv\/wp-json\/wp\/v2\/media\/68156"}],"wp:attachment":[{"href":"https:\/\/uula.kajahdusdev.fi\/sv\/wp-json\/wp\/v2\/media?parent=57957"}],"wp:term":[{"taxonomy":"product_cat","embeddable":true,"href":"https:\/\/uula.kajahdusdev.fi\/sv\/wp-json\/wp\/v2\/product_cat?post=57957"},{"taxonomy":"product_tag","embeddable":true,"href":"https:\/\/uula.kajahdusdev.fi\/sv\/wp-json\/wp\/v2\/product_tag?post=57957"}],"curies":[{"name":"wp","href":"https:\/\/api.w.org\/{rel}","templated":true}]}}