{"id":57959,"date":"2017-04-13T12:09:04","date_gmt":"2017-04-13T12:09:04","guid":{"rendered":"https:\/\/uula.kajahdusdev.fi\/tuotteet\/Ei-luokiteltu\/ilona-lasyrfarg-silkesmatt\/"},"modified":"2021-12-21T08:55:39","modified_gmt":"2021-12-21T08:55:39","slug":"ilona-lasyrfarg-silkesmatt","status":"publish","type":"product","link":"https:\/\/uula.kajahdusdev.fi\/sv\/tuotteet\/inomhusfarger\/ilona-lasyrfarg-silkesmatt\/","title":{"rendered":"iLONA Lasyrf\u00e4rg silkesmatt"},"content":{"rendered":"<h1>iLONA Lasyrf\u00e4rg \u2013 Lasyrf\u00e4rg f\u00f6r vackrare stock- och tr\u00e4ytor<\/h1>\n<p>Ilona Lasyrf\u00e4rg silkesmatt l\u00e4mpar sig f\u00f6r lasering inomhus av nya och gamla obehandlade tr\u00e4ytor samt ytor som tidigare har behandlats med lasyr som inte bildar en hinna. Produkten l\u00e4mpar sig f\u00f6r stock- och panelytor, v\u00e4ggar och tak, d\u00f6rrar, f\u00f6nsterkarmar och m\u00f6bler. F\u00e4rgen l\u00e4mpar sig inte f\u00f6r behandling av golv eller vaxade ytor. Lasyrf\u00e4rgen \u00e4r luktfri, enkel att applicera, bildar en j\u00e4mn yta och torkar snabbt. Den l\u00e4mnar tr\u00e4ets \u00e5dring\/naturliga m\u00f6nster vackert synligt och ger tr\u00e4et en h\u00e5llbar och skyddande yta. Ilona Lasyrf\u00e4rgr \u00e4r ett utm\u00e4rkt alternativ till vax tack vare sin tv\u00e4ttbarhet och enkla reng\u00f6ring samt m\u00f6jlighet till till\u00e4ggsbehandling.<\/p>\n<hr \/>\n<p><img loading=\"lazy\" decoding=\"async\" class=\"aligncenter size-full wp-image-64328\" src=\"https:\/\/uula.kajahdusdev.fi\/wp-content\/uploads\/2018\/09\/Kuultomaalattu-makuuhuoneen-seina.jpg\" alt=\"\" width=\"1600\" height=\"500\" srcset=\"https:\/\/uula.kajahdusdev.fi\/wp-content\/uploads\/2018\/09\/Kuultomaalattu-makuuhuoneen-seina.jpg 1600w, https:\/\/uula.kajahdusdev.fi\/wp-content\/uploads\/2018\/09\/Kuultomaalattu-makuuhuoneen-seina-600x188.jpg 600w, https:\/\/uula.kajahdusdev.fi\/wp-content\/uploads\/2018\/09\/Kuultomaalattu-makuuhuoneen-seina-1024x320.jpg 1024w, https:\/\/uula.kajahdusdev.fi\/wp-content\/uploads\/2018\/09\/Kuultomaalattu-makuuhuoneen-seina-768x240.jpg 768w, https:\/\/uula.kajahdusdev.fi\/wp-content\/uploads\/2018\/09\/Kuultomaalattu-makuuhuoneen-seina-1536x480.jpg 1536w\" sizes=\"(max-width: 1600px) 100vw, 1600px\" \/><\/p>\n<hr \/>\n<p><strong>\u00c5tg\u00e5ng:<\/strong> S\u00e5gad eller por\u00f6s yta cirka 6\u201310 m<sup>2<\/sup>\/l, hyvlad eller sl\u00e4t yta cirka 12\u201315 m<sup>2<\/sup>\/l, beroende p\u00e5 underlagets str\u00e4vhet och porositet.<br \/>\n<strong>Torktid:<\/strong> Ber\u00f6ringstorr efter cirka en halvtimme, kan \u00f6verstrykas efter cirka 2 timmar.<br \/>\n<strong>F\u00f6rtunning<\/strong>: Vatten<br \/>\n<strong>Nyanser:<\/strong> F\u00e4rgl\u00f6s eller nyanserad enligt nyanserna p\u00e5 de vanligaste lasyrf\u00e4rgkartorna. Det kan f\u00f6rekomma variationer i nyanserna p\u00e5 grund av tr\u00e4ets egen nyans, f\u00e4rgens glansgrad, tidigare behandlingar samt nyanseringspastor, nyanseringsmaskiner och nyanseringar.<\/p>\n<hr \/>\n<p><strong>Tekniska data<\/strong><\/p>\n<p><strong>Plastfri:<\/strong>\u00a0F\u00e4rgen inneh\u00e5ller inga plastbindemedel. Som bindemedel anv\u00e4nds naturliga oljor.<br \/>\n<strong>Utsl\u00e4ppsfri:<\/strong>\u00a0Inneh\u00e5ller inte VOC. F\u00e4rgen inneh\u00e5ller inga skadliga organiska f\u00f6reningar.<br \/>\n<strong>Inneh\u00e5ller inte MIT.<\/strong> (2-methyl-2H-isothiazol-3-one (MIT)<br \/>\n<span style=\"color: #000000;\"><strong>F\u00e4rgen h\u00f6r till den b\u00e4sta utsl\u00e4ppsklassen M1 f\u00f6r Byggmaterial.<\/strong><\/span><br \/>\n<strong>Tv\u00e4ttbest\u00e4ndighetsklass:<\/strong> \u00d6ver 5000 borstningar (SFS 3755)<br \/>\n<strong>M\u00e5lning enligt RYL 2012:s f\u00e4rgproduktgrupp:<\/strong> 519.<br \/>\n<strong>Lagring och undvikande av milj\u00f6ol\u00e4genheter:<\/strong> F\u00f6rvaras torrt och svalt. F\u00e5r inte frysa. Tomma och torra burkar kan f\u00f6ras till insamlingen. Flytande avfall skall f\u00f6ras till den kommunala insamlingen f\u00f6r problemavfall.<\/p>\n<hr \/>\n<p style=\"text-align: center;\"><strong><span style=\"color: #a29994;\"><a style=\"color: #a29994;\" href=\"https:\/\/uula.kajahdusdev.fi\/sv\/maalausohjeet\/anvisningar-for-malning-inomhus\/malningsanvisningar-for-ilona-lasyrfarg\/\">L\u00e4s m\u00e5lningsanvisningarna f\u00f6r iLONA Lasyrf\u00e4rg<\/a><\/span><\/strong><\/p>\n","protected":false},"excerpt":{"rendered":"<p>Ilona Lasyrf\u00e4rg l\u00e4mpar sig f\u00f6r lasering inomhus av nya och gamla obehandlade tr\u00e4ytor samt ytor som tidigare har behandlats med lasyr som inte bildar en hinna. Produkten l\u00e4mpar sig f\u00f6r stock- och panelytor, v\u00e4ggar och tak, d\u00f6rrar, f\u00f6nsterkarmar och m\u00f6bler.<\/p>\n","protected":false},"featured_media":68136,"template":"","meta":[],"product_cat":[1960],"product_tag":[],"bundle_layout":"","bundle_add_to_cart_form_location":"","bundle_editable_in_cart":false,"bundle_sold_individually_context":"","bundle_item_grouping":"","bundle_min_size":"","bundle_max_size":"","bundled_by":[],"bundled_items":[],"yoast_head":"<!-- This site is optimized with the Yoast SEO plugin v19.9 - https:\/\/yoast.com\/wordpress\/plugins\/seo\/ -->\n<title>iLONA Lasyrf\u00e4rg silkesmatt | F\u00f6r snabb och luktri m\u00e5lning | Uula<\/title>\n<meta name=\"description\" content=\"Ilona Lasyrf\u00e4rg silkesmatt l\u00e4mpar sig f\u00f6r stock- och panelytor, v\u00e4ggar och tak, d\u00f6rrar, f\u00f6nsterkarmar och m\u00f6bler.\" \/>\n<meta name=\"robots\" content=\"noindex, follow, max-snippet:-1, max-image-preview:large, max-video-preview:-1\" \/>\n<meta property=\"og:locale\" content=\"sv_SE\" \/>\n<meta property=\"og:type\" content=\"article\" \/>\n<meta property=\"og:title\" content=\"iLONA Lasyrf\u00e4rg silkesmatt | F\u00f6r snabb och luktri m\u00e5lning | Uula\" \/>\n<meta property=\"og:description\" content=\"Ilona Lasyrf\u00e4rg silkesmatt l\u00e4mpar sig f\u00f6r stock- och panelytor, v\u00e4ggar och tak, d\u00f6rrar, f\u00f6nsterkarmar och m\u00f6bler.\" \/>\n<meta property=\"og:url\" content=\"https:\/\/uula.kajahdusdev.fi\/sv\/produkter\/inomhusfarger\/ilona-lasyrfarg-silkesmatt\/\" \/>\n<meta property=\"og:site_name\" content=\"Uula\" \/>\n<meta property=\"article:modified_time\" content=\"2021-12-21T08:55:39+00:00\" \/>\n<meta property=\"og:image\" content=\"https:\/\/uula.kajahdusdev.fi\/wp-content\/uploads\/2017\/04\/IlonaM1merkill\u00e4-2.jpg\" \/>\n\t<meta property=\"og:image:width\" content=\"1200\" \/>\n\t<meta property=\"og:image:height\" content=\"1200\" \/>\n\t<meta property=\"og:image:type\" content=\"image\/jpeg\" \/>\n<meta name=\"twitter:card\" content=\"summary_large_image\" \/>\n<meta name=\"twitter:label1\" content=\"Ber\u00e4knad l\u00e4stid\" \/>\n\t<meta name=\"twitter:data1\" content=\"2 minuter\" \/>\n<script type=\"application\/ld+json\" class=\"yoast-schema-graph\">{\"@context\":\"https:\/\/schema.org\",\"@graph\":[{\"@type\":\"WebPage\",\"@id\":\"https:\/\/uula.kajahdusdev.fi\/sv\/produkter\/inomhusfarger\/ilona-lasyrfarg-silkesmatt\/\",\"url\":\"https:\/\/uula.kajahdusdev.fi\/sv\/produkter\/inomhusfarger\/ilona-lasyrfarg-silkesmatt\/\",\"name\":\"iLONA Lasyrf\u00e4rg silkesmatt | F\u00f6r snabb och luktri m\u00e5lning | Uula\",\"isPartOf\":{\"@id\":\"https:\/\/uula.kajahdusdev.fi\/#website\"},\"datePublished\":\"2017-04-13T12:09:04+00:00\",\"dateModified\":\"2021-12-21T08:55:39+00:00\",\"description\":\"Ilona Lasyrf\u00e4rg silkesmatt l\u00e4mpar sig f\u00f6r stock- och panelytor, v\u00e4ggar och tak, d\u00f6rrar, f\u00f6nsterkarmar och m\u00f6bler.\",\"breadcrumb\":{\"@id\":\"https:\/\/uula.kajahdusdev.fi\/sv\/produkter\/inomhusfarger\/ilona-lasyrfarg-silkesmatt\/#breadcrumb\"},\"inLanguage\":\"sv-SE\",\"potentialAction\":[{\"@type\":\"ReadAction\",\"target\":[\"https:\/\/uula.kajahdusdev.fi\/sv\/produkter\/inomhusfarger\/ilona-lasyrfarg-silkesmatt\/\"]}]},{\"@type\":\"BreadcrumbList\",\"@id\":\"https:\/\/uula.kajahdusdev.fi\/sv\/produkter\/inomhusfarger\/ilona-lasyrfarg-silkesmatt\/#breadcrumb\",\"itemListElement\":[{\"@type\":\"ListItem\",\"position\":1,\"name\":\"Home\",\"item\":\"https:\/\/uula.kajahdusdev.fi\/sv\/\"},{\"@type\":\"ListItem\",\"position\":2,\"name\":\"Maalit ja Tuotteet\",\"item\":\"https:\/\/uula.kajahdusdev.fi\/tuotteet\/\"},{\"@type\":\"ListItem\",\"position\":3,\"name\":\"iLONA Lasyrf\u00e4rg silkesmatt\"}]},{\"@type\":\"WebSite\",\"@id\":\"https:\/\/uula.kajahdusdev.fi\/#website\",\"url\":\"https:\/\/uula.kajahdusdev.fi\/\",\"name\":\"Uula\",\"description\":\"Muovittomat ja hengitt&auml;v&auml;t sis&auml;- ja ulkomaalit\",\"potentialAction\":[{\"@type\":\"SearchAction\",\"target\":{\"@type\":\"EntryPoint\",\"urlTemplate\":\"https:\/\/uula.kajahdusdev.fi\/?s={search_term_string}\"},\"query-input\":\"required name=search_term_string\"}],\"inLanguage\":\"sv-SE\"}]}<\/script>\n<!-- \/ Yoast SEO plugin. -->","yoast_head_json":{"title":"iLONA Lasyrf\u00e4rg silkesmatt | F\u00f6r snabb och luktri m\u00e5lning | Uula","description":"Ilona Lasyrf\u00e4rg silkesmatt l\u00e4mpar sig f\u00f6r stock- och panelytor, v\u00e4ggar och tak, d\u00f6rrar, f\u00f6nsterkarmar och m\u00f6bler.","robots":{"index":"noindex","follow":"follow","max-snippet":"max-snippet:-1","max-image-preview":"max-image-preview:large","max-video-preview":"max-video-preview:-1"},"og_locale":"sv_SE","og_type":"article","og_title":"iLONA Lasyrf\u00e4rg silkesmatt | F\u00f6r snabb och luktri m\u00e5lning | Uula","og_description":"Ilona Lasyrf\u00e4rg silkesmatt l\u00e4mpar sig f\u00f6r stock- och panelytor, v\u00e4ggar och tak, d\u00f6rrar, f\u00f6nsterkarmar och m\u00f6bler.","og_url":"https:\/\/uula.kajahdusdev.fi\/sv\/produkter\/inomhusfarger\/ilona-lasyrfarg-silkesmatt\/","og_site_name":"Uula","article_modified_time":"2021-12-21T08:55:39+00:00","og_image":[{"width":1200,"height":1200,"type":"image\/jpeg","url":"https:\/\/uula.kajahdusdev.fi\/wp-content\/uploads\/2017\/04\/IlonaM1merkill\u00e4-2.jpg"}],"twitter_card":"summary_large_image","twitter_misc":{"Ber\u00e4knad l\u00e4stid":"2 minuter"},"schema":{"@context":"https:\/\/schema.org","@graph":[{"@type":"WebPage","@id":"https:\/\/uula.kajahdusdev.fi\/sv\/produkter\/inomhusfarger\/ilona-lasyrfarg-silkesmatt\/","url":"https:\/\/uula.kajahdusdev.fi\/sv\/produkter\/inomhusfarger\/ilona-lasyrfarg-silkesmatt\/","name":"iLONA Lasyrf\u00e4rg silkesmatt | F\u00f6r snabb och luktri m\u00e5lning | Uula","isPartOf":{"@id":"https:\/\/uula.kajahdusdev.fi\/#website"},"datePublished":"2017-04-13T12:09:04+00:00","dateModified":"2021-12-21T08:55:39+00:00","description":"Ilona Lasyrf\u00e4rg silkesmatt l\u00e4mpar sig f\u00f6r stock- och panelytor, v\u00e4ggar och tak, d\u00f6rrar, f\u00f6nsterkarmar och m\u00f6bler.","breadcrumb":{"@id":"https:\/\/uula.kajahdusdev.fi\/sv\/produkter\/inomhusfarger\/ilona-lasyrfarg-silkesmatt\/#breadcrumb"},"inLanguage":"sv-SE","potentialAction":[{"@type":"ReadAction","target":["https:\/\/uula.kajahdusdev.fi\/sv\/produkter\/inomhusfarger\/ilona-lasyrfarg-silkesmatt\/"]}]},{"@type":"BreadcrumbList","@id":"https:\/\/uula.kajahdusdev.fi\/sv\/produkter\/inomhusfarger\/ilona-lasyrfarg-silkesmatt\/#breadcrumb","itemListElement":[{"@type":"ListItem","position":1,"name":"Home","item":"https:\/\/uula.kajahdusdev.fi\/sv\/"},{"@type":"ListItem","position":2,"name":"Maalit ja Tuotteet","item":"https:\/\/uula.kajahdusdev.fi\/tuotteet\/"},{"@type":"ListItem","position":3,"name":"iLONA Lasyrf\u00e4rg silkesmatt"}]},{"@type":"WebSite","@id":"https:\/\/uula.kajahdusdev.fi\/#website","url":"https:\/\/uula.kajahdusdev.fi\/","name":"Uula","description":"Muovittomat ja hengitt&auml;v&auml;t sis&auml;- ja ulkomaalit","potentialAction":[{"@type":"SearchAction","target":{"@type":"EntryPoint","urlTemplate":"https:\/\/uula.kajahdusdev.fi\/?s={search_term_string}"},"query-input":"required name=search_term_string"}],"inLanguage":"sv-SE"}]}},"_links":{"self":[{"href":"https:\/\/uula.kajahdusdev.fi\/sv\/wp-json\/wp\/v2\/product\/57959"}],"collection":[{"href":"https:\/\/uula.kajahdusdev.fi\/sv\/wp-json\/wp\/v2\/product"}],"about":[{"href":"https:\/\/uula.kajahdusdev.fi\/sv\/wp-json\/wp\/v2\/types\/product"}],"wp:featuredmedia":[{"embeddable":true,"href":"https:\/\/uula.kajahdusdev.fi\/sv\/wp-json\/wp\/v2\/media\/68136"}],"wp:attachment":[{"href":"https:\/\/uula.kajahdusdev.fi\/sv\/wp-json\/wp\/v2\/media?parent=57959"}],"wp:term":[{"taxonomy":"product_cat","embeddable":true,"href":"https:\/\/uula.kajahdusdev.fi\/sv\/wp-json\/wp\/v2\/product_cat?post=57959"},{"taxonomy":"product_tag","embeddable":true,"href":"https:\/\/uula.kajahdusdev.fi\/sv\/wp-json\/wp\/v2\/product_tag?post=57959"}],"curies":[{"name":"wp","href":"https:\/\/api.w.org\/{rel}","templated":true}]}}