{"id":57960,"date":"2018-09-19T09:40:06","date_gmt":"2018-09-19T09:40:06","guid":{"rendered":"https:\/\/uula.kajahdusdev.fi\/tuotteet\/Ei-luokiteltu\/ilona-bastulasyrfarg-silkesmatt\/"},"modified":"2021-12-21T09:44:04","modified_gmt":"2021-12-21T09:44:04","slug":"ilona-bastulasyrfarg-silkesmatt","status":"publish","type":"product","link":"https:\/\/uula.kajahdusdev.fi\/sv\/tuotteet\/inomhusfarger\/ilona-bastulasyrfarg-silkesmatt\/","title":{"rendered":"iLONA Bastulasyrf\u00e4rg silkesmatt"},"content":{"rendered":"<h1>iLONA Bastulasyrf\u00e4rg \u2013 Ett vackert och naturligt skydd f\u00f6r bastur och badrum<\/h1>\n<p>Ilona Bastulasyrf\u00e4rg silkesmatt f\u00f6r lasering av tr\u00e4ytor i bastur och tv\u00e4ttutrymmen. L\u00e4mpar sig f\u00f6r nya och gamla obehandlade tr\u00e4ytor i v\u00e5tutrymmen samt ytor som tidigare har behandlats med lasyrf\u00e4rg som inte bildar en hinna, s\u00e5som tak- och v\u00e4ggpaneler i bastur och tv\u00e4ttrum, stockytor, d\u00f6rrar, bastulavar, b\u00e4nkar och r\u00e4cken. I badrum rekommenderas lasyren p\u00e5 v\u00e4ggytor som inte kommer i direkt kontakt med vatten. Ilona Bastulasyrf\u00e4rg l\u00e4mpar sig inte f\u00f6r behandling av golv eller ytor som har behandlats med vax eller paraffinolja.<\/p>\n<p>Det \u00e4r trevligt att m\u00e5la med luktfria Bastulasyrf\u00e4rgem. Ilona Bastulasyrf\u00e4rg \u00e4r luktfri, enkel att applicera, bildar en j\u00e4mn yta och torkar snabbt. Bastulasyrbehandlingen ger tr\u00e4et en h\u00e5llbar och skyddande yta. Ilona Bastulasyrf\u00e4rg \u00e4r ett utm\u00e4rkt alternativ till vax tack vare sin tv\u00e4ttbarhet och enkla reng\u00f6ring samt m\u00f6jlighet till till\u00e4ggsbehandling.<\/p>\n<p><strong>\u00c5tg\u00e5ng:<\/strong> Hyvlad eller sl\u00e4t yta cirka 12\u201315 m<sup>2<\/sup>\/l.<br \/>\n<strong>Torktid:<\/strong> Ber\u00f6ringstorr efter ca en halvtimme. Kan behandlas p\u00e5 nytt efter cirka 2 timmar.<br \/>\n<strong>Torktid f\u00f6r lavar:<\/strong> Brukstorr efter cirka en vecka. Produkten uppn\u00e5r sin slutliga h\u00e5llfasthet en m\u00e5nad efter behandlingen. Under den f\u00f6rsta m\u00e5naden ska lavarna skyddas med sittunderlag vid anv\u00e4ndning.<br \/>\n<strong>F\u00e4rgnyanser:<\/strong> F\u00e4rgl\u00f6s eller nyanserad till nyanser i de vanligaste lasyrf\u00e4rgkartorna.<br \/>\nDet kan f\u00f6rekomma variationer i nyanserna p\u00e5 grund av tr\u00e4ets egen nyans, f\u00e4rgens glansgrad, tidigare behandlingar samt nyanseringspastor, nyanseringsmaskiner och nyanseringar.<\/p>\n<hr \/>\n<p><img loading=\"lazy\" decoding=\"async\" class=\"aligncenter size-full wp-image-64331\" src=\"https:\/\/uula.kajahdusdev.fi\/wp-content\/uploads\/2018\/09\/tunnelmallinen-sauna.jpg\" alt=\"\" width=\"1600\" height=\"500\" srcset=\"https:\/\/uula.kajahdusdev.fi\/wp-content\/uploads\/2018\/09\/tunnelmallinen-sauna.jpg 1600w, https:\/\/uula.kajahdusdev.fi\/wp-content\/uploads\/2018\/09\/tunnelmallinen-sauna-600x188.jpg 600w, https:\/\/uula.kajahdusdev.fi\/wp-content\/uploads\/2018\/09\/tunnelmallinen-sauna-1024x320.jpg 1024w, https:\/\/uula.kajahdusdev.fi\/wp-content\/uploads\/2018\/09\/tunnelmallinen-sauna-768x240.jpg 768w, https:\/\/uula.kajahdusdev.fi\/wp-content\/uploads\/2018\/09\/tunnelmallinen-sauna-1536x480.jpg 1536w\" sizes=\"(max-width: 1600px) 100vw, 1600px\" \/><\/p>\n<hr \/>\n<p><strong>Tekniska data<\/strong><\/p>\n<p><strong>Plastfri:<\/strong> F\u00e4rgen inneh\u00e5ller inga plastbindemedel. Som bindemedel anv\u00e4nds naturliga oljor.<br \/>\n<strong>Utsl\u00e4ppsfri:<\/strong> Inneh\u00e5ller inte VOC. F\u00e4rgen inneh\u00e5ller inga skadliga organiska f\u00f6reningar.<br \/>\n<strong>F\u00e4rgen h\u00f6r till den b\u00e4sta utsl\u00e4ppsklassen M1 f\u00f6r Byggmaterial.<\/strong><br \/>\n<strong>Inneh\u00e5ller inte MIT.<\/strong> (2-methyl-2H-isothiazol-3-one (MIT)<br \/>\n<strong>Tv\u00e4ttbest\u00e4ndighetsklass:<\/strong> \u00d6ver 5000 borstningar (SFS 3755)<br \/>\n<strong>M\u00e5lning enligt RYL 2012:s f\u00e4rgproduktgrupp:<\/strong> 519.<br \/>\n<strong>Lagring och undvikande av milj\u00f6ol\u00e4genheter:<\/strong> F\u00f6rvaras torrt och svalt. F\u00e5r inte frysa. Tomma och torra burkar kan f\u00f6ras till insamlingen. Flytande avfall skall f\u00f6ras till den kommunala insamlingen f\u00f6r problemavfall.<\/p>\n<hr \/>\n<p style=\"text-align: center;\"><span style=\"color: #a29994;\"><strong><a style=\"color: #a29994;\" href=\"https:\/\/uula.kajahdusdev.fi\/sv\/maalausohjeet\/anvisningar-for-malning-inomhus\/malningsanvisningar-for-ilona-bastulasyrfarg\/\">L\u00e4s m\u00e5lningsanvisningarna f\u00f6r Ilona Bastulasyrf\u00e4rg<\/a><\/strong><\/span><\/p>\n","protected":false},"excerpt":{"rendered":"<p>Ilona Bastulasyrf\u00e4rg f\u00f6r lasering av tr\u00e4ytor i bastur och tv\u00e4ttutrymmen. L\u00e4mpar sig f\u00f6r nya och gamla obehandlade tr\u00e4ytor i v\u00e5tutrymmen samt ytor som tidigare har behandlats med lasyrf\u00e4rg som inte bildar en hinna, s\u00e5som tak- och v\u00e4ggpaneler i bastur och tv\u00e4ttrum, stockytor, d\u00f6rrar, bastulavar, b\u00e4nkar och r\u00e4cken.<\/p>\n","protected":false},"featured_media":68140,"template":"","meta":[],"product_cat":[1960],"product_tag":[],"bundle_layout":"","bundle_add_to_cart_form_location":"","bundle_editable_in_cart":false,"bundle_sold_individually_context":"","bundle_item_grouping":"","bundle_min_size":"","bundle_max_size":"","bundled_by":[],"bundled_items":[],"yoast_head":"<!-- This site is optimized with the Yoast SEO plugin v19.9 - https:\/\/yoast.com\/wordpress\/plugins\/seo\/ -->\n<title>iLONA Bastulasyrf\u00e4rg silkesmatt | Skydd f\u00f6r bastur och badrum | Uula<\/title>\n<meta name=\"description\" content=\"Ilona Bastulasyrf\u00e4rg silkesmatt f\u00f6r lasering av tr\u00e4ytor i bastur och tv\u00e4ttutrymmen s\u00e5som stockytor, d\u00f6rrar, bastulavar, b\u00e4nkar och r\u00e4cken.\" \/>\n<meta name=\"robots\" content=\"noindex, follow, max-snippet:-1, max-image-preview:large, max-video-preview:-1\" \/>\n<meta property=\"og:locale\" content=\"sv_SE\" \/>\n<meta property=\"og:type\" content=\"article\" \/>\n<meta property=\"og:title\" content=\"iLONA Bastulasyrf\u00e4rg silkesmatt | Skydd f\u00f6r bastur och badrum | Uula\" \/>\n<meta property=\"og:description\" content=\"Ilona Bastulasyrf\u00e4rg silkesmatt f\u00f6r lasering av tr\u00e4ytor i bastur och tv\u00e4ttutrymmen s\u00e5som stockytor, d\u00f6rrar, bastulavar, b\u00e4nkar och r\u00e4cken.\" \/>\n<meta property=\"og:url\" content=\"https:\/\/uula.kajahdusdev.fi\/sv\/produkter\/inomhusfarger\/ilona-bastulasyrfarg-silkesmatt\/\" \/>\n<meta property=\"og:site_name\" content=\"Uula\" \/>\n<meta property=\"article:modified_time\" content=\"2021-12-21T09:44:04+00:00\" \/>\n<meta property=\"og:image\" content=\"https:\/\/uula.kajahdusdev.fi\/wp-content\/uploads\/2018\/09\/SaunakuultoM1merkill\u00e4.jpg\" \/>\n\t<meta property=\"og:image:width\" content=\"1200\" \/>\n\t<meta property=\"og:image:height\" content=\"1200\" \/>\n\t<meta property=\"og:image:type\" content=\"image\/jpeg\" \/>\n<meta name=\"twitter:card\" content=\"summary_large_image\" \/>\n<meta name=\"twitter:label1\" content=\"Ber\u00e4knad l\u00e4stid\" \/>\n\t<meta name=\"twitter:data1\" content=\"2 minuter\" \/>\n<script type=\"application\/ld+json\" class=\"yoast-schema-graph\">{\"@context\":\"https:\/\/schema.org\",\"@graph\":[{\"@type\":\"WebPage\",\"@id\":\"https:\/\/uula.kajahdusdev.fi\/sv\/produkter\/inomhusfarger\/ilona-bastulasyrfarg-silkesmatt\/\",\"url\":\"https:\/\/uula.kajahdusdev.fi\/sv\/produkter\/inomhusfarger\/ilona-bastulasyrfarg-silkesmatt\/\",\"name\":\"iLONA Bastulasyrf\u00e4rg silkesmatt | Skydd f\u00f6r bastur och badrum | Uula\",\"isPartOf\":{\"@id\":\"https:\/\/uula.kajahdusdev.fi\/#website\"},\"datePublished\":\"2018-09-19T09:40:06+00:00\",\"dateModified\":\"2021-12-21T09:44:04+00:00\",\"description\":\"Ilona Bastulasyrf\u00e4rg silkesmatt f\u00f6r lasering av tr\u00e4ytor i bastur och tv\u00e4ttutrymmen s\u00e5som stockytor, d\u00f6rrar, bastulavar, b\u00e4nkar och r\u00e4cken.\",\"breadcrumb\":{\"@id\":\"https:\/\/uula.kajahdusdev.fi\/sv\/produkter\/inomhusfarger\/ilona-bastulasyrfarg-silkesmatt\/#breadcrumb\"},\"inLanguage\":\"sv-SE\",\"potentialAction\":[{\"@type\":\"ReadAction\",\"target\":[\"https:\/\/uula.kajahdusdev.fi\/sv\/produkter\/inomhusfarger\/ilona-bastulasyrfarg-silkesmatt\/\"]}]},{\"@type\":\"BreadcrumbList\",\"@id\":\"https:\/\/uula.kajahdusdev.fi\/sv\/produkter\/inomhusfarger\/ilona-bastulasyrfarg-silkesmatt\/#breadcrumb\",\"itemListElement\":[{\"@type\":\"ListItem\",\"position\":1,\"name\":\"Home\",\"item\":\"https:\/\/uula.kajahdusdev.fi\/sv\/\"},{\"@type\":\"ListItem\",\"position\":2,\"name\":\"Maalit ja Tuotteet\",\"item\":\"https:\/\/uula.kajahdusdev.fi\/tuotteet\/\"},{\"@type\":\"ListItem\",\"position\":3,\"name\":\"iLONA Bastulasyrf\u00e4rg silkesmatt\"}]},{\"@type\":\"WebSite\",\"@id\":\"https:\/\/uula.kajahdusdev.fi\/#website\",\"url\":\"https:\/\/uula.kajahdusdev.fi\/\",\"name\":\"Uula\",\"description\":\"Muovittomat ja hengitt&auml;v&auml;t sis&auml;- ja ulkomaalit\",\"potentialAction\":[{\"@type\":\"SearchAction\",\"target\":{\"@type\":\"EntryPoint\",\"urlTemplate\":\"https:\/\/uula.kajahdusdev.fi\/?s={search_term_string}\"},\"query-input\":\"required name=search_term_string\"}],\"inLanguage\":\"sv-SE\"}]}<\/script>\n<!-- \/ Yoast SEO plugin. -->","yoast_head_json":{"title":"iLONA Bastulasyrf\u00e4rg silkesmatt | Skydd f\u00f6r bastur och badrum | Uula","description":"Ilona Bastulasyrf\u00e4rg silkesmatt f\u00f6r lasering av tr\u00e4ytor i bastur och tv\u00e4ttutrymmen s\u00e5som stockytor, d\u00f6rrar, bastulavar, b\u00e4nkar och r\u00e4cken.","robots":{"index":"noindex","follow":"follow","max-snippet":"max-snippet:-1","max-image-preview":"max-image-preview:large","max-video-preview":"max-video-preview:-1"},"og_locale":"sv_SE","og_type":"article","og_title":"iLONA Bastulasyrf\u00e4rg silkesmatt | Skydd f\u00f6r bastur och badrum | Uula","og_description":"Ilona Bastulasyrf\u00e4rg silkesmatt f\u00f6r lasering av tr\u00e4ytor i bastur och tv\u00e4ttutrymmen s\u00e5som stockytor, d\u00f6rrar, bastulavar, b\u00e4nkar och r\u00e4cken.","og_url":"https:\/\/uula.kajahdusdev.fi\/sv\/produkter\/inomhusfarger\/ilona-bastulasyrfarg-silkesmatt\/","og_site_name":"Uula","article_modified_time":"2021-12-21T09:44:04+00:00","og_image":[{"width":1200,"height":1200,"type":"image\/jpeg","url":"https:\/\/uula.kajahdusdev.fi\/wp-content\/uploads\/2018\/09\/SaunakuultoM1merkill\u00e4.jpg"}],"twitter_card":"summary_large_image","twitter_misc":{"Ber\u00e4knad l\u00e4stid":"2 minuter"},"schema":{"@context":"https:\/\/schema.org","@graph":[{"@type":"WebPage","@id":"https:\/\/uula.kajahdusdev.fi\/sv\/produkter\/inomhusfarger\/ilona-bastulasyrfarg-silkesmatt\/","url":"https:\/\/uula.kajahdusdev.fi\/sv\/produkter\/inomhusfarger\/ilona-bastulasyrfarg-silkesmatt\/","name":"iLONA Bastulasyrf\u00e4rg silkesmatt | Skydd f\u00f6r bastur och badrum | Uula","isPartOf":{"@id":"https:\/\/uula.kajahdusdev.fi\/#website"},"datePublished":"2018-09-19T09:40:06+00:00","dateModified":"2021-12-21T09:44:04+00:00","description":"Ilona Bastulasyrf\u00e4rg silkesmatt f\u00f6r lasering av tr\u00e4ytor i bastur och tv\u00e4ttutrymmen s\u00e5som stockytor, d\u00f6rrar, bastulavar, b\u00e4nkar och r\u00e4cken.","breadcrumb":{"@id":"https:\/\/uula.kajahdusdev.fi\/sv\/produkter\/inomhusfarger\/ilona-bastulasyrfarg-silkesmatt\/#breadcrumb"},"inLanguage":"sv-SE","potentialAction":[{"@type":"ReadAction","target":["https:\/\/uula.kajahdusdev.fi\/sv\/produkter\/inomhusfarger\/ilona-bastulasyrfarg-silkesmatt\/"]}]},{"@type":"BreadcrumbList","@id":"https:\/\/uula.kajahdusdev.fi\/sv\/produkter\/inomhusfarger\/ilona-bastulasyrfarg-silkesmatt\/#breadcrumb","itemListElement":[{"@type":"ListItem","position":1,"name":"Home","item":"https:\/\/uula.kajahdusdev.fi\/sv\/"},{"@type":"ListItem","position":2,"name":"Maalit ja Tuotteet","item":"https:\/\/uula.kajahdusdev.fi\/tuotteet\/"},{"@type":"ListItem","position":3,"name":"iLONA Bastulasyrf\u00e4rg silkesmatt"}]},{"@type":"WebSite","@id":"https:\/\/uula.kajahdusdev.fi\/#website","url":"https:\/\/uula.kajahdusdev.fi\/","name":"Uula","description":"Muovittomat ja hengitt&auml;v&auml;t sis&auml;- ja ulkomaalit","potentialAction":[{"@type":"SearchAction","target":{"@type":"EntryPoint","urlTemplate":"https:\/\/uula.kajahdusdev.fi\/?s={search_term_string}"},"query-input":"required name=search_term_string"}],"inLanguage":"sv-SE"}]}},"_links":{"self":[{"href":"https:\/\/uula.kajahdusdev.fi\/sv\/wp-json\/wp\/v2\/product\/57960"}],"collection":[{"href":"https:\/\/uula.kajahdusdev.fi\/sv\/wp-json\/wp\/v2\/product"}],"about":[{"href":"https:\/\/uula.kajahdusdev.fi\/sv\/wp-json\/wp\/v2\/types\/product"}],"wp:featuredmedia":[{"embeddable":true,"href":"https:\/\/uula.kajahdusdev.fi\/sv\/wp-json\/wp\/v2\/media\/68140"}],"wp:attachment":[{"href":"https:\/\/uula.kajahdusdev.fi\/sv\/wp-json\/wp\/v2\/media?parent=57960"}],"wp:term":[{"taxonomy":"product_cat","embeddable":true,"href":"https:\/\/uula.kajahdusdev.fi\/sv\/wp-json\/wp\/v2\/product_cat?post=57960"},{"taxonomy":"product_tag","embeddable":true,"href":"https:\/\/uula.kajahdusdev.fi\/sv\/wp-json\/wp\/v2\/product_tag?post=57960"}],"curies":[{"name":"wp","href":"https:\/\/api.w.org\/{rel}","templated":true}]}}