{"id":57964,"date":"2017-04-13T11:53:09","date_gmt":"2017-04-13T11:53:09","guid":{"rendered":"https:\/\/uula.kajahdusdev.fi\/tuotteet\/Ei-luokiteltu\/into-inredningsfarg-matt\/"},"modified":"2021-12-21T08:50:02","modified_gmt":"2021-12-21T08:50:02","slug":"into-inredningsfarg-matt","status":"publish","type":"product","link":"https:\/\/uula.kajahdusdev.fi\/sv\/tuotteet\/inomhusfarger\/into-inredningsfarg-matt\/","title":{"rendered":"iNTO Inredningsf\u00e4rg matt"},"content":{"rendered":"<h1>Into Inredningsf\u00e4rg \u2013f\u00f6r snabb och enkel m\u00e5lning inomhus<\/h1>\n<p>Into Inredningsf\u00e4rg matt l\u00e4mpar sig f\u00f6r m\u00e5lning av v\u00e4ggar och tak av panel, tr\u00e4, skivor eller stenmaterial i torra inomhusutrymmen. F\u00e4rgen l\u00e4mpar sig f\u00f6r m\u00e5lning av sp\u00e4nnpapp, gipsskivor samt tegel och murbruk. Vattensp\u00e4dbara Inredningsf\u00e4rg \u00e4r enkel att stryka p\u00e5, h\u00e5ller sig bra p\u00e5 penseln eller rullen, ger en j\u00e4mn yta, t\u00e4cker bra och torkar snabbt. Den helt utsl\u00e4ppsfria f\u00e4rgen \u00e4r ett tryggt val f\u00f6r m\u00e5lning av ytor inomhus. Det \u00e4r behagligt att m\u00e5la med Inredningsf\u00e4rg, eftersom den redan vid m\u00e5lningen \u00e4r luktfri. F\u00e4rgen \u00e4r \u00e4ven ett utm\u00e4rkt alternativ till kalkf\u00e4rg, tack vare att den \u00e4r slitt\u00e5lig, g\u00f6r ytbehandlingen snabb och \u00e4r enkel att m\u00e5la \u00f6ver.<\/p>\n<p><strong>\u00c5tg\u00e5ng:<\/strong> 7m<sup>2<\/sup>\/l, beroende p\u00e5 hur str\u00e4vt och por\u00f6st underlaget \u00e4r.<br \/>\n<strong>Torktid:<\/strong> Ber\u00f6ringstorr efter cirka en halvtimme. Kan \u00f6verstrykas efter cirka tv\u00e5 timmar.<br \/>\n<strong>F\u00f6rtunning<\/strong>: Vatten<br \/>\n<strong>Nyanser:<\/strong> Kan nyanseras till de flesta t\u00e4ckande nyanser p\u00e5 f\u00e4rgkartor. Kom dock ih\u00e5g att det kan f\u00f6rekomma variationer i nyanserna p\u00e5 grund av f\u00e4rgens glansgrad och f\u00e4rgtyp samt nyanseringspastor, nyanseringsmaskiner och nyanseringar.<\/p>\n<hr \/>\n<p><img loading=\"lazy\" decoding=\"async\" class=\"aligncenter size-full wp-image-64337\" src=\"https:\/\/uula.kajahdusdev.fi\/wp-content\/uploads\/2018\/08\/Sisustaminen-ja-seinan-maalaaminen.jpg\" alt=\"\" width=\"1600\" height=\"500\" srcset=\"https:\/\/uula.kajahdusdev.fi\/wp-content\/uploads\/2018\/08\/Sisustaminen-ja-seinan-maalaaminen.jpg 1600w, https:\/\/uula.kajahdusdev.fi\/wp-content\/uploads\/2018\/08\/Sisustaminen-ja-seinan-maalaaminen-600x188.jpg 600w, https:\/\/uula.kajahdusdev.fi\/wp-content\/uploads\/2018\/08\/Sisustaminen-ja-seinan-maalaaminen-1024x320.jpg 1024w, https:\/\/uula.kajahdusdev.fi\/wp-content\/uploads\/2018\/08\/Sisustaminen-ja-seinan-maalaaminen-768x240.jpg 768w, https:\/\/uula.kajahdusdev.fi\/wp-content\/uploads\/2018\/08\/Sisustaminen-ja-seinan-maalaaminen-1536x480.jpg 1536w\" sizes=\"(max-width: 1600px) 100vw, 1600px\" \/><\/p>\n<hr \/>\n<p><strong>Tekniska data<\/strong><\/p>\n<p><strong>Plastfri:<\/strong> F\u00e4rgen inneh\u00e5ller inga plastbindemedel. Som bindemedel anv\u00e4nds naturliga oljor.<br \/>\n<strong>Utsl\u00e4ppsfri:<\/strong> Inneh\u00e5ller inte VOC. F\u00e4rgen inneh\u00e5ller inga skadliga organiska f\u00f6reningar.<br \/>\n<strong>Inneh\u00e5ller inte MIT.<\/strong> (2-methyl-2H-isothiazol-3-one (MIT)<br \/>\n<span style=\"color: #000000;\"><strong>F\u00e4rgen h\u00f6r till den b\u00e4sta utsl\u00e4ppsklassen M1 f\u00f6r Byggmaterial.<\/strong><\/span><br \/>\n<strong>T\u00e5lighet mot v\u00e5tn\u00f6tning SFS-EN 13300 klass 2, ISO 11998<\/strong>. Med f\u00e4rgernas t\u00e5lighet mot v\u00e5tn\u00f6tning m\u00e4ts f\u00e4rgytans h\u00e5llbarhet vid fortl\u00f6pande fysikalisk belastning (ISO 11998). F\u00e4rgerna indelas i fem best\u00e4ndighetsklasser enligt standarden EN 13300. Detta test ers\u00e4tter den gamla nationella metoden f\u00f6r s\u00e5 kallad tv\u00e4ttbest\u00e4ndighetstest (SFS 3755).<br \/>\n<strong>Tv\u00e4ttbest\u00e4ndighetsklass SFS 3755:<\/strong> \u00d6ver 2000 borstningar.<br \/>\n<strong>M\u00e5lning enligt RYL 2012:s f\u00e4rgproduktgrupp:<\/strong> 312.<br \/>\n<strong>Lagring och undvikande av milj\u00f6ol\u00e4genheter:<\/strong> F\u00f6rvaras torrt och svalt. F\u00e5r inte frysa. Tomma och torra burkar kan f\u00f6ras till insamlingen. Flytande avfall skall f\u00f6ras till den kommunala insamlingen f\u00f6r problemavfall.<\/p>\n<hr \/>\n<p style=\"text-align: center;\"><strong><span style=\"color: #a29994;\"><a style=\"color: #a29994;\" href=\"https:\/\/uula.kajahdusdev.fi\/sv\/maalausohjeet\/anvisningar-for-malning-inomhus\/malningsanvisningar-for-into-inredningsfarg\/\">L\u00e4s m\u00e5lningsanvisningarna f\u00f6r Into Inredningsf\u00e4rg<\/a><\/span><\/strong><\/p>\n","protected":false},"excerpt":{"rendered":"<p>Into Inredningsf\u00e4rg matt l\u00e4mpar sig f\u00f6r m\u00e5lning av v\u00e4ggar och tak av panel, tr\u00e4, skivor eller stenmaterial i torra inomhusutrymmen.<\/p>\n","protected":false},"featured_media":68113,"template":"","meta":[],"product_cat":[1960],"product_tag":[],"bundle_layout":"","bundle_add_to_cart_form_location":"","bundle_editable_in_cart":false,"bundle_sold_individually_context":"","bundle_item_grouping":"","bundle_min_size":"","bundle_max_size":"","bundled_by":[],"bundled_items":[],"yoast_head":"<!-- This site is optimized with the Yoast SEO plugin v19.9 - https:\/\/yoast.com\/wordpress\/plugins\/seo\/ -->\n<title>iNTO Inredningsf\u00e4rg matt | F\u00f6r snabb och enkel m\u00e5lning inomhus | Uula<\/title>\n<meta name=\"description\" content=\"iNTO Inredningsf\u00e4rg matt l\u00e4mpar sig f\u00f6r m\u00e5lning av v\u00e4ggar och tak av panel, tr\u00e4, skivor eller stenmaterial i torra inomhusutrymmen.\" \/>\n<meta name=\"robots\" content=\"noindex, follow, max-snippet:-1, max-image-preview:large, max-video-preview:-1\" \/>\n<meta property=\"og:locale\" content=\"sv_SE\" \/>\n<meta property=\"og:type\" content=\"article\" \/>\n<meta property=\"og:title\" content=\"iNTO Inredningsf\u00e4rg matt | F\u00f6r snabb och enkel m\u00e5lning inomhus | Uula\" \/>\n<meta property=\"og:description\" content=\"iNTO Inredningsf\u00e4rg matt l\u00e4mpar sig f\u00f6r m\u00e5lning av v\u00e4ggar och tak av panel, tr\u00e4, skivor eller stenmaterial i torra inomhusutrymmen.\" \/>\n<meta property=\"og:url\" content=\"https:\/\/uula.kajahdusdev.fi\/sv\/produkter\/inomhusfarger\/into-inredningsfarg-matt\/\" \/>\n<meta property=\"og:site_name\" content=\"Uula\" \/>\n<meta property=\"article:modified_time\" content=\"2021-12-21T08:50:02+00:00\" \/>\n<meta property=\"og:image\" content=\"https:\/\/uula.kajahdusdev.fi\/wp-content\/uploads\/2017\/04\/SisustusmaaliH_M1-1.jpg\" \/>\n\t<meta property=\"og:image:width\" content=\"1200\" \/>\n\t<meta property=\"og:image:height\" content=\"1200\" \/>\n\t<meta property=\"og:image:type\" content=\"image\/jpeg\" \/>\n<meta name=\"twitter:card\" content=\"summary_large_image\" \/>\n<meta name=\"twitter:label1\" content=\"Ber\u00e4knad l\u00e4stid\" \/>\n\t<meta name=\"twitter:data1\" content=\"2 minuter\" \/>\n<script type=\"application\/ld+json\" class=\"yoast-schema-graph\">{\"@context\":\"https:\/\/schema.org\",\"@graph\":[{\"@type\":\"WebPage\",\"@id\":\"https:\/\/uula.kajahdusdev.fi\/sv\/produkter\/inomhusfarger\/into-inredningsfarg-matt\/\",\"url\":\"https:\/\/uula.kajahdusdev.fi\/sv\/produkter\/inomhusfarger\/into-inredningsfarg-matt\/\",\"name\":\"iNTO Inredningsf\u00e4rg matt | F\u00f6r snabb och enkel m\u00e5lning inomhus | Uula\",\"isPartOf\":{\"@id\":\"https:\/\/uula.kajahdusdev.fi\/#website\"},\"datePublished\":\"2017-04-13T11:53:09+00:00\",\"dateModified\":\"2021-12-21T08:50:02+00:00\",\"description\":\"iNTO Inredningsf\u00e4rg matt l\u00e4mpar sig f\u00f6r m\u00e5lning av v\u00e4ggar och tak av panel, tr\u00e4, skivor eller stenmaterial i torra inomhusutrymmen.\",\"breadcrumb\":{\"@id\":\"https:\/\/uula.kajahdusdev.fi\/sv\/produkter\/inomhusfarger\/into-inredningsfarg-matt\/#breadcrumb\"},\"inLanguage\":\"sv-SE\",\"potentialAction\":[{\"@type\":\"ReadAction\",\"target\":[\"https:\/\/uula.kajahdusdev.fi\/sv\/produkter\/inomhusfarger\/into-inredningsfarg-matt\/\"]}]},{\"@type\":\"BreadcrumbList\",\"@id\":\"https:\/\/uula.kajahdusdev.fi\/sv\/produkter\/inomhusfarger\/into-inredningsfarg-matt\/#breadcrumb\",\"itemListElement\":[{\"@type\":\"ListItem\",\"position\":1,\"name\":\"Home\",\"item\":\"https:\/\/uula.kajahdusdev.fi\/sv\/\"},{\"@type\":\"ListItem\",\"position\":2,\"name\":\"Maalit ja Tuotteet\",\"item\":\"https:\/\/uula.kajahdusdev.fi\/tuotteet\/\"},{\"@type\":\"ListItem\",\"position\":3,\"name\":\"iNTO Inredningsf\u00e4rg matt\"}]},{\"@type\":\"WebSite\",\"@id\":\"https:\/\/uula.kajahdusdev.fi\/#website\",\"url\":\"https:\/\/uula.kajahdusdev.fi\/\",\"name\":\"Uula\",\"description\":\"Muovittomat ja hengitt&auml;v&auml;t sis&auml;- ja ulkomaalit\",\"potentialAction\":[{\"@type\":\"SearchAction\",\"target\":{\"@type\":\"EntryPoint\",\"urlTemplate\":\"https:\/\/uula.kajahdusdev.fi\/?s={search_term_string}\"},\"query-input\":\"required name=search_term_string\"}],\"inLanguage\":\"sv-SE\"}]}<\/script>\n<!-- \/ Yoast SEO plugin. -->","yoast_head_json":{"title":"iNTO Inredningsf\u00e4rg matt | F\u00f6r snabb och enkel m\u00e5lning inomhus | Uula","description":"iNTO Inredningsf\u00e4rg matt l\u00e4mpar sig f\u00f6r m\u00e5lning av v\u00e4ggar och tak av panel, tr\u00e4, skivor eller stenmaterial i torra inomhusutrymmen.","robots":{"index":"noindex","follow":"follow","max-snippet":"max-snippet:-1","max-image-preview":"max-image-preview:large","max-video-preview":"max-video-preview:-1"},"og_locale":"sv_SE","og_type":"article","og_title":"iNTO Inredningsf\u00e4rg matt | F\u00f6r snabb och enkel m\u00e5lning inomhus | Uula","og_description":"iNTO Inredningsf\u00e4rg matt l\u00e4mpar sig f\u00f6r m\u00e5lning av v\u00e4ggar och tak av panel, tr\u00e4, skivor eller stenmaterial i torra inomhusutrymmen.","og_url":"https:\/\/uula.kajahdusdev.fi\/sv\/produkter\/inomhusfarger\/into-inredningsfarg-matt\/","og_site_name":"Uula","article_modified_time":"2021-12-21T08:50:02+00:00","og_image":[{"width":1200,"height":1200,"type":"image\/jpeg","url":"https:\/\/uula.kajahdusdev.fi\/wp-content\/uploads\/2017\/04\/SisustusmaaliH_M1-1.jpg"}],"twitter_card":"summary_large_image","twitter_misc":{"Ber\u00e4knad l\u00e4stid":"2 minuter"},"schema":{"@context":"https:\/\/schema.org","@graph":[{"@type":"WebPage","@id":"https:\/\/uula.kajahdusdev.fi\/sv\/produkter\/inomhusfarger\/into-inredningsfarg-matt\/","url":"https:\/\/uula.kajahdusdev.fi\/sv\/produkter\/inomhusfarger\/into-inredningsfarg-matt\/","name":"iNTO Inredningsf\u00e4rg matt | F\u00f6r snabb och enkel m\u00e5lning inomhus | Uula","isPartOf":{"@id":"https:\/\/uula.kajahdusdev.fi\/#website"},"datePublished":"2017-04-13T11:53:09+00:00","dateModified":"2021-12-21T08:50:02+00:00","description":"iNTO Inredningsf\u00e4rg matt l\u00e4mpar sig f\u00f6r m\u00e5lning av v\u00e4ggar och tak av panel, tr\u00e4, skivor eller stenmaterial i torra inomhusutrymmen.","breadcrumb":{"@id":"https:\/\/uula.kajahdusdev.fi\/sv\/produkter\/inomhusfarger\/into-inredningsfarg-matt\/#breadcrumb"},"inLanguage":"sv-SE","potentialAction":[{"@type":"ReadAction","target":["https:\/\/uula.kajahdusdev.fi\/sv\/produkter\/inomhusfarger\/into-inredningsfarg-matt\/"]}]},{"@type":"BreadcrumbList","@id":"https:\/\/uula.kajahdusdev.fi\/sv\/produkter\/inomhusfarger\/into-inredningsfarg-matt\/#breadcrumb","itemListElement":[{"@type":"ListItem","position":1,"name":"Home","item":"https:\/\/uula.kajahdusdev.fi\/sv\/"},{"@type":"ListItem","position":2,"name":"Maalit ja Tuotteet","item":"https:\/\/uula.kajahdusdev.fi\/tuotteet\/"},{"@type":"ListItem","position":3,"name":"iNTO Inredningsf\u00e4rg matt"}]},{"@type":"WebSite","@id":"https:\/\/uula.kajahdusdev.fi\/#website","url":"https:\/\/uula.kajahdusdev.fi\/","name":"Uula","description":"Muovittomat ja hengitt&auml;v&auml;t sis&auml;- ja ulkomaalit","potentialAction":[{"@type":"SearchAction","target":{"@type":"EntryPoint","urlTemplate":"https:\/\/uula.kajahdusdev.fi\/?s={search_term_string}"},"query-input":"required name=search_term_string"}],"inLanguage":"sv-SE"}]}},"_links":{"self":[{"href":"https:\/\/uula.kajahdusdev.fi\/sv\/wp-json\/wp\/v2\/product\/57964"}],"collection":[{"href":"https:\/\/uula.kajahdusdev.fi\/sv\/wp-json\/wp\/v2\/product"}],"about":[{"href":"https:\/\/uula.kajahdusdev.fi\/sv\/wp-json\/wp\/v2\/types\/product"}],"wp:featuredmedia":[{"embeddable":true,"href":"https:\/\/uula.kajahdusdev.fi\/sv\/wp-json\/wp\/v2\/media\/68113"}],"wp:attachment":[{"href":"https:\/\/uula.kajahdusdev.fi\/sv\/wp-json\/wp\/v2\/media?parent=57964"}],"wp:term":[{"taxonomy":"product_cat","embeddable":true,"href":"https:\/\/uula.kajahdusdev.fi\/sv\/wp-json\/wp\/v2\/product_cat?post=57964"},{"taxonomy":"product_tag","embeddable":true,"href":"https:\/\/uula.kajahdusdev.fi\/sv\/wp-json\/wp\/v2\/product_tag?post=57964"}],"curies":[{"name":"wp","href":"https:\/\/api.w.org\/{rel}","templated":true}]}}