{"id":57965,"date":"2017-04-13T11:56:37","date_gmt":"2017-04-13T11:56:37","guid":{"rendered":"https:\/\/uula.kajahdusdev.fi\/tuotteet\/Ei-luokiteltu\/into-inomhusgrundfarg-matt\/"},"modified":"2021-12-21T08:58:47","modified_gmt":"2021-12-21T08:58:47","slug":"into-inomhusgrundfarg-matt","status":"publish","type":"product","link":"https:\/\/uula.kajahdusdev.fi\/sv\/tuotteet\/inomhusfarger\/into-inomhusgrundfarg-matt\/","title":{"rendered":"iNTO Inomhusgrundf\u00e4rg matt"},"content":{"rendered":"<h1>Into Inomhusgrundf\u00e4rg &#8211; Som grundf\u00e4rg och matt t\u00e4ckf\u00e4rg<\/h1>\n<p>Into Inomhusgrundf\u00e4rg l\u00e4mpar sig f\u00f6r om\u00e5lade och tidigare m\u00e5lade panel-, tr\u00e4-, skiv-, papp- och stenytor i torra inomhusutrymmen, s\u00e5som v\u00e4ggar, tak, paneler, d\u00f6rrar, f\u00f6nsterb\u00e5gar, karmar, lister och m\u00f6bler. Produkten l\u00e4mpar sig inte f\u00f6r grundm\u00e5lning av golv och grundf\u00e4rgen anv\u00e4nds inte under lasyrf\u00e4rger eller ytbehandlingsmedel. Into Grundf\u00e4rg kan \u00f6verm\u00e5las med<span style=\"color: #000000;\"> <a style=\"color: #000000;\" href=\"https:\/\/uula.kajahdusdev.fi\/sv\/produkter\/inomhusfarger\/into-inredningsfarg-matt\/\">Into Inredningsf\u00e4rger,<\/a> <a style=\"color: #000000;\" href=\"https:\/\/uula.kajahdusdev.fi\/sv\/produkter\/inomhusfarger\/into-mobelfarg-halvglansig\/\">Into M\u00f6belf\u00e4rger<\/a> <\/span>samt<span style=\"color: #000000;\"> <a style=\"color: #000000;\" href=\"https:\/\/uula.kajahdusdev.fi\/sv\/produkter\/inomhusfarger\/uula-dorr-och-fonsterfarg-halvglansig\/\">Uula D\u00f6rr- och f\u00f6nsterf\u00e4rg <\/a>.<\/span> Into Grundf\u00e4rg \u00e4r behaglig att anv\u00e4nda, eftersom f\u00e4rgen \u00e4r luktfri och den m\u00e5lade ytan torkar snabbt till ber\u00f6ringstorr och blir \u00f6verm\u00e5lningsbar. Grundf\u00e4rgen p\u00e5verkar hur t\u00e4ckf\u00e4rgen absorberas, g\u00f6r att t\u00e4ckf\u00e4rgen f\u00e4ster b\u00e4ttre och g\u00f6r det enklare att hantera t\u00e4ckf\u00e4rgen. Into Grundf\u00e4rg kan \u00e4ven anv\u00e4ndas som s\u00e5dan f\u00f6r matt t\u00e4ckm\u00e5lning.<\/p>\n<p>Vattensp\u00e4dbara Into Grundf\u00e4rg \u00e4r enkel att stryka p\u00e5, h\u00e5ller sig bra p\u00e5 penseln eller rullen, ger en j\u00e4mn yta, t\u00e4cker bra och torkar snabbt. Den helt utsl\u00e4ppsfria f\u00e4rgen \u00e4r ett tryggt val f\u00f6r grundm\u00e5lning av ytor inomhus. Det \u00e4r behagligt att m\u00e5la med f\u00e4rgen, eftersom den redan vid m\u00e5lningen \u00e4r luktfri. Into Grundf\u00e4rg t\u00e5l slipning v\u00e4l<strong>.<\/strong><\/p>\n<p><strong>\u00c5tg\u00e5ng:<\/strong> 7m<sup>2<\/sup>\/l, beroende p\u00e5 hur str\u00e4vt och por\u00f6st underlaget \u00e4r.<br \/>\n<strong>Torktid:<\/strong> Ber\u00f6ringstorr efter cirka en halvtimme. Kan \u00f6verm\u00e5las och slipas efter cirka 4 timmar.<br \/>\n<strong>F\u00f6rtunning<\/strong>: Vatten<br \/>\n<strong>Nyanser:<\/strong> Grundvit f\u00e4rg som kan anv\u00e4ndas som s\u00e5dan. Into Inomhusgrundf\u00e4rg kan nyanseras till ljusa, t\u00e4ckande nyanser. F\u00e4rgalternativen finns p\u00e5 <span style=\"color: #000000;\"><a style=\"color: #000000;\" href=\"https:\/\/uula.kajahdusdev.fi\/varikartat\/sisavarit\/\">Uula Inomhusm\u00e5lning F\u00e4rgkarta<\/a> <\/span>och <span style=\"color: #000000;\"><a style=\"color: #000000;\" href=\"https:\/\/uula.kajahdusdev.fi\/varikartat\/perinnevarit\/\">Uula Traditionell F\u00e4rgkarta<\/a> <\/span>samt bland de ljusa alternativen p\u00e5 de vanligaste f\u00e4rgkartorna. Du kan allts\u00e5 v\u00e4lja mellan hundratals nyanser.\u00a0Observera dock att det p\u00e5 grund av olika nyanseringar, nyanseringsmaskiner och nyanseringspastor kan f\u00f6rekomma variationer mellan nyanserna.<\/p>\n<hr \/>\n<p><img loading=\"lazy\" decoding=\"async\" class=\"aligncenter size-full wp-image-64322\" src=\"https:\/\/uula.kajahdusdev.fi\/wp-content\/uploads\/2018\/08\/Maalari-tela-ja-maali.jpg\" alt=\"\" width=\"1600\" height=\"500\" srcset=\"https:\/\/uula.kajahdusdev.fi\/wp-content\/uploads\/2018\/08\/Maalari-tela-ja-maali.jpg 1600w, https:\/\/uula.kajahdusdev.fi\/wp-content\/uploads\/2018\/08\/Maalari-tela-ja-maali-600x188.jpg 600w, https:\/\/uula.kajahdusdev.fi\/wp-content\/uploads\/2018\/08\/Maalari-tela-ja-maali-1024x320.jpg 1024w, https:\/\/uula.kajahdusdev.fi\/wp-content\/uploads\/2018\/08\/Maalari-tela-ja-maali-768x240.jpg 768w, https:\/\/uula.kajahdusdev.fi\/wp-content\/uploads\/2018\/08\/Maalari-tela-ja-maali-1536x480.jpg 1536w\" sizes=\"(max-width: 1600px) 100vw, 1600px\" \/><\/p>\n<hr \/>\n<p><strong>Tekniska data<\/strong><\/p>\n<p><strong>Plastfri:<\/strong>\u00a0F\u00e4rgen inneh\u00e5ller inga plastbindemedel. Som bindemedel anv\u00e4nds naturliga oljor.<br \/>\n<strong>Utsl\u00e4ppsfri:<\/strong> Inneh\u00e5ller inte VOC. F\u00e4rgen inneh\u00e5ller inga skadliga organiska f\u00f6reningar.<br \/>\n<strong>Inneh\u00e5ller inte MIT.<\/strong> (2-methyl-2H-isothiazol-3-one (MIT)<br \/>\n<strong>F\u00e4rgen h\u00f6r till den b\u00e4sta utsl\u00e4ppsklassen M1 f\u00f6r Byggmaterial.<\/strong><br \/>\n<strong>M\u00e5lning enligt RYL 2012:s f\u00e4rgproduktgrupp:<\/strong> 212.<\/p>\n<hr \/>\n<p style=\"text-align: center;\"><span style=\"color: #a29994;\"><strong><a style=\"color: #a29994;\" href=\"https:\/\/uula.kajahdusdev.fi\/sv\/maalausohjeet\/anvisningar-for-malning-inomhus\/malningsanvisningar-for-into-grundfarg\/\">L\u00e4s m\u00e5lningsanvisningarna f\u00f6r inomhusgrundf\u00e4rg<\/a><\/strong><\/span><\/p>\n","protected":false},"excerpt":{"rendered":"<p>Into Inomhusgrundf\u00e4rg l\u00e4mpar sig f\u00f6r om\u00e5lade och tidigare m\u00e5lade panel-, tr\u00e4-, skiv-, papp- och stenytor i torra inomhusutrymmen, s\u00e5som v\u00e4ggar, tak, paneler, d\u00f6rrar, f\u00f6nsterb\u00e5gar, karmar, lister och m\u00f6bler.<\/p>\n","protected":false},"featured_media":68132,"template":"","meta":[],"product_cat":[1960],"product_tag":[],"bundle_layout":"","bundle_add_to_cart_form_location":"","bundle_editable_in_cart":false,"bundle_sold_individually_context":"","bundle_item_grouping":"","bundle_min_size":"","bundle_max_size":"","bundled_by":[],"bundled_items":[],"yoast_head":"<!-- This site is optimized with the Yoast SEO plugin v19.9 - https:\/\/yoast.com\/wordpress\/plugins\/seo\/ -->\n<title>iNTO Inomhusgrundf\u00e4rg matt | F\u00f6r grundm\u00e5lning av ytor inomhus | Uula<\/title>\n<meta name=\"description\" content=\"iNTO Inomhusgrundf\u00e4rg matt. L\u00e4mpar sig f\u00f6r om\u00e5lade och tidigare m\u00e5lade panel-, tr\u00e4-, skiv-, papp- och stenytor i torra inomhusutrymmen\" \/>\n<meta name=\"robots\" content=\"noindex, follow, max-snippet:-1, max-image-preview:large, max-video-preview:-1\" \/>\n<meta property=\"og:locale\" content=\"sv_SE\" \/>\n<meta property=\"og:type\" content=\"article\" \/>\n<meta property=\"og:title\" content=\"iNTO Inomhusgrundf\u00e4rg matt | F\u00f6r grundm\u00e5lning av ytor inomhus | Uula\" \/>\n<meta property=\"og:description\" content=\"iNTO Inomhusgrundf\u00e4rg matt. L\u00e4mpar sig f\u00f6r om\u00e5lade och tidigare m\u00e5lade panel-, tr\u00e4-, skiv-, papp- och stenytor i torra inomhusutrymmen\" \/>\n<meta property=\"og:url\" content=\"https:\/\/uula.kajahdusdev.fi\/sv\/produkter\/inomhusfarger\/into-inomhusgrundfarg-matt\/\" \/>\n<meta property=\"og:site_name\" content=\"Uula\" \/>\n<meta property=\"article:modified_time\" content=\"2021-12-21T08:58:47+00:00\" \/>\n<meta property=\"og:image\" content=\"https:\/\/uula.kajahdusdev.fi\/wp-content\/uploads\/2017\/04\/Sis\u00e4pohjaM1-1.jpg\" \/>\n\t<meta property=\"og:image:width\" content=\"1200\" \/>\n\t<meta property=\"og:image:height\" content=\"1200\" \/>\n\t<meta property=\"og:image:type\" content=\"image\/jpeg\" \/>\n<meta name=\"twitter:card\" content=\"summary_large_image\" \/>\n<meta name=\"twitter:label1\" content=\"Ber\u00e4knad l\u00e4stid\" \/>\n\t<meta name=\"twitter:data1\" content=\"2 minuter\" \/>\n<script type=\"application\/ld+json\" class=\"yoast-schema-graph\">{\"@context\":\"https:\/\/schema.org\",\"@graph\":[{\"@type\":\"WebPage\",\"@id\":\"https:\/\/uula.kajahdusdev.fi\/sv\/produkter\/inomhusfarger\/into-inomhusgrundfarg-matt\/\",\"url\":\"https:\/\/uula.kajahdusdev.fi\/sv\/produkter\/inomhusfarger\/into-inomhusgrundfarg-matt\/\",\"name\":\"iNTO Inomhusgrundf\u00e4rg matt | F\u00f6r grundm\u00e5lning av ytor inomhus | Uula\",\"isPartOf\":{\"@id\":\"https:\/\/uula.kajahdusdev.fi\/#website\"},\"datePublished\":\"2017-04-13T11:56:37+00:00\",\"dateModified\":\"2021-12-21T08:58:47+00:00\",\"description\":\"iNTO Inomhusgrundf\u00e4rg matt. L\u00e4mpar sig f\u00f6r om\u00e5lade och tidigare m\u00e5lade panel-, tr\u00e4-, skiv-, papp- och stenytor i torra inomhusutrymmen\",\"breadcrumb\":{\"@id\":\"https:\/\/uula.kajahdusdev.fi\/sv\/produkter\/inomhusfarger\/into-inomhusgrundfarg-matt\/#breadcrumb\"},\"inLanguage\":\"sv-SE\",\"potentialAction\":[{\"@type\":\"ReadAction\",\"target\":[\"https:\/\/uula.kajahdusdev.fi\/sv\/produkter\/inomhusfarger\/into-inomhusgrundfarg-matt\/\"]}]},{\"@type\":\"BreadcrumbList\",\"@id\":\"https:\/\/uula.kajahdusdev.fi\/sv\/produkter\/inomhusfarger\/into-inomhusgrundfarg-matt\/#breadcrumb\",\"itemListElement\":[{\"@type\":\"ListItem\",\"position\":1,\"name\":\"Home\",\"item\":\"https:\/\/uula.kajahdusdev.fi\/sv\/\"},{\"@type\":\"ListItem\",\"position\":2,\"name\":\"Maalit ja Tuotteet\",\"item\":\"https:\/\/uula.kajahdusdev.fi\/tuotteet\/\"},{\"@type\":\"ListItem\",\"position\":3,\"name\":\"iNTO Inomhusgrundf\u00e4rg matt\"}]},{\"@type\":\"WebSite\",\"@id\":\"https:\/\/uula.kajahdusdev.fi\/#website\",\"url\":\"https:\/\/uula.kajahdusdev.fi\/\",\"name\":\"Uula\",\"description\":\"Muovittomat ja hengitt&auml;v&auml;t sis&auml;- ja ulkomaalit\",\"potentialAction\":[{\"@type\":\"SearchAction\",\"target\":{\"@type\":\"EntryPoint\",\"urlTemplate\":\"https:\/\/uula.kajahdusdev.fi\/?s={search_term_string}\"},\"query-input\":\"required name=search_term_string\"}],\"inLanguage\":\"sv-SE\"}]}<\/script>\n<!-- \/ Yoast SEO plugin. -->","yoast_head_json":{"title":"iNTO Inomhusgrundf\u00e4rg matt | F\u00f6r grundm\u00e5lning av ytor inomhus | Uula","description":"iNTO Inomhusgrundf\u00e4rg matt. L\u00e4mpar sig f\u00f6r om\u00e5lade och tidigare m\u00e5lade panel-, tr\u00e4-, skiv-, papp- och stenytor i torra inomhusutrymmen","robots":{"index":"noindex","follow":"follow","max-snippet":"max-snippet:-1","max-image-preview":"max-image-preview:large","max-video-preview":"max-video-preview:-1"},"og_locale":"sv_SE","og_type":"article","og_title":"iNTO Inomhusgrundf\u00e4rg matt | F\u00f6r grundm\u00e5lning av ytor inomhus | Uula","og_description":"iNTO Inomhusgrundf\u00e4rg matt. L\u00e4mpar sig f\u00f6r om\u00e5lade och tidigare m\u00e5lade panel-, tr\u00e4-, skiv-, papp- och stenytor i torra inomhusutrymmen","og_url":"https:\/\/uula.kajahdusdev.fi\/sv\/produkter\/inomhusfarger\/into-inomhusgrundfarg-matt\/","og_site_name":"Uula","article_modified_time":"2021-12-21T08:58:47+00:00","og_image":[{"width":1200,"height":1200,"type":"image\/jpeg","url":"https:\/\/uula.kajahdusdev.fi\/wp-content\/uploads\/2017\/04\/Sis\u00e4pohjaM1-1.jpg"}],"twitter_card":"summary_large_image","twitter_misc":{"Ber\u00e4knad l\u00e4stid":"2 minuter"},"schema":{"@context":"https:\/\/schema.org","@graph":[{"@type":"WebPage","@id":"https:\/\/uula.kajahdusdev.fi\/sv\/produkter\/inomhusfarger\/into-inomhusgrundfarg-matt\/","url":"https:\/\/uula.kajahdusdev.fi\/sv\/produkter\/inomhusfarger\/into-inomhusgrundfarg-matt\/","name":"iNTO Inomhusgrundf\u00e4rg matt | F\u00f6r grundm\u00e5lning av ytor inomhus | Uula","isPartOf":{"@id":"https:\/\/uula.kajahdusdev.fi\/#website"},"datePublished":"2017-04-13T11:56:37+00:00","dateModified":"2021-12-21T08:58:47+00:00","description":"iNTO Inomhusgrundf\u00e4rg matt. L\u00e4mpar sig f\u00f6r om\u00e5lade och tidigare m\u00e5lade panel-, tr\u00e4-, skiv-, papp- och stenytor i torra inomhusutrymmen","breadcrumb":{"@id":"https:\/\/uula.kajahdusdev.fi\/sv\/produkter\/inomhusfarger\/into-inomhusgrundfarg-matt\/#breadcrumb"},"inLanguage":"sv-SE","potentialAction":[{"@type":"ReadAction","target":["https:\/\/uula.kajahdusdev.fi\/sv\/produkter\/inomhusfarger\/into-inomhusgrundfarg-matt\/"]}]},{"@type":"BreadcrumbList","@id":"https:\/\/uula.kajahdusdev.fi\/sv\/produkter\/inomhusfarger\/into-inomhusgrundfarg-matt\/#breadcrumb","itemListElement":[{"@type":"ListItem","position":1,"name":"Home","item":"https:\/\/uula.kajahdusdev.fi\/sv\/"},{"@type":"ListItem","position":2,"name":"Maalit ja Tuotteet","item":"https:\/\/uula.kajahdusdev.fi\/tuotteet\/"},{"@type":"ListItem","position":3,"name":"iNTO Inomhusgrundf\u00e4rg matt"}]},{"@type":"WebSite","@id":"https:\/\/uula.kajahdusdev.fi\/#website","url":"https:\/\/uula.kajahdusdev.fi\/","name":"Uula","description":"Muovittomat ja hengitt&auml;v&auml;t sis&auml;- ja ulkomaalit","potentialAction":[{"@type":"SearchAction","target":{"@type":"EntryPoint","urlTemplate":"https:\/\/uula.kajahdusdev.fi\/?s={search_term_string}"},"query-input":"required name=search_term_string"}],"inLanguage":"sv-SE"}]}},"_links":{"self":[{"href":"https:\/\/uula.kajahdusdev.fi\/sv\/wp-json\/wp\/v2\/product\/57965"}],"collection":[{"href":"https:\/\/uula.kajahdusdev.fi\/sv\/wp-json\/wp\/v2\/product"}],"about":[{"href":"https:\/\/uula.kajahdusdev.fi\/sv\/wp-json\/wp\/v2\/types\/product"}],"wp:featuredmedia":[{"embeddable":true,"href":"https:\/\/uula.kajahdusdev.fi\/sv\/wp-json\/wp\/v2\/media\/68132"}],"wp:attachment":[{"href":"https:\/\/uula.kajahdusdev.fi\/sv\/wp-json\/wp\/v2\/media?parent=57965"}],"wp:term":[{"taxonomy":"product_cat","embeddable":true,"href":"https:\/\/uula.kajahdusdev.fi\/sv\/wp-json\/wp\/v2\/product_cat?post=57965"},{"taxonomy":"product_tag","embeddable":true,"href":"https:\/\/uula.kajahdusdev.fi\/sv\/wp-json\/wp\/v2\/product_tag?post=57965"}],"curies":[{"name":"wp","href":"https:\/\/api.w.org\/{rel}","templated":true}]}}