{"id":61373,"date":"2017-04-18T11:40:16","date_gmt":"2017-04-18T11:40:16","guid":{"rendered":"https:\/\/uula.kajahdusdev.fi\/tuotteet\/okategoriserad\/uula-xerotin-05l\/"},"modified":"2021-12-22T10:16:45","modified_gmt":"2021-12-22T10:16:45","slug":"uula-xerotin-05l","status":"publish","type":"product","link":"https:\/\/uula.kajahdusdev.fi\/sv\/tuotteet\/ovriga-produkter\/uula-xerotin-05l\/","title":{"rendered":"Uula Xerotin 0,5L"},"content":{"rendered":"<h1>Uula Xerotin &#8211; P\u00e5skyndar torkningen av f\u00e4rger och blandningar med oljebindemedel.<\/h1>\n<p>Uula Xerotin\u00e4r ett f\u00e4rdigt torkmedel tillverkat av mangan-, kobolt-, zirkoniumsickativ och aromatfri kolv\u00e4tel\u00f6sning. P\u00e5skyndar torkningen av f\u00e4rger och blandningar med oljebindemedel.<\/p>\n<hr \/>\n<p><strong>Lagring och undvikande av milj\u00f6ol\u00e4genheter:<\/strong><br \/>\nF\u00f6rvaras torrt och svalt. F\u00f6rvaras utom r\u00e4ckh\u00e5ll f\u00f6r barn. Fryser ej. Tomma och torra burkar kan f\u00f6ras till insamlingen. Flytande avfall skall f\u00f6ras till den kommunala insamlingen f\u00f6r problemavfall.<\/p>\n","protected":false},"excerpt":{"rendered":"<p>P\u00e5skyndar torkningen av f\u00e4rger och blandningar med oljebindemedel.<\/p>\n","protected":false},"featured_media":61375,"template":"","meta":[],"product_cat":[1957],"product_tag":[],"bundle_layout":"","bundle_add_to_cart_form_location":"","bundle_editable_in_cart":false,"bundle_sold_individually_context":"","bundle_item_grouping":"","bundle_min_size":"","bundle_max_size":"","bundled_by":[],"bundled_items":[],"yoast_head":"<!-- This site is optimized with the Yoast SEO plugin v19.9 - https:\/\/yoast.com\/wordpress\/plugins\/seo\/ -->\n<title>Uula Xerotin 0,5L | P\u00e5skyndar torkningen av f\u00e4rger och blandningar med oljebindemedel. |- Uula<\/title>\n<meta name=\"description\" content=\"Xerotin\u00e4r ett f\u00e4rdigt torkmedel tillverkat av mangan-, kobolt-, zirkoniumsickativ och aromatfri kolv\u00e4tel\u00f6sning.\" \/>\n<meta name=\"robots\" content=\"noindex, follow, max-snippet:-1, max-image-preview:large, max-video-preview:-1\" \/>\n<meta property=\"og:locale\" content=\"sv_SE\" \/>\n<meta property=\"og:type\" content=\"article\" \/>\n<meta property=\"og:title\" content=\"Uula Xerotin 0,5L | P\u00e5skyndar torkningen av f\u00e4rger och blandningar med oljebindemedel. |- Uula\" \/>\n<meta property=\"og:description\" content=\"Xerotin\u00e4r ett f\u00e4rdigt torkmedel tillverkat av mangan-, kobolt-, zirkoniumsickativ och aromatfri kolv\u00e4tel\u00f6sning.\" \/>\n<meta property=\"og:url\" content=\"https:\/\/uula.kajahdusdev.fi\/sv\/produkter\/ovriga-produkter\/uula-xerotin-05l\/\" \/>\n<meta property=\"og:site_name\" content=\"Uula\" \/>\n<meta property=\"article:modified_time\" content=\"2021-12-22T10:16:45+00:00\" \/>\n<meta property=\"og:image\" content=\"https:\/\/uula.kajahdusdev.fi\/wp-content\/uploads\/2017\/04\/uula-serotiini-1.jpg\" \/>\n\t<meta property=\"og:image:width\" content=\"1200\" \/>\n\t<meta property=\"og:image:height\" content=\"1200\" \/>\n\t<meta property=\"og:image:type\" content=\"image\/jpeg\" \/>\n<meta name=\"twitter:card\" content=\"summary_large_image\" \/>\n<script type=\"application\/ld+json\" class=\"yoast-schema-graph\">{\"@context\":\"https:\/\/schema.org\",\"@graph\":[{\"@type\":\"WebPage\",\"@id\":\"https:\/\/uula.kajahdusdev.fi\/sv\/produkter\/ovriga-produkter\/uula-xerotin-05l\/\",\"url\":\"https:\/\/uula.kajahdusdev.fi\/sv\/produkter\/ovriga-produkter\/uula-xerotin-05l\/\",\"name\":\"Uula Xerotin 0,5L | P\u00e5skyndar torkningen av f\u00e4rger och blandningar med oljebindemedel. |- Uula\",\"isPartOf\":{\"@id\":\"https:\/\/uula.kajahdusdev.fi\/#website\"},\"datePublished\":\"2017-04-18T11:40:16+00:00\",\"dateModified\":\"2021-12-22T10:16:45+00:00\",\"description\":\"Xerotin\u00e4r ett f\u00e4rdigt torkmedel tillverkat av mangan-, kobolt-, zirkoniumsickativ och aromatfri kolv\u00e4tel\u00f6sning.\",\"breadcrumb\":{\"@id\":\"https:\/\/uula.kajahdusdev.fi\/sv\/produkter\/ovriga-produkter\/uula-xerotin-05l\/#breadcrumb\"},\"inLanguage\":\"sv-SE\",\"potentialAction\":[{\"@type\":\"ReadAction\",\"target\":[\"https:\/\/uula.kajahdusdev.fi\/sv\/produkter\/ovriga-produkter\/uula-xerotin-05l\/\"]}]},{\"@type\":\"BreadcrumbList\",\"@id\":\"https:\/\/uula.kajahdusdev.fi\/sv\/produkter\/ovriga-produkter\/uula-xerotin-05l\/#breadcrumb\",\"itemListElement\":[{\"@type\":\"ListItem\",\"position\":1,\"name\":\"Home\",\"item\":\"https:\/\/uula.kajahdusdev.fi\/sv\/\"},{\"@type\":\"ListItem\",\"position\":2,\"name\":\"Maalit ja Tuotteet\",\"item\":\"https:\/\/uula.kajahdusdev.fi\/tuotteet\/\"},{\"@type\":\"ListItem\",\"position\":3,\"name\":\"Uula Xerotin 0,5L\"}]},{\"@type\":\"WebSite\",\"@id\":\"https:\/\/uula.kajahdusdev.fi\/#website\",\"url\":\"https:\/\/uula.kajahdusdev.fi\/\",\"name\":\"Uula\",\"description\":\"Muovittomat ja hengitt&auml;v&auml;t sis&auml;- ja ulkomaalit\",\"potentialAction\":[{\"@type\":\"SearchAction\",\"target\":{\"@type\":\"EntryPoint\",\"urlTemplate\":\"https:\/\/uula.kajahdusdev.fi\/?s={search_term_string}\"},\"query-input\":\"required name=search_term_string\"}],\"inLanguage\":\"sv-SE\"}]}<\/script>\n<!-- \/ Yoast SEO plugin. -->","yoast_head_json":{"title":"Uula Xerotin 0,5L | P\u00e5skyndar torkningen av f\u00e4rger och blandningar med oljebindemedel. |- Uula","description":"Xerotin\u00e4r ett f\u00e4rdigt torkmedel tillverkat av mangan-, kobolt-, zirkoniumsickativ och aromatfri kolv\u00e4tel\u00f6sning.","robots":{"index":"noindex","follow":"follow","max-snippet":"max-snippet:-1","max-image-preview":"max-image-preview:large","max-video-preview":"max-video-preview:-1"},"og_locale":"sv_SE","og_type":"article","og_title":"Uula Xerotin 0,5L | P\u00e5skyndar torkningen av f\u00e4rger och blandningar med oljebindemedel. |- Uula","og_description":"Xerotin\u00e4r ett f\u00e4rdigt torkmedel tillverkat av mangan-, kobolt-, zirkoniumsickativ och aromatfri kolv\u00e4tel\u00f6sning.","og_url":"https:\/\/uula.kajahdusdev.fi\/sv\/produkter\/ovriga-produkter\/uula-xerotin-05l\/","og_site_name":"Uula","article_modified_time":"2021-12-22T10:16:45+00:00","og_image":[{"width":1200,"height":1200,"url":"https:\/\/uula.kajahdusdev.fi\/wp-content\/uploads\/2017\/04\/uula-serotiini-1.jpg","type":"image\/jpeg"}],"twitter_card":"summary_large_image","schema":{"@context":"https:\/\/schema.org","@graph":[{"@type":"WebPage","@id":"https:\/\/uula.kajahdusdev.fi\/sv\/produkter\/ovriga-produkter\/uula-xerotin-05l\/","url":"https:\/\/uula.kajahdusdev.fi\/sv\/produkter\/ovriga-produkter\/uula-xerotin-05l\/","name":"Uula Xerotin 0,5L | P\u00e5skyndar torkningen av f\u00e4rger och blandningar med oljebindemedel. |- Uula","isPartOf":{"@id":"https:\/\/uula.kajahdusdev.fi\/#website"},"datePublished":"2017-04-18T11:40:16+00:00","dateModified":"2021-12-22T10:16:45+00:00","description":"Xerotin\u00e4r ett f\u00e4rdigt torkmedel tillverkat av mangan-, kobolt-, zirkoniumsickativ och aromatfri kolv\u00e4tel\u00f6sning.","breadcrumb":{"@id":"https:\/\/uula.kajahdusdev.fi\/sv\/produkter\/ovriga-produkter\/uula-xerotin-05l\/#breadcrumb"},"inLanguage":"sv-SE","potentialAction":[{"@type":"ReadAction","target":["https:\/\/uula.kajahdusdev.fi\/sv\/produkter\/ovriga-produkter\/uula-xerotin-05l\/"]}]},{"@type":"BreadcrumbList","@id":"https:\/\/uula.kajahdusdev.fi\/sv\/produkter\/ovriga-produkter\/uula-xerotin-05l\/#breadcrumb","itemListElement":[{"@type":"ListItem","position":1,"name":"Home","item":"https:\/\/uula.kajahdusdev.fi\/sv\/"},{"@type":"ListItem","position":2,"name":"Maalit ja Tuotteet","item":"https:\/\/uula.kajahdusdev.fi\/tuotteet\/"},{"@type":"ListItem","position":3,"name":"Uula Xerotin 0,5L"}]},{"@type":"WebSite","@id":"https:\/\/uula.kajahdusdev.fi\/#website","url":"https:\/\/uula.kajahdusdev.fi\/","name":"Uula","description":"Muovittomat ja hengitt&auml;v&auml;t sis&auml;- ja ulkomaalit","potentialAction":[{"@type":"SearchAction","target":{"@type":"EntryPoint","urlTemplate":"https:\/\/uula.kajahdusdev.fi\/?s={search_term_string}"},"query-input":"required name=search_term_string"}],"inLanguage":"sv-SE"}]}},"_links":{"self":[{"href":"https:\/\/uula.kajahdusdev.fi\/sv\/wp-json\/wp\/v2\/product\/61373"}],"collection":[{"href":"https:\/\/uula.kajahdusdev.fi\/sv\/wp-json\/wp\/v2\/product"}],"about":[{"href":"https:\/\/uula.kajahdusdev.fi\/sv\/wp-json\/wp\/v2\/types\/product"}],"wp:featuredmedia":[{"embeddable":true,"href":"https:\/\/uula.kajahdusdev.fi\/sv\/wp-json\/wp\/v2\/media\/61375"}],"wp:attachment":[{"href":"https:\/\/uula.kajahdusdev.fi\/sv\/wp-json\/wp\/v2\/media?parent=61373"}],"wp:term":[{"taxonomy":"product_cat","embeddable":true,"href":"https:\/\/uula.kajahdusdev.fi\/sv\/wp-json\/wp\/v2\/product_cat?post=61373"},{"taxonomy":"product_tag","embeddable":true,"href":"https:\/\/uula.kajahdusdev.fi\/sv\/wp-json\/wp\/v2\/product_tag?post=61373"}],"curies":[{"name":"wp","href":"https:\/\/api.w.org\/{rel}","templated":true}]}}