{"id":61376,"date":"2017-04-18T11:42:39","date_gmt":"2017-04-18T11:42:39","guid":{"rendered":"https:\/\/uula.kajahdusdev.fi\/tuotteet\/okategoriserad\/uula-shellack-flingor-morka-025kg\/"},"modified":"2021-12-03T12:10:10","modified_gmt":"2021-12-03T12:10:10","slug":"uula-shellack-flingor-morka-025kg","status":"publish","type":"product","link":"https:\/\/uula.kajahdusdev.fi\/sv\/tuotteet\/ovriga-produkter\/uula-shellack-flingor-morka-025kg\/","title":{"rendered":"Uula Shellack"},"content":{"rendered":"<h1>UULA SHELLACKFLINGOR<\/h1>\n<p>Uula Shellack \u00e4r ett fuktt\u00e5ligt och snabbtorkande naturhartslack f\u00f6r inomhusbruk. Det tillverkas av f\u00f6rstklassig naturharts(shellack). F\u00f6r lackning av olika slags tr\u00e4ytor, t.ex. m\u00f6bler, prydnadsf\u00f6rem\u00e5l, lister osv. Shellack anv\u00e4nds traditionellt ocks\u00e5 som kvistlack, samt f\u00f6r att isolera gamla fl\u00e4ckar f\u00f6re m\u00e5lning.<\/p>\n<hr \/>\n<p><strong>Tillverkning av shellack med shellackflingor<\/strong><\/p>\n<ul>\n<li>Fyll t.ex. i en glasburk med lock till h\u00e4lften med shellackflingor.<\/li>\n<li>H\u00e4ll \u00f6ver s\u00e5 mycket hush\u00e5llssprit (Sinol) att flingorna t\u00e4cks (Blandningsf\u00f6rh\u00e5llandet \u00e4r ungef\u00e4rligt).<\/li>\n<li>Tillslut locket t\u00e4tt och skaka om burken n\u00e5gra g\u00e5nger i timmen tills lacket l\u00f6sts upp helt.<\/li>\n<li>Om det blir orenheter, skr\u00e4p eller f\u00e4llning p\u00e5 bottnen, sila lacket \u00f6ver i en annan burk.<\/li>\n<li>Tills\u00e4tt hush\u00e5llssprit (Sinol) eller shellackflingor f\u00f6r \u00f6nskad viskositet.<\/li>\n<\/ul>\n<p>Reng\u00f6r ytan fr\u00e5n damm och smuts. Slipa ytan med ett fint sandpapper eller st\u00e5lull. Avl\u00e4gsna slipdamm. Stryk lacket med pensel eller mohairkudde, 2\u20135 skikt. Slipa och avl\u00e4gsna slipdammet mellan strykningarna. F\u00f6rtunna med Sinol vid behov. Om n\u00e5got \u00e4r oklart, v\u00e4nd dig till tillverkaren eller en sakkunnig \u00e5terf\u00f6rs\u00e4ljare innan du anv\u00e4nder produkten.<\/p>\n<hr \/>\n<p><strong>Teknisk information<\/strong><\/p>\n<p><strong>\u00c5tg\u00e5ng: Ca 10 m\u00b2\/l.<\/strong><br \/>\n<strong>Nyans:<\/strong> M\u00f6rk.<br \/>\n<strong>Applicering &amp; appliceringsf\u00f6rh\u00e5llanden:<\/strong> Pensel eller mohairkudde. Ytan b\u00f6r vara torr, tr\u00e4ets fuktighet l\u00e4gre \u00e4n 15 %, luftfuktigheten l\u00e4gre \u00e4n 80 % och temperaturen minst +15\u00b0C.<br \/>\n<strong>Torktid:<\/strong> Ber\u00f6ringstorr efter ca 5 min. \u00d6verstrykning tidigast om en halv timme. (+20\u00b0C och luftfuktighet &lt;80%)<br \/>\n<strong>F\u00f6rpackningsstorlek:<\/strong> Flingor 1 l.<br \/>\n<strong>Reng\u00f6ring av arbetsredskap<\/strong>: Med Sinol, till slut med tv\u00e5l och vatten.<br \/>\n<strong>Lagring och undvikande av milj\u00f6ol\u00e4genheter:<\/strong> F\u00f6rvaras torrt och svalt, p\u00e5 avst\u00e5nd fr\u00e5n ant\u00e4ndliga k\u00e4llor. Tomma och torra burkar kan f\u00f6ras till insamlingen. Flytande avfall skall f\u00f6ras till den kommunala insamlingen f\u00f6r problemavfall.<\/p>\n<hr \/>\n<p>&nbsp;<\/p>\n","protected":false},"excerpt":{"rendered":"<p>Uula Shellack \u00e4r ett fuktt\u00e5ligt och snabbtorkande naturhartslack f\u00f6r inomhusbruk.<\/p>\n","protected":false},"featured_media":61378,"template":"","meta":[],"product_cat":[1957,1958],"product_tag":[],"bundle_layout":"","bundle_add_to_cart_form_location":"","bundle_editable_in_cart":false,"bundle_sold_individually_context":"","bundle_item_grouping":"","bundle_min_size":"","bundle_max_size":"","bundled_by":[],"bundled_items":[],"yoast_head":"<!-- This site is optimized with the Yoast SEO plugin v19.9 - https:\/\/yoast.com\/wordpress\/plugins\/seo\/ -->\n<title>Uula Shellack | naturhartslack f\u00f6r inomhusbruk | Uula<\/title>\n<meta name=\"description\" content=\"Uula Shellack \u00e4r ett fuktt\u00e5ligt och snabbtorkande naturhartslack f\u00f6r inomhusbruk.\" \/>\n<meta name=\"robots\" content=\"noindex, follow, max-snippet:-1, max-image-preview:large, max-video-preview:-1\" \/>\n<meta property=\"og:locale\" content=\"sv_SE\" \/>\n<meta property=\"og:type\" content=\"article\" \/>\n<meta property=\"og:title\" content=\"Uula Shellack | naturhartslack f\u00f6r inomhusbruk | Uula\" \/>\n<meta property=\"og:description\" content=\"Uula Shellack \u00e4r ett fuktt\u00e5ligt och snabbtorkande naturhartslack f\u00f6r inomhusbruk.\" \/>\n<meta property=\"og:url\" content=\"https:\/\/uula.kajahdusdev.fi\/sv\/produkter\/ovriga-produkter\/uula-shellack-flingor-morka-025kg\/\" \/>\n<meta property=\"og:site_name\" content=\"Uula\" \/>\n<meta property=\"article:modified_time\" content=\"2021-12-03T12:10:10+00:00\" \/>\n<meta property=\"og:image\" content=\"https:\/\/uula.kajahdusdev.fi\/wp-content\/uploads\/2017\/04\/uula-sellakka.jpg\" \/>\n\t<meta property=\"og:image:width\" content=\"1200\" \/>\n\t<meta property=\"og:image:height\" content=\"1200\" \/>\n\t<meta property=\"og:image:type\" content=\"image\/jpeg\" \/>\n<meta name=\"twitter:card\" content=\"summary_large_image\" \/>\n<meta name=\"twitter:label1\" content=\"Ber\u00e4knad l\u00e4stid\" \/>\n\t<meta name=\"twitter:data1\" content=\"2 minuter\" \/>\n<script type=\"application\/ld+json\" class=\"yoast-schema-graph\">{\"@context\":\"https:\/\/schema.org\",\"@graph\":[{\"@type\":\"WebPage\",\"@id\":\"https:\/\/uula.kajahdusdev.fi\/sv\/produkter\/ovriga-produkter\/uula-shellack-flingor-morka-025kg\/\",\"url\":\"https:\/\/uula.kajahdusdev.fi\/sv\/produkter\/ovriga-produkter\/uula-shellack-flingor-morka-025kg\/\",\"name\":\"Uula Shellack | naturhartslack f\u00f6r inomhusbruk | Uula\",\"isPartOf\":{\"@id\":\"https:\/\/uula.kajahdusdev.fi\/#website\"},\"datePublished\":\"2017-04-18T11:42:39+00:00\",\"dateModified\":\"2021-12-03T12:10:10+00:00\",\"description\":\"Uula Shellack \u00e4r ett fuktt\u00e5ligt och snabbtorkande naturhartslack f\u00f6r inomhusbruk.\",\"breadcrumb\":{\"@id\":\"https:\/\/uula.kajahdusdev.fi\/sv\/produkter\/ovriga-produkter\/uula-shellack-flingor-morka-025kg\/#breadcrumb\"},\"inLanguage\":\"sv-SE\",\"potentialAction\":[{\"@type\":\"ReadAction\",\"target\":[\"https:\/\/uula.kajahdusdev.fi\/sv\/produkter\/ovriga-produkter\/uula-shellack-flingor-morka-025kg\/\"]}]},{\"@type\":\"BreadcrumbList\",\"@id\":\"https:\/\/uula.kajahdusdev.fi\/sv\/produkter\/ovriga-produkter\/uula-shellack-flingor-morka-025kg\/#breadcrumb\",\"itemListElement\":[{\"@type\":\"ListItem\",\"position\":1,\"name\":\"Home\",\"item\":\"https:\/\/uula.kajahdusdev.fi\/sv\/\"},{\"@type\":\"ListItem\",\"position\":2,\"name\":\"Maalit ja Tuotteet\",\"item\":\"https:\/\/uula.kajahdusdev.fi\/tuotteet\/\"},{\"@type\":\"ListItem\",\"position\":3,\"name\":\"Uula Shellack\"}]},{\"@type\":\"WebSite\",\"@id\":\"https:\/\/uula.kajahdusdev.fi\/#website\",\"url\":\"https:\/\/uula.kajahdusdev.fi\/\",\"name\":\"Uula\",\"description\":\"Muovittomat ja hengitt&auml;v&auml;t sis&auml;- ja ulkomaalit\",\"potentialAction\":[{\"@type\":\"SearchAction\",\"target\":{\"@type\":\"EntryPoint\",\"urlTemplate\":\"https:\/\/uula.kajahdusdev.fi\/?s={search_term_string}\"},\"query-input\":\"required name=search_term_string\"}],\"inLanguage\":\"sv-SE\"}]}<\/script>\n<!-- \/ Yoast SEO plugin. -->","yoast_head_json":{"title":"Uula Shellack | naturhartslack f\u00f6r inomhusbruk | Uula","description":"Uula Shellack \u00e4r ett fuktt\u00e5ligt och snabbtorkande naturhartslack f\u00f6r inomhusbruk.","robots":{"index":"noindex","follow":"follow","max-snippet":"max-snippet:-1","max-image-preview":"max-image-preview:large","max-video-preview":"max-video-preview:-1"},"og_locale":"sv_SE","og_type":"article","og_title":"Uula Shellack | naturhartslack f\u00f6r inomhusbruk | Uula","og_description":"Uula Shellack \u00e4r ett fuktt\u00e5ligt och snabbtorkande naturhartslack f\u00f6r inomhusbruk.","og_url":"https:\/\/uula.kajahdusdev.fi\/sv\/produkter\/ovriga-produkter\/uula-shellack-flingor-morka-025kg\/","og_site_name":"Uula","article_modified_time":"2021-12-03T12:10:10+00:00","og_image":[{"width":1200,"height":1200,"url":"https:\/\/uula.kajahdusdev.fi\/wp-content\/uploads\/2017\/04\/uula-sellakka.jpg","type":"image\/jpeg"}],"twitter_card":"summary_large_image","twitter_misc":{"Ber\u00e4knad l\u00e4stid":"2 minuter"},"schema":{"@context":"https:\/\/schema.org","@graph":[{"@type":"WebPage","@id":"https:\/\/uula.kajahdusdev.fi\/sv\/produkter\/ovriga-produkter\/uula-shellack-flingor-morka-025kg\/","url":"https:\/\/uula.kajahdusdev.fi\/sv\/produkter\/ovriga-produkter\/uula-shellack-flingor-morka-025kg\/","name":"Uula Shellack | naturhartslack f\u00f6r inomhusbruk | Uula","isPartOf":{"@id":"https:\/\/uula.kajahdusdev.fi\/#website"},"datePublished":"2017-04-18T11:42:39+00:00","dateModified":"2021-12-03T12:10:10+00:00","description":"Uula Shellack \u00e4r ett fuktt\u00e5ligt och snabbtorkande naturhartslack f\u00f6r inomhusbruk.","breadcrumb":{"@id":"https:\/\/uula.kajahdusdev.fi\/sv\/produkter\/ovriga-produkter\/uula-shellack-flingor-morka-025kg\/#breadcrumb"},"inLanguage":"sv-SE","potentialAction":[{"@type":"ReadAction","target":["https:\/\/uula.kajahdusdev.fi\/sv\/produkter\/ovriga-produkter\/uula-shellack-flingor-morka-025kg\/"]}]},{"@type":"BreadcrumbList","@id":"https:\/\/uula.kajahdusdev.fi\/sv\/produkter\/ovriga-produkter\/uula-shellack-flingor-morka-025kg\/#breadcrumb","itemListElement":[{"@type":"ListItem","position":1,"name":"Home","item":"https:\/\/uula.kajahdusdev.fi\/sv\/"},{"@type":"ListItem","position":2,"name":"Maalit ja Tuotteet","item":"https:\/\/uula.kajahdusdev.fi\/tuotteet\/"},{"@type":"ListItem","position":3,"name":"Uula Shellack"}]},{"@type":"WebSite","@id":"https:\/\/uula.kajahdusdev.fi\/#website","url":"https:\/\/uula.kajahdusdev.fi\/","name":"Uula","description":"Muovittomat ja hengitt&auml;v&auml;t sis&auml;- ja ulkomaalit","potentialAction":[{"@type":"SearchAction","target":{"@type":"EntryPoint","urlTemplate":"https:\/\/uula.kajahdusdev.fi\/?s={search_term_string}"},"query-input":"required name=search_term_string"}],"inLanguage":"sv-SE"}]}},"_links":{"self":[{"href":"https:\/\/uula.kajahdusdev.fi\/sv\/wp-json\/wp\/v2\/product\/61376"}],"collection":[{"href":"https:\/\/uula.kajahdusdev.fi\/sv\/wp-json\/wp\/v2\/product"}],"about":[{"href":"https:\/\/uula.kajahdusdev.fi\/sv\/wp-json\/wp\/v2\/types\/product"}],"wp:featuredmedia":[{"embeddable":true,"href":"https:\/\/uula.kajahdusdev.fi\/sv\/wp-json\/wp\/v2\/media\/61378"}],"wp:attachment":[{"href":"https:\/\/uula.kajahdusdev.fi\/sv\/wp-json\/wp\/v2\/media?parent=61376"}],"wp:term":[{"taxonomy":"product_cat","embeddable":true,"href":"https:\/\/uula.kajahdusdev.fi\/sv\/wp-json\/wp\/v2\/product_cat?post=61376"},{"taxonomy":"product_tag","embeddable":true,"href":"https:\/\/uula.kajahdusdev.fi\/sv\/wp-json\/wp\/v2\/product_tag?post=61376"}],"curies":[{"name":"wp","href":"https:\/\/api.w.org\/{rel}","templated":true}]}}