{"id":61626,"date":"2017-05-17T12:57:12","date_gmt":"2017-05-17T12:57:12","guid":{"rendered":"https:\/\/uula.kajahdusdev.fi\/tuotteet\/okategoriserad\/215-citrongult\/"},"modified":"2021-04-07T11:50:35","modified_gmt":"2021-04-07T11:50:35","slug":"215-citrongult","status":"publish","type":"product","link":"https:\/\/uula.kajahdusdev.fi\/sv\/tuotteet\/pigments-sv\/215-citrongult\/","title":{"rendered":"215 Citrongult"},"content":{"rendered":"<h1><span id=\"Ljus\u00e4kthet\" class=\"mw-headline\">Citrongult<\/span><\/h1>\n<p><span id=\"Ljus\u00e4kthet\" class=\"mw-headline\">Ljus\u00e4kthet<\/span>: Bra<\/p>\n<p>Vattenbaserade bindemedel: Bra<\/p>\n<p>Oljebaserade bindemedel: Bra<\/p>\n<p>Kalk och cement: M\u00e5ttlig<\/p>\n<h2>PIGMENT<\/h2>\n<p>Pigment, dvs. f\u00e4rgpulver, l\u00e4mpar sig f\u00f6r nyansering och tillverkning av m\u00e5larf\u00e4rger, dekorations- och konstm\u00e5lning s\u00e5som marmorering, \u00e5dring och patinering samt f\u00f6r f\u00e4rgs\u00e4ttning av betong, kalkbruk och kalkf\u00e4rg. Bindemedel blandas i pigmenten f\u00f6r att binda m\u00e5larf\u00e4rgen och f\u00f6r att h\u00e5lla f\u00e4rgen p\u00e5 den yta som m\u00e5las. Med pigment kan man \u00e4ven f\u00e4rga gips, papper, kartong etc.<\/p>\n","protected":false},"excerpt":{"rendered":"<p>Citrongult Ljus\u00e4kthet: Bra Vattenbaserade bindemedel: Bra Oljebaserade bindemedel: Bra Kalk och cement: M\u00e5ttlig PIGMENT Pigment, dvs. f\u00e4rgpulver, l\u00e4mpar sig f\u00f6r nyansering och tillverkning av m\u00e5larf\u00e4rger, dekorations- och konstm\u00e5lning s\u00e5som marmorering, \u00e5dring och patinering samt f\u00f6r f\u00e4rgs\u00e4ttning av betong, kalkbruk och kalkf\u00e4rg. Bindemedel blandas i pigmenten f\u00f6r att binda m\u00e5larf\u00e4rgen och f\u00f6r att h\u00e5lla f\u00e4rgen p\u00e5 [&hellip;]<\/p>\n","protected":false},"featured_media":61627,"template":"","meta":[],"product_cat":[2242],"product_tag":[2259,2246,2260,2258,2245,2243],"bundle_layout":"","bundle_add_to_cart_form_location":"","bundle_editable_in_cart":false,"bundle_sold_individually_context":"","bundle_item_grouping":"","bundle_min_size":"","bundle_max_size":"","bundled_by":[],"bundled_items":[],"yoast_head":"<!-- This site is optimized with the Yoast SEO plugin v19.9 - https:\/\/yoast.com\/wordpress\/plugins\/seo\/ -->\n<title>215 Citrongult | F\u00e4rgpigment | F\u00e4rgpulver | Uula<\/title>\n<meta name=\"description\" content=\"Citrongult. Med Citrongult pigment kan man f\u00e4rga gips, papper, kartong etc.\" \/>\n<meta name=\"robots\" content=\"noindex, follow, max-snippet:-1, max-image-preview:large, max-video-preview:-1\" \/>\n<meta property=\"og:locale\" content=\"sv_SE\" \/>\n<meta property=\"og:type\" content=\"article\" \/>\n<meta property=\"og:title\" content=\"215 Citrongult | F\u00e4rgpigment | F\u00e4rgpulver | Uula\" \/>\n<meta property=\"og:description\" content=\"Citrongult. Med Citrongult pigment kan man f\u00e4rga gips, papper, kartong etc.\" \/>\n<meta property=\"og:url\" content=\"https:\/\/uula.kajahdusdev.fi\/produkter\/pigmentit\/215-sitruunankeltainen\/\" \/>\n<meta property=\"og:site_name\" content=\"Uula\" \/>\n<meta property=\"article:modified_time\" content=\"2021-04-07T11:50:35+00:00\" \/>\n<meta property=\"og:image\" content=\"https:\/\/uula.kajahdusdev.fi\/wp-content\/uploads\/2017\/05\/Sitruunankeltainen.jpg\" \/>\n\t<meta property=\"og:image:width\" content=\"2264\" \/>\n\t<meta property=\"og:image:height\" content=\"2264\" \/>\n\t<meta property=\"og:image:type\" content=\"image\/jpeg\" \/>\n<meta name=\"twitter:card\" content=\"summary_large_image\" \/>\n<script type=\"application\/ld+json\" class=\"yoast-schema-graph\">{\"@context\":\"https:\/\/schema.org\",\"@graph\":[{\"@type\":\"WebPage\",\"@id\":\"https:\/\/uula.kajahdusdev.fi\/produkter\/pigmentit\/215-sitruunankeltainen\/\",\"url\":\"https:\/\/uula.kajahdusdev.fi\/produkter\/pigmentit\/215-sitruunankeltainen\/\",\"name\":\"215 Citrongult | F\u00e4rgpigment | F\u00e4rgpulver | Uula\",\"isPartOf\":{\"@id\":\"https:\/\/uula.kajahdusdev.fi\/#website\"},\"datePublished\":\"2017-05-17T12:57:12+00:00\",\"dateModified\":\"2021-04-07T11:50:35+00:00\",\"description\":\"Citrongult. Med Citrongult pigment kan man f\u00e4rga gips, papper, kartong etc.\",\"breadcrumb\":{\"@id\":\"https:\/\/uula.kajahdusdev.fi\/produkter\/pigmentit\/215-sitruunankeltainen\/#breadcrumb\"},\"inLanguage\":\"sv-SE\",\"potentialAction\":[{\"@type\":\"ReadAction\",\"target\":[\"https:\/\/uula.kajahdusdev.fi\/produkter\/pigmentit\/215-sitruunankeltainen\/\"]}]},{\"@type\":\"BreadcrumbList\",\"@id\":\"https:\/\/uula.kajahdusdev.fi\/produkter\/pigmentit\/215-sitruunankeltainen\/#breadcrumb\",\"itemListElement\":[{\"@type\":\"ListItem\",\"position\":1,\"name\":\"Home\",\"item\":\"https:\/\/uula.kajahdusdev.fi\/sv\/\"},{\"@type\":\"ListItem\",\"position\":2,\"name\":\"Maalit ja Tuotteet\",\"item\":\"https:\/\/uula.kajahdusdev.fi\/tuotteet\/\"},{\"@type\":\"ListItem\",\"position\":3,\"name\":\"215 Citrongult\"}]},{\"@type\":\"WebSite\",\"@id\":\"https:\/\/uula.kajahdusdev.fi\/#website\",\"url\":\"https:\/\/uula.kajahdusdev.fi\/\",\"name\":\"Uula\",\"description\":\"Muovittomat ja hengitt&auml;v&auml;t sis&auml;- ja ulkomaalit\",\"potentialAction\":[{\"@type\":\"SearchAction\",\"target\":{\"@type\":\"EntryPoint\",\"urlTemplate\":\"https:\/\/uula.kajahdusdev.fi\/?s={search_term_string}\"},\"query-input\":\"required name=search_term_string\"}],\"inLanguage\":\"sv-SE\"}]}<\/script>\n<!-- \/ Yoast SEO plugin. -->","yoast_head_json":{"title":"215 Citrongult | F\u00e4rgpigment | F\u00e4rgpulver | Uula","description":"Citrongult. Med Citrongult pigment kan man f\u00e4rga gips, papper, kartong etc.","robots":{"index":"noindex","follow":"follow","max-snippet":"max-snippet:-1","max-image-preview":"max-image-preview:large","max-video-preview":"max-video-preview:-1"},"og_locale":"sv_SE","og_type":"article","og_title":"215 Citrongult | F\u00e4rgpigment | F\u00e4rgpulver | Uula","og_description":"Citrongult. Med Citrongult pigment kan man f\u00e4rga gips, papper, kartong etc.","og_url":"https:\/\/uula.kajahdusdev.fi\/produkter\/pigmentit\/215-sitruunankeltainen\/","og_site_name":"Uula","article_modified_time":"2021-04-07T11:50:35+00:00","og_image":[{"width":2264,"height":2264,"url":"https:\/\/uula.kajahdusdev.fi\/wp-content\/uploads\/2017\/05\/Sitruunankeltainen.jpg","type":"image\/jpeg"}],"twitter_card":"summary_large_image","schema":{"@context":"https:\/\/schema.org","@graph":[{"@type":"WebPage","@id":"https:\/\/uula.kajahdusdev.fi\/produkter\/pigmentit\/215-sitruunankeltainen\/","url":"https:\/\/uula.kajahdusdev.fi\/produkter\/pigmentit\/215-sitruunankeltainen\/","name":"215 Citrongult | F\u00e4rgpigment | F\u00e4rgpulver | Uula","isPartOf":{"@id":"https:\/\/uula.kajahdusdev.fi\/#website"},"datePublished":"2017-05-17T12:57:12+00:00","dateModified":"2021-04-07T11:50:35+00:00","description":"Citrongult. Med Citrongult pigment kan man f\u00e4rga gips, papper, kartong etc.","breadcrumb":{"@id":"https:\/\/uula.kajahdusdev.fi\/produkter\/pigmentit\/215-sitruunankeltainen\/#breadcrumb"},"inLanguage":"sv-SE","potentialAction":[{"@type":"ReadAction","target":["https:\/\/uula.kajahdusdev.fi\/produkter\/pigmentit\/215-sitruunankeltainen\/"]}]},{"@type":"BreadcrumbList","@id":"https:\/\/uula.kajahdusdev.fi\/produkter\/pigmentit\/215-sitruunankeltainen\/#breadcrumb","itemListElement":[{"@type":"ListItem","position":1,"name":"Home","item":"https:\/\/uula.kajahdusdev.fi\/sv\/"},{"@type":"ListItem","position":2,"name":"Maalit ja Tuotteet","item":"https:\/\/uula.kajahdusdev.fi\/tuotteet\/"},{"@type":"ListItem","position":3,"name":"215 Citrongult"}]},{"@type":"WebSite","@id":"https:\/\/uula.kajahdusdev.fi\/#website","url":"https:\/\/uula.kajahdusdev.fi\/","name":"Uula","description":"Muovittomat ja hengitt&auml;v&auml;t sis&auml;- ja ulkomaalit","potentialAction":[{"@type":"SearchAction","target":{"@type":"EntryPoint","urlTemplate":"https:\/\/uula.kajahdusdev.fi\/?s={search_term_string}"},"query-input":"required name=search_term_string"}],"inLanguage":"sv-SE"}]}},"_links":{"self":[{"href":"https:\/\/uula.kajahdusdev.fi\/sv\/wp-json\/wp\/v2\/product\/61626"}],"collection":[{"href":"https:\/\/uula.kajahdusdev.fi\/sv\/wp-json\/wp\/v2\/product"}],"about":[{"href":"https:\/\/uula.kajahdusdev.fi\/sv\/wp-json\/wp\/v2\/types\/product"}],"wp:featuredmedia":[{"embeddable":true,"href":"https:\/\/uula.kajahdusdev.fi\/sv\/wp-json\/wp\/v2\/media\/61627"}],"wp:attachment":[{"href":"https:\/\/uula.kajahdusdev.fi\/sv\/wp-json\/wp\/v2\/media?parent=61626"}],"wp:term":[{"taxonomy":"product_cat","embeddable":true,"href":"https:\/\/uula.kajahdusdev.fi\/sv\/wp-json\/wp\/v2\/product_cat?post=61626"},{"taxonomy":"product_tag","embeddable":true,"href":"https:\/\/uula.kajahdusdev.fi\/sv\/wp-json\/wp\/v2\/product_tag?post=61626"}],"curies":[{"name":"wp","href":"https:\/\/api.w.org\/{rel}","templated":true}]}}