{"id":64153,"date":"2021-04-09T11:53:40","date_gmt":"2021-04-09T11:53:40","guid":{"rendered":"https:\/\/uula.kajahdusdev.fi\/tuotteet\/okategoriserad\/into-mobelfarg-halvmatt-0225l\/"},"modified":"2021-12-21T09:45:19","modified_gmt":"2021-12-21T09:45:19","slug":"into-mobelfarg-halvmatt-0225l","status":"publish","type":"product","link":"https:\/\/uula.kajahdusdev.fi\/sv\/tuotteet\/inomhusfarger\/into-mobelfarg-halvmatt-0225l\/","title":{"rendered":"Into M\u00f6belf\u00e4rg halvmatt 0,225l"},"content":{"rendered":"<h1>Into M\u00f6belf\u00e4rg halvmatt 0,225l<\/h1>\n<p>Into M\u00f6belf\u00e4rg halvmatt \u00e4r en vattensp\u00e4dbar inomhusf\u00e4rg, som l\u00e4mpar sig f\u00f6r m\u00e5lning av nya eller gamla om\u00e5lade eller tidigare m\u00e5lade ytor inomhus samt m\u00f6bler. M\u00e5lningsobjekt \u00e4r bland annat m\u00f6bler, d\u00f6rrar, lister, f\u00f6nsterb\u00e5gar, halvpanel i tr\u00e4, panel, fiberskivor och tr\u00e4fiberskivor, osv. Produkten l\u00e4mpar sig inte f\u00f6r m\u00e5lning av golv.<\/p>\n<p>Into M\u00f6belf\u00e4rg \u00e4r enkel att strykas p\u00e5, h\u00e5ller sig bra p\u00e5 penseln eller rullen, ger en j\u00e4mn yta, t\u00e4cker bra och torkar snabbt. Den helt utsl\u00e4ppsfria f\u00e4rgen \u00e4r ett tryggt val f\u00f6r m\u00e5lning av ytor inomhus. F\u00e4rgen \u00e4r \u00e4ven ett utm\u00e4rkt alternativ till kalkf\u00e4rg, tack vare att den \u00e4r slitt\u00e5lig, g\u00f6r ytbehandlingen snabb och \u00e4r enkel att m\u00e5la \u00f6ver.<\/p>\n<p><strong>\u00c5tg\u00e5ng:<\/strong>\u00a0Cirka 7 m<sup>2<\/sup>\/l.<br \/>\n<strong>Torktid:<\/strong>\u00a0Ber\u00f6ringstorr efter ca en halvtimme. Kan \u00f6verstrykas efter cirka tv\u00e5 timmar.<br \/>\n<strong>F\u00f6rtunning<\/strong>: Vatten<br \/>\n<strong>Nyanser<\/strong>: Kan nyanseras till de flesta t\u00e4ckande nyanser p\u00e5 f\u00e4rgkartor. Kom dock ih\u00e5g att det kan f\u00f6rekomma variationer i nyanserna p\u00e5 grund av f\u00e4rgens glansgrad och f\u00e4rgtyp samt nyanseringspastor, nyanseringsmaskiner och nyanseringar.<\/p>\n<hr \/>\n<div class=\"copy-paste-block\">\n<h2><img loading=\"lazy\" decoding=\"async\" class=\"aligncenter size-full wp-image-64325\" src=\"https:\/\/uula.kajahdusdev.fi\/wp-content\/uploads\/2018\/08\/Kalustemaali_maalari_suti.jpg\" alt=\"\" width=\"1600\" height=\"500\" srcset=\"https:\/\/uula.kajahdusdev.fi\/wp-content\/uploads\/2018\/08\/Kalustemaali_maalari_suti.jpg 1600w, https:\/\/uula.kajahdusdev.fi\/wp-content\/uploads\/2018\/08\/Kalustemaali_maalari_suti-600x188.jpg 600w, https:\/\/uula.kajahdusdev.fi\/wp-content\/uploads\/2018\/08\/Kalustemaali_maalari_suti-1024x320.jpg 1024w, https:\/\/uula.kajahdusdev.fi\/wp-content\/uploads\/2018\/08\/Kalustemaali_maalari_suti-768x240.jpg 768w, https:\/\/uula.kajahdusdev.fi\/wp-content\/uploads\/2018\/08\/Kalustemaali_maalari_suti-1536x480.jpg 1536w\" sizes=\"(max-width: 1600px) 100vw, 1600px\" \/><\/h2>\n<hr \/>\n<p><strong>Tekniska data<\/strong><\/p>\n<p><strong>Plastfri:\u00a0<\/strong>F\u00e4rgen inneh\u00e5ller inga plastbindemedel. Som bindemedel anv\u00e4nds naturliga oljor.<strong><br \/>\nUtsl\u00e4ppsfri:\u00a0<\/strong>Inneh\u00e5ller inte VOC. F\u00e4rgen inneh\u00e5ller inga skadliga organiska f\u00f6reningar.<br \/>\n<strong>F\u00e4rgen h\u00f6r till den b\u00e4sta utsl\u00e4ppsklassen M1 f\u00f6r Byggmaterial.<\/strong><br \/>\n<strong>Inneh\u00e5ller inte MIT.<\/strong>\u00a0(2-methyl-2H-isothiazol-3-one (MIT)<br \/>\n<strong>T\u00e5lighet mot v\u00e5tn\u00f6tning SFS-EN 13300 klass 1, ISO 11998<\/strong>. Med f\u00e4rgernas t\u00e5lighet mot v\u00e5tn\u00f6tning m\u00e4ts f\u00e4rgytans h\u00e5llbarhet vid fortl\u00f6pande fysikalisk belastning (ISO 11998). F\u00e4rgerna indelas i fem best\u00e4ndighetsklasser enligt standarden EN 13300. Detta test ers\u00e4tter den gamla nationella metoden f\u00f6r s\u00e5 kallad tv\u00e4ttbest\u00e4ndighetstest (SFS 3755). Tv\u00e4ttbest\u00e4ndighetsklass SFS 3755: \u00d6ver 5000 borstningar.<br \/>\n<strong>M\u00e5lning enligt RYL 2012:s<\/strong> f\u00e4rgproduktgrupp 321.<br \/>\n<strong>F\u00e4rgens glansenhet:<\/strong>\u00a0M\u00f6belf\u00e4rg PH 18 glansenhet (=halvmatt)<br \/>\n<strong>Lagring och undvikande av milj\u00f6ol\u00e4genheter:<\/strong> F\u00f6rvaras torrt och svalt. F\u00e5r inte frysa. Tomma och torra burkar kan f\u00f6ras till insamlingen. Flytande avfall skall f\u00f6ras till den kommunala insamlingen f\u00f6r problemavfall.<\/p>\n<hr \/>\n<p style=\"text-align: center;\"><a href=\"https:\/\/uula.kajahdusdev.fi\/sv\/maalausohjeet\/anvisningar-for-malning-inomhus\/malningsanvisningar-for-into-mobelfarg\/\"><span style=\"color: #a29994;\"><strong>M\u00e5lningsanvisningar f\u00f6r Into M\u00f6belf\u00e4rg<\/strong><\/span><\/a><\/p>\n<\/div>\n","protected":false},"excerpt":{"rendered":"<p>Into M\u00f6belf\u00e4rg halvmatt 0,225l. Ett enkelt s\u00e4tt att v\u00e4lja nyanser, testa en produkt eller m\u00e5la sm\u00e5 f\u00f6rem\u00e5l.<\/p>\n","protected":false},"featured_media":62441,"template":"","meta":[],"product_cat":[1960],"product_tag":[],"bundle_layout":"","bundle_add_to_cart_form_location":"","bundle_editable_in_cart":false,"bundle_sold_individually_context":"","bundle_item_grouping":"","bundle_min_size":"","bundle_max_size":"","bundled_by":["64151","64151","64151"],"bundled_items":[],"yoast_head":"<!-- This site is optimized with the Yoast SEO plugin v19.9 - https:\/\/yoast.com\/wordpress\/plugins\/seo\/ -->\n<title>Into M\u00f6belf\u00e4rg halvmatt 0,225l | v\u00e4lja nyanser, testa en produkt | Uula<\/title>\n<meta name=\"description\" content=\"Into M\u00f6belf\u00e4rg halvmatt 0,225l f\u00f6r att m\u00e5la sm\u00e5 f\u00f6rem\u00e5l och testa nyanser\" \/>\n<meta name=\"robots\" content=\"noindex, follow, max-snippet:-1, max-image-preview:large, max-video-preview:-1\" \/>\n<meta property=\"og:locale\" content=\"sv_SE\" \/>\n<meta property=\"og:type\" content=\"article\" \/>\n<meta property=\"og:title\" content=\"Into M\u00f6belf\u00e4rg halvmatt 0,225l | v\u00e4lja nyanser, testa en produkt | Uula\" \/>\n<meta property=\"og:description\" content=\"Into M\u00f6belf\u00e4rg halvmatt 0,225l f\u00f6r att m\u00e5la sm\u00e5 f\u00f6rem\u00e5l och testa nyanser\" \/>\n<meta property=\"og:url\" content=\"https:\/\/uula.kajahdusdev.fi\/sv\/produkter\/inomhusfarger\/into-mobelfarg-halvmatt-0225l\/\" \/>\n<meta property=\"og:site_name\" content=\"Uula\" \/>\n<meta property=\"article:modified_time\" content=\"2021-12-21T09:45:19+00:00\" \/>\n<meta property=\"og:image\" content=\"https:\/\/uula.kajahdusdev.fi\/wp-content\/uploads\/2021\/04\/Into_kalustemaali_0.225L_M1.jpg\" \/>\n\t<meta property=\"og:image:width\" content=\"1200\" \/>\n\t<meta property=\"og:image:height\" content=\"1200\" \/>\n\t<meta property=\"og:image:type\" content=\"image\/jpeg\" \/>\n<meta name=\"twitter:card\" content=\"summary_large_image\" \/>\n<meta name=\"twitter:label1\" content=\"Ber\u00e4knad l\u00e4stid\" \/>\n\t<meta name=\"twitter:data1\" content=\"2 minuter\" \/>\n<script type=\"application\/ld+json\" class=\"yoast-schema-graph\">{\"@context\":\"https:\/\/schema.org\",\"@graph\":[{\"@type\":\"WebPage\",\"@id\":\"https:\/\/uula.kajahdusdev.fi\/sv\/produkter\/inomhusfarger\/into-mobelfarg-halvmatt-0225l\/\",\"url\":\"https:\/\/uula.kajahdusdev.fi\/sv\/produkter\/inomhusfarger\/into-mobelfarg-halvmatt-0225l\/\",\"name\":\"Into M\u00f6belf\u00e4rg halvmatt 0,225l | v\u00e4lja nyanser, testa en produkt | Uula\",\"isPartOf\":{\"@id\":\"https:\/\/uula.kajahdusdev.fi\/#website\"},\"datePublished\":\"2021-04-09T11:53:40+00:00\",\"dateModified\":\"2021-12-21T09:45:19+00:00\",\"description\":\"Into M\u00f6belf\u00e4rg halvmatt 0,225l f\u00f6r att m\u00e5la sm\u00e5 f\u00f6rem\u00e5l och testa nyanser\",\"breadcrumb\":{\"@id\":\"https:\/\/uula.kajahdusdev.fi\/sv\/produkter\/inomhusfarger\/into-mobelfarg-halvmatt-0225l\/#breadcrumb\"},\"inLanguage\":\"sv-SE\",\"potentialAction\":[{\"@type\":\"ReadAction\",\"target\":[\"https:\/\/uula.kajahdusdev.fi\/sv\/produkter\/inomhusfarger\/into-mobelfarg-halvmatt-0225l\/\"]}]},{\"@type\":\"BreadcrumbList\",\"@id\":\"https:\/\/uula.kajahdusdev.fi\/sv\/produkter\/inomhusfarger\/into-mobelfarg-halvmatt-0225l\/#breadcrumb\",\"itemListElement\":[{\"@type\":\"ListItem\",\"position\":1,\"name\":\"Home\",\"item\":\"https:\/\/uula.kajahdusdev.fi\/sv\/\"},{\"@type\":\"ListItem\",\"position\":2,\"name\":\"Maalit ja Tuotteet\",\"item\":\"https:\/\/uula.kajahdusdev.fi\/tuotteet\/\"},{\"@type\":\"ListItem\",\"position\":3,\"name\":\"Into M\u00f6belf\u00e4rg halvmatt 0,225l\"}]},{\"@type\":\"WebSite\",\"@id\":\"https:\/\/uula.kajahdusdev.fi\/#website\",\"url\":\"https:\/\/uula.kajahdusdev.fi\/\",\"name\":\"Uula\",\"description\":\"Muovittomat ja hengitt&auml;v&auml;t sis&auml;- ja ulkomaalit\",\"potentialAction\":[{\"@type\":\"SearchAction\",\"target\":{\"@type\":\"EntryPoint\",\"urlTemplate\":\"https:\/\/uula.kajahdusdev.fi\/?s={search_term_string}\"},\"query-input\":\"required name=search_term_string\"}],\"inLanguage\":\"sv-SE\"}]}<\/script>\n<!-- \/ Yoast SEO plugin. -->","yoast_head_json":{"title":"Into M\u00f6belf\u00e4rg halvmatt 0,225l | v\u00e4lja nyanser, testa en produkt | Uula","description":"Into M\u00f6belf\u00e4rg halvmatt 0,225l f\u00f6r att m\u00e5la sm\u00e5 f\u00f6rem\u00e5l och testa nyanser","robots":{"index":"noindex","follow":"follow","max-snippet":"max-snippet:-1","max-image-preview":"max-image-preview:large","max-video-preview":"max-video-preview:-1"},"og_locale":"sv_SE","og_type":"article","og_title":"Into M\u00f6belf\u00e4rg halvmatt 0,225l | v\u00e4lja nyanser, testa en produkt | Uula","og_description":"Into M\u00f6belf\u00e4rg halvmatt 0,225l f\u00f6r att m\u00e5la sm\u00e5 f\u00f6rem\u00e5l och testa nyanser","og_url":"https:\/\/uula.kajahdusdev.fi\/sv\/produkter\/inomhusfarger\/into-mobelfarg-halvmatt-0225l\/","og_site_name":"Uula","article_modified_time":"2021-12-21T09:45:19+00:00","og_image":[{"width":1200,"height":1200,"url":"https:\/\/uula.kajahdusdev.fi\/wp-content\/uploads\/2021\/04\/Into_kalustemaali_0.225L_M1.jpg","type":"image\/jpeg"}],"twitter_card":"summary_large_image","twitter_misc":{"Ber\u00e4knad l\u00e4stid":"2 minuter"},"schema":{"@context":"https:\/\/schema.org","@graph":[{"@type":"WebPage","@id":"https:\/\/uula.kajahdusdev.fi\/sv\/produkter\/inomhusfarger\/into-mobelfarg-halvmatt-0225l\/","url":"https:\/\/uula.kajahdusdev.fi\/sv\/produkter\/inomhusfarger\/into-mobelfarg-halvmatt-0225l\/","name":"Into M\u00f6belf\u00e4rg halvmatt 0,225l | v\u00e4lja nyanser, testa en produkt | Uula","isPartOf":{"@id":"https:\/\/uula.kajahdusdev.fi\/#website"},"datePublished":"2021-04-09T11:53:40+00:00","dateModified":"2021-12-21T09:45:19+00:00","description":"Into M\u00f6belf\u00e4rg halvmatt 0,225l f\u00f6r att m\u00e5la sm\u00e5 f\u00f6rem\u00e5l och testa nyanser","breadcrumb":{"@id":"https:\/\/uula.kajahdusdev.fi\/sv\/produkter\/inomhusfarger\/into-mobelfarg-halvmatt-0225l\/#breadcrumb"},"inLanguage":"sv-SE","potentialAction":[{"@type":"ReadAction","target":["https:\/\/uula.kajahdusdev.fi\/sv\/produkter\/inomhusfarger\/into-mobelfarg-halvmatt-0225l\/"]}]},{"@type":"BreadcrumbList","@id":"https:\/\/uula.kajahdusdev.fi\/sv\/produkter\/inomhusfarger\/into-mobelfarg-halvmatt-0225l\/#breadcrumb","itemListElement":[{"@type":"ListItem","position":1,"name":"Home","item":"https:\/\/uula.kajahdusdev.fi\/sv\/"},{"@type":"ListItem","position":2,"name":"Maalit ja Tuotteet","item":"https:\/\/uula.kajahdusdev.fi\/tuotteet\/"},{"@type":"ListItem","position":3,"name":"Into M\u00f6belf\u00e4rg halvmatt 0,225l"}]},{"@type":"WebSite","@id":"https:\/\/uula.kajahdusdev.fi\/#website","url":"https:\/\/uula.kajahdusdev.fi\/","name":"Uula","description":"Muovittomat ja hengitt&auml;v&auml;t sis&auml;- ja ulkomaalit","potentialAction":[{"@type":"SearchAction","target":{"@type":"EntryPoint","urlTemplate":"https:\/\/uula.kajahdusdev.fi\/?s={search_term_string}"},"query-input":"required name=search_term_string"}],"inLanguage":"sv-SE"}]}},"_links":{"self":[{"href":"https:\/\/uula.kajahdusdev.fi\/sv\/wp-json\/wp\/v2\/product\/64153"}],"collection":[{"href":"https:\/\/uula.kajahdusdev.fi\/sv\/wp-json\/wp\/v2\/product"}],"about":[{"href":"https:\/\/uula.kajahdusdev.fi\/sv\/wp-json\/wp\/v2\/types\/product"}],"wp:featuredmedia":[{"embeddable":true,"href":"https:\/\/uula.kajahdusdev.fi\/sv\/wp-json\/wp\/v2\/media\/62441"}],"wp:attachment":[{"href":"https:\/\/uula.kajahdusdev.fi\/sv\/wp-json\/wp\/v2\/media?parent=64153"}],"wp:term":[{"taxonomy":"product_cat","embeddable":true,"href":"https:\/\/uula.kajahdusdev.fi\/sv\/wp-json\/wp\/v2\/product_cat?post=64153"},{"taxonomy":"product_tag","embeddable":true,"href":"https:\/\/uula.kajahdusdev.fi\/sv\/wp-json\/wp\/v2\/product_tag?post=64153"}],"curies":[{"name":"wp","href":"https:\/\/api.w.org\/{rel}","templated":true}]}}