{"id":65363,"date":"2020-05-20T09:16:33","date_gmt":"2020-05-20T09:16:33","guid":{"rendered":"https:\/\/uula.kajahdusdev.fi\/tuotteet\/okategoriserad\/trax\/"},"modified":"2021-12-08T09:27:21","modified_gmt":"2021-12-08T09:27:21","slug":"trax","status":"publish","type":"product","link":"https:\/\/uula.kajahdusdev.fi\/sv\/tuotteet\/tillbehor-for-malningar\/trax\/","title":{"rendered":"Trax pensel f\u00f6r utomhusbruk"},"content":{"rendered":"<p>Trax pensel f\u00f6r utomhusbruk (Jalmeri)<\/p>\n<ul>\n<li>F\u00f6r Uula Roslagsmahogny, f\u00f6r Uula Tr\u00e4olja eller f\u00f6r Uula Terassolja<\/li>\n<li>F\u00f6r Uula Petroleumoljef\u00e4rg, f\u00f6r Uula Linoljef\u00e4rg eller f\u00f6r Uula<\/li>\n<li>Utomhusgrundf\u00e4rg<\/li>\n<li>Vinkel\/sned borstdel<\/li>\n<li>Plastarm<\/li>\n<li>L\u00e4mplig f\u00f6r f\u00f6rl\u00e4ngningsarm<\/li>\n<li>100mm x 24mm<\/li>\n<li>120mm x 45mm<\/li>\n<\/ul>\n","protected":false},"excerpt":{"rendered":"<p>H\u00f6gkvalitativ pensel f\u00f6r utomhusf\u00e4rger. Storlek 100mm och 120mm. Vinkel\/sned borstdel.<\/p>\n","protected":false},"featured_media":61710,"template":"","meta":[],"product_cat":[2252],"product_tag":[2406,2405,2403,2404,2407,2408],"bundle_layout":"","bundle_add_to_cart_form_location":"","bundle_editable_in_cart":false,"bundle_sold_individually_context":"","bundle_item_grouping":"","bundle_min_size":"","bundle_max_size":"","bundled_by":[],"bundled_items":[],"yoast_head":"<!-- This site is optimized with the Yoast SEO plugin v19.9 - https:\/\/yoast.com\/wordpress\/plugins\/seo\/ -->\n<title>Trax pensel f\u00f6r utomhusbruk | Bra pensel | H\u00f6gkvalitativ pensel | Uula<\/title>\n<meta name=\"description\" content=\"H\u00f6gkvalitativ pensel f\u00f6r utomhusf\u00e4rger. Storlek 100mm och 120mm\" \/>\n<meta name=\"robots\" content=\"noindex, follow, max-snippet:-1, max-image-preview:large, max-video-preview:-1\" \/>\n<meta property=\"og:locale\" content=\"sv_SE\" \/>\n<meta property=\"og:type\" content=\"article\" \/>\n<meta property=\"og:title\" content=\"Trax pensel f\u00f6r utomhusbruk | Bra pensel | H\u00f6gkvalitativ pensel | Uula\" \/>\n<meta property=\"og:description\" content=\"H\u00f6gkvalitativ pensel f\u00f6r utomhusf\u00e4rger. Storlek 100mm och 120mm\" \/>\n<meta property=\"og:url\" content=\"https:\/\/uula.kajahdusdev.fi\/sv\/produkter\/tillbehor-for-malningar\/trax\/\" \/>\n<meta property=\"og:site_name\" content=\"Uula\" \/>\n<meta property=\"article:modified_time\" content=\"2021-12-08T09:27:21+00:00\" \/>\n<meta property=\"og:image\" content=\"https:\/\/uula.kajahdusdev.fi\/wp-content\/uploads\/2020\/05\/Trax_Ulkosivellin_Kulma.jpg\" \/>\n\t<meta property=\"og:image:width\" content=\"1200\" \/>\n\t<meta property=\"og:image:height\" content=\"1200\" \/>\n\t<meta property=\"og:image:type\" content=\"image\/jpeg\" \/>\n<meta name=\"twitter:card\" content=\"summary_large_image\" \/>\n<script type=\"application\/ld+json\" class=\"yoast-schema-graph\">{\"@context\":\"https:\/\/schema.org\",\"@graph\":[{\"@type\":\"WebPage\",\"@id\":\"https:\/\/uula.kajahdusdev.fi\/sv\/produkter\/tillbehor-for-malningar\/trax\/\",\"url\":\"https:\/\/uula.kajahdusdev.fi\/sv\/produkter\/tillbehor-for-malningar\/trax\/\",\"name\":\"Trax pensel f\u00f6r utomhusbruk | Bra pensel | H\u00f6gkvalitativ pensel | Uula\",\"isPartOf\":{\"@id\":\"https:\/\/uula.kajahdusdev.fi\/#website\"},\"datePublished\":\"2020-05-20T09:16:33+00:00\",\"dateModified\":\"2021-12-08T09:27:21+00:00\",\"description\":\"H\u00f6gkvalitativ pensel f\u00f6r utomhusf\u00e4rger. Storlek 100mm och 120mm\",\"breadcrumb\":{\"@id\":\"https:\/\/uula.kajahdusdev.fi\/sv\/produkter\/tillbehor-for-malningar\/trax\/#breadcrumb\"},\"inLanguage\":\"sv-SE\",\"potentialAction\":[{\"@type\":\"ReadAction\",\"target\":[\"https:\/\/uula.kajahdusdev.fi\/sv\/produkter\/tillbehor-for-malningar\/trax\/\"]}]},{\"@type\":\"BreadcrumbList\",\"@id\":\"https:\/\/uula.kajahdusdev.fi\/sv\/produkter\/tillbehor-for-malningar\/trax\/#breadcrumb\",\"itemListElement\":[{\"@type\":\"ListItem\",\"position\":1,\"name\":\"Home\",\"item\":\"https:\/\/uula.kajahdusdev.fi\/sv\/\"},{\"@type\":\"ListItem\",\"position\":2,\"name\":\"Maalit ja Tuotteet\",\"item\":\"https:\/\/uula.kajahdusdev.fi\/tuotteet\/\"},{\"@type\":\"ListItem\",\"position\":3,\"name\":\"Trax pensel f\u00f6r utomhusbruk\"}]},{\"@type\":\"WebSite\",\"@id\":\"https:\/\/uula.kajahdusdev.fi\/#website\",\"url\":\"https:\/\/uula.kajahdusdev.fi\/\",\"name\":\"Uula\",\"description\":\"Muovittomat ja hengitt&auml;v&auml;t sis&auml;- ja ulkomaalit\",\"potentialAction\":[{\"@type\":\"SearchAction\",\"target\":{\"@type\":\"EntryPoint\",\"urlTemplate\":\"https:\/\/uula.kajahdusdev.fi\/?s={search_term_string}\"},\"query-input\":\"required name=search_term_string\"}],\"inLanguage\":\"sv-SE\"}]}<\/script>\n<!-- \/ Yoast SEO plugin. -->","yoast_head_json":{"title":"Trax pensel f\u00f6r utomhusbruk | Bra pensel | H\u00f6gkvalitativ pensel | Uula","description":"H\u00f6gkvalitativ pensel f\u00f6r utomhusf\u00e4rger. Storlek 100mm och 120mm","robots":{"index":"noindex","follow":"follow","max-snippet":"max-snippet:-1","max-image-preview":"max-image-preview:large","max-video-preview":"max-video-preview:-1"},"og_locale":"sv_SE","og_type":"article","og_title":"Trax pensel f\u00f6r utomhusbruk | Bra pensel | H\u00f6gkvalitativ pensel | Uula","og_description":"H\u00f6gkvalitativ pensel f\u00f6r utomhusf\u00e4rger. Storlek 100mm och 120mm","og_url":"https:\/\/uula.kajahdusdev.fi\/sv\/produkter\/tillbehor-for-malningar\/trax\/","og_site_name":"Uula","article_modified_time":"2021-12-08T09:27:21+00:00","og_image":[{"width":1200,"height":1200,"url":"https:\/\/uula.kajahdusdev.fi\/wp-content\/uploads\/2020\/05\/Trax_Ulkosivellin_Kulma.jpg","type":"image\/jpeg"}],"twitter_card":"summary_large_image","schema":{"@context":"https:\/\/schema.org","@graph":[{"@type":"WebPage","@id":"https:\/\/uula.kajahdusdev.fi\/sv\/produkter\/tillbehor-for-malningar\/trax\/","url":"https:\/\/uula.kajahdusdev.fi\/sv\/produkter\/tillbehor-for-malningar\/trax\/","name":"Trax pensel f\u00f6r utomhusbruk | Bra pensel | H\u00f6gkvalitativ pensel | Uula","isPartOf":{"@id":"https:\/\/uula.kajahdusdev.fi\/#website"},"datePublished":"2020-05-20T09:16:33+00:00","dateModified":"2021-12-08T09:27:21+00:00","description":"H\u00f6gkvalitativ pensel f\u00f6r utomhusf\u00e4rger. Storlek 100mm och 120mm","breadcrumb":{"@id":"https:\/\/uula.kajahdusdev.fi\/sv\/produkter\/tillbehor-for-malningar\/trax\/#breadcrumb"},"inLanguage":"sv-SE","potentialAction":[{"@type":"ReadAction","target":["https:\/\/uula.kajahdusdev.fi\/sv\/produkter\/tillbehor-for-malningar\/trax\/"]}]},{"@type":"BreadcrumbList","@id":"https:\/\/uula.kajahdusdev.fi\/sv\/produkter\/tillbehor-for-malningar\/trax\/#breadcrumb","itemListElement":[{"@type":"ListItem","position":1,"name":"Home","item":"https:\/\/uula.kajahdusdev.fi\/sv\/"},{"@type":"ListItem","position":2,"name":"Maalit ja Tuotteet","item":"https:\/\/uula.kajahdusdev.fi\/tuotteet\/"},{"@type":"ListItem","position":3,"name":"Trax pensel f\u00f6r utomhusbruk"}]},{"@type":"WebSite","@id":"https:\/\/uula.kajahdusdev.fi\/#website","url":"https:\/\/uula.kajahdusdev.fi\/","name":"Uula","description":"Muovittomat ja hengitt&auml;v&auml;t sis&auml;- ja ulkomaalit","potentialAction":[{"@type":"SearchAction","target":{"@type":"EntryPoint","urlTemplate":"https:\/\/uula.kajahdusdev.fi\/?s={search_term_string}"},"query-input":"required name=search_term_string"}],"inLanguage":"sv-SE"}]}},"_links":{"self":[{"href":"https:\/\/uula.kajahdusdev.fi\/sv\/wp-json\/wp\/v2\/product\/65363"}],"collection":[{"href":"https:\/\/uula.kajahdusdev.fi\/sv\/wp-json\/wp\/v2\/product"}],"about":[{"href":"https:\/\/uula.kajahdusdev.fi\/sv\/wp-json\/wp\/v2\/types\/product"}],"wp:featuredmedia":[{"embeddable":true,"href":"https:\/\/uula.kajahdusdev.fi\/sv\/wp-json\/wp\/v2\/media\/61710"}],"wp:attachment":[{"href":"https:\/\/uula.kajahdusdev.fi\/sv\/wp-json\/wp\/v2\/media?parent=65363"}],"wp:term":[{"taxonomy":"product_cat","embeddable":true,"href":"https:\/\/uula.kajahdusdev.fi\/sv\/wp-json\/wp\/v2\/product_cat?post=65363"},{"taxonomy":"product_tag","embeddable":true,"href":"https:\/\/uula.kajahdusdev.fi\/sv\/wp-json\/wp\/v2\/product_tag?post=65363"}],"curies":[{"name":"wp","href":"https:\/\/api.w.org\/{rel}","templated":true}]}}