{"id":65373,"date":"2020-04-21T09:04:14","date_gmt":"2020-04-21T09:04:14","guid":{"rendered":"https:\/\/uula.kajahdusdev.fi\/tuotteet\/okategoriserad\/lackborsteset-jalmeri\/"},"modified":"2021-12-08T10:15:14","modified_gmt":"2021-12-08T10:15:14","slug":"lackpenselset-jalmeri","status":"publish","type":"product","link":"https:\/\/uula.kajahdusdev.fi\/sv\/tuotteet\/tillbehor-for-malningar\/lackpenselset-jalmeri\/","title":{"rendered":"Lackpenselset Jalmeri"},"content":{"rendered":"<p>Penselset f\u00f6r inomhus- och utomhusf\u00e4rger. Lackpenselset Jalmeri inneh\u00e5ller tre professionella penslar. Storlekar 30mm, 50mm och 70mm.<\/p>\n","protected":false},"excerpt":{"rendered":"<p>Lackborsteset Jalmeri inneh\u00e5ller tre professionella borstar. Storlekar 30mm, 50mm och 70mm.<\/p>\n","protected":false},"featured_media":61736,"template":"","meta":[],"product_cat":[2252],"product_tag":[2415,2406,2405,2403,2404,2414,2411],"bundle_layout":"","bundle_add_to_cart_form_location":"","bundle_editable_in_cart":false,"bundle_sold_individually_context":"","bundle_item_grouping":"","bundle_min_size":"","bundle_max_size":"","bundled_by":[],"bundled_items":[],"yoast_head":"<!-- This site is optimized with the Yoast SEO plugin v19.9 - https:\/\/yoast.com\/wordpress\/plugins\/seo\/ -->\n<title>Lackpenselset Jalmeri - Uula<\/title>\n<meta name=\"description\" content=\"Lackborsteset Jalmeri inneh\u00e5ller tre professionella borstar. Storlekar 30mm, 50mm och 70mm.\" \/>\n<meta name=\"robots\" content=\"noindex, follow, max-snippet:-1, max-image-preview:large, max-video-preview:-1\" \/>\n<meta property=\"og:locale\" content=\"sv_SE\" \/>\n<meta property=\"og:type\" content=\"article\" \/>\n<meta property=\"og:title\" content=\"Lackpenselset Jalmeri - Uula\" \/>\n<meta property=\"og:description\" content=\"Lackborsteset Jalmeri inneh\u00e5ller tre professionella borstar. Storlekar 30mm, 50mm och 70mm.\" \/>\n<meta property=\"og:url\" content=\"https:\/\/uula.kajahdusdev.fi\/produkter\/maalaustarvikkeet\/lakkasivellinsetti-jalmeri\/\" \/>\n<meta property=\"og:site_name\" content=\"Uula\" \/>\n<meta property=\"article:modified_time\" content=\"2021-12-08T10:15:14+00:00\" \/>\n<meta property=\"og:image\" content=\"https:\/\/uula.kajahdusdev.fi\/wp-content\/uploads\/2020\/04\/Jalmeri_sivellinsetti.jpg\" \/>\n\t<meta property=\"og:image:width\" content=\"1200\" \/>\n\t<meta property=\"og:image:height\" content=\"1200\" \/>\n\t<meta property=\"og:image:type\" content=\"image\/jpeg\" \/>\n<meta name=\"twitter:card\" content=\"summary_large_image\" \/>\n<script type=\"application\/ld+json\" class=\"yoast-schema-graph\">{\"@context\":\"https:\/\/schema.org\",\"@graph\":[{\"@type\":\"WebPage\",\"@id\":\"https:\/\/uula.kajahdusdev.fi\/produkter\/maalaustarvikkeet\/lakkasivellinsetti-jalmeri\/\",\"url\":\"https:\/\/uula.kajahdusdev.fi\/produkter\/maalaustarvikkeet\/lakkasivellinsetti-jalmeri\/\",\"name\":\"Lackpenselset Jalmeri - Uula\",\"isPartOf\":{\"@id\":\"https:\/\/uula.kajahdusdev.fi\/#website\"},\"datePublished\":\"2020-04-21T09:04:14+00:00\",\"dateModified\":\"2021-12-08T10:15:14+00:00\",\"description\":\"Lackborsteset Jalmeri inneh\u00e5ller tre professionella borstar. Storlekar 30mm, 50mm och 70mm.\",\"breadcrumb\":{\"@id\":\"https:\/\/uula.kajahdusdev.fi\/produkter\/maalaustarvikkeet\/lakkasivellinsetti-jalmeri\/#breadcrumb\"},\"inLanguage\":\"sv-SE\",\"potentialAction\":[{\"@type\":\"ReadAction\",\"target\":[\"https:\/\/uula.kajahdusdev.fi\/produkter\/maalaustarvikkeet\/lakkasivellinsetti-jalmeri\/\"]}]},{\"@type\":\"BreadcrumbList\",\"@id\":\"https:\/\/uula.kajahdusdev.fi\/produkter\/maalaustarvikkeet\/lakkasivellinsetti-jalmeri\/#breadcrumb\",\"itemListElement\":[{\"@type\":\"ListItem\",\"position\":1,\"name\":\"Home\",\"item\":\"https:\/\/uula.kajahdusdev.fi\/sv\/\"},{\"@type\":\"ListItem\",\"position\":2,\"name\":\"Maalit ja Tuotteet\",\"item\":\"https:\/\/uula.kajahdusdev.fi\/tuotteet\/\"},{\"@type\":\"ListItem\",\"position\":3,\"name\":\"Lackpenselset Jalmeri\"}]},{\"@type\":\"WebSite\",\"@id\":\"https:\/\/uula.kajahdusdev.fi\/#website\",\"url\":\"https:\/\/uula.kajahdusdev.fi\/\",\"name\":\"Uula\",\"description\":\"Muovittomat ja hengitt&auml;v&auml;t sis&auml;- ja ulkomaalit\",\"potentialAction\":[{\"@type\":\"SearchAction\",\"target\":{\"@type\":\"EntryPoint\",\"urlTemplate\":\"https:\/\/uula.kajahdusdev.fi\/?s={search_term_string}\"},\"query-input\":\"required name=search_term_string\"}],\"inLanguage\":\"sv-SE\"}]}<\/script>\n<!-- \/ Yoast SEO plugin. -->","yoast_head_json":{"title":"Lackpenselset Jalmeri - Uula","description":"Lackborsteset Jalmeri inneh\u00e5ller tre professionella borstar. Storlekar 30mm, 50mm och 70mm.","robots":{"index":"noindex","follow":"follow","max-snippet":"max-snippet:-1","max-image-preview":"max-image-preview:large","max-video-preview":"max-video-preview:-1"},"og_locale":"sv_SE","og_type":"article","og_title":"Lackpenselset Jalmeri - Uula","og_description":"Lackborsteset Jalmeri inneh\u00e5ller tre professionella borstar. Storlekar 30mm, 50mm och 70mm.","og_url":"https:\/\/uula.kajahdusdev.fi\/produkter\/maalaustarvikkeet\/lakkasivellinsetti-jalmeri\/","og_site_name":"Uula","article_modified_time":"2021-12-08T10:15:14+00:00","og_image":[{"width":1200,"height":1200,"url":"https:\/\/uula.kajahdusdev.fi\/wp-content\/uploads\/2020\/04\/Jalmeri_sivellinsetti.jpg","type":"image\/jpeg"}],"twitter_card":"summary_large_image","schema":{"@context":"https:\/\/schema.org","@graph":[{"@type":"WebPage","@id":"https:\/\/uula.kajahdusdev.fi\/produkter\/maalaustarvikkeet\/lakkasivellinsetti-jalmeri\/","url":"https:\/\/uula.kajahdusdev.fi\/produkter\/maalaustarvikkeet\/lakkasivellinsetti-jalmeri\/","name":"Lackpenselset Jalmeri - Uula","isPartOf":{"@id":"https:\/\/uula.kajahdusdev.fi\/#website"},"datePublished":"2020-04-21T09:04:14+00:00","dateModified":"2021-12-08T10:15:14+00:00","description":"Lackborsteset Jalmeri inneh\u00e5ller tre professionella borstar. Storlekar 30mm, 50mm och 70mm.","breadcrumb":{"@id":"https:\/\/uula.kajahdusdev.fi\/produkter\/maalaustarvikkeet\/lakkasivellinsetti-jalmeri\/#breadcrumb"},"inLanguage":"sv-SE","potentialAction":[{"@type":"ReadAction","target":["https:\/\/uula.kajahdusdev.fi\/produkter\/maalaustarvikkeet\/lakkasivellinsetti-jalmeri\/"]}]},{"@type":"BreadcrumbList","@id":"https:\/\/uula.kajahdusdev.fi\/produkter\/maalaustarvikkeet\/lakkasivellinsetti-jalmeri\/#breadcrumb","itemListElement":[{"@type":"ListItem","position":1,"name":"Home","item":"https:\/\/uula.kajahdusdev.fi\/sv\/"},{"@type":"ListItem","position":2,"name":"Maalit ja Tuotteet","item":"https:\/\/uula.kajahdusdev.fi\/tuotteet\/"},{"@type":"ListItem","position":3,"name":"Lackpenselset Jalmeri"}]},{"@type":"WebSite","@id":"https:\/\/uula.kajahdusdev.fi\/#website","url":"https:\/\/uula.kajahdusdev.fi\/","name":"Uula","description":"Muovittomat ja hengitt&auml;v&auml;t sis&auml;- ja ulkomaalit","potentialAction":[{"@type":"SearchAction","target":{"@type":"EntryPoint","urlTemplate":"https:\/\/uula.kajahdusdev.fi\/?s={search_term_string}"},"query-input":"required name=search_term_string"}],"inLanguage":"sv-SE"}]}},"_links":{"self":[{"href":"https:\/\/uula.kajahdusdev.fi\/sv\/wp-json\/wp\/v2\/product\/65373"}],"collection":[{"href":"https:\/\/uula.kajahdusdev.fi\/sv\/wp-json\/wp\/v2\/product"}],"about":[{"href":"https:\/\/uula.kajahdusdev.fi\/sv\/wp-json\/wp\/v2\/types\/product"}],"wp:featuredmedia":[{"embeddable":true,"href":"https:\/\/uula.kajahdusdev.fi\/sv\/wp-json\/wp\/v2\/media\/61736"}],"wp:attachment":[{"href":"https:\/\/uula.kajahdusdev.fi\/sv\/wp-json\/wp\/v2\/media?parent=65373"}],"wp:term":[{"taxonomy":"product_cat","embeddable":true,"href":"https:\/\/uula.kajahdusdev.fi\/sv\/wp-json\/wp\/v2\/product_cat?post=65373"},{"taxonomy":"product_tag","embeddable":true,"href":"https:\/\/uula.kajahdusdev.fi\/sv\/wp-json\/wp\/v2\/product_tag?post=65373"}],"curies":[{"name":"wp","href":"https:\/\/api.w.org\/{rel}","templated":true}]}}