{"id":65379,"date":"2020-08-10T12:55:31","date_gmt":"2020-08-10T12:55:31","guid":{"rendered":"https:\/\/uula.kajahdusdev.fi\/tuotteet\/okategoriserad\/lackpensel-jalmeri\/"},"modified":"2020-08-10T12:55:31","modified_gmt":"2020-08-10T12:55:31","slug":"lackpensel-jalmeri","status":"publish","type":"product","link":"https:\/\/uula.kajahdusdev.fi\/sv\/tuotteet\/tillbehor-for-malningar\/lackpensel-jalmeri\/","title":{"rendered":"Lackpensel Jalmeri"},"content":{"rendered":"<p>Lackpensel Jalmeri f\u00f6r inomhus- och utomhusf\u00e4rger.<\/p>\n<p>Storlekar 30mm, 50mm, 70mm och 100mm.<\/p>\n<p>Skaft i tr\u00e4.<\/p>\n<p>Med naturborst.<\/p>\n","protected":false},"excerpt":{"rendered":"<p>Lackpensel Jalmeri f\u00f6r inomhus- och utomhusf\u00e4rger. Storlekar 30mm, 50mm, 70mm och 100mm. Skaft i tr\u00e4. Med naturborst.<\/p>\n","protected":false},"featured_media":57364,"template":"","meta":[],"product_cat":[2252],"product_tag":[2418,2419,2420,2405,2404],"bundle_layout":"","bundle_add_to_cart_form_location":"","bundle_editable_in_cart":false,"bundle_sold_individually_context":"","bundle_item_grouping":"","bundle_min_size":"","bundle_max_size":"","bundled_by":[],"bundled_items":[],"yoast_head":"<!-- This site is optimized with the Yoast SEO plugin v19.9 - https:\/\/yoast.com\/wordpress\/plugins\/seo\/ -->\n<title>Lackpensel Jalmeri | F\u00f6r inomhus- och utomhusf\u00e4rger. | Uula<\/title>\n<meta name=\"description\" content=\"Lackpensel Jalmeri f\u00f6r inomhus- och utomhusf\u00e4rger.\" \/>\n<meta name=\"robots\" content=\"noindex, follow, max-snippet:-1, max-image-preview:large, max-video-preview:-1\" \/>\n<meta property=\"og:locale\" content=\"sv_SE\" \/>\n<meta property=\"og:type\" content=\"article\" \/>\n<meta property=\"og:title\" content=\"Lackpensel Jalmeri | F\u00f6r inomhus- och utomhusf\u00e4rger. | Uula\" \/>\n<meta property=\"og:description\" content=\"Lackpensel Jalmeri f\u00f6r inomhus- och utomhusf\u00e4rger.\" \/>\n<meta property=\"og:url\" content=\"https:\/\/uula.kajahdusdev.fi\/sv\/produkter\/okategoriserad\/lackpensel-jalmeri\/\" \/>\n<meta property=\"og:site_name\" content=\"Uula\" \/>\n<meta property=\"og:image\" content=\"https:\/\/uula.kajahdusdev.fi\/wp-content\/uploads\/2020\/08\/Jalmeri_metso_lakkasivellin.jpg\" \/>\n\t<meta property=\"og:image:width\" content=\"1200\" \/>\n\t<meta property=\"og:image:height\" content=\"1200\" \/>\n\t<meta property=\"og:image:type\" content=\"image\/jpeg\" \/>\n<meta name=\"twitter:card\" content=\"summary_large_image\" \/>\n<script type=\"application\/ld+json\" class=\"yoast-schema-graph\">{\"@context\":\"https:\/\/schema.org\",\"@graph\":[{\"@type\":\"WebPage\",\"@id\":\"https:\/\/uula.kajahdusdev.fi\/sv\/produkter\/okategoriserad\/lackpensel-jalmeri\/\",\"url\":\"https:\/\/uula.kajahdusdev.fi\/sv\/produkter\/okategoriserad\/lackpensel-jalmeri\/\",\"name\":\"Lackpensel Jalmeri | F\u00f6r inomhus- och utomhusf\u00e4rger. | Uula\",\"isPartOf\":{\"@id\":\"https:\/\/uula.kajahdusdev.fi\/#website\"},\"datePublished\":\"2020-08-10T12:55:31+00:00\",\"dateModified\":\"2020-08-10T12:55:31+00:00\",\"description\":\"Lackpensel Jalmeri f\u00f6r inomhus- och utomhusf\u00e4rger.\",\"breadcrumb\":{\"@id\":\"https:\/\/uula.kajahdusdev.fi\/sv\/produkter\/okategoriserad\/lackpensel-jalmeri\/#breadcrumb\"},\"inLanguage\":\"sv-SE\",\"potentialAction\":[{\"@type\":\"ReadAction\",\"target\":[\"https:\/\/uula.kajahdusdev.fi\/sv\/produkter\/okategoriserad\/lackpensel-jalmeri\/\"]}]},{\"@type\":\"BreadcrumbList\",\"@id\":\"https:\/\/uula.kajahdusdev.fi\/sv\/produkter\/okategoriserad\/lackpensel-jalmeri\/#breadcrumb\",\"itemListElement\":[{\"@type\":\"ListItem\",\"position\":1,\"name\":\"Home\",\"item\":\"https:\/\/uula.kajahdusdev.fi\/sv\/\"},{\"@type\":\"ListItem\",\"position\":2,\"name\":\"Maalit ja Tuotteet\",\"item\":\"https:\/\/uula.kajahdusdev.fi\/tuotteet\/\"},{\"@type\":\"ListItem\",\"position\":3,\"name\":\"Lackpensel Jalmeri\"}]},{\"@type\":\"WebSite\",\"@id\":\"https:\/\/uula.kajahdusdev.fi\/#website\",\"url\":\"https:\/\/uula.kajahdusdev.fi\/\",\"name\":\"Uula\",\"description\":\"Muovittomat ja hengitt&auml;v&auml;t sis&auml;- ja ulkomaalit\",\"potentialAction\":[{\"@type\":\"SearchAction\",\"target\":{\"@type\":\"EntryPoint\",\"urlTemplate\":\"https:\/\/uula.kajahdusdev.fi\/?s={search_term_string}\"},\"query-input\":\"required name=search_term_string\"}],\"inLanguage\":\"sv-SE\"}]}<\/script>\n<!-- \/ Yoast SEO plugin. -->","yoast_head_json":{"title":"Lackpensel Jalmeri | F\u00f6r inomhus- och utomhusf\u00e4rger. | Uula","description":"Lackpensel Jalmeri f\u00f6r inomhus- och utomhusf\u00e4rger.","robots":{"index":"noindex","follow":"follow","max-snippet":"max-snippet:-1","max-image-preview":"max-image-preview:large","max-video-preview":"max-video-preview:-1"},"og_locale":"sv_SE","og_type":"article","og_title":"Lackpensel Jalmeri | F\u00f6r inomhus- och utomhusf\u00e4rger. | Uula","og_description":"Lackpensel Jalmeri f\u00f6r inomhus- och utomhusf\u00e4rger.","og_url":"https:\/\/uula.kajahdusdev.fi\/sv\/produkter\/okategoriserad\/lackpensel-jalmeri\/","og_site_name":"Uula","og_image":[{"width":1200,"height":1200,"url":"https:\/\/uula.kajahdusdev.fi\/wp-content\/uploads\/2020\/08\/Jalmeri_metso_lakkasivellin.jpg","type":"image\/jpeg"}],"twitter_card":"summary_large_image","schema":{"@context":"https:\/\/schema.org","@graph":[{"@type":"WebPage","@id":"https:\/\/uula.kajahdusdev.fi\/sv\/produkter\/okategoriserad\/lackpensel-jalmeri\/","url":"https:\/\/uula.kajahdusdev.fi\/sv\/produkter\/okategoriserad\/lackpensel-jalmeri\/","name":"Lackpensel Jalmeri | F\u00f6r inomhus- och utomhusf\u00e4rger. | Uula","isPartOf":{"@id":"https:\/\/uula.kajahdusdev.fi\/#website"},"datePublished":"2020-08-10T12:55:31+00:00","dateModified":"2020-08-10T12:55:31+00:00","description":"Lackpensel Jalmeri f\u00f6r inomhus- och utomhusf\u00e4rger.","breadcrumb":{"@id":"https:\/\/uula.kajahdusdev.fi\/sv\/produkter\/okategoriserad\/lackpensel-jalmeri\/#breadcrumb"},"inLanguage":"sv-SE","potentialAction":[{"@type":"ReadAction","target":["https:\/\/uula.kajahdusdev.fi\/sv\/produkter\/okategoriserad\/lackpensel-jalmeri\/"]}]},{"@type":"BreadcrumbList","@id":"https:\/\/uula.kajahdusdev.fi\/sv\/produkter\/okategoriserad\/lackpensel-jalmeri\/#breadcrumb","itemListElement":[{"@type":"ListItem","position":1,"name":"Home","item":"https:\/\/uula.kajahdusdev.fi\/sv\/"},{"@type":"ListItem","position":2,"name":"Maalit ja Tuotteet","item":"https:\/\/uula.kajahdusdev.fi\/tuotteet\/"},{"@type":"ListItem","position":3,"name":"Lackpensel Jalmeri"}]},{"@type":"WebSite","@id":"https:\/\/uula.kajahdusdev.fi\/#website","url":"https:\/\/uula.kajahdusdev.fi\/","name":"Uula","description":"Muovittomat ja hengitt&auml;v&auml;t sis&auml;- ja ulkomaalit","potentialAction":[{"@type":"SearchAction","target":{"@type":"EntryPoint","urlTemplate":"https:\/\/uula.kajahdusdev.fi\/?s={search_term_string}"},"query-input":"required name=search_term_string"}],"inLanguage":"sv-SE"}]}},"_links":{"self":[{"href":"https:\/\/uula.kajahdusdev.fi\/sv\/wp-json\/wp\/v2\/product\/65379"}],"collection":[{"href":"https:\/\/uula.kajahdusdev.fi\/sv\/wp-json\/wp\/v2\/product"}],"about":[{"href":"https:\/\/uula.kajahdusdev.fi\/sv\/wp-json\/wp\/v2\/types\/product"}],"wp:featuredmedia":[{"embeddable":true,"href":"https:\/\/uula.kajahdusdev.fi\/sv\/wp-json\/wp\/v2\/media\/57364"}],"wp:attachment":[{"href":"https:\/\/uula.kajahdusdev.fi\/sv\/wp-json\/wp\/v2\/media?parent=65379"}],"wp:term":[{"taxonomy":"product_cat","embeddable":true,"href":"https:\/\/uula.kajahdusdev.fi\/sv\/wp-json\/wp\/v2\/product_cat?post=65379"},{"taxonomy":"product_tag","embeddable":true,"href":"https:\/\/uula.kajahdusdev.fi\/sv\/wp-json\/wp\/v2\/product_tag?post=65379"}],"curies":[{"name":"wp","href":"https:\/\/api.w.org\/{rel}","templated":true}]}}