{"id":65386,"date":"2019-05-28T07:07:48","date_gmt":"2019-05-28T07:07:48","guid":{"rendered":"https:\/\/uula.kajahdusdev.fi\/tuotteet\/okategoriserad\/color-expert-roller-25cm\/"},"modified":"2021-12-08T10:55:29","modified_gmt":"2021-12-08T10:55:29","slug":"color-expert-roller","status":"publish","type":"product","link":"https:\/\/uula.kajahdusdev.fi\/sv\/tuotteet\/tillbehor-for-malningar\/color-expert-roller\/","title":{"rendered":"Color Expert roller"},"content":{"rendered":"<p>Color Expert roller 25cm. Ers\u00e4ttningsrulle. Polyester.<\/p>\n<ul>\n<li>F\u00f6r Into Inredningsf\u00e4rg<\/li>\n<li>F\u00f6r Into Panelf\u00e4rg<\/li>\n<li>F\u00f6r Into Inomhusgrundf\u00e4rg<\/li>\n<\/ul>\n<div><\/div>\n","protected":false},"excerpt":{"rendered":"<p>Color Expert roller 25cm. Ers\u00e4ttningsrulle. Polyester. F\u00f6r Into Inredningsf\u00e4rg F\u00f6r Into Panelf\u00e4rg F\u00f6r Into Inomhusgrundf\u00e4rg<\/p>\n","protected":false},"featured_media":65387,"template":"","meta":[],"product_cat":[2252],"product_tag":[2422,2421],"bundle_layout":"","bundle_add_to_cart_form_location":"","bundle_editable_in_cart":false,"bundle_sold_individually_context":"","bundle_item_grouping":"","bundle_min_size":"","bundle_max_size":"","bundled_by":[],"bundled_items":[],"yoast_head":"<!-- This site is optimized with the Yoast SEO plugin v19.9 - https:\/\/yoast.com\/wordpress\/plugins\/seo\/ -->\n<title>Color Expert roller | Color Expert roller | Ers\u00e4ttningsrulle | Uula<\/title>\n<meta name=\"description\" content=\"Color Expert roller 25cm.\" \/>\n<meta name=\"robots\" content=\"noindex, follow, max-snippet:-1, max-image-preview:large, max-video-preview:-1\" \/>\n<meta property=\"og:locale\" content=\"sv_SE\" \/>\n<meta property=\"og:type\" content=\"article\" \/>\n<meta property=\"og:title\" content=\"Color Expert roller | Color Expert roller | Ers\u00e4ttningsrulle | Uula\" \/>\n<meta property=\"og:description\" content=\"Color Expert roller 25cm.\" \/>\n<meta property=\"og:url\" content=\"https:\/\/uula.kajahdusdev.fi\/produkter\/maalaustarvikkeet\/color-expert-pistotela-25cm\/\" \/>\n<meta property=\"og:site_name\" content=\"Uula\" \/>\n<meta property=\"article:modified_time\" content=\"2021-12-08T10:55:29+00:00\" \/>\n<meta property=\"og:image\" content=\"https:\/\/uula.kajahdusdev.fi\/wp-content\/uploads\/2019\/05\/ColorExpert_pistotela25cm.jpg\" \/>\n\t<meta property=\"og:image:width\" content=\"1200\" \/>\n\t<meta property=\"og:image:height\" content=\"1200\" \/>\n\t<meta property=\"og:image:type\" content=\"image\/jpeg\" \/>\n<meta name=\"twitter:card\" content=\"summary_large_image\" \/>\n<script type=\"application\/ld+json\" class=\"yoast-schema-graph\">{\"@context\":\"https:\/\/schema.org\",\"@graph\":[{\"@type\":\"WebPage\",\"@id\":\"https:\/\/uula.kajahdusdev.fi\/produkter\/maalaustarvikkeet\/color-expert-pistotela-25cm\/\",\"url\":\"https:\/\/uula.kajahdusdev.fi\/produkter\/maalaustarvikkeet\/color-expert-pistotela-25cm\/\",\"name\":\"Color Expert roller | Color Expert roller | Ers\u00e4ttningsrulle | Uula\",\"isPartOf\":{\"@id\":\"https:\/\/uula.kajahdusdev.fi\/#website\"},\"datePublished\":\"2019-05-28T07:07:48+00:00\",\"dateModified\":\"2021-12-08T10:55:29+00:00\",\"description\":\"Color Expert roller 25cm.\",\"breadcrumb\":{\"@id\":\"https:\/\/uula.kajahdusdev.fi\/produkter\/maalaustarvikkeet\/color-expert-pistotela-25cm\/#breadcrumb\"},\"inLanguage\":\"sv-SE\",\"potentialAction\":[{\"@type\":\"ReadAction\",\"target\":[\"https:\/\/uula.kajahdusdev.fi\/produkter\/maalaustarvikkeet\/color-expert-pistotela-25cm\/\"]}]},{\"@type\":\"BreadcrumbList\",\"@id\":\"https:\/\/uula.kajahdusdev.fi\/produkter\/maalaustarvikkeet\/color-expert-pistotela-25cm\/#breadcrumb\",\"itemListElement\":[{\"@type\":\"ListItem\",\"position\":1,\"name\":\"Home\",\"item\":\"https:\/\/uula.kajahdusdev.fi\/sv\/\"},{\"@type\":\"ListItem\",\"position\":2,\"name\":\"Maalit ja Tuotteet\",\"item\":\"https:\/\/uula.kajahdusdev.fi\/tuotteet\/\"},{\"@type\":\"ListItem\",\"position\":3,\"name\":\"Color Expert roller\"}]},{\"@type\":\"WebSite\",\"@id\":\"https:\/\/uula.kajahdusdev.fi\/#website\",\"url\":\"https:\/\/uula.kajahdusdev.fi\/\",\"name\":\"Uula\",\"description\":\"Muovittomat ja hengitt&auml;v&auml;t sis&auml;- ja ulkomaalit\",\"potentialAction\":[{\"@type\":\"SearchAction\",\"target\":{\"@type\":\"EntryPoint\",\"urlTemplate\":\"https:\/\/uula.kajahdusdev.fi\/?s={search_term_string}\"},\"query-input\":\"required name=search_term_string\"}],\"inLanguage\":\"sv-SE\"}]}<\/script>\n<!-- \/ Yoast SEO plugin. -->","yoast_head_json":{"title":"Color Expert roller | Color Expert roller | Ers\u00e4ttningsrulle | Uula","description":"Color Expert roller 25cm.","robots":{"index":"noindex","follow":"follow","max-snippet":"max-snippet:-1","max-image-preview":"max-image-preview:large","max-video-preview":"max-video-preview:-1"},"og_locale":"sv_SE","og_type":"article","og_title":"Color Expert roller | Color Expert roller | Ers\u00e4ttningsrulle | Uula","og_description":"Color Expert roller 25cm.","og_url":"https:\/\/uula.kajahdusdev.fi\/produkter\/maalaustarvikkeet\/color-expert-pistotela-25cm\/","og_site_name":"Uula","article_modified_time":"2021-12-08T10:55:29+00:00","og_image":[{"width":1200,"height":1200,"type":"image\/jpeg","url":"https:\/\/uula.kajahdusdev.fi\/wp-content\/uploads\/2019\/05\/ColorExpert_pistotela25cm.jpg"}],"twitter_card":"summary_large_image","schema":{"@context":"https:\/\/schema.org","@graph":[{"@type":"WebPage","@id":"https:\/\/uula.kajahdusdev.fi\/produkter\/maalaustarvikkeet\/color-expert-pistotela-25cm\/","url":"https:\/\/uula.kajahdusdev.fi\/produkter\/maalaustarvikkeet\/color-expert-pistotela-25cm\/","name":"Color Expert roller | Color Expert roller | Ers\u00e4ttningsrulle | Uula","isPartOf":{"@id":"https:\/\/uula.kajahdusdev.fi\/#website"},"datePublished":"2019-05-28T07:07:48+00:00","dateModified":"2021-12-08T10:55:29+00:00","description":"Color Expert roller 25cm.","breadcrumb":{"@id":"https:\/\/uula.kajahdusdev.fi\/produkter\/maalaustarvikkeet\/color-expert-pistotela-25cm\/#breadcrumb"},"inLanguage":"sv-SE","potentialAction":[{"@type":"ReadAction","target":["https:\/\/uula.kajahdusdev.fi\/produkter\/maalaustarvikkeet\/color-expert-pistotela-25cm\/"]}]},{"@type":"BreadcrumbList","@id":"https:\/\/uula.kajahdusdev.fi\/produkter\/maalaustarvikkeet\/color-expert-pistotela-25cm\/#breadcrumb","itemListElement":[{"@type":"ListItem","position":1,"name":"Home","item":"https:\/\/uula.kajahdusdev.fi\/sv\/"},{"@type":"ListItem","position":2,"name":"Maalit ja Tuotteet","item":"https:\/\/uula.kajahdusdev.fi\/tuotteet\/"},{"@type":"ListItem","position":3,"name":"Color Expert roller"}]},{"@type":"WebSite","@id":"https:\/\/uula.kajahdusdev.fi\/#website","url":"https:\/\/uula.kajahdusdev.fi\/","name":"Uula","description":"Muovittomat ja hengitt&auml;v&auml;t sis&auml;- ja ulkomaalit","potentialAction":[{"@type":"SearchAction","target":{"@type":"EntryPoint","urlTemplate":"https:\/\/uula.kajahdusdev.fi\/?s={search_term_string}"},"query-input":"required name=search_term_string"}],"inLanguage":"sv-SE"}]}},"_links":{"self":[{"href":"https:\/\/uula.kajahdusdev.fi\/sv\/wp-json\/wp\/v2\/product\/65386"}],"collection":[{"href":"https:\/\/uula.kajahdusdev.fi\/sv\/wp-json\/wp\/v2\/product"}],"about":[{"href":"https:\/\/uula.kajahdusdev.fi\/sv\/wp-json\/wp\/v2\/types\/product"}],"wp:featuredmedia":[{"embeddable":true,"href":"https:\/\/uula.kajahdusdev.fi\/sv\/wp-json\/wp\/v2\/media\/65387"}],"wp:attachment":[{"href":"https:\/\/uula.kajahdusdev.fi\/sv\/wp-json\/wp\/v2\/media?parent=65386"}],"wp:term":[{"taxonomy":"product_cat","embeddable":true,"href":"https:\/\/uula.kajahdusdev.fi\/sv\/wp-json\/wp\/v2\/product_cat?post=65386"},{"taxonomy":"product_tag","embeddable":true,"href":"https:\/\/uula.kajahdusdev.fi\/sv\/wp-json\/wp\/v2\/product_tag?post=65386"}],"curies":[{"name":"wp","href":"https:\/\/api.w.org\/{rel}","templated":true}]}}