{"id":65388,"date":"2017-04-28T11:01:11","date_gmt":"2017-04-28T11:01:11","guid":{"rendered":"https:\/\/uula.kajahdusdev.fi\/tuotteet\/okategoriserad\/sokeva-royal-soft-ergo\/"},"modified":"2017-04-28T11:01:11","modified_gmt":"2017-04-28T11:01:11","slug":"sokeva-royal-soft-ergo","status":"publish","type":"product","link":"https:\/\/uula.kajahdusdev.fi\/sv\/tuotteet\/tillbehor-for-malningar\/sokeva-royal-soft-ergo\/","title":{"rendered":"Sokeva Royal Soft Ergo"},"content":{"rendered":"<p>Sokeva Royal Soft Ergo<\/p>\n<p>Universalborste med sv\u00e4ngarm f\u00f6r vatten- och oljebaserade f\u00e4rger f\u00f6r inomhus- och utomhusbruk.<\/p>\n<ul>\n<li>70mm<\/li>\n<li>100mm<\/li>\n<li>120mm<\/li>\n<li>Syntetisk borste.<\/li>\n<li>L\u00e4mplig f\u00f6r f\u00f6rl\u00e4ngningsarm.<\/li>\n<\/ul>\n","protected":false},"excerpt":{"rendered":"<p>Universalborste med sv\u00e4ngarm f\u00f6r vatten- och oljebaserade f\u00e4rger f\u00f6r inomhus- och utomhusbruk<\/p>\n","protected":false},"featured_media":65389,"template":"","meta":[],"product_cat":[2252],"product_tag":[],"bundle_layout":"","bundle_add_to_cart_form_location":"","bundle_editable_in_cart":false,"bundle_sold_individually_context":"","bundle_item_grouping":"","bundle_min_size":"","bundle_max_size":"","bundled_by":[],"bundled_items":[],"yoast_head":"<!-- This site is optimized with the Yoast SEO plugin v19.9 - https:\/\/yoast.com\/wordpress\/plugins\/seo\/ -->\n<title>Sokeva Royal Soft Ergo - Uula<\/title>\n<meta name=\"robots\" content=\"noindex, follow, max-snippet:-1, max-image-preview:large, max-video-preview:-1\" \/>\n<meta property=\"og:locale\" content=\"sv_SE\" \/>\n<meta property=\"og:type\" content=\"article\" \/>\n<meta property=\"og:title\" content=\"Sokeva Royal Soft Ergo - Uula\" \/>\n<meta property=\"og:description\" content=\"Universalborste med sv\u00e4ngarm f\u00f6r vatten- och oljebaserade f\u00e4rger f\u00f6r inomhus- och utomhusbruk\" \/>\n<meta property=\"og:url\" content=\"https:\/\/uula.kajahdusdev.fi\/sv\/produkter\/okategoriserad\/sokeva-royal-soft-ergo\/\" \/>\n<meta property=\"og:site_name\" content=\"Uula\" \/>\n<meta property=\"og:image\" content=\"https:\/\/uula.kajahdusdev.fi\/wp-content\/uploads\/2017\/04\/Ergo_flex_RoyalSoft.jpg\" \/>\n\t<meta property=\"og:image:width\" content=\"1200\" \/>\n\t<meta property=\"og:image:height\" content=\"1200\" \/>\n\t<meta property=\"og:image:type\" content=\"image\/jpeg\" \/>\n<meta name=\"twitter:card\" content=\"summary_large_image\" \/>\n<script type=\"application\/ld+json\" class=\"yoast-schema-graph\">{\"@context\":\"https:\/\/schema.org\",\"@graph\":[{\"@type\":\"WebPage\",\"@id\":\"https:\/\/uula.kajahdusdev.fi\/sv\/produkter\/okategoriserad\/sokeva-royal-soft-ergo\/\",\"url\":\"https:\/\/uula.kajahdusdev.fi\/sv\/produkter\/okategoriserad\/sokeva-royal-soft-ergo\/\",\"name\":\"Sokeva Royal Soft Ergo - Uula\",\"isPartOf\":{\"@id\":\"https:\/\/uula.kajahdusdev.fi\/#website\"},\"datePublished\":\"2017-04-28T11:01:11+00:00\",\"dateModified\":\"2017-04-28T11:01:11+00:00\",\"breadcrumb\":{\"@id\":\"https:\/\/uula.kajahdusdev.fi\/sv\/produkter\/okategoriserad\/sokeva-royal-soft-ergo\/#breadcrumb\"},\"inLanguage\":\"sv-SE\",\"potentialAction\":[{\"@type\":\"ReadAction\",\"target\":[\"https:\/\/uula.kajahdusdev.fi\/sv\/produkter\/okategoriserad\/sokeva-royal-soft-ergo\/\"]}]},{\"@type\":\"BreadcrumbList\",\"@id\":\"https:\/\/uula.kajahdusdev.fi\/sv\/produkter\/okategoriserad\/sokeva-royal-soft-ergo\/#breadcrumb\",\"itemListElement\":[{\"@type\":\"ListItem\",\"position\":1,\"name\":\"Home\",\"item\":\"https:\/\/uula.kajahdusdev.fi\/sv\/\"},{\"@type\":\"ListItem\",\"position\":2,\"name\":\"Maalit ja Tuotteet\",\"item\":\"https:\/\/uula.kajahdusdev.fi\/tuotteet\/\"},{\"@type\":\"ListItem\",\"position\":3,\"name\":\"Sokeva Royal Soft Ergo\"}]},{\"@type\":\"WebSite\",\"@id\":\"https:\/\/uula.kajahdusdev.fi\/#website\",\"url\":\"https:\/\/uula.kajahdusdev.fi\/\",\"name\":\"Uula\",\"description\":\"Muovittomat ja hengitt&auml;v&auml;t sis&auml;- ja ulkomaalit\",\"potentialAction\":[{\"@type\":\"SearchAction\",\"target\":{\"@type\":\"EntryPoint\",\"urlTemplate\":\"https:\/\/uula.kajahdusdev.fi\/?s={search_term_string}\"},\"query-input\":\"required name=search_term_string\"}],\"inLanguage\":\"sv-SE\"}]}<\/script>\n<!-- \/ Yoast SEO plugin. -->","yoast_head_json":{"title":"Sokeva Royal Soft Ergo - Uula","robots":{"index":"noindex","follow":"follow","max-snippet":"max-snippet:-1","max-image-preview":"max-image-preview:large","max-video-preview":"max-video-preview:-1"},"og_locale":"sv_SE","og_type":"article","og_title":"Sokeva Royal Soft Ergo - Uula","og_description":"Universalborste med sv\u00e4ngarm f\u00f6r vatten- och oljebaserade f\u00e4rger f\u00f6r inomhus- och utomhusbruk","og_url":"https:\/\/uula.kajahdusdev.fi\/sv\/produkter\/okategoriserad\/sokeva-royal-soft-ergo\/","og_site_name":"Uula","og_image":[{"width":1200,"height":1200,"type":"image\/jpeg","url":"https:\/\/uula.kajahdusdev.fi\/wp-content\/uploads\/2017\/04\/Ergo_flex_RoyalSoft.jpg"}],"twitter_card":"summary_large_image","schema":{"@context":"https:\/\/schema.org","@graph":[{"@type":"WebPage","@id":"https:\/\/uula.kajahdusdev.fi\/sv\/produkter\/okategoriserad\/sokeva-royal-soft-ergo\/","url":"https:\/\/uula.kajahdusdev.fi\/sv\/produkter\/okategoriserad\/sokeva-royal-soft-ergo\/","name":"Sokeva Royal Soft Ergo - Uula","isPartOf":{"@id":"https:\/\/uula.kajahdusdev.fi\/#website"},"datePublished":"2017-04-28T11:01:11+00:00","dateModified":"2017-04-28T11:01:11+00:00","breadcrumb":{"@id":"https:\/\/uula.kajahdusdev.fi\/sv\/produkter\/okategoriserad\/sokeva-royal-soft-ergo\/#breadcrumb"},"inLanguage":"sv-SE","potentialAction":[{"@type":"ReadAction","target":["https:\/\/uula.kajahdusdev.fi\/sv\/produkter\/okategoriserad\/sokeva-royal-soft-ergo\/"]}]},{"@type":"BreadcrumbList","@id":"https:\/\/uula.kajahdusdev.fi\/sv\/produkter\/okategoriserad\/sokeva-royal-soft-ergo\/#breadcrumb","itemListElement":[{"@type":"ListItem","position":1,"name":"Home","item":"https:\/\/uula.kajahdusdev.fi\/sv\/"},{"@type":"ListItem","position":2,"name":"Maalit ja Tuotteet","item":"https:\/\/uula.kajahdusdev.fi\/tuotteet\/"},{"@type":"ListItem","position":3,"name":"Sokeva Royal Soft Ergo"}]},{"@type":"WebSite","@id":"https:\/\/uula.kajahdusdev.fi\/#website","url":"https:\/\/uula.kajahdusdev.fi\/","name":"Uula","description":"Muovittomat ja hengitt&auml;v&auml;t sis&auml;- ja ulkomaalit","potentialAction":[{"@type":"SearchAction","target":{"@type":"EntryPoint","urlTemplate":"https:\/\/uula.kajahdusdev.fi\/?s={search_term_string}"},"query-input":"required name=search_term_string"}],"inLanguage":"sv-SE"}]}},"_links":{"self":[{"href":"https:\/\/uula.kajahdusdev.fi\/sv\/wp-json\/wp\/v2\/product\/65388"}],"collection":[{"href":"https:\/\/uula.kajahdusdev.fi\/sv\/wp-json\/wp\/v2\/product"}],"about":[{"href":"https:\/\/uula.kajahdusdev.fi\/sv\/wp-json\/wp\/v2\/types\/product"}],"wp:featuredmedia":[{"embeddable":true,"href":"https:\/\/uula.kajahdusdev.fi\/sv\/wp-json\/wp\/v2\/media\/65389"}],"wp:attachment":[{"href":"https:\/\/uula.kajahdusdev.fi\/sv\/wp-json\/wp\/v2\/media?parent=65388"}],"wp:term":[{"taxonomy":"product_cat","embeddable":true,"href":"https:\/\/uula.kajahdusdev.fi\/sv\/wp-json\/wp\/v2\/product_cat?post=65388"},{"taxonomy":"product_tag","embeddable":true,"href":"https:\/\/uula.kajahdusdev.fi\/sv\/wp-json\/wp\/v2\/product_tag?post=65388"}],"curies":[{"name":"wp","href":"https:\/\/api.w.org\/{rel}","templated":true}]}}