{"id":65405,"date":"2019-05-28T09:08:27","date_gmt":"2019-05-28T09:08:27","guid":{"rendered":"https:\/\/uula.kajahdusdev.fi\/tuotteet\/okategoriserad\/absolute-mix\/"},"modified":"2019-05-28T09:08:27","modified_gmt":"2019-05-28T09:08:27","slug":"absolute-mix","status":"publish","type":"product","link":"https:\/\/uula.kajahdusdev.fi\/sv\/tuotteet\/tillbehor-for-malningar\/absolute-mix\/","title":{"rendered":"Absolute Mix"},"content":{"rendered":"<p>Absolute Mix Gr\u00f6da borste. Perfekt pensel f\u00f6r m\u00e5lning av lister, f\u00f6nster och profilerade ytor. Ger en fin finish och ett mycket bra slutresultat.<\/p>\n<ul>\n<li>12 mm<\/li>\n<li>20 mm<\/li>\n<\/ul>\n","protected":false},"excerpt":{"rendered":"<p>Perfekt pensel f\u00f6r m\u00e5lning av lister, f\u00f6nster och profilerade ytor.<\/p>\n","protected":false},"featured_media":61778,"template":"","meta":[],"product_cat":[2252],"product_tag":[2418],"bundle_layout":"","bundle_add_to_cart_form_location":"","bundle_editable_in_cart":false,"bundle_sold_individually_context":"","bundle_item_grouping":"","bundle_min_size":"","bundle_max_size":"","bundled_by":[],"bundled_items":[],"yoast_head":"<!-- This site is optimized with the Yoast SEO plugin v19.9 - https:\/\/yoast.com\/wordpress\/plugins\/seo\/ -->\n<title>Absolute Mix | Ger en fin finish och ett mycket bra slutresultat | Uula<\/title>\n<meta name=\"description\" content=\"Perfekt pensel f\u00f6r m\u00e5lning av lister, f\u00f6nster och profilerade ytor.\" \/>\n<meta name=\"robots\" content=\"noindex, follow, max-snippet:-1, max-image-preview:large, max-video-preview:-1\" \/>\n<meta property=\"og:locale\" content=\"sv_SE\" \/>\n<meta property=\"og:type\" content=\"article\" \/>\n<meta property=\"og:title\" content=\"Absolute Mix | Ger en fin finish och ett mycket bra slutresultat | Uula\" \/>\n<meta property=\"og:description\" content=\"Perfekt pensel f\u00f6r m\u00e5lning av lister, f\u00f6nster och profilerade ytor.\" \/>\n<meta property=\"og:url\" content=\"https:\/\/uula.kajahdusdev.fi\/sv\/produkter\/okategoriserad\/absolute-mix\/\" \/>\n<meta property=\"og:site_name\" content=\"Uula\" \/>\n<meta property=\"og:image\" content=\"https:\/\/uula.kajahdusdev.fi\/wp-content\/uploads\/2019\/05\/Absolute-mix.jpg\" \/>\n\t<meta property=\"og:image:width\" content=\"1200\" \/>\n\t<meta property=\"og:image:height\" content=\"1200\" \/>\n\t<meta property=\"og:image:type\" content=\"image\/jpeg\" \/>\n<meta name=\"twitter:card\" content=\"summary_large_image\" \/>\n<script type=\"application\/ld+json\" class=\"yoast-schema-graph\">{\"@context\":\"https:\/\/schema.org\",\"@graph\":[{\"@type\":\"WebPage\",\"@id\":\"https:\/\/uula.kajahdusdev.fi\/sv\/produkter\/okategoriserad\/absolute-mix\/\",\"url\":\"https:\/\/uula.kajahdusdev.fi\/sv\/produkter\/okategoriserad\/absolute-mix\/\",\"name\":\"Absolute Mix | Ger en fin finish och ett mycket bra slutresultat | Uula\",\"isPartOf\":{\"@id\":\"https:\/\/uula.kajahdusdev.fi\/#website\"},\"datePublished\":\"2019-05-28T09:08:27+00:00\",\"dateModified\":\"2019-05-28T09:08:27+00:00\",\"description\":\"Perfekt pensel f\u00f6r m\u00e5lning av lister, f\u00f6nster och profilerade ytor.\",\"breadcrumb\":{\"@id\":\"https:\/\/uula.kajahdusdev.fi\/sv\/produkter\/okategoriserad\/absolute-mix\/#breadcrumb\"},\"inLanguage\":\"sv-SE\",\"potentialAction\":[{\"@type\":\"ReadAction\",\"target\":[\"https:\/\/uula.kajahdusdev.fi\/sv\/produkter\/okategoriserad\/absolute-mix\/\"]}]},{\"@type\":\"BreadcrumbList\",\"@id\":\"https:\/\/uula.kajahdusdev.fi\/sv\/produkter\/okategoriserad\/absolute-mix\/#breadcrumb\",\"itemListElement\":[{\"@type\":\"ListItem\",\"position\":1,\"name\":\"Home\",\"item\":\"https:\/\/uula.kajahdusdev.fi\/sv\/\"},{\"@type\":\"ListItem\",\"position\":2,\"name\":\"Maalit ja Tuotteet\",\"item\":\"https:\/\/uula.kajahdusdev.fi\/tuotteet\/\"},{\"@type\":\"ListItem\",\"position\":3,\"name\":\"Absolute Mix\"}]},{\"@type\":\"WebSite\",\"@id\":\"https:\/\/uula.kajahdusdev.fi\/#website\",\"url\":\"https:\/\/uula.kajahdusdev.fi\/\",\"name\":\"Uula\",\"description\":\"Muovittomat ja hengitt&auml;v&auml;t sis&auml;- ja ulkomaalit\",\"potentialAction\":[{\"@type\":\"SearchAction\",\"target\":{\"@type\":\"EntryPoint\",\"urlTemplate\":\"https:\/\/uula.kajahdusdev.fi\/?s={search_term_string}\"},\"query-input\":\"required name=search_term_string\"}],\"inLanguage\":\"sv-SE\"}]}<\/script>\n<!-- \/ Yoast SEO plugin. -->","yoast_head_json":{"title":"Absolute Mix | Ger en fin finish och ett mycket bra slutresultat | Uula","description":"Perfekt pensel f\u00f6r m\u00e5lning av lister, f\u00f6nster och profilerade ytor.","robots":{"index":"noindex","follow":"follow","max-snippet":"max-snippet:-1","max-image-preview":"max-image-preview:large","max-video-preview":"max-video-preview:-1"},"og_locale":"sv_SE","og_type":"article","og_title":"Absolute Mix | Ger en fin finish och ett mycket bra slutresultat | Uula","og_description":"Perfekt pensel f\u00f6r m\u00e5lning av lister, f\u00f6nster och profilerade ytor.","og_url":"https:\/\/uula.kajahdusdev.fi\/sv\/produkter\/okategoriserad\/absolute-mix\/","og_site_name":"Uula","og_image":[{"width":1200,"height":1200,"url":"https:\/\/uula.kajahdusdev.fi\/wp-content\/uploads\/2019\/05\/Absolute-mix.jpg","type":"image\/jpeg"}],"twitter_card":"summary_large_image","schema":{"@context":"https:\/\/schema.org","@graph":[{"@type":"WebPage","@id":"https:\/\/uula.kajahdusdev.fi\/sv\/produkter\/okategoriserad\/absolute-mix\/","url":"https:\/\/uula.kajahdusdev.fi\/sv\/produkter\/okategoriserad\/absolute-mix\/","name":"Absolute Mix | Ger en fin finish och ett mycket bra slutresultat | Uula","isPartOf":{"@id":"https:\/\/uula.kajahdusdev.fi\/#website"},"datePublished":"2019-05-28T09:08:27+00:00","dateModified":"2019-05-28T09:08:27+00:00","description":"Perfekt pensel f\u00f6r m\u00e5lning av lister, f\u00f6nster och profilerade ytor.","breadcrumb":{"@id":"https:\/\/uula.kajahdusdev.fi\/sv\/produkter\/okategoriserad\/absolute-mix\/#breadcrumb"},"inLanguage":"sv-SE","potentialAction":[{"@type":"ReadAction","target":["https:\/\/uula.kajahdusdev.fi\/sv\/produkter\/okategoriserad\/absolute-mix\/"]}]},{"@type":"BreadcrumbList","@id":"https:\/\/uula.kajahdusdev.fi\/sv\/produkter\/okategoriserad\/absolute-mix\/#breadcrumb","itemListElement":[{"@type":"ListItem","position":1,"name":"Home","item":"https:\/\/uula.kajahdusdev.fi\/sv\/"},{"@type":"ListItem","position":2,"name":"Maalit ja Tuotteet","item":"https:\/\/uula.kajahdusdev.fi\/tuotteet\/"},{"@type":"ListItem","position":3,"name":"Absolute Mix"}]},{"@type":"WebSite","@id":"https:\/\/uula.kajahdusdev.fi\/#website","url":"https:\/\/uula.kajahdusdev.fi\/","name":"Uula","description":"Muovittomat ja hengitt&auml;v&auml;t sis&auml;- ja ulkomaalit","potentialAction":[{"@type":"SearchAction","target":{"@type":"EntryPoint","urlTemplate":"https:\/\/uula.kajahdusdev.fi\/?s={search_term_string}"},"query-input":"required name=search_term_string"}],"inLanguage":"sv-SE"}]}},"_links":{"self":[{"href":"https:\/\/uula.kajahdusdev.fi\/sv\/wp-json\/wp\/v2\/product\/65405"}],"collection":[{"href":"https:\/\/uula.kajahdusdev.fi\/sv\/wp-json\/wp\/v2\/product"}],"about":[{"href":"https:\/\/uula.kajahdusdev.fi\/sv\/wp-json\/wp\/v2\/types\/product"}],"wp:featuredmedia":[{"embeddable":true,"href":"https:\/\/uula.kajahdusdev.fi\/sv\/wp-json\/wp\/v2\/media\/61778"}],"wp:attachment":[{"href":"https:\/\/uula.kajahdusdev.fi\/sv\/wp-json\/wp\/v2\/media?parent=65405"}],"wp:term":[{"taxonomy":"product_cat","embeddable":true,"href":"https:\/\/uula.kajahdusdev.fi\/sv\/wp-json\/wp\/v2\/product_cat?post=65405"},{"taxonomy":"product_tag","embeddable":true,"href":"https:\/\/uula.kajahdusdev.fi\/sv\/wp-json\/wp\/v2\/product_tag?post=65405"}],"curies":[{"name":"wp","href":"https:\/\/api.w.org\/{rel}","templated":true}]}}