{"id":65698,"date":"2017-04-18T11:44:55","date_gmt":"2017-04-18T11:44:55","guid":{"rendered":"https:\/\/uula.kajahdusdev.fi\/tuotteet\/okategoriserad\/jarnsulfat-25kg\/"},"modified":"2017-04-18T11:44:55","modified_gmt":"2017-04-18T11:44:55","slug":"jarnsulfat-25kg","status":"publish","type":"product","link":"https:\/\/uula.kajahdusdev.fi\/sv\/tuotteet\/ovriga-produkter\/jarnsulfat-25kg\/","title":{"rendered":"J\u00e4rnsulfat 25kg"},"content":{"rendered":"<h1>J\u00e4rnsulfat<\/h1>\n<p>J\u00e4rnsulfat (s.k. j\u00e4rnvitriol) FeSO4 &#8211; CAS-nro 7720-78-7. Anv\u00e4nds bl.a. f\u00f6r att g\u00f6ra gr\u00e5 en ny tr\u00e4yta utomhus, samt f\u00f6r tillverkning av slamf\u00e4rg (r\u00f6dmyllef\u00e4rg).<\/p>\n<hr \/>\n<p><strong>Anvisning f\u00f6r hantering av J\u00e4rnsulfat\u00a0<\/strong><\/p>\n<p>J\u00e4rnsulfat blandas i hett vatten (2,5kg pulver\/15\u201320 l vatten) s\u00e5 att pulvret blandas ordentligt i vatten. Tr\u00e4yta behandlas med rikligt vatten. Efter det l\u00e4mnas tr\u00e4et i solljus. Den slutliga nyansen av gr\u00e5 syns efter ca 2\u20133 m\u00e5nader. Tr\u00e4ets fuktighet, \u00e5lder, tr\u00e4slag, vattnets kvalitet osv. p\u00e5verkar nyansen. Blandningen absorberas b\u00e4st i en s\u00e5gad, ny tr\u00e4yta.<\/p>\n<p><strong>\u00c5tg\u00e5ng:<\/strong> Hyvlad yta 8\u201310 m\u00b2\/l och s\u00e5gad yta 4\u20135 m\u00b2\/l.<\/p>\n<hr \/>\n<p><strong>Observera:<\/strong> J\u00e4rnsulfat \u00e4r skadligt vid f\u00f6rt\u00e4ring. Irriterar \u00f6gonen, huden och andningsorgan. Anv\u00e4nd l\u00e4mplig skyddsutrustning n\u00e4r du hanterar j\u00e4rnsulfat.<br \/>\nF\u00f6rvaras o\u00e5tkomligt f\u00f6r barn!<\/p>\n<hr \/>\n<p><strong>Andra saker som ska observeras<\/strong><\/p>\n<ul>\n<li>F\u00f6r rikligt regn genast efter behandling kan l\u00e5ta j\u00e4rnsulfatvatten rinna till sockel och f\u00e4rga ytor rostbruna: Skydda ytor f\u00f6re behandling.<\/li>\n<li>F\u00f6r att undvika att ytorna f\u00e4rgas, se om att medel inte st\u00e4nks p\u00e5 inre ytor.<\/li>\n<li>J\u00e4rnsulfat behandling kan lyfta upp ljusa \u201dkorn\u201d s.k. salter som \u00e4nd\u00e5 f\u00f6rsvinner s\u00e5 sm\u00e5ningom.<\/li>\n<li>Spikar kan rosta eftersom produkten \u00e4r alkalisk.<\/li>\n<li>Produkten fungerar bara med solljus, inte i m\u00f6rk.<\/li>\n<\/ul>\n<hr \/>\n<p><em>Anvisning \u00e4r avsedd f\u00f6r dem som \u00e4r intresserade av tr\u00e4ets behandling med j\u00e4rnsulfat.<\/em><\/p>\n<p><em>Eftersom j\u00e4rnsulfat inte \u00e4r en f\u00e4rdig produkt eller ytbehandlingsmedel, ansvarar vi inte f\u00f6r saker som g\u00e4ller anv\u00e4ndning av produkten. <\/em><\/p>\n<p><em>Om du \u00e4r os\u00e4ker, rekommenderar vi som alternativ v\u00e5ra produkter avsedda f\u00f6r tr\u00e4ets m\u00e5lning eller annan ytbehandling.<\/em><\/p>\n","protected":false},"excerpt":{"rendered":"<p>J\u00e4rnsulfat. Anv\u00e4nds bl.a. f\u00f6r att g\u00f6ra gr\u00e5 en ny tr\u00e4yta utomhus, samt f\u00f6r tillverkning av slamf\u00e4rg (r\u00f6dmyllef\u00e4rg).<\/p>\n","protected":false},"featured_media":64505,"template":"","meta":[],"product_cat":[1957],"product_tag":[2435,2434,2436],"bundle_layout":"","bundle_add_to_cart_form_location":"","bundle_editable_in_cart":false,"bundle_sold_individually_context":"","bundle_item_grouping":"","bundle_min_size":"","bundle_max_size":"","bundled_by":[],"bundled_items":[],"yoast_head":"<!-- This site is optimized with the Yoast SEO plugin v19.9 - https:\/\/yoast.com\/wordpress\/plugins\/seo\/ -->\n<title>J\u00e4rnsulfat 25kg | F\u00f6r tillverkning av slamf\u00e4rg | Uula<\/title>\n<meta name=\"description\" content=\"J\u00e4rnsulfat 25kg f\u00f6r tillverkning av slamf\u00e4rg\" \/>\n<meta name=\"robots\" content=\"noindex, follow, max-snippet:-1, max-image-preview:large, max-video-preview:-1\" \/>\n<meta property=\"og:locale\" content=\"sv_SE\" \/>\n<meta property=\"og:type\" content=\"article\" \/>\n<meta property=\"og:title\" content=\"J\u00e4rnsulfat 25kg | F\u00f6r tillverkning av slamf\u00e4rg | Uula\" \/>\n<meta property=\"og:description\" content=\"J\u00e4rnsulfat 25kg f\u00f6r tillverkning av slamf\u00e4rg\" \/>\n<meta property=\"og:url\" content=\"https:\/\/uula.kajahdusdev.fi\/sv\/produkter\/okategoriserad\/jarnsulfat-25kg\/\" \/>\n<meta property=\"og:site_name\" content=\"Uula\" \/>\n<meta property=\"og:image\" content=\"https:\/\/uula.kajahdusdev.fi\/wp-content\/uploads\/2017\/07\/Rautasulfaatti.jpg\" \/>\n\t<meta property=\"og:image:width\" content=\"1200\" \/>\n\t<meta property=\"og:image:height\" content=\"1200\" \/>\n\t<meta property=\"og:image:type\" content=\"image\/jpeg\" \/>\n<meta name=\"twitter:card\" content=\"summary_large_image\" \/>\n<meta name=\"twitter:label1\" content=\"Ber\u00e4knad l\u00e4stid\" \/>\n\t<meta name=\"twitter:data1\" content=\"1 minut\" \/>\n<script type=\"application\/ld+json\" class=\"yoast-schema-graph\">{\"@context\":\"https:\/\/schema.org\",\"@graph\":[{\"@type\":\"WebPage\",\"@id\":\"https:\/\/uula.kajahdusdev.fi\/sv\/produkter\/okategoriserad\/jarnsulfat-25kg\/\",\"url\":\"https:\/\/uula.kajahdusdev.fi\/sv\/produkter\/okategoriserad\/jarnsulfat-25kg\/\",\"name\":\"J\u00e4rnsulfat 25kg | F\u00f6r tillverkning av slamf\u00e4rg | Uula\",\"isPartOf\":{\"@id\":\"https:\/\/uula.kajahdusdev.fi\/#website\"},\"datePublished\":\"2017-04-18T11:44:55+00:00\",\"dateModified\":\"2017-04-18T11:44:55+00:00\",\"description\":\"J\u00e4rnsulfat 25kg f\u00f6r tillverkning av slamf\u00e4rg\",\"breadcrumb\":{\"@id\":\"https:\/\/uula.kajahdusdev.fi\/sv\/produkter\/okategoriserad\/jarnsulfat-25kg\/#breadcrumb\"},\"inLanguage\":\"sv-SE\",\"potentialAction\":[{\"@type\":\"ReadAction\",\"target\":[\"https:\/\/uula.kajahdusdev.fi\/sv\/produkter\/okategoriserad\/jarnsulfat-25kg\/\"]}]},{\"@type\":\"BreadcrumbList\",\"@id\":\"https:\/\/uula.kajahdusdev.fi\/sv\/produkter\/okategoriserad\/jarnsulfat-25kg\/#breadcrumb\",\"itemListElement\":[{\"@type\":\"ListItem\",\"position\":1,\"name\":\"Home\",\"item\":\"https:\/\/uula.kajahdusdev.fi\/sv\/\"},{\"@type\":\"ListItem\",\"position\":2,\"name\":\"Maalit ja Tuotteet\",\"item\":\"https:\/\/uula.kajahdusdev.fi\/tuotteet\/\"},{\"@type\":\"ListItem\",\"position\":3,\"name\":\"J\u00e4rnsulfat 25kg\"}]},{\"@type\":\"WebSite\",\"@id\":\"https:\/\/uula.kajahdusdev.fi\/#website\",\"url\":\"https:\/\/uula.kajahdusdev.fi\/\",\"name\":\"Uula\",\"description\":\"Muovittomat ja hengitt&auml;v&auml;t sis&auml;- ja ulkomaalit\",\"potentialAction\":[{\"@type\":\"SearchAction\",\"target\":{\"@type\":\"EntryPoint\",\"urlTemplate\":\"https:\/\/uula.kajahdusdev.fi\/?s={search_term_string}\"},\"query-input\":\"required name=search_term_string\"}],\"inLanguage\":\"sv-SE\"}]}<\/script>\n<!-- \/ Yoast SEO plugin. -->","yoast_head_json":{"title":"J\u00e4rnsulfat 25kg | F\u00f6r tillverkning av slamf\u00e4rg | Uula","description":"J\u00e4rnsulfat 25kg f\u00f6r tillverkning av slamf\u00e4rg","robots":{"index":"noindex","follow":"follow","max-snippet":"max-snippet:-1","max-image-preview":"max-image-preview:large","max-video-preview":"max-video-preview:-1"},"og_locale":"sv_SE","og_type":"article","og_title":"J\u00e4rnsulfat 25kg | F\u00f6r tillverkning av slamf\u00e4rg | Uula","og_description":"J\u00e4rnsulfat 25kg f\u00f6r tillverkning av slamf\u00e4rg","og_url":"https:\/\/uula.kajahdusdev.fi\/sv\/produkter\/okategoriserad\/jarnsulfat-25kg\/","og_site_name":"Uula","og_image":[{"width":1200,"height":1200,"type":"image\/jpeg","url":"https:\/\/uula.kajahdusdev.fi\/wp-content\/uploads\/2017\/07\/Rautasulfaatti.jpg"}],"twitter_card":"summary_large_image","twitter_misc":{"Ber\u00e4knad l\u00e4stid":"1 minut"},"schema":{"@context":"https:\/\/schema.org","@graph":[{"@type":"WebPage","@id":"https:\/\/uula.kajahdusdev.fi\/sv\/produkter\/okategoriserad\/jarnsulfat-25kg\/","url":"https:\/\/uula.kajahdusdev.fi\/sv\/produkter\/okategoriserad\/jarnsulfat-25kg\/","name":"J\u00e4rnsulfat 25kg | F\u00f6r tillverkning av slamf\u00e4rg | Uula","isPartOf":{"@id":"https:\/\/uula.kajahdusdev.fi\/#website"},"datePublished":"2017-04-18T11:44:55+00:00","dateModified":"2017-04-18T11:44:55+00:00","description":"J\u00e4rnsulfat 25kg f\u00f6r tillverkning av slamf\u00e4rg","breadcrumb":{"@id":"https:\/\/uula.kajahdusdev.fi\/sv\/produkter\/okategoriserad\/jarnsulfat-25kg\/#breadcrumb"},"inLanguage":"sv-SE","potentialAction":[{"@type":"ReadAction","target":["https:\/\/uula.kajahdusdev.fi\/sv\/produkter\/okategoriserad\/jarnsulfat-25kg\/"]}]},{"@type":"BreadcrumbList","@id":"https:\/\/uula.kajahdusdev.fi\/sv\/produkter\/okategoriserad\/jarnsulfat-25kg\/#breadcrumb","itemListElement":[{"@type":"ListItem","position":1,"name":"Home","item":"https:\/\/uula.kajahdusdev.fi\/sv\/"},{"@type":"ListItem","position":2,"name":"Maalit ja Tuotteet","item":"https:\/\/uula.kajahdusdev.fi\/tuotteet\/"},{"@type":"ListItem","position":3,"name":"J\u00e4rnsulfat 25kg"}]},{"@type":"WebSite","@id":"https:\/\/uula.kajahdusdev.fi\/#website","url":"https:\/\/uula.kajahdusdev.fi\/","name":"Uula","description":"Muovittomat ja hengitt&auml;v&auml;t sis&auml;- ja ulkomaalit","potentialAction":[{"@type":"SearchAction","target":{"@type":"EntryPoint","urlTemplate":"https:\/\/uula.kajahdusdev.fi\/?s={search_term_string}"},"query-input":"required name=search_term_string"}],"inLanguage":"sv-SE"}]}},"_links":{"self":[{"href":"https:\/\/uula.kajahdusdev.fi\/sv\/wp-json\/wp\/v2\/product\/65698"}],"collection":[{"href":"https:\/\/uula.kajahdusdev.fi\/sv\/wp-json\/wp\/v2\/product"}],"about":[{"href":"https:\/\/uula.kajahdusdev.fi\/sv\/wp-json\/wp\/v2\/types\/product"}],"wp:featuredmedia":[{"embeddable":true,"href":"https:\/\/uula.kajahdusdev.fi\/sv\/wp-json\/wp\/v2\/media\/64505"}],"wp:attachment":[{"href":"https:\/\/uula.kajahdusdev.fi\/sv\/wp-json\/wp\/v2\/media?parent=65698"}],"wp:term":[{"taxonomy":"product_cat","embeddable":true,"href":"https:\/\/uula.kajahdusdev.fi\/sv\/wp-json\/wp\/v2\/product_cat?post=65698"},{"taxonomy":"product_tag","embeddable":true,"href":"https:\/\/uula.kajahdusdev.fi\/sv\/wp-json\/wp\/v2\/product_tag?post=65698"}],"curies":[{"name":"wp","href":"https:\/\/api.w.org\/{rel}","templated":true}]}}