{"id":65954,"date":"2021-12-20T09:10:09","date_gmt":"2021-12-20T09:10:09","guid":{"rendered":"https:\/\/uula.kajahdusdev.fi\/tuotteet\/okategoriserad\/635-blatt-monte-carlo\/"},"modified":"2022-02-01T11:56:01","modified_gmt":"2022-02-01T11:56:01","slug":"635-blatt-monte-carlo","status":"publish","type":"product","link":"https:\/\/uula.kajahdusdev.fi\/sv\/tuotteet\/pigments-sv\/635-blatt-monte-carlo\/","title":{"rendered":"635 Bl\u00e5tt Monte Carlo"},"content":{"rendered":"<h1>635 Bl\u00e5tt Monte Carlo<\/h1>\n<p><strong><span id=\"Ljus\u00e4kthet\" class=\"mw-headline\">Ljus\u00e4kthet<\/span>:<\/strong>\u00a0Bra<\/p>\n<p><strong>Vattenbaserade bindemedel:<\/strong>\u00a0Bra<\/p>\n<p><strong>Oljebaserade bindemedel:<\/strong>\u00a0Bra<\/p>\n<p><strong>Kalk och cement:<\/strong> Bra<\/p>\n<hr \/>\n<h2>PIGMENT<\/h2>\n<p>Pigment, dvs. f\u00e4rgpulver, l\u00e4mpar sig f\u00f6r nyansering och tillverkning av m\u00e5larf\u00e4rger, dekorations- och konstm\u00e5lning s\u00e5som marmorering, \u00e5dring och patinering samt f\u00f6r f\u00e4rgs\u00e4ttning av betong, kalkbruk och kalkf\u00e4rg. Bindemedel blandas i pigmenten f\u00f6r att binda m\u00e5larf\u00e4rgen och f\u00f6r att h\u00e5lla f\u00e4rgen p\u00e5 den yta som m\u00e5las. Med pigment kan man \u00e4ven f\u00e4rga gips, papper, kartong etc.<\/p>\n<p><strong>Nyansering av vattenburna m\u00e5larf\u00e4rger:<\/strong>\u00a0Pigmentet blandas med en liten m\u00e4ngd vatten tills man har en j\u00e4mn och relativt tjock pasta. Den f\u00e4rdiga pastan blandas i m\u00e5larf\u00e4rgen tills man uppn\u00e5r den \u00f6nskade nyansen (max.10 %). Pigmentet f\u00e5r inte utg\u00f6ra \u00f6ver 10 % av den f\u00e4rdiga m\u00e5larf\u00e4rgen. Om man blandar i f\u00f6r mycket pigment i m\u00e5larf\u00e4rgen, kan detta f\u00f6rsvaga f\u00e4rgens f\u00e4stegenskaper och f\u00e4rgen kan fl\u00e4cka \u00e4ven fr\u00e5n en torr yta. Man kan inte nyansera vit m\u00e5larf\u00e4rg till m\u00f6rk.\u00a0 Bindemedelshalten varierar mellan de olika m\u00e5larf\u00e4rgerna, varf\u00f6r nyanseringen alltid blir olika f\u00f6r olika m\u00e5larf\u00e4rger.<\/p>\n<p><strong>Nyansering av oljef\u00e4rger:<\/strong>\u00a0Principen \u00e4r densamma, men pigmentet blandas f\u00f6rst i terpentin eller fernissa. Nyansering av betong och bruk: Pigment blandas i torrsubstansen i pulverform. Vid nyansering av betong kan pigmentet utg\u00f6ra max. 6\u20138 % av torrsubstansen.<\/p>\n","protected":false},"excerpt":{"rendered":"<p>635 Bl\u00e5tt Monte Carlo<\/p>\n","protected":false},"featured_media":65571,"template":"","meta":[],"product_cat":[2242],"product_tag":[2246,2243],"bundle_layout":"","bundle_add_to_cart_form_location":"","bundle_editable_in_cart":false,"bundle_sold_individually_context":"","bundle_item_grouping":"","bundle_min_size":"","bundle_max_size":"","bundled_by":[],"bundled_items":[],"yoast_head":"<!-- This site is optimized with the Yoast SEO plugin v19.9 - https:\/\/yoast.com\/wordpress\/plugins\/seo\/ -->\n<title>635 Bl\u00e5tt Monte Carlo - Uula<\/title>\n<meta name=\"description\" content=\"635 Bl\u00e5tt Monte Carlo.\" \/>\n<meta name=\"robots\" content=\"noindex, follow, max-snippet:-1, max-image-preview:large, max-video-preview:-1\" \/>\n<meta property=\"og:locale\" content=\"sv_SE\" \/>\n<meta property=\"og:type\" content=\"article\" \/>\n<meta property=\"og:title\" content=\"635 Bl\u00e5tt Monte Carlo - Uula\" \/>\n<meta property=\"og:description\" content=\"635 Bl\u00e5tt Monte Carlo.\" \/>\n<meta property=\"og:url\" content=\"https:\/\/uula.kajahdusdev.fi\/sv\/produkter\/pigments-sv\/635-blatt-monte-carlo\/\" \/>\n<meta property=\"og:site_name\" content=\"Uula\" \/>\n<meta property=\"article:modified_time\" content=\"2022-02-01T11:56:01+00:00\" \/>\n<meta property=\"og:image\" content=\"https:\/\/uula.kajahdusdev.fi\/wp-content\/uploads\/2021\/12\/sininen-monte-carlo-1.jpg\" \/>\n\t<meta property=\"og:image:width\" content=\"2265\" \/>\n\t<meta property=\"og:image:height\" content=\"2265\" \/>\n\t<meta property=\"og:image:type\" content=\"image\/jpeg\" \/>\n<meta name=\"twitter:card\" content=\"summary_large_image\" \/>\n<meta name=\"twitter:label1\" content=\"Ber\u00e4knad l\u00e4stid\" \/>\n\t<meta name=\"twitter:data1\" content=\"1 minut\" \/>\n<script type=\"application\/ld+json\" class=\"yoast-schema-graph\">{\"@context\":\"https:\/\/schema.org\",\"@graph\":[{\"@type\":\"WebPage\",\"@id\":\"https:\/\/uula.kajahdusdev.fi\/sv\/produkter\/pigments-sv\/635-blatt-monte-carlo\/\",\"url\":\"https:\/\/uula.kajahdusdev.fi\/sv\/produkter\/pigments-sv\/635-blatt-monte-carlo\/\",\"name\":\"635 Bl\u00e5tt Monte Carlo - Uula\",\"isPartOf\":{\"@id\":\"https:\/\/uula.kajahdusdev.fi\/#website\"},\"datePublished\":\"2021-12-20T09:10:09+00:00\",\"dateModified\":\"2022-02-01T11:56:01+00:00\",\"description\":\"635 Bl\u00e5tt Monte Carlo.\",\"breadcrumb\":{\"@id\":\"https:\/\/uula.kajahdusdev.fi\/sv\/produkter\/pigments-sv\/635-blatt-monte-carlo\/#breadcrumb\"},\"inLanguage\":\"sv-SE\",\"potentialAction\":[{\"@type\":\"ReadAction\",\"target\":[\"https:\/\/uula.kajahdusdev.fi\/sv\/produkter\/pigments-sv\/635-blatt-monte-carlo\/\"]}]},{\"@type\":\"BreadcrumbList\",\"@id\":\"https:\/\/uula.kajahdusdev.fi\/sv\/produkter\/pigments-sv\/635-blatt-monte-carlo\/#breadcrumb\",\"itemListElement\":[{\"@type\":\"ListItem\",\"position\":1,\"name\":\"Home\",\"item\":\"https:\/\/uula.kajahdusdev.fi\/sv\/\"},{\"@type\":\"ListItem\",\"position\":2,\"name\":\"Maalit ja Tuotteet\",\"item\":\"https:\/\/uula.kajahdusdev.fi\/tuotteet\/\"},{\"@type\":\"ListItem\",\"position\":3,\"name\":\"635 Bl\u00e5tt Monte Carlo\"}]},{\"@type\":\"WebSite\",\"@id\":\"https:\/\/uula.kajahdusdev.fi\/#website\",\"url\":\"https:\/\/uula.kajahdusdev.fi\/\",\"name\":\"Uula\",\"description\":\"Muovittomat ja hengitt&auml;v&auml;t sis&auml;- ja ulkomaalit\",\"potentialAction\":[{\"@type\":\"SearchAction\",\"target\":{\"@type\":\"EntryPoint\",\"urlTemplate\":\"https:\/\/uula.kajahdusdev.fi\/?s={search_term_string}\"},\"query-input\":\"required name=search_term_string\"}],\"inLanguage\":\"sv-SE\"}]}<\/script>\n<!-- \/ Yoast SEO plugin. -->","yoast_head_json":{"title":"635 Bl\u00e5tt Monte Carlo - Uula","description":"635 Bl\u00e5tt Monte Carlo.","robots":{"index":"noindex","follow":"follow","max-snippet":"max-snippet:-1","max-image-preview":"max-image-preview:large","max-video-preview":"max-video-preview:-1"},"og_locale":"sv_SE","og_type":"article","og_title":"635 Bl\u00e5tt Monte Carlo - Uula","og_description":"635 Bl\u00e5tt Monte Carlo.","og_url":"https:\/\/uula.kajahdusdev.fi\/sv\/produkter\/pigments-sv\/635-blatt-monte-carlo\/","og_site_name":"Uula","article_modified_time":"2022-02-01T11:56:01+00:00","og_image":[{"width":2265,"height":2265,"url":"https:\/\/uula.kajahdusdev.fi\/wp-content\/uploads\/2021\/12\/sininen-monte-carlo-1.jpg","type":"image\/jpeg"}],"twitter_card":"summary_large_image","twitter_misc":{"Ber\u00e4knad l\u00e4stid":"1 minut"},"schema":{"@context":"https:\/\/schema.org","@graph":[{"@type":"WebPage","@id":"https:\/\/uula.kajahdusdev.fi\/sv\/produkter\/pigments-sv\/635-blatt-monte-carlo\/","url":"https:\/\/uula.kajahdusdev.fi\/sv\/produkter\/pigments-sv\/635-blatt-monte-carlo\/","name":"635 Bl\u00e5tt Monte Carlo - Uula","isPartOf":{"@id":"https:\/\/uula.kajahdusdev.fi\/#website"},"datePublished":"2021-12-20T09:10:09+00:00","dateModified":"2022-02-01T11:56:01+00:00","description":"635 Bl\u00e5tt Monte Carlo.","breadcrumb":{"@id":"https:\/\/uula.kajahdusdev.fi\/sv\/produkter\/pigments-sv\/635-blatt-monte-carlo\/#breadcrumb"},"inLanguage":"sv-SE","potentialAction":[{"@type":"ReadAction","target":["https:\/\/uula.kajahdusdev.fi\/sv\/produkter\/pigments-sv\/635-blatt-monte-carlo\/"]}]},{"@type":"BreadcrumbList","@id":"https:\/\/uula.kajahdusdev.fi\/sv\/produkter\/pigments-sv\/635-blatt-monte-carlo\/#breadcrumb","itemListElement":[{"@type":"ListItem","position":1,"name":"Home","item":"https:\/\/uula.kajahdusdev.fi\/sv\/"},{"@type":"ListItem","position":2,"name":"Maalit ja Tuotteet","item":"https:\/\/uula.kajahdusdev.fi\/tuotteet\/"},{"@type":"ListItem","position":3,"name":"635 Bl\u00e5tt Monte Carlo"}]},{"@type":"WebSite","@id":"https:\/\/uula.kajahdusdev.fi\/#website","url":"https:\/\/uula.kajahdusdev.fi\/","name":"Uula","description":"Muovittomat ja hengitt&auml;v&auml;t sis&auml;- ja ulkomaalit","potentialAction":[{"@type":"SearchAction","target":{"@type":"EntryPoint","urlTemplate":"https:\/\/uula.kajahdusdev.fi\/?s={search_term_string}"},"query-input":"required name=search_term_string"}],"inLanguage":"sv-SE"}]}},"_links":{"self":[{"href":"https:\/\/uula.kajahdusdev.fi\/sv\/wp-json\/wp\/v2\/product\/65954"}],"collection":[{"href":"https:\/\/uula.kajahdusdev.fi\/sv\/wp-json\/wp\/v2\/product"}],"about":[{"href":"https:\/\/uula.kajahdusdev.fi\/sv\/wp-json\/wp\/v2\/types\/product"}],"wp:featuredmedia":[{"embeddable":true,"href":"https:\/\/uula.kajahdusdev.fi\/sv\/wp-json\/wp\/v2\/media\/65571"}],"wp:attachment":[{"href":"https:\/\/uula.kajahdusdev.fi\/sv\/wp-json\/wp\/v2\/media?parent=65954"}],"wp:term":[{"taxonomy":"product_cat","embeddable":true,"href":"https:\/\/uula.kajahdusdev.fi\/sv\/wp-json\/wp\/v2\/product_cat?post=65954"},{"taxonomy":"product_tag","embeddable":true,"href":"https:\/\/uula.kajahdusdev.fi\/sv\/wp-json\/wp\/v2\/product_tag?post=65954"}],"curies":[{"name":"wp","href":"https:\/\/api.w.org\/{rel}","templated":true}]}}